{"id":205328,"date":"2023-01-11T18:04:08","date_gmt":"2023-01-11T23:04:08","guid":{"rendered":"http:\/\/www.dumoulinbicyclettes.com\/?post_type=product&#038;p=205328"},"modified":"2025-09-04T14:15:31","modified_gmt":"2025-09-04T18:15:31","slug":"machoires-de-frein-route-tektro-r540-39-51-mm","status":"publish","type":"product","link":"https:\/\/dumoulin.absoludev.ca\/en\/produit\/machoires-de-frein-route-tektro-r540-39-51-mm\/","title":{"rendered":"M\u00e2choires de frein route Tektro R540"},"content":{"rendered":"<p>\u00c9triers de frein de route Tektro R540. Le positionnement des patins de frein s&#8217;ajuste de 39 \u00e0 51 mm pour \u00eatre compatible avec plus grand nombre de jantes.<\/p>\n<p>Vendus \u00e0 la paire.<\/p>\n","protected":false},"excerpt":{"rendered":"<p>\u00c9triers de frein de route Tektro R540. Le positionnement des patins de frein s&#8217;ajuste de 39 \u00e0 51 mm pour \u00eatre compatible avec plus grand nombre de jantes. Vendus \u00e0 la paire.<\/p>\n","protected":false},"featured_media":205329,"template":"","meta":{"_acf_changed":false},"product_brand":[],"product_cat":[234],"product_tag":[2958],"marque-produit":[2959],"collection-produit":[],"type-surface-produit":[],"type-velo-produit":[],"vetement-produit":[],"thematique-produit":[],"position-sur-le-v\u00e9lo":[],"class_list":{"0":"post-205328","1":"product","2":"type-product","3":"status-publish","4":"has-post-thumbnail","6":"product_cat-freins","7":"product_tag-freins","8":"marque-produit-tektro","10":"first","11":"outofstock","12":"taxable","13":"shipping-taxable","14":"purchasable","15":"product-type-simple"},"acf":[],"yoast_head":"<!-- This site is optimized with the Yoast SEO plugin v24.3 - https:\/\/yoast.com\/wordpress\/plugins\/seo\/ -->\n<title>M\u00e2choires de frein route Tektro R540 - Dumoulin Bicyclettes<\/title>\n<meta name=\"description\" content=\"\u00c9triers de frein de route Tektro R540. Le positionnement des patins de frein s&#039;ajuste de 39 \u00e0 51 mm pour \u00eatre compatible avec plus grand nombre de jantes.\" \/>\n<meta name=\"robots\" content=\"noindex, follow, max-snippet:-1, max-image-preview:large, max-video-preview:-1\" \/>\n<meta property=\"og:locale\" content=\"en_US\" \/>\n<meta property=\"og:type\" content=\"article\" \/>\n<meta property=\"og:title\" content=\"M\u00e2choires de frein route Tektro R540 - Dumoulin Bicyclettes\" \/>\n<meta property=\"og:description\" content=\"\u00c9triers de frein de route Tektro R540. Le positionnement des patins de frein s&#039;ajuste de 39 \u00e0 51 mm pour \u00eatre compatible avec plus grand nombre de jantes.\" \/>\n<meta property=\"og:url\" content=\"https:\/\/dumoulin.absoludev.ca\/produit\/machoires-de-frein-route-tektro-r540-39-51-mm\/\" \/>\n<meta property=\"og:site_name\" content=\"Dumoulin Bicyclettes\" \/>\n<meta property=\"article:publisher\" content=\"https:\/\/www.facebook.com\/dumoulinbicyclettes\" \/>\n<meta property=\"article:modified_time\" content=\"2025-09-04T18:15:31+00:00\" \/>\n<meta property=\"og:image\" content=\"https:\/\/dumoulin.absoludev.ca\/wp-content\/uploads\/2023\/01\/e\u0301triers-de-freins-route-Tektro_R540.jpg\" \/>\n\t<meta property=\"og:image:width\" content=\"800\" \/>\n\t<meta property=\"og:image:height\" content=\"800\" \/>\n\t<meta property=\"og:image:type\" content=\"image\/jpeg\" \/>\n<meta name=\"twitter:card\" content=\"summary_large_image\" \/>\n<script type=\"application\/ld+json\" class=\"yoast-schema-graph\">{\"@context\":\"https:\/\/schema.org\",\"@graph\":[{\"@type\":\"WebPage\",\"@id\":\"https:\/\/dumoulin.absoludev.ca\/produit\/machoires-de-frein-route-tektro-r540-39-51-mm\/\",\"url\":\"https:\/\/dumoulin.absoludev.ca\/produit\/machoires-de-frein-route-tektro-r540-39-51-mm\/\",\"name\":\"M\u00e2choires de frein route Tektro R540 - Dumoulin Bicyclettes\",\"isPartOf\":{\"@id\":\"https:\/\/dumoulin.absoludev.ca\/#website\"},\"primaryImageOfPage\":{\"@id\":\"https:\/\/dumoulin.absoludev.ca\/produit\/machoires-de-frein-route-tektro-r540-39-51-mm\/#primaryimage\"},\"image\":{\"@id\":\"https:\/\/dumoulin.absoludev.ca\/produit\/machoires-de-frein-route-tektro-r540-39-51-mm\/#primaryimage\"},\"thumbnailUrl\":\"https:\/\/dumoulin.absoludev.ca\/wp-content\/uploads\/2023\/01\/e\u0301triers-de-freins-route-Tektro_R540.jpg\",\"datePublished\":\"2023-01-11T23:04:08+00:00\",\"dateModified\":\"2025-09-04T18:15:31+00:00\",\"description\":\"\u00c9triers de frein de route Tektro R540. Le positionnement des patins de frein s'ajuste de 39 \u00e0 51 mm pour \u00eatre compatible avec plus grand nombre de jantes.\",\"breadcrumb\":{\"@id\":\"https:\/\/dumoulin.absoludev.ca\/produit\/machoires-de-frein-route-tektro-r540-39-51-mm\/#breadcrumb\"},\"inLanguage\":\"en-US\",\"potentialAction\":[{\"@type\":\"ReadAction\",\"target\":[\"https:\/\/dumoulin.absoludev.ca\/produit\/machoires-de-frein-route-tektro-r540-39-51-mm\/\"]}]},{\"@type\":\"ImageObject\",\"inLanguage\":\"en-US\",\"@id\":\"https:\/\/dumoulin.absoludev.ca\/produit\/machoires-de-frein-route-tektro-r540-39-51-mm\/#primaryimage\",\"url\":\"https:\/\/dumoulin.absoludev.ca\/wp-content\/uploads\/2023\/01\/e\u0301triers-de-freins-route-Tektro_R540.jpg\",\"contentUrl\":\"https:\/\/dumoulin.absoludev.ca\/wp-content\/uploads\/2023\/01\/e\u0301triers-de-freins-route-Tektro_R540.jpg\",\"width\":800,\"height\":800},{\"@type\":\"BreadcrumbList\",\"@id\":\"https:\/\/dumoulin.absoludev.ca\/produit\/machoires-de-frein-route-tektro-r540-39-51-mm\/#breadcrumb\",\"itemListElement\":[{\"@type\":\"ListItem\",\"position\":1,\"name\":\"Home\",\"item\":\"https:\/\/dumoulin.absoludev.ca\/en\/\"},{\"@type\":\"ListItem\",\"position\":2,\"name\":\"Shop\",\"item\":\"https:\/\/dumoulin.absoludev.ca\/en\/shop\/\"},{\"@type\":\"ListItem\",\"position\":3,\"name\":\"M\u00e2choires de frein route Tektro R540\"}]},{\"@type\":\"WebSite\",\"@id\":\"https:\/\/dumoulin.absoludev.ca\/#website\",\"url\":\"https:\/\/dumoulin.absoludev.ca\/\",\"name\":\"Dumoulin Bicyclettes\",\"description\":\"\",\"publisher\":{\"@id\":\"https:\/\/dumoulin.absoludev.ca\/#organization\"},\"potentialAction\":[{\"@type\":\"SearchAction\",\"target\":{\"@type\":\"EntryPoint\",\"urlTemplate\":\"https:\/\/dumoulin.absoludev.ca\/?s={search_term_string}\"},\"query-input\":{\"@type\":\"PropertyValueSpecification\",\"valueRequired\":true,\"valueName\":\"search_term_string\"}}],\"inLanguage\":\"en-US\"},{\"@type\":\"Organization\",\"@id\":\"https:\/\/dumoulin.absoludev.ca\/#organization\",\"name\":\"Dumoulin Bicyclettes\",\"url\":\"https:\/\/dumoulin.absoludev.ca\/\",\"logo\":{\"@type\":\"ImageObject\",\"inLanguage\":\"en-US\",\"@id\":\"https:\/\/dumoulin.absoludev.ca\/#\/schema\/logo\/image\/\",\"url\":\"https:\/\/www.dumoulinbicyclettes.com\/wp-content\/uploads\/2021\/04\/Logo.svg\",\"contentUrl\":\"https:\/\/www.dumoulinbicyclettes.com\/wp-content\/uploads\/2021\/04\/Logo.svg\",\"width\":254,\"height\":86,\"caption\":\"Dumoulin Bicyclettes\"},\"image\":{\"@id\":\"https:\/\/dumoulin.absoludev.ca\/#\/schema\/logo\/image\/\"},\"sameAs\":[\"https:\/\/www.facebook.com\/dumoulinbicyclettes\",\"https:\/\/www.instagram.com\/dumoulin.ca\/\",\"https:\/\/www.youtube.com\/user\/dumoulinbicyclettes\"]}]}<\/script>\n<!-- \/ Yoast SEO plugin. -->","yoast_head_json":{"title":"M\u00e2choires de frein route Tektro R540 - Dumoulin Bicyclettes","description":"\u00c9triers de frein de route Tektro R540. Le positionnement des patins de frein s'ajuste de 39 \u00e0 51 mm pour \u00eatre compatible avec plus grand nombre de jantes.","robots":{"index":"noindex","follow":"follow","max-snippet":"max-snippet:-1","max-image-preview":"max-image-preview:large","max-video-preview":"max-video-preview:-1"},"og_locale":"en_US","og_type":"article","og_title":"M\u00e2choires de frein route Tektro R540 - Dumoulin Bicyclettes","og_description":"\u00c9triers de frein de route Tektro R540. Le positionnement des patins de frein s'ajuste de 39 \u00e0 51 mm pour \u00eatre compatible avec plus grand nombre de jantes.","og_url":"https:\/\/dumoulin.absoludev.ca\/produit\/machoires-de-frein-route-tektro-r540-39-51-mm\/","og_site_name":"Dumoulin Bicyclettes","article_publisher":"https:\/\/www.facebook.com\/dumoulinbicyclettes","article_modified_time":"2025-09-04T18:15:31+00:00","og_image":[{"width":800,"height":800,"url":"https:\/\/dumoulin.absoludev.ca\/wp-content\/uploads\/2023\/01\/e\u0301triers-de-freins-route-Tektro_R540.jpg","type":"image\/jpeg"}],"twitter_card":"summary_large_image","schema":{"@context":"https:\/\/schema.org","@graph":[{"@type":"WebPage","@id":"https:\/\/dumoulin.absoludev.ca\/produit\/machoires-de-frein-route-tektro-r540-39-51-mm\/","url":"https:\/\/dumoulin.absoludev.ca\/produit\/machoires-de-frein-route-tektro-r540-39-51-mm\/","name":"M\u00e2choires de frein route Tektro R540 - Dumoulin Bicyclettes","isPartOf":{"@id":"https:\/\/dumoulin.absoludev.ca\/#website"},"primaryImageOfPage":{"@id":"https:\/\/dumoulin.absoludev.ca\/produit\/machoires-de-frein-route-tektro-r540-39-51-mm\/#primaryimage"},"image":{"@id":"https:\/\/dumoulin.absoludev.ca\/produit\/machoires-de-frein-route-tektro-r540-39-51-mm\/#primaryimage"},"thumbnailUrl":"https:\/\/dumoulin.absoludev.ca\/wp-content\/uploads\/2023\/01\/e\u0301triers-de-freins-route-Tektro_R540.jpg","datePublished":"2023-01-11T23:04:08+00:00","dateModified":"2025-09-04T18:15:31+00:00","description":"\u00c9triers de frein de route Tektro R540. Le positionnement des patins de frein s'ajuste de 39 \u00e0 51 mm pour \u00eatre compatible avec plus grand nombre de jantes.","breadcrumb":{"@id":"https:\/\/dumoulin.absoludev.ca\/produit\/machoires-de-frein-route-tektro-r540-39-51-mm\/#breadcrumb"},"inLanguage":"en-US","potentialAction":[{"@type":"ReadAction","target":["https:\/\/dumoulin.absoludev.ca\/produit\/machoires-de-frein-route-tektro-r540-39-51-mm\/"]}]},{"@type":"ImageObject","inLanguage":"en-US","@id":"https:\/\/dumoulin.absoludev.ca\/produit\/machoires-de-frein-route-tektro-r540-39-51-mm\/#primaryimage","url":"https:\/\/dumoulin.absoludev.ca\/wp-content\/uploads\/2023\/01\/e\u0301triers-de-freins-route-Tektro_R540.jpg","contentUrl":"https:\/\/dumoulin.absoludev.ca\/wp-content\/uploads\/2023\/01\/e\u0301triers-de-freins-route-Tektro_R540.jpg","width":800,"height":800},{"@type":"BreadcrumbList","@id":"https:\/\/dumoulin.absoludev.ca\/produit\/machoires-de-frein-route-tektro-r540-39-51-mm\/#breadcrumb","itemListElement":[{"@type":"ListItem","position":1,"name":"Home","item":"https:\/\/dumoulin.absoludev.ca\/en\/"},{"@type":"ListItem","position":2,"name":"Shop","item":"https:\/\/dumoulin.absoludev.ca\/en\/shop\/"},{"@type":"ListItem","position":3,"name":"M\u00e2choires de frein route Tektro R540"}]},{"@type":"WebSite","@id":"https:\/\/dumoulin.absoludev.ca\/#website","url":"https:\/\/dumoulin.absoludev.ca\/","name":"Dumoulin Bicyclettes","description":"","publisher":{"@id":"https:\/\/dumoulin.absoludev.ca\/#organization"},"potentialAction":[{"@type":"SearchAction","target":{"@type":"EntryPoint","urlTemplate":"https:\/\/dumoulin.absoludev.ca\/?s={search_term_string}"},"query-input":{"@type":"PropertyValueSpecification","valueRequired":true,"valueName":"search_term_string"}}],"inLanguage":"en-US"},{"@type":"Organization","@id":"https:\/\/dumoulin.absoludev.ca\/#organization","name":"Dumoulin Bicyclettes","url":"https:\/\/dumoulin.absoludev.ca\/","logo":{"@type":"ImageObject","inLanguage":"en-US","@id":"https:\/\/dumoulin.absoludev.ca\/#\/schema\/logo\/image\/","url":"https:\/\/www.dumoulinbicyclettes.com\/wp-content\/uploads\/2021\/04\/Logo.svg","contentUrl":"https:\/\/www.dumoulinbicyclettes.com\/wp-content\/uploads\/2021\/04\/Logo.svg","width":254,"height":86,"caption":"Dumoulin Bicyclettes"},"image":{"@id":"https:\/\/dumoulin.absoludev.ca\/#\/schema\/logo\/image\/"},"sameAs":["https:\/\/www.facebook.com\/dumoulinbicyclettes","https:\/\/www.instagram.com\/dumoulin.ca\/","https:\/\/www.youtube.com\/user\/dumoulinbicyclettes"]}]}},"_links":{"self":[{"href":"https:\/\/dumoulin.absoludev.ca\/en\/wp-json\/wp\/v2\/product\/205328","targetHints":{"allow":["GET"]}}],"collection":[{"href":"https:\/\/dumoulin.absoludev.ca\/en\/wp-json\/wp\/v2\/product"}],"about":[{"href":"https:\/\/dumoulin.absoludev.ca\/en\/wp-json\/wp\/v2\/types\/product"}],"wp:featuredmedia":[{"embeddable":true,"href":"https:\/\/dumoulin.absoludev.ca\/en\/wp-json\/wp\/v2\/media\/205329"}],"wp:attachment":[{"href":"https:\/\/dumoulin.absoludev.ca\/en\/wp-json\/wp\/v2\/media?parent=205328"}],"wp:term":[{"taxonomy":"product_brand","embeddable":true,"href":"https:\/\/dumoulin.absoludev.ca\/en\/wp-json\/wp\/v2\/product_brand?post=205328"},{"taxonomy":"product_cat","embeddable":true,"href":"https:\/\/dumoulin.absoludev.ca\/en\/wp-json\/wp\/v2\/product_cat?post=205328"},{"taxonomy":"product_tag","embeddable":true,"href":"https:\/\/dumoulin.absoludev.ca\/en\/wp-json\/wp\/v2\/product_tag?post=205328"},{"taxonomy":"marque-produit","embeddable":true,"href":"https:\/\/dumoulin.absoludev.ca\/en\/wp-json\/wp\/v2\/marque-produit?post=205328"},{"taxonomy":"collection-produit","embeddable":true,"href":"https:\/\/dumoulin.absoludev.ca\/en\/wp-json\/wp\/v2\/collection-produit?post=205328"},{"taxonomy":"type-surface-produit","embeddable":true,"href":"https:\/\/dumoulin.absoludev.ca\/en\/wp-json\/wp\/v2\/type-surface-produit?post=205328"},{"taxonomy":"type-velo-produit","embeddable":true,"href":"https:\/\/dumoulin.absoludev.ca\/en\/wp-json\/wp\/v2\/type-velo-produit?post=205328"},{"taxonomy":"vetement-produit","embeddable":true,"href":"https:\/\/dumoulin.absoludev.ca\/en\/wp-json\/wp\/v2\/vetement-produit?post=205328"},{"taxonomy":"thematique-produit","embeddable":true,"href":"https:\/\/dumoulin.absoludev.ca\/en\/wp-json\/wp\/v2\/thematique-produit?post=205328"},{"taxonomy":"position-sur-le-v\u00e9lo","embeddable":true,"href":"https:\/\/dumoulin.absoludev.ca\/en\/wp-json\/wp\/v2\/position-sur-le-v\u00e9lo?post=205328"}],"curies":[{"name":"wp","href":"https:\/\/api.w.org\/{rel}","templated":true}]}}