{"id":190263,"date":"2022-12-05T13:02:54","date_gmt":"2022-12-05T18:02:54","guid":{"rendered":"http:\/\/www.dumoulinbicyclettes.com\/?post_type=product&#038;p=190263"},"modified":"2025-09-04T14:19:26","modified_gmt":"2025-09-04T18:19:26","slug":"vaude-recycle-back-single","status":"publish","type":"product","link":"https:\/\/dumoulin.absoludev.ca\/en\/produit\/vaude-recycle-back-single\/","title":{"rendered":"Sacoche Vaude \u00abRecycle Back \u00bb"},"content":{"rendered":"<p>La superbe sacoche de v\u00e9lo Vaude \u00abRecycle Back\u00bb transporte votre \u00e9picerie et vos affaires quotidiennes avec classe.<\/p>\n<p>Les poign\u00e9es lui ajoute un petit style bien agr\u00e9able, tout en lui octroyant des bons points pour l&#8217;utilit\u00e9 et la convivialit\u00e9. Les mat\u00e9riaux utilis\u00e9s sont 100% recycl\u00e9s, la fabrication de la sacoche est allemande. Durable et solide, elle a tout pour vous plaire.<\/p>\n","protected":false},"excerpt":{"rendered":"<p>La superbe sacoche de v\u00e9lo Vaude \u00abRecycle Back\u00bb transporte votre \u00e9picerie et vos affaires quotidiennes avec classe. Les poign\u00e9es lui ajoute un petit style bien agr\u00e9able, tout en lui octroyant des bons points pour l&#8217;utilit\u00e9 et la convivialit\u00e9. Les mat\u00e9riaux utilis\u00e9s sont 100% recycl\u00e9s, la fabrication de la sacoche est allemande. Durable et solide, elle [&hellip;]<\/p>\n","protected":false},"featured_media":190850,"template":"","meta":{"_acf_changed":false},"product_brand":[],"product_cat":[195,188],"product_tag":[2216],"marque-produit":[1265],"collection-produit":[],"type-surface-produit":[],"type-velo-produit":[],"vetement-produit":[],"thematique-produit":[],"position-sur-le-v\u00e9lo":[],"class_list":{"0":"post-190263","1":"product","2":"type-product","3":"status-publish","4":"has-post-thumbnail","6":"product_cat-sacoches","7":"product_cat-sacs-et-porte-bagages","8":"product_tag-vaude","9":"marque-produit-vaude","11":"first","12":"instock","13":"taxable","14":"shipping-taxable","15":"purchasable","16":"product-type-variable"},"acf":[],"yoast_head":"<!-- This site is optimized with the Yoast SEO plugin v24.3 - https:\/\/yoast.com\/wordpress\/plugins\/seo\/ -->\n<title>Sacoche Vaude \u00abRecycle Back \u00bb - Dumoulin Bicyclettes<\/title>\n<meta name=\"description\" content=\"La sacoche de v\u00e9lo Vaude Recycle Back est belle et utile. Fabriqu\u00e9e en Allemagne, avec des mat\u00e9riaux 100% recycl\u00e9s, elle est durable et forte.\" \/>\n<meta name=\"robots\" content=\"noindex, follow, max-snippet:-1, max-image-preview:large, max-video-preview:-1\" \/>\n<meta property=\"og:locale\" content=\"en_US\" \/>\n<meta property=\"og:type\" content=\"article\" \/>\n<meta property=\"og:title\" content=\"Sacoche Vaude \u00abRecycle Back \u00bb - Dumoulin Bicyclettes\" \/>\n<meta property=\"og:description\" content=\"La sacoche de v\u00e9lo Vaude Recycle Back est belle et utile. Fabriqu\u00e9e en Allemagne, avec des mat\u00e9riaux 100% recycl\u00e9s, elle est durable et forte.\" \/>\n<meta property=\"og:url\" content=\"https:\/\/dumoulin.absoludev.ca\/produit\/vaude-recycle-back-single\/\" \/>\n<meta property=\"og:site_name\" content=\"Dumoulin Bicyclettes\" \/>\n<meta property=\"article:publisher\" content=\"https:\/\/www.facebook.com\/dumoulinbicyclettes\" \/>\n<meta property=\"article:modified_time\" content=\"2025-09-04T18:19:26+00:00\" \/>\n<meta property=\"og:image\" content=\"https:\/\/dumoulin.absoludev.ca\/wp-content\/uploads\/2022\/12\/vaude-recycle-back-single-brune.jpg\" \/>\n\t<meta property=\"og:image:width\" content=\"769\" \/>\n\t<meta property=\"og:image:height\" content=\"1000\" \/>\n\t<meta property=\"og:image:type\" content=\"image\/jpeg\" \/>\n<meta name=\"twitter:card\" content=\"summary_large_image\" \/>\n<script type=\"application\/ld+json\" class=\"yoast-schema-graph\">{\"@context\":\"https:\/\/schema.org\",\"@graph\":[{\"@type\":\"WebPage\",\"@id\":\"https:\/\/dumoulin.absoludev.ca\/produit\/vaude-recycle-back-single\/\",\"url\":\"https:\/\/dumoulin.absoludev.ca\/produit\/vaude-recycle-back-single\/\",\"name\":\"Sacoche Vaude \u00abRecycle Back \u00bb - Dumoulin Bicyclettes\",\"isPartOf\":{\"@id\":\"https:\/\/dumoulin.absoludev.ca\/#website\"},\"primaryImageOfPage\":{\"@id\":\"https:\/\/dumoulin.absoludev.ca\/produit\/vaude-recycle-back-single\/#primaryimage\"},\"image\":{\"@id\":\"https:\/\/dumoulin.absoludev.ca\/produit\/vaude-recycle-back-single\/#primaryimage\"},\"thumbnailUrl\":\"https:\/\/dumoulin.absoludev.ca\/wp-content\/uploads\/2022\/12\/vaude-recycle-back-single-brune.jpg\",\"datePublished\":\"2022-12-05T18:02:54+00:00\",\"dateModified\":\"2025-09-04T18:19:26+00:00\",\"description\":\"La sacoche de v\u00e9lo Vaude Recycle Back est belle et utile. Fabriqu\u00e9e en Allemagne, avec des mat\u00e9riaux 100% recycl\u00e9s, elle est durable et forte.\",\"breadcrumb\":{\"@id\":\"https:\/\/dumoulin.absoludev.ca\/produit\/vaude-recycle-back-single\/#breadcrumb\"},\"inLanguage\":\"en-US\",\"potentialAction\":[{\"@type\":\"ReadAction\",\"target\":[\"https:\/\/dumoulin.absoludev.ca\/produit\/vaude-recycle-back-single\/\"]}]},{\"@type\":\"ImageObject\",\"inLanguage\":\"en-US\",\"@id\":\"https:\/\/dumoulin.absoludev.ca\/produit\/vaude-recycle-back-single\/#primaryimage\",\"url\":\"https:\/\/dumoulin.absoludev.ca\/wp-content\/uploads\/2022\/12\/vaude-recycle-back-single-brune.jpg\",\"contentUrl\":\"https:\/\/dumoulin.absoludev.ca\/wp-content\/uploads\/2022\/12\/vaude-recycle-back-single-brune.jpg\",\"width\":769,\"height\":1000,\"caption\":\"Vaude_Recycle_back_Single_brune\"},{\"@type\":\"BreadcrumbList\",\"@id\":\"https:\/\/dumoulin.absoludev.ca\/produit\/vaude-recycle-back-single\/#breadcrumb\",\"itemListElement\":[{\"@type\":\"ListItem\",\"position\":1,\"name\":\"Home\",\"item\":\"https:\/\/dumoulin.absoludev.ca\/en\/\"},{\"@type\":\"ListItem\",\"position\":2,\"name\":\"Shop\",\"item\":\"https:\/\/dumoulin.absoludev.ca\/en\/shop\/\"},{\"@type\":\"ListItem\",\"position\":3,\"name\":\"Sacoche Vaude \u00abRecycle Back \u00bb\"}]},{\"@type\":\"WebSite\",\"@id\":\"https:\/\/dumoulin.absoludev.ca\/#website\",\"url\":\"https:\/\/dumoulin.absoludev.ca\/\",\"name\":\"Dumoulin Bicyclettes\",\"description\":\"\",\"publisher\":{\"@id\":\"https:\/\/dumoulin.absoludev.ca\/#organization\"},\"potentialAction\":[{\"@type\":\"SearchAction\",\"target\":{\"@type\":\"EntryPoint\",\"urlTemplate\":\"https:\/\/dumoulin.absoludev.ca\/?s={search_term_string}\"},\"query-input\":{\"@type\":\"PropertyValueSpecification\",\"valueRequired\":true,\"valueName\":\"search_term_string\"}}],\"inLanguage\":\"en-US\"},{\"@type\":\"Organization\",\"@id\":\"https:\/\/dumoulin.absoludev.ca\/#organization\",\"name\":\"Dumoulin Bicyclettes\",\"url\":\"https:\/\/dumoulin.absoludev.ca\/\",\"logo\":{\"@type\":\"ImageObject\",\"inLanguage\":\"en-US\",\"@id\":\"https:\/\/dumoulin.absoludev.ca\/#\/schema\/logo\/image\/\",\"url\":\"https:\/\/www.dumoulinbicyclettes.com\/wp-content\/uploads\/2021\/04\/Logo.svg\",\"contentUrl\":\"https:\/\/www.dumoulinbicyclettes.com\/wp-content\/uploads\/2021\/04\/Logo.svg\",\"width\":254,\"height\":86,\"caption\":\"Dumoulin Bicyclettes\"},\"image\":{\"@id\":\"https:\/\/dumoulin.absoludev.ca\/#\/schema\/logo\/image\/\"},\"sameAs\":[\"https:\/\/www.facebook.com\/dumoulinbicyclettes\",\"https:\/\/www.instagram.com\/dumoulin.ca\/\",\"https:\/\/www.youtube.com\/user\/dumoulinbicyclettes\"]}]}<\/script>\n<!-- \/ Yoast SEO plugin. -->","yoast_head_json":{"title":"Sacoche Vaude \u00abRecycle Back \u00bb - Dumoulin Bicyclettes","description":"La sacoche de v\u00e9lo Vaude Recycle Back est belle et utile. Fabriqu\u00e9e en Allemagne, avec des mat\u00e9riaux 100% recycl\u00e9s, elle est durable et forte.","robots":{"index":"noindex","follow":"follow","max-snippet":"max-snippet:-1","max-image-preview":"max-image-preview:large","max-video-preview":"max-video-preview:-1"},"og_locale":"en_US","og_type":"article","og_title":"Sacoche Vaude \u00abRecycle Back \u00bb - Dumoulin Bicyclettes","og_description":"La sacoche de v\u00e9lo Vaude Recycle Back est belle et utile. Fabriqu\u00e9e en Allemagne, avec des mat\u00e9riaux 100% recycl\u00e9s, elle est durable et forte.","og_url":"https:\/\/dumoulin.absoludev.ca\/produit\/vaude-recycle-back-single\/","og_site_name":"Dumoulin Bicyclettes","article_publisher":"https:\/\/www.facebook.com\/dumoulinbicyclettes","article_modified_time":"2025-09-04T18:19:26+00:00","og_image":[{"width":769,"height":1000,"url":"https:\/\/dumoulin.absoludev.ca\/wp-content\/uploads\/2022\/12\/vaude-recycle-back-single-brune.jpg","type":"image\/jpeg"}],"twitter_card":"summary_large_image","schema":{"@context":"https:\/\/schema.org","@graph":[{"@type":"WebPage","@id":"https:\/\/dumoulin.absoludev.ca\/produit\/vaude-recycle-back-single\/","url":"https:\/\/dumoulin.absoludev.ca\/produit\/vaude-recycle-back-single\/","name":"Sacoche Vaude \u00abRecycle Back \u00bb - Dumoulin Bicyclettes","isPartOf":{"@id":"https:\/\/dumoulin.absoludev.ca\/#website"},"primaryImageOfPage":{"@id":"https:\/\/dumoulin.absoludev.ca\/produit\/vaude-recycle-back-single\/#primaryimage"},"image":{"@id":"https:\/\/dumoulin.absoludev.ca\/produit\/vaude-recycle-back-single\/#primaryimage"},"thumbnailUrl":"https:\/\/dumoulin.absoludev.ca\/wp-content\/uploads\/2022\/12\/vaude-recycle-back-single-brune.jpg","datePublished":"2022-12-05T18:02:54+00:00","dateModified":"2025-09-04T18:19:26+00:00","description":"La sacoche de v\u00e9lo Vaude Recycle Back est belle et utile. Fabriqu\u00e9e en Allemagne, avec des mat\u00e9riaux 100% recycl\u00e9s, elle est durable et forte.","breadcrumb":{"@id":"https:\/\/dumoulin.absoludev.ca\/produit\/vaude-recycle-back-single\/#breadcrumb"},"inLanguage":"en-US","potentialAction":[{"@type":"ReadAction","target":["https:\/\/dumoulin.absoludev.ca\/produit\/vaude-recycle-back-single\/"]}]},{"@type":"ImageObject","inLanguage":"en-US","@id":"https:\/\/dumoulin.absoludev.ca\/produit\/vaude-recycle-back-single\/#primaryimage","url":"https:\/\/dumoulin.absoludev.ca\/wp-content\/uploads\/2022\/12\/vaude-recycle-back-single-brune.jpg","contentUrl":"https:\/\/dumoulin.absoludev.ca\/wp-content\/uploads\/2022\/12\/vaude-recycle-back-single-brune.jpg","width":769,"height":1000,"caption":"Vaude_Recycle_back_Single_brune"},{"@type":"BreadcrumbList","@id":"https:\/\/dumoulin.absoludev.ca\/produit\/vaude-recycle-back-single\/#breadcrumb","itemListElement":[{"@type":"ListItem","position":1,"name":"Home","item":"https:\/\/dumoulin.absoludev.ca\/en\/"},{"@type":"ListItem","position":2,"name":"Shop","item":"https:\/\/dumoulin.absoludev.ca\/en\/shop\/"},{"@type":"ListItem","position":3,"name":"Sacoche Vaude \u00abRecycle Back \u00bb"}]},{"@type":"WebSite","@id":"https:\/\/dumoulin.absoludev.ca\/#website","url":"https:\/\/dumoulin.absoludev.ca\/","name":"Dumoulin Bicyclettes","description":"","publisher":{"@id":"https:\/\/dumoulin.absoludev.ca\/#organization"},"potentialAction":[{"@type":"SearchAction","target":{"@type":"EntryPoint","urlTemplate":"https:\/\/dumoulin.absoludev.ca\/?s={search_term_string}"},"query-input":{"@type":"PropertyValueSpecification","valueRequired":true,"valueName":"search_term_string"}}],"inLanguage":"en-US"},{"@type":"Organization","@id":"https:\/\/dumoulin.absoludev.ca\/#organization","name":"Dumoulin Bicyclettes","url":"https:\/\/dumoulin.absoludev.ca\/","logo":{"@type":"ImageObject","inLanguage":"en-US","@id":"https:\/\/dumoulin.absoludev.ca\/#\/schema\/logo\/image\/","url":"https:\/\/www.dumoulinbicyclettes.com\/wp-content\/uploads\/2021\/04\/Logo.svg","contentUrl":"https:\/\/www.dumoulinbicyclettes.com\/wp-content\/uploads\/2021\/04\/Logo.svg","width":254,"height":86,"caption":"Dumoulin Bicyclettes"},"image":{"@id":"https:\/\/dumoulin.absoludev.ca\/#\/schema\/logo\/image\/"},"sameAs":["https:\/\/www.facebook.com\/dumoulinbicyclettes","https:\/\/www.instagram.com\/dumoulin.ca\/","https:\/\/www.youtube.com\/user\/dumoulinbicyclettes"]}]}},"_links":{"self":[{"href":"https:\/\/dumoulin.absoludev.ca\/en\/wp-json\/wp\/v2\/product\/190263","targetHints":{"allow":["GET"]}}],"collection":[{"href":"https:\/\/dumoulin.absoludev.ca\/en\/wp-json\/wp\/v2\/product"}],"about":[{"href":"https:\/\/dumoulin.absoludev.ca\/en\/wp-json\/wp\/v2\/types\/product"}],"wp:featuredmedia":[{"embeddable":true,"href":"https:\/\/dumoulin.absoludev.ca\/en\/wp-json\/wp\/v2\/media\/190850"}],"wp:attachment":[{"href":"https:\/\/dumoulin.absoludev.ca\/en\/wp-json\/wp\/v2\/media?parent=190263"}],"wp:term":[{"taxonomy":"product_brand","embeddable":true,"href":"https:\/\/dumoulin.absoludev.ca\/en\/wp-json\/wp\/v2\/product_brand?post=190263"},{"taxonomy":"product_cat","embeddable":true,"href":"https:\/\/dumoulin.absoludev.ca\/en\/wp-json\/wp\/v2\/product_cat?post=190263"},{"taxonomy":"product_tag","embeddable":true,"href":"https:\/\/dumoulin.absoludev.ca\/en\/wp-json\/wp\/v2\/product_tag?post=190263"},{"taxonomy":"marque-produit","embeddable":true,"href":"https:\/\/dumoulin.absoludev.ca\/en\/wp-json\/wp\/v2\/marque-produit?post=190263"},{"taxonomy":"collection-produit","embeddable":true,"href":"https:\/\/dumoulin.absoludev.ca\/en\/wp-json\/wp\/v2\/collection-produit?post=190263"},{"taxonomy":"type-surface-produit","embeddable":true,"href":"https:\/\/dumoulin.absoludev.ca\/en\/wp-json\/wp\/v2\/type-surface-produit?post=190263"},{"taxonomy":"type-velo-produit","embeddable":true,"href":"https:\/\/dumoulin.absoludev.ca\/en\/wp-json\/wp\/v2\/type-velo-produit?post=190263"},{"taxonomy":"vetement-produit","embeddable":true,"href":"https:\/\/dumoulin.absoludev.ca\/en\/wp-json\/wp\/v2\/vetement-produit?post=190263"},{"taxonomy":"thematique-produit","embeddable":true,"href":"https:\/\/dumoulin.absoludev.ca\/en\/wp-json\/wp\/v2\/thematique-produit?post=190263"},{"taxonomy":"position-sur-le-v\u00e9lo","embeddable":true,"href":"https:\/\/dumoulin.absoludev.ca\/en\/wp-json\/wp\/v2\/position-sur-le-v\u00e9lo?post=190263"}],"curies":[{"name":"wp","href":"https:\/\/api.w.org\/{rel}","templated":true}]}}