{"id":188400,"date":"2022-12-02T13:03:44","date_gmt":"2022-12-02T18:03:44","guid":{"rendered":"http:\/\/www.dumoulinbicyclettes.com\/?post_type=product&#038;p=188400"},"modified":"2024-09-04T22:07:51","modified_gmt":"2024-09-05T02:07:51","slug":"pompe-bontrager-air-support-hp-pro-s","status":"publish","type":"product","link":"https:\/\/dumoulin.absoludev.ca\/en\/produit\/pompe-bontrager-air-support-hp-pro-s\/","title":{"rendered":"Pompe Bontrager \u00abAir Support HP Pro S\u00bb"},"content":{"rendered":"<p>Derri\u00e8re un patronyme \u00ab<em>a\u00e9ro-nautico-topgunno-ind\u00e9chiffrable<\/em>\u00bb se cache une petite pompe tr\u00e8s pratique : la Bontrager Air Support HP Pro. En cas de crevaison, elle vous aidera \u00e0 regonfler votre pneu, et ce, jusqu&#8217;\u00e0 atteindre les hautes (sph\u00e8res) pressions des pneus de v\u00e9los de route ou de cyclotourisme.<\/p>\n<p>Top non ?<\/p>\n<p>Avec une t\u00eate de valve compatible schrader\/presta, un tuyau pratique, vous pouvez transformer l&#8217;irritation de la crevaison en un moment privil\u00e9gi\u00e9. R\u00e9fl\u00e9chir \u00e0 la force de votre huile de coude&#8230; et donner un coup de coude sympa \u00e0 vos camarades de route pour repartir, plus vite qu&#8217;ils ne l&#8217;avaient esp\u00e9r\u00e9s.<\/p>\n","protected":false},"excerpt":{"rendered":"<p>Derri\u00e8re un patronyme \u00aba\u00e9ro-nautico-topgunno-ind\u00e9chiffrable\u00bb se cache une petite pompe tr\u00e8s pratique : la Bontrager Air Support HP Pro. En cas de crevaison, elle vous aidera \u00e0 regonfler votre pneu, et ce, jusqu&#8217;\u00e0 atteindre les hautes (sph\u00e8res) pressions des pneus de v\u00e9los de route ou de cyclotourisme. Top non ? Avec une t\u00eate de valve compatible [&hellip;]<\/p>\n","protected":false},"featured_media":188974,"template":"","meta":{"_acf_changed":false},"product_brand":[],"product_cat":[239],"product_tag":[2945,2298,2399],"marque-produit":[1195],"collection-produit":[],"type-surface-produit":[],"type-velo-produit":[1249],"vetement-produit":[],"thematique-produit":[],"position-sur-le-v\u00e9lo":[],"class_list":{"0":"post-188400","1":"product","2":"type-product","3":"status-publish","4":"has-post-thumbnail","6":"product_cat-pompes","7":"product_tag-air-support","8":"product_tag-bontrager","9":"product_tag-pompe","10":"marque-produit-bontrager","11":"type-velo-produit-cyclotourisme","13":"first","14":"outofstock","15":"taxable","16":"shipping-taxable","17":"purchasable","18":"product-type-simple"},"acf":[],"yoast_head":"<!-- This site is optimized with the Yoast SEO plugin v24.3 - https:\/\/yoast.com\/wordpress\/plugins\/seo\/ -->\n<title>Pompe Bontrager \u00abAir Support HP Pro S\u00bb - Dumoulin Bicyclettes<\/title>\n<meta name=\"description\" content=\"Pompe portative Bontrager Air support HP Pro S. Derri\u00e8re un nom \u00e0 rallonge se cache un outil indispensable et adorablement pratique : une pompe portable g\u00e9niale.\" \/>\n<meta name=\"robots\" content=\"noindex, follow, max-snippet:-1, max-image-preview:large, max-video-preview:-1\" \/>\n<meta property=\"og:locale\" content=\"en_US\" \/>\n<meta property=\"og:type\" content=\"article\" \/>\n<meta property=\"og:title\" content=\"Pompe Bontrager \u00abAir Support HP Pro S\u00bb - Dumoulin Bicyclettes\" \/>\n<meta property=\"og:description\" content=\"Pompe portative Bontrager Air support HP Pro S. Derri\u00e8re un nom \u00e0 rallonge se cache un outil indispensable et adorablement pratique : une pompe portable g\u00e9niale.\" \/>\n<meta property=\"og:url\" content=\"https:\/\/dumoulin.absoludev.ca\/en\/produit\/pompe-bontrager-air-support-hp-pro-s\/\" \/>\n<meta property=\"og:site_name\" content=\"Dumoulin Bicyclettes\" \/>\n<meta property=\"article:publisher\" content=\"https:\/\/www.facebook.com\/dumoulinbicyclettes\" \/>\n<meta property=\"article:modified_time\" content=\"2024-09-05T02:07:51+00:00\" \/>\n<meta property=\"og:image\" content=\"https:\/\/dumoulin.absoludev.ca\/wp-content\/uploads\/2022\/12\/pompe-bontrager-air-support-hp-pro-s-reparer-une-crevaison-pompe-portable.png\" \/>\n\t<meta property=\"og:image:width\" content=\"1920\" \/>\n\t<meta property=\"og:image:height\" content=\"1440\" \/>\n\t<meta property=\"og:image:type\" content=\"image\/png\" \/>\n<meta name=\"twitter:card\" content=\"summary_large_image\" \/>\n<meta name=\"twitter:label1\" content=\"Est. reading time\" \/>\n\t<meta name=\"twitter:data1\" content=\"1 minute\" \/>\n<script type=\"application\/ld+json\" class=\"yoast-schema-graph\">{\"@context\":\"https:\/\/schema.org\",\"@graph\":[{\"@type\":\"WebPage\",\"@id\":\"https:\/\/dumoulin.absoludev.ca\/en\/produit\/pompe-bontrager-air-support-hp-pro-s\/\",\"url\":\"https:\/\/dumoulin.absoludev.ca\/en\/produit\/pompe-bontrager-air-support-hp-pro-s\/\",\"name\":\"Pompe Bontrager \u00abAir Support HP Pro S\u00bb - Dumoulin Bicyclettes\",\"isPartOf\":{\"@id\":\"https:\/\/dumoulin.absoludev.ca\/#website\"},\"primaryImageOfPage\":{\"@id\":\"https:\/\/dumoulin.absoludev.ca\/en\/produit\/pompe-bontrager-air-support-hp-pro-s\/#primaryimage\"},\"image\":{\"@id\":\"https:\/\/dumoulin.absoludev.ca\/en\/produit\/pompe-bontrager-air-support-hp-pro-s\/#primaryimage\"},\"thumbnailUrl\":\"https:\/\/dumoulin.absoludev.ca\/wp-content\/uploads\/2022\/12\/pompe-bontrager-air-support-hp-pro-s-reparer-une-crevaison-pompe-portable.png\",\"datePublished\":\"2022-12-02T18:03:44+00:00\",\"dateModified\":\"2024-09-05T02:07:51+00:00\",\"description\":\"Pompe portative Bontrager Air support HP Pro S. Derri\u00e8re un nom \u00e0 rallonge se cache un outil indispensable et adorablement pratique : une pompe portable g\u00e9niale.\",\"breadcrumb\":{\"@id\":\"https:\/\/dumoulin.absoludev.ca\/en\/produit\/pompe-bontrager-air-support-hp-pro-s\/#breadcrumb\"},\"inLanguage\":\"en-US\",\"potentialAction\":[{\"@type\":\"ReadAction\",\"target\":[\"https:\/\/dumoulin.absoludev.ca\/en\/produit\/pompe-bontrager-air-support-hp-pro-s\/\"]}]},{\"@type\":\"ImageObject\",\"inLanguage\":\"en-US\",\"@id\":\"https:\/\/dumoulin.absoludev.ca\/en\/produit\/pompe-bontrager-air-support-hp-pro-s\/#primaryimage\",\"url\":\"https:\/\/dumoulin.absoludev.ca\/wp-content\/uploads\/2022\/12\/pompe-bontrager-air-support-hp-pro-s-reparer-une-crevaison-pompe-portable.png\",\"contentUrl\":\"https:\/\/dumoulin.absoludev.ca\/wp-content\/uploads\/2022\/12\/pompe-bontrager-air-support-hp-pro-s-reparer-une-crevaison-pompe-portable.png\",\"width\":1920,\"height\":1440,\"caption\":\"Pompe_bontrager-Air_Support_HP_Pro_S_re\u0301parer-une-crevaison_pompe-portable\"},{\"@type\":\"BreadcrumbList\",\"@id\":\"https:\/\/dumoulin.absoludev.ca\/en\/produit\/pompe-bontrager-air-support-hp-pro-s\/#breadcrumb\",\"itemListElement\":[{\"@type\":\"ListItem\",\"position\":1,\"name\":\"Home\",\"item\":\"https:\/\/dumoulin.absoludev.ca\/en\/\"},{\"@type\":\"ListItem\",\"position\":2,\"name\":\"Shop\",\"item\":\"https:\/\/dumoulin.absoludev.ca\/en\/shop\/\"},{\"@type\":\"ListItem\",\"position\":3,\"name\":\"Pompe Bontrager \u00abAir Support HP Pro S\u00bb\"}]},{\"@type\":\"WebSite\",\"@id\":\"https:\/\/dumoulin.absoludev.ca\/#website\",\"url\":\"https:\/\/dumoulin.absoludev.ca\/\",\"name\":\"Dumoulin Bicyclettes\",\"description\":\"\",\"publisher\":{\"@id\":\"https:\/\/dumoulin.absoludev.ca\/#organization\"},\"potentialAction\":[{\"@type\":\"SearchAction\",\"target\":{\"@type\":\"EntryPoint\",\"urlTemplate\":\"https:\/\/dumoulin.absoludev.ca\/?s={search_term_string}\"},\"query-input\":{\"@type\":\"PropertyValueSpecification\",\"valueRequired\":true,\"valueName\":\"search_term_string\"}}],\"inLanguage\":\"en-US\"},{\"@type\":\"Organization\",\"@id\":\"https:\/\/dumoulin.absoludev.ca\/#organization\",\"name\":\"Dumoulin Bicyclettes\",\"url\":\"https:\/\/dumoulin.absoludev.ca\/\",\"logo\":{\"@type\":\"ImageObject\",\"inLanguage\":\"en-US\",\"@id\":\"https:\/\/dumoulin.absoludev.ca\/#\/schema\/logo\/image\/\",\"url\":\"https:\/\/www.dumoulinbicyclettes.com\/wp-content\/uploads\/2021\/04\/Logo.svg\",\"contentUrl\":\"https:\/\/www.dumoulinbicyclettes.com\/wp-content\/uploads\/2021\/04\/Logo.svg\",\"width\":254,\"height\":86,\"caption\":\"Dumoulin Bicyclettes\"},\"image\":{\"@id\":\"https:\/\/dumoulin.absoludev.ca\/#\/schema\/logo\/image\/\"},\"sameAs\":[\"https:\/\/www.facebook.com\/dumoulinbicyclettes\",\"https:\/\/www.instagram.com\/dumoulin.ca\/\",\"https:\/\/www.youtube.com\/user\/dumoulinbicyclettes\"]}]}<\/script>\n<!-- \/ Yoast SEO plugin. -->","yoast_head_json":{"title":"Pompe Bontrager \u00abAir Support HP Pro S\u00bb - Dumoulin Bicyclettes","description":"Pompe portative Bontrager Air support HP Pro S. Derri\u00e8re un nom \u00e0 rallonge se cache un outil indispensable et adorablement pratique : une pompe portable g\u00e9niale.","robots":{"index":"noindex","follow":"follow","max-snippet":"max-snippet:-1","max-image-preview":"max-image-preview:large","max-video-preview":"max-video-preview:-1"},"og_locale":"en_US","og_type":"article","og_title":"Pompe Bontrager \u00abAir Support HP Pro S\u00bb - Dumoulin Bicyclettes","og_description":"Pompe portative Bontrager Air support HP Pro S. Derri\u00e8re un nom \u00e0 rallonge se cache un outil indispensable et adorablement pratique : une pompe portable g\u00e9niale.","og_url":"https:\/\/dumoulin.absoludev.ca\/en\/produit\/pompe-bontrager-air-support-hp-pro-s\/","og_site_name":"Dumoulin Bicyclettes","article_publisher":"https:\/\/www.facebook.com\/dumoulinbicyclettes","article_modified_time":"2024-09-05T02:07:51+00:00","og_image":[{"width":1920,"height":1440,"url":"https:\/\/dumoulin.absoludev.ca\/wp-content\/uploads\/2022\/12\/pompe-bontrager-air-support-hp-pro-s-reparer-une-crevaison-pompe-portable.png","type":"image\/png"}],"twitter_card":"summary_large_image","twitter_misc":{"Est. reading time":"1 minute"},"schema":{"@context":"https:\/\/schema.org","@graph":[{"@type":"WebPage","@id":"https:\/\/dumoulin.absoludev.ca\/en\/produit\/pompe-bontrager-air-support-hp-pro-s\/","url":"https:\/\/dumoulin.absoludev.ca\/en\/produit\/pompe-bontrager-air-support-hp-pro-s\/","name":"Pompe Bontrager \u00abAir Support HP Pro S\u00bb - Dumoulin Bicyclettes","isPartOf":{"@id":"https:\/\/dumoulin.absoludev.ca\/#website"},"primaryImageOfPage":{"@id":"https:\/\/dumoulin.absoludev.ca\/en\/produit\/pompe-bontrager-air-support-hp-pro-s\/#primaryimage"},"image":{"@id":"https:\/\/dumoulin.absoludev.ca\/en\/produit\/pompe-bontrager-air-support-hp-pro-s\/#primaryimage"},"thumbnailUrl":"https:\/\/dumoulin.absoludev.ca\/wp-content\/uploads\/2022\/12\/pompe-bontrager-air-support-hp-pro-s-reparer-une-crevaison-pompe-portable.png","datePublished":"2022-12-02T18:03:44+00:00","dateModified":"2024-09-05T02:07:51+00:00","description":"Pompe portative Bontrager Air support HP Pro S. Derri\u00e8re un nom \u00e0 rallonge se cache un outil indispensable et adorablement pratique : une pompe portable g\u00e9niale.","breadcrumb":{"@id":"https:\/\/dumoulin.absoludev.ca\/en\/produit\/pompe-bontrager-air-support-hp-pro-s\/#breadcrumb"},"inLanguage":"en-US","potentialAction":[{"@type":"ReadAction","target":["https:\/\/dumoulin.absoludev.ca\/en\/produit\/pompe-bontrager-air-support-hp-pro-s\/"]}]},{"@type":"ImageObject","inLanguage":"en-US","@id":"https:\/\/dumoulin.absoludev.ca\/en\/produit\/pompe-bontrager-air-support-hp-pro-s\/#primaryimage","url":"https:\/\/dumoulin.absoludev.ca\/wp-content\/uploads\/2022\/12\/pompe-bontrager-air-support-hp-pro-s-reparer-une-crevaison-pompe-portable.png","contentUrl":"https:\/\/dumoulin.absoludev.ca\/wp-content\/uploads\/2022\/12\/pompe-bontrager-air-support-hp-pro-s-reparer-une-crevaison-pompe-portable.png","width":1920,"height":1440,"caption":"Pompe_bontrager-Air_Support_HP_Pro_S_re\u0301parer-une-crevaison_pompe-portable"},{"@type":"BreadcrumbList","@id":"https:\/\/dumoulin.absoludev.ca\/en\/produit\/pompe-bontrager-air-support-hp-pro-s\/#breadcrumb","itemListElement":[{"@type":"ListItem","position":1,"name":"Home","item":"https:\/\/dumoulin.absoludev.ca\/en\/"},{"@type":"ListItem","position":2,"name":"Shop","item":"https:\/\/dumoulin.absoludev.ca\/en\/shop\/"},{"@type":"ListItem","position":3,"name":"Pompe Bontrager \u00abAir Support HP Pro S\u00bb"}]},{"@type":"WebSite","@id":"https:\/\/dumoulin.absoludev.ca\/#website","url":"https:\/\/dumoulin.absoludev.ca\/","name":"Dumoulin Bicyclettes","description":"","publisher":{"@id":"https:\/\/dumoulin.absoludev.ca\/#organization"},"potentialAction":[{"@type":"SearchAction","target":{"@type":"EntryPoint","urlTemplate":"https:\/\/dumoulin.absoludev.ca\/?s={search_term_string}"},"query-input":{"@type":"PropertyValueSpecification","valueRequired":true,"valueName":"search_term_string"}}],"inLanguage":"en-US"},{"@type":"Organization","@id":"https:\/\/dumoulin.absoludev.ca\/#organization","name":"Dumoulin Bicyclettes","url":"https:\/\/dumoulin.absoludev.ca\/","logo":{"@type":"ImageObject","inLanguage":"en-US","@id":"https:\/\/dumoulin.absoludev.ca\/#\/schema\/logo\/image\/","url":"https:\/\/www.dumoulinbicyclettes.com\/wp-content\/uploads\/2021\/04\/Logo.svg","contentUrl":"https:\/\/www.dumoulinbicyclettes.com\/wp-content\/uploads\/2021\/04\/Logo.svg","width":254,"height":86,"caption":"Dumoulin Bicyclettes"},"image":{"@id":"https:\/\/dumoulin.absoludev.ca\/#\/schema\/logo\/image\/"},"sameAs":["https:\/\/www.facebook.com\/dumoulinbicyclettes","https:\/\/www.instagram.com\/dumoulin.ca\/","https:\/\/www.youtube.com\/user\/dumoulinbicyclettes"]}]}},"_links":{"self":[{"href":"https:\/\/dumoulin.absoludev.ca\/en\/wp-json\/wp\/v2\/product\/188400","targetHints":{"allow":["GET"]}}],"collection":[{"href":"https:\/\/dumoulin.absoludev.ca\/en\/wp-json\/wp\/v2\/product"}],"about":[{"href":"https:\/\/dumoulin.absoludev.ca\/en\/wp-json\/wp\/v2\/types\/product"}],"wp:featuredmedia":[{"embeddable":true,"href":"https:\/\/dumoulin.absoludev.ca\/en\/wp-json\/wp\/v2\/media\/188974"}],"wp:attachment":[{"href":"https:\/\/dumoulin.absoludev.ca\/en\/wp-json\/wp\/v2\/media?parent=188400"}],"wp:term":[{"taxonomy":"product_brand","embeddable":true,"href":"https:\/\/dumoulin.absoludev.ca\/en\/wp-json\/wp\/v2\/product_brand?post=188400"},{"taxonomy":"product_cat","embeddable":true,"href":"https:\/\/dumoulin.absoludev.ca\/en\/wp-json\/wp\/v2\/product_cat?post=188400"},{"taxonomy":"product_tag","embeddable":true,"href":"https:\/\/dumoulin.absoludev.ca\/en\/wp-json\/wp\/v2\/product_tag?post=188400"},{"taxonomy":"marque-produit","embeddable":true,"href":"https:\/\/dumoulin.absoludev.ca\/en\/wp-json\/wp\/v2\/marque-produit?post=188400"},{"taxonomy":"collection-produit","embeddable":true,"href":"https:\/\/dumoulin.absoludev.ca\/en\/wp-json\/wp\/v2\/collection-produit?post=188400"},{"taxonomy":"type-surface-produit","embeddable":true,"href":"https:\/\/dumoulin.absoludev.ca\/en\/wp-json\/wp\/v2\/type-surface-produit?post=188400"},{"taxonomy":"type-velo-produit","embeddable":true,"href":"https:\/\/dumoulin.absoludev.ca\/en\/wp-json\/wp\/v2\/type-velo-produit?post=188400"},{"taxonomy":"vetement-produit","embeddable":true,"href":"https:\/\/dumoulin.absoludev.ca\/en\/wp-json\/wp\/v2\/vetement-produit?post=188400"},{"taxonomy":"thematique-produit","embeddable":true,"href":"https:\/\/dumoulin.absoludev.ca\/en\/wp-json\/wp\/v2\/thematique-produit?post=188400"},{"taxonomy":"position-sur-le-v\u00e9lo","embeddable":true,"href":"https:\/\/dumoulin.absoludev.ca\/en\/wp-json\/wp\/v2\/position-sur-le-v\u00e9lo?post=188400"}],"curies":[{"name":"wp","href":"https:\/\/api.w.org\/{rel}","templated":true}]}}