{"id":188397,"date":"2022-12-02T13:03:40","date_gmt":"2022-12-02T18:03:40","guid":{"rendered":"http:\/\/www.dumoulinbicyclettes.com\/?post_type=product&#038;p=188397"},"modified":"2025-09-04T14:16:11","modified_gmt":"2025-09-04T18:16:11","slug":"pompe-bontrager-air-support-hv-pro","status":"publish","type":"product","link":"https:\/\/dumoulin.absoludev.ca\/en\/produit\/pompe-bontrager-air-support-hv-pro\/","title":{"rendered":"Pompe Bontrager \u00abAir Support HV\u00bb Pro"},"content":{"rendered":"<p>HV pour haut volume : c&#8217;est \u00e0 dire pour les pneus \u00e0 gros volumes comme ceux de v\u00e9los de montagne ou de gravel bike. La pompe Bontrager Air Support HV est l\u00e9g\u00e8re, super compacte et aura ainsi une (petite) place de choix dans votre ensemble de r\u00e9paration d&#8217;urgence.<\/p>\n<p>Comme pour d&#8217;<a href=\"https:\/\/www.dumoulinbicyclettes.com\/produit\/pompe-bontrager-air-rush-mini-pro\/\" rel=\"noopener\" target=\"_blank\">autres pompes<\/a>, nous avons choisi un mod\u00e8le avec un tuyau r\u00e9tractable et cach\u00e9 \u00e0 m\u00eame la pompe. C&#8217;est bien plus facile \u00e0 utiliser que tout autre syst\u00e8me.<\/p>\n","protected":false},"excerpt":{"rendered":"<p>HV pour haut volume : c&#8217;est \u00e0 dire pour les pneus \u00e0 gros volumes comme ceux de v\u00e9los de montagne ou de gravel bike. La pompe Bontrager Air Support HV est l\u00e9g\u00e8re, super compacte et aura ainsi une (petite) place de choix dans votre ensemble de r\u00e9paration d&#8217;urgence. Comme pour d&#8217;autres pompes, nous avons choisi [&hellip;]<\/p>\n","protected":false},"featured_media":188398,"template":"","meta":{"_acf_changed":false},"product_brand":[],"product_cat":[239],"product_tag":[2944,2298,2399],"marque-produit":[1195],"collection-produit":[],"type-surface-produit":[],"type-velo-produit":[],"vetement-produit":[],"thematique-produit":[],"position-sur-le-v\u00e9lo":[],"class_list":{"0":"post-188397","1":"product","2":"type-product","3":"status-publish","4":"has-post-thumbnail","6":"product_cat-pompes","7":"product_tag-air-support-hv","8":"product_tag-bontrager","9":"product_tag-pompe","10":"marque-produit-bontrager","12":"first","13":"instock","14":"taxable","15":"shipping-taxable","16":"purchasable","17":"product-type-simple"},"acf":[],"yoast_head":"<!-- This site is optimized with the Yoast SEO plugin v24.3 - https:\/\/yoast.com\/wordpress\/plugins\/seo\/ -->\n<title>Pompe Bontrager \u00abAir Support HV\u00bb Pro - Dumoulin Bicyclettes<\/title>\n<meta name=\"description\" content=\"La pompe portative Bontrager Air Support HV est utile et l\u00e9g\u00e8re. Petite, elle permet de r\u00e9parer les crevaisons sur les pneus \u00e0 haut volume (v\u00e9los de montagne, gravel bike).\" \/>\n<meta name=\"robots\" content=\"noindex, follow, max-snippet:-1, max-image-preview:large, max-video-preview:-1\" \/>\n<meta property=\"og:locale\" content=\"en_US\" \/>\n<meta property=\"og:type\" content=\"article\" \/>\n<meta property=\"og:title\" content=\"Pompe Bontrager \u00abAir Support HV\u00bb Pro - Dumoulin Bicyclettes\" \/>\n<meta property=\"og:description\" content=\"La pompe portative Bontrager Air Support HV est utile et l\u00e9g\u00e8re. Petite, elle permet de r\u00e9parer les crevaisons sur les pneus \u00e0 haut volume (v\u00e9los de montagne, gravel bike).\" \/>\n<meta property=\"og:url\" content=\"https:\/\/dumoulin.absoludev.ca\/en\/produit\/pompe-bontrager-air-support-hv-pro\/\" \/>\n<meta property=\"og:site_name\" content=\"Dumoulin Bicyclettes\" \/>\n<meta property=\"article:publisher\" content=\"https:\/\/www.facebook.com\/dumoulinbicyclettes\" \/>\n<meta property=\"article:modified_time\" content=\"2025-09-04T18:16:11+00:00\" \/>\n<meta property=\"og:image\" content=\"https:\/\/dumoulin.absoludev.ca\/wp-content\/uploads\/2022\/12\/AirSupportHVPro_24519_A_Primary.jpg\" \/>\n\t<meta property=\"og:image:width\" content=\"1920\" \/>\n\t<meta property=\"og:image:height\" content=\"1440\" \/>\n\t<meta property=\"og:image:type\" content=\"image\/jpeg\" \/>\n<meta name=\"twitter:card\" content=\"summary_large_image\" \/>\n<script type=\"application\/ld+json\" class=\"yoast-schema-graph\">{\"@context\":\"https:\/\/schema.org\",\"@graph\":[{\"@type\":\"WebPage\",\"@id\":\"https:\/\/dumoulin.absoludev.ca\/en\/produit\/pompe-bontrager-air-support-hv-pro\/\",\"url\":\"https:\/\/dumoulin.absoludev.ca\/en\/produit\/pompe-bontrager-air-support-hv-pro\/\",\"name\":\"Pompe Bontrager \u00abAir Support HV\u00bb Pro - Dumoulin Bicyclettes\",\"isPartOf\":{\"@id\":\"https:\/\/dumoulin.absoludev.ca\/#website\"},\"primaryImageOfPage\":{\"@id\":\"https:\/\/dumoulin.absoludev.ca\/en\/produit\/pompe-bontrager-air-support-hv-pro\/#primaryimage\"},\"image\":{\"@id\":\"https:\/\/dumoulin.absoludev.ca\/en\/produit\/pompe-bontrager-air-support-hv-pro\/#primaryimage\"},\"thumbnailUrl\":\"https:\/\/dumoulin.absoludev.ca\/wp-content\/uploads\/2022\/12\/AirSupportHVPro_24519_A_Primary.jpg\",\"datePublished\":\"2022-12-02T18:03:40+00:00\",\"dateModified\":\"2025-09-04T18:16:11+00:00\",\"description\":\"La pompe portative Bontrager Air Support HV est utile et l\u00e9g\u00e8re. Petite, elle permet de r\u00e9parer les crevaisons sur les pneus \u00e0 haut volume (v\u00e9los de montagne, gravel bike).\",\"breadcrumb\":{\"@id\":\"https:\/\/dumoulin.absoludev.ca\/en\/produit\/pompe-bontrager-air-support-hv-pro\/#breadcrumb\"},\"inLanguage\":\"en-US\",\"potentialAction\":[{\"@type\":\"ReadAction\",\"target\":[\"https:\/\/dumoulin.absoludev.ca\/en\/produit\/pompe-bontrager-air-support-hv-pro\/\"]}]},{\"@type\":\"ImageObject\",\"inLanguage\":\"en-US\",\"@id\":\"https:\/\/dumoulin.absoludev.ca\/en\/produit\/pompe-bontrager-air-support-hv-pro\/#primaryimage\",\"url\":\"https:\/\/dumoulin.absoludev.ca\/wp-content\/uploads\/2022\/12\/AirSupportHVPro_24519_A_Primary.jpg\",\"contentUrl\":\"https:\/\/dumoulin.absoludev.ca\/wp-content\/uploads\/2022\/12\/AirSupportHVPro_24519_A_Primary.jpg\",\"width\":1920,\"height\":1440},{\"@type\":\"BreadcrumbList\",\"@id\":\"https:\/\/dumoulin.absoludev.ca\/en\/produit\/pompe-bontrager-air-support-hv-pro\/#breadcrumb\",\"itemListElement\":[{\"@type\":\"ListItem\",\"position\":1,\"name\":\"Home\",\"item\":\"https:\/\/dumoulin.absoludev.ca\/en\/\"},{\"@type\":\"ListItem\",\"position\":2,\"name\":\"Shop\",\"item\":\"https:\/\/dumoulin.absoludev.ca\/en\/shop\/\"},{\"@type\":\"ListItem\",\"position\":3,\"name\":\"Pompe Bontrager \u00abAir Support HV\u00bb Pro\"}]},{\"@type\":\"WebSite\",\"@id\":\"https:\/\/dumoulin.absoludev.ca\/#website\",\"url\":\"https:\/\/dumoulin.absoludev.ca\/\",\"name\":\"Dumoulin Bicyclettes\",\"description\":\"\",\"publisher\":{\"@id\":\"https:\/\/dumoulin.absoludev.ca\/#organization\"},\"potentialAction\":[{\"@type\":\"SearchAction\",\"target\":{\"@type\":\"EntryPoint\",\"urlTemplate\":\"https:\/\/dumoulin.absoludev.ca\/?s={search_term_string}\"},\"query-input\":{\"@type\":\"PropertyValueSpecification\",\"valueRequired\":true,\"valueName\":\"search_term_string\"}}],\"inLanguage\":\"en-US\"},{\"@type\":\"Organization\",\"@id\":\"https:\/\/dumoulin.absoludev.ca\/#organization\",\"name\":\"Dumoulin Bicyclettes\",\"url\":\"https:\/\/dumoulin.absoludev.ca\/\",\"logo\":{\"@type\":\"ImageObject\",\"inLanguage\":\"en-US\",\"@id\":\"https:\/\/dumoulin.absoludev.ca\/#\/schema\/logo\/image\/\",\"url\":\"https:\/\/www.dumoulinbicyclettes.com\/wp-content\/uploads\/2021\/04\/Logo.svg\",\"contentUrl\":\"https:\/\/www.dumoulinbicyclettes.com\/wp-content\/uploads\/2021\/04\/Logo.svg\",\"width\":254,\"height\":86,\"caption\":\"Dumoulin Bicyclettes\"},\"image\":{\"@id\":\"https:\/\/dumoulin.absoludev.ca\/#\/schema\/logo\/image\/\"},\"sameAs\":[\"https:\/\/www.facebook.com\/dumoulinbicyclettes\",\"https:\/\/www.instagram.com\/dumoulin.ca\/\",\"https:\/\/www.youtube.com\/user\/dumoulinbicyclettes\"]}]}<\/script>\n<!-- \/ Yoast SEO plugin. -->","yoast_head_json":{"title":"Pompe Bontrager \u00abAir Support HV\u00bb Pro - Dumoulin Bicyclettes","description":"La pompe portative Bontrager Air Support HV est utile et l\u00e9g\u00e8re. Petite, elle permet de r\u00e9parer les crevaisons sur les pneus \u00e0 haut volume (v\u00e9los de montagne, gravel bike).","robots":{"index":"noindex","follow":"follow","max-snippet":"max-snippet:-1","max-image-preview":"max-image-preview:large","max-video-preview":"max-video-preview:-1"},"og_locale":"en_US","og_type":"article","og_title":"Pompe Bontrager \u00abAir Support HV\u00bb Pro - Dumoulin Bicyclettes","og_description":"La pompe portative Bontrager Air Support HV est utile et l\u00e9g\u00e8re. Petite, elle permet de r\u00e9parer les crevaisons sur les pneus \u00e0 haut volume (v\u00e9los de montagne, gravel bike).","og_url":"https:\/\/dumoulin.absoludev.ca\/en\/produit\/pompe-bontrager-air-support-hv-pro\/","og_site_name":"Dumoulin Bicyclettes","article_publisher":"https:\/\/www.facebook.com\/dumoulinbicyclettes","article_modified_time":"2025-09-04T18:16:11+00:00","og_image":[{"width":1920,"height":1440,"url":"https:\/\/dumoulin.absoludev.ca\/wp-content\/uploads\/2022\/12\/AirSupportHVPro_24519_A_Primary.jpg","type":"image\/jpeg"}],"twitter_card":"summary_large_image","schema":{"@context":"https:\/\/schema.org","@graph":[{"@type":"WebPage","@id":"https:\/\/dumoulin.absoludev.ca\/en\/produit\/pompe-bontrager-air-support-hv-pro\/","url":"https:\/\/dumoulin.absoludev.ca\/en\/produit\/pompe-bontrager-air-support-hv-pro\/","name":"Pompe Bontrager \u00abAir Support HV\u00bb Pro - Dumoulin Bicyclettes","isPartOf":{"@id":"https:\/\/dumoulin.absoludev.ca\/#website"},"primaryImageOfPage":{"@id":"https:\/\/dumoulin.absoludev.ca\/en\/produit\/pompe-bontrager-air-support-hv-pro\/#primaryimage"},"image":{"@id":"https:\/\/dumoulin.absoludev.ca\/en\/produit\/pompe-bontrager-air-support-hv-pro\/#primaryimage"},"thumbnailUrl":"https:\/\/dumoulin.absoludev.ca\/wp-content\/uploads\/2022\/12\/AirSupportHVPro_24519_A_Primary.jpg","datePublished":"2022-12-02T18:03:40+00:00","dateModified":"2025-09-04T18:16:11+00:00","description":"La pompe portative Bontrager Air Support HV est utile et l\u00e9g\u00e8re. Petite, elle permet de r\u00e9parer les crevaisons sur les pneus \u00e0 haut volume (v\u00e9los de montagne, gravel bike).","breadcrumb":{"@id":"https:\/\/dumoulin.absoludev.ca\/en\/produit\/pompe-bontrager-air-support-hv-pro\/#breadcrumb"},"inLanguage":"en-US","potentialAction":[{"@type":"ReadAction","target":["https:\/\/dumoulin.absoludev.ca\/en\/produit\/pompe-bontrager-air-support-hv-pro\/"]}]},{"@type":"ImageObject","inLanguage":"en-US","@id":"https:\/\/dumoulin.absoludev.ca\/en\/produit\/pompe-bontrager-air-support-hv-pro\/#primaryimage","url":"https:\/\/dumoulin.absoludev.ca\/wp-content\/uploads\/2022\/12\/AirSupportHVPro_24519_A_Primary.jpg","contentUrl":"https:\/\/dumoulin.absoludev.ca\/wp-content\/uploads\/2022\/12\/AirSupportHVPro_24519_A_Primary.jpg","width":1920,"height":1440},{"@type":"BreadcrumbList","@id":"https:\/\/dumoulin.absoludev.ca\/en\/produit\/pompe-bontrager-air-support-hv-pro\/#breadcrumb","itemListElement":[{"@type":"ListItem","position":1,"name":"Home","item":"https:\/\/dumoulin.absoludev.ca\/en\/"},{"@type":"ListItem","position":2,"name":"Shop","item":"https:\/\/dumoulin.absoludev.ca\/en\/shop\/"},{"@type":"ListItem","position":3,"name":"Pompe Bontrager \u00abAir Support HV\u00bb Pro"}]},{"@type":"WebSite","@id":"https:\/\/dumoulin.absoludev.ca\/#website","url":"https:\/\/dumoulin.absoludev.ca\/","name":"Dumoulin Bicyclettes","description":"","publisher":{"@id":"https:\/\/dumoulin.absoludev.ca\/#organization"},"potentialAction":[{"@type":"SearchAction","target":{"@type":"EntryPoint","urlTemplate":"https:\/\/dumoulin.absoludev.ca\/?s={search_term_string}"},"query-input":{"@type":"PropertyValueSpecification","valueRequired":true,"valueName":"search_term_string"}}],"inLanguage":"en-US"},{"@type":"Organization","@id":"https:\/\/dumoulin.absoludev.ca\/#organization","name":"Dumoulin Bicyclettes","url":"https:\/\/dumoulin.absoludev.ca\/","logo":{"@type":"ImageObject","inLanguage":"en-US","@id":"https:\/\/dumoulin.absoludev.ca\/#\/schema\/logo\/image\/","url":"https:\/\/www.dumoulinbicyclettes.com\/wp-content\/uploads\/2021\/04\/Logo.svg","contentUrl":"https:\/\/www.dumoulinbicyclettes.com\/wp-content\/uploads\/2021\/04\/Logo.svg","width":254,"height":86,"caption":"Dumoulin Bicyclettes"},"image":{"@id":"https:\/\/dumoulin.absoludev.ca\/#\/schema\/logo\/image\/"},"sameAs":["https:\/\/www.facebook.com\/dumoulinbicyclettes","https:\/\/www.instagram.com\/dumoulin.ca\/","https:\/\/www.youtube.com\/user\/dumoulinbicyclettes"]}]}},"_links":{"self":[{"href":"https:\/\/dumoulin.absoludev.ca\/en\/wp-json\/wp\/v2\/product\/188397","targetHints":{"allow":["GET"]}}],"collection":[{"href":"https:\/\/dumoulin.absoludev.ca\/en\/wp-json\/wp\/v2\/product"}],"about":[{"href":"https:\/\/dumoulin.absoludev.ca\/en\/wp-json\/wp\/v2\/types\/product"}],"wp:featuredmedia":[{"embeddable":true,"href":"https:\/\/dumoulin.absoludev.ca\/en\/wp-json\/wp\/v2\/media\/188398"}],"wp:attachment":[{"href":"https:\/\/dumoulin.absoludev.ca\/en\/wp-json\/wp\/v2\/media?parent=188397"}],"wp:term":[{"taxonomy":"product_brand","embeddable":true,"href":"https:\/\/dumoulin.absoludev.ca\/en\/wp-json\/wp\/v2\/product_brand?post=188397"},{"taxonomy":"product_cat","embeddable":true,"href":"https:\/\/dumoulin.absoludev.ca\/en\/wp-json\/wp\/v2\/product_cat?post=188397"},{"taxonomy":"product_tag","embeddable":true,"href":"https:\/\/dumoulin.absoludev.ca\/en\/wp-json\/wp\/v2\/product_tag?post=188397"},{"taxonomy":"marque-produit","embeddable":true,"href":"https:\/\/dumoulin.absoludev.ca\/en\/wp-json\/wp\/v2\/marque-produit?post=188397"},{"taxonomy":"collection-produit","embeddable":true,"href":"https:\/\/dumoulin.absoludev.ca\/en\/wp-json\/wp\/v2\/collection-produit?post=188397"},{"taxonomy":"type-surface-produit","embeddable":true,"href":"https:\/\/dumoulin.absoludev.ca\/en\/wp-json\/wp\/v2\/type-surface-produit?post=188397"},{"taxonomy":"type-velo-produit","embeddable":true,"href":"https:\/\/dumoulin.absoludev.ca\/en\/wp-json\/wp\/v2\/type-velo-produit?post=188397"},{"taxonomy":"vetement-produit","embeddable":true,"href":"https:\/\/dumoulin.absoludev.ca\/en\/wp-json\/wp\/v2\/vetement-produit?post=188397"},{"taxonomy":"thematique-produit","embeddable":true,"href":"https:\/\/dumoulin.absoludev.ca\/en\/wp-json\/wp\/v2\/thematique-produit?post=188397"},{"taxonomy":"position-sur-le-v\u00e9lo","embeddable":true,"href":"https:\/\/dumoulin.absoludev.ca\/en\/wp-json\/wp\/v2\/position-sur-le-v\u00e9lo?post=188397"}],"curies":[{"name":"wp","href":"https:\/\/api.w.org\/{rel}","templated":true}]}}