{"id":186113,"date":"2022-11-29T18:02:11","date_gmt":"2022-11-29T23:02:11","guid":{"rendered":"http:\/\/www.dumoulinbicyclettes.com\/?post_type=product&#038;p=186113"},"modified":"2025-09-04T14:18:39","modified_gmt":"2025-09-04T18:18:39","slug":"pneu-schwalbe-smart-sam","status":"publish","type":"product","link":"https:\/\/dumoulin.absoludev.ca\/en\/produit\/pneu-schwalbe-smart-sam\/","title":{"rendered":"Pneu Schwalbe Smart Sam"},"content":{"rendered":"<p>Le pneu de v\u00e9lo Schwalbe Smart Sam offre une adh\u00e9rence int\u00e9ressante pour les cyclistes d&#8217;hiver. C&#8217;est un pneu de cyclo-cross\/gravel, avec des textures permettant de creuser son sillon dans les conditions boueuses ou <em>neigeuse<\/em>.<\/p>\n<p>Plus large que le cousin <a href=\"https:\/\/www.dumoulinbicyclettes.com\/produit\/pneu-schwalbe-cx-pro\/\">Schwalbe CX PRO<\/a>, son empreinte au sol lui permet de b\u00e9n\u00e9ficier de plus d&#8217;adh\u00e9rence encore.<\/p>\n","protected":false},"excerpt":{"rendered":"<p>Le pneu de v\u00e9lo Schwalbe Smart Sam offre une adh\u00e9rence int\u00e9ressante pour les cyclistes d&#8217;hiver. C&#8217;est un pneu de cyclo-cross\/gravel, avec des textures permettant de creuser son sillon dans les conditions boueuses ou neigeuse. Plus large que le cousin Schwalbe CX PRO, son empreinte au sol lui permet de b\u00e9n\u00e9ficier de plus d&#8217;adh\u00e9rence encore.<\/p>\n","protected":false},"featured_media":186119,"template":"","meta":{"_acf_changed":false},"product_brand":[],"product_cat":[226,232],"product_tag":[2244,2239,2932],"marque-produit":[1336],"collection-produit":[],"type-surface-produit":[1246],"type-velo-produit":[],"vetement-produit":[],"thematique-produit":[],"position-sur-le-v\u00e9lo":[],"class_list":{"0":"post-186113","1":"product","2":"type-product","3":"status-publish","4":"has-post-thumbnail","6":"product_cat-pneus","7":"product_cat-pneus-de-velo-hybride","8":"product_tag-pneu","9":"product_tag-schwalbe","10":"product_tag-smart-sam","11":"marque-produit-schwalbe","12":"type-surface-produit-rang-de-campagne","14":"first","15":"outofstock","16":"taxable","17":"shipping-taxable","18":"purchasable","19":"product-type-variable"},"acf":[],"yoast_head":"<!-- This site is optimized with the Yoast SEO plugin v24.3 - https:\/\/yoast.com\/wordpress\/plugins\/seo\/ -->\n<title>Pneu Schwalbe Smart Sam - Dumoulin Bicyclettes | v\u00e9lo d&#039;hiver | Montr\u00e9al<\/title>\n<meta name=\"description\" content=\"Le pneu Schwalbe Smart Sam offre une adh\u00e9rence int\u00e9ressante lors de la pratique du v\u00e9lo d&#039;hiver. Surtout dans la neige ou la boue !\" \/>\n<meta name=\"robots\" content=\"noindex, follow, max-snippet:-1, max-image-preview:large, max-video-preview:-1\" \/>\n<meta property=\"og:locale\" content=\"en_US\" \/>\n<meta property=\"og:type\" content=\"article\" \/>\n<meta property=\"og:title\" content=\"Pneu Schwalbe Smart Sam - Dumoulin Bicyclettes | v\u00e9lo d&#039;hiver | Montr\u00e9al\" \/>\n<meta property=\"og:description\" content=\"Le pneu Schwalbe Smart Sam offre une adh\u00e9rence int\u00e9ressante lors de la pratique du v\u00e9lo d&#039;hiver. Surtout dans la neige ou la boue !\" \/>\n<meta property=\"og:url\" content=\"https:\/\/dumoulin.absoludev.ca\/produit\/pneu-schwalbe-smart-sam\/\" \/>\n<meta property=\"og:site_name\" content=\"Dumoulin Bicyclettes\" \/>\n<meta property=\"article:publisher\" content=\"https:\/\/www.facebook.com\/dumoulinbicyclettes\" \/>\n<meta property=\"article:modified_time\" content=\"2025-09-04T18:18:39+00:00\" \/>\n<meta property=\"og:image\" content=\"https:\/\/dumoulin.absoludev.ca\/wp-content\/uploads\/2022\/11\/Schwalbe_Smart_Sam_3.png\" \/>\n\t<meta property=\"og:image:width\" content=\"800\" \/>\n\t<meta property=\"og:image:height\" content=\"800\" \/>\n\t<meta property=\"og:image:type\" content=\"image\/png\" \/>\n<meta name=\"twitter:card\" content=\"summary_large_image\" \/>\n<script type=\"application\/ld+json\" class=\"yoast-schema-graph\">{\"@context\":\"https:\/\/schema.org\",\"@graph\":[{\"@type\":\"WebPage\",\"@id\":\"https:\/\/dumoulin.absoludev.ca\/produit\/pneu-schwalbe-smart-sam\/\",\"url\":\"https:\/\/dumoulin.absoludev.ca\/produit\/pneu-schwalbe-smart-sam\/\",\"name\":\"Pneu Schwalbe Smart Sam - Dumoulin Bicyclettes | v\u00e9lo d'hiver | Montr\u00e9al\",\"isPartOf\":{\"@id\":\"https:\/\/dumoulin.absoludev.ca\/#website\"},\"primaryImageOfPage\":{\"@id\":\"https:\/\/dumoulin.absoludev.ca\/produit\/pneu-schwalbe-smart-sam\/#primaryimage\"},\"image\":{\"@id\":\"https:\/\/dumoulin.absoludev.ca\/produit\/pneu-schwalbe-smart-sam\/#primaryimage\"},\"thumbnailUrl\":\"https:\/\/dumoulin.absoludev.ca\/wp-content\/uploads\/2022\/11\/Schwalbe_Smart_Sam_3.png\",\"datePublished\":\"2022-11-29T23:02:11+00:00\",\"dateModified\":\"2025-09-04T18:18:39+00:00\",\"description\":\"Le pneu Schwalbe Smart Sam offre une adh\u00e9rence int\u00e9ressante lors de la pratique du v\u00e9lo d'hiver. Surtout dans la neige ou la boue !\",\"breadcrumb\":{\"@id\":\"https:\/\/dumoulin.absoludev.ca\/produit\/pneu-schwalbe-smart-sam\/#breadcrumb\"},\"inLanguage\":\"en-US\",\"potentialAction\":[{\"@type\":\"ReadAction\",\"target\":[\"https:\/\/dumoulin.absoludev.ca\/produit\/pneu-schwalbe-smart-sam\/\"]}]},{\"@type\":\"ImageObject\",\"inLanguage\":\"en-US\",\"@id\":\"https:\/\/dumoulin.absoludev.ca\/produit\/pneu-schwalbe-smart-sam\/#primaryimage\",\"url\":\"https:\/\/dumoulin.absoludev.ca\/wp-content\/uploads\/2022\/11\/Schwalbe_Smart_Sam_3.png\",\"contentUrl\":\"https:\/\/dumoulin.absoludev.ca\/wp-content\/uploads\/2022\/11\/Schwalbe_Smart_Sam_3.png\",\"width\":800,\"height\":800,\"caption\":\"Pneu Schwalbe Smart Sam - V\u00e9lo-d-hiver-Montr\u00e9al\"},{\"@type\":\"BreadcrumbList\",\"@id\":\"https:\/\/dumoulin.absoludev.ca\/produit\/pneu-schwalbe-smart-sam\/#breadcrumb\",\"itemListElement\":[{\"@type\":\"ListItem\",\"position\":1,\"name\":\"Home\",\"item\":\"https:\/\/dumoulin.absoludev.ca\/en\/\"},{\"@type\":\"ListItem\",\"position\":2,\"name\":\"Shop\",\"item\":\"https:\/\/dumoulin.absoludev.ca\/en\/shop\/\"},{\"@type\":\"ListItem\",\"position\":3,\"name\":\"Pneu Schwalbe Smart Sam\"}]},{\"@type\":\"WebSite\",\"@id\":\"https:\/\/dumoulin.absoludev.ca\/#website\",\"url\":\"https:\/\/dumoulin.absoludev.ca\/\",\"name\":\"Dumoulin Bicyclettes\",\"description\":\"\",\"publisher\":{\"@id\":\"https:\/\/dumoulin.absoludev.ca\/#organization\"},\"potentialAction\":[{\"@type\":\"SearchAction\",\"target\":{\"@type\":\"EntryPoint\",\"urlTemplate\":\"https:\/\/dumoulin.absoludev.ca\/?s={search_term_string}\"},\"query-input\":{\"@type\":\"PropertyValueSpecification\",\"valueRequired\":true,\"valueName\":\"search_term_string\"}}],\"inLanguage\":\"en-US\"},{\"@type\":\"Organization\",\"@id\":\"https:\/\/dumoulin.absoludev.ca\/#organization\",\"name\":\"Dumoulin Bicyclettes\",\"url\":\"https:\/\/dumoulin.absoludev.ca\/\",\"logo\":{\"@type\":\"ImageObject\",\"inLanguage\":\"en-US\",\"@id\":\"https:\/\/dumoulin.absoludev.ca\/#\/schema\/logo\/image\/\",\"url\":\"https:\/\/www.dumoulinbicyclettes.com\/wp-content\/uploads\/2021\/04\/Logo.svg\",\"contentUrl\":\"https:\/\/www.dumoulinbicyclettes.com\/wp-content\/uploads\/2021\/04\/Logo.svg\",\"width\":254,\"height\":86,\"caption\":\"Dumoulin Bicyclettes\"},\"image\":{\"@id\":\"https:\/\/dumoulin.absoludev.ca\/#\/schema\/logo\/image\/\"},\"sameAs\":[\"https:\/\/www.facebook.com\/dumoulinbicyclettes\",\"https:\/\/www.instagram.com\/dumoulin.ca\/\",\"https:\/\/www.youtube.com\/user\/dumoulinbicyclettes\"]}]}<\/script>\n<!-- \/ Yoast SEO plugin. -->","yoast_head_json":{"title":"Pneu Schwalbe Smart Sam - Dumoulin Bicyclettes | v\u00e9lo d'hiver | Montr\u00e9al","description":"Le pneu Schwalbe Smart Sam offre une adh\u00e9rence int\u00e9ressante lors de la pratique du v\u00e9lo d'hiver. Surtout dans la neige ou la boue !","robots":{"index":"noindex","follow":"follow","max-snippet":"max-snippet:-1","max-image-preview":"max-image-preview:large","max-video-preview":"max-video-preview:-1"},"og_locale":"en_US","og_type":"article","og_title":"Pneu Schwalbe Smart Sam - Dumoulin Bicyclettes | v\u00e9lo d'hiver | Montr\u00e9al","og_description":"Le pneu Schwalbe Smart Sam offre une adh\u00e9rence int\u00e9ressante lors de la pratique du v\u00e9lo d'hiver. Surtout dans la neige ou la boue !","og_url":"https:\/\/dumoulin.absoludev.ca\/produit\/pneu-schwalbe-smart-sam\/","og_site_name":"Dumoulin Bicyclettes","article_publisher":"https:\/\/www.facebook.com\/dumoulinbicyclettes","article_modified_time":"2025-09-04T18:18:39+00:00","og_image":[{"width":800,"height":800,"url":"https:\/\/dumoulin.absoludev.ca\/wp-content\/uploads\/2022\/11\/Schwalbe_Smart_Sam_3.png","type":"image\/png"}],"twitter_card":"summary_large_image","schema":{"@context":"https:\/\/schema.org","@graph":[{"@type":"WebPage","@id":"https:\/\/dumoulin.absoludev.ca\/produit\/pneu-schwalbe-smart-sam\/","url":"https:\/\/dumoulin.absoludev.ca\/produit\/pneu-schwalbe-smart-sam\/","name":"Pneu Schwalbe Smart Sam - Dumoulin Bicyclettes | v\u00e9lo d'hiver | Montr\u00e9al","isPartOf":{"@id":"https:\/\/dumoulin.absoludev.ca\/#website"},"primaryImageOfPage":{"@id":"https:\/\/dumoulin.absoludev.ca\/produit\/pneu-schwalbe-smart-sam\/#primaryimage"},"image":{"@id":"https:\/\/dumoulin.absoludev.ca\/produit\/pneu-schwalbe-smart-sam\/#primaryimage"},"thumbnailUrl":"https:\/\/dumoulin.absoludev.ca\/wp-content\/uploads\/2022\/11\/Schwalbe_Smart_Sam_3.png","datePublished":"2022-11-29T23:02:11+00:00","dateModified":"2025-09-04T18:18:39+00:00","description":"Le pneu Schwalbe Smart Sam offre une adh\u00e9rence int\u00e9ressante lors de la pratique du v\u00e9lo d'hiver. Surtout dans la neige ou la boue !","breadcrumb":{"@id":"https:\/\/dumoulin.absoludev.ca\/produit\/pneu-schwalbe-smart-sam\/#breadcrumb"},"inLanguage":"en-US","potentialAction":[{"@type":"ReadAction","target":["https:\/\/dumoulin.absoludev.ca\/produit\/pneu-schwalbe-smart-sam\/"]}]},{"@type":"ImageObject","inLanguage":"en-US","@id":"https:\/\/dumoulin.absoludev.ca\/produit\/pneu-schwalbe-smart-sam\/#primaryimage","url":"https:\/\/dumoulin.absoludev.ca\/wp-content\/uploads\/2022\/11\/Schwalbe_Smart_Sam_3.png","contentUrl":"https:\/\/dumoulin.absoludev.ca\/wp-content\/uploads\/2022\/11\/Schwalbe_Smart_Sam_3.png","width":800,"height":800,"caption":"Pneu Schwalbe Smart Sam - V\u00e9lo-d-hiver-Montr\u00e9al"},{"@type":"BreadcrumbList","@id":"https:\/\/dumoulin.absoludev.ca\/produit\/pneu-schwalbe-smart-sam\/#breadcrumb","itemListElement":[{"@type":"ListItem","position":1,"name":"Home","item":"https:\/\/dumoulin.absoludev.ca\/en\/"},{"@type":"ListItem","position":2,"name":"Shop","item":"https:\/\/dumoulin.absoludev.ca\/en\/shop\/"},{"@type":"ListItem","position":3,"name":"Pneu Schwalbe Smart Sam"}]},{"@type":"WebSite","@id":"https:\/\/dumoulin.absoludev.ca\/#website","url":"https:\/\/dumoulin.absoludev.ca\/","name":"Dumoulin Bicyclettes","description":"","publisher":{"@id":"https:\/\/dumoulin.absoludev.ca\/#organization"},"potentialAction":[{"@type":"SearchAction","target":{"@type":"EntryPoint","urlTemplate":"https:\/\/dumoulin.absoludev.ca\/?s={search_term_string}"},"query-input":{"@type":"PropertyValueSpecification","valueRequired":true,"valueName":"search_term_string"}}],"inLanguage":"en-US"},{"@type":"Organization","@id":"https:\/\/dumoulin.absoludev.ca\/#organization","name":"Dumoulin Bicyclettes","url":"https:\/\/dumoulin.absoludev.ca\/","logo":{"@type":"ImageObject","inLanguage":"en-US","@id":"https:\/\/dumoulin.absoludev.ca\/#\/schema\/logo\/image\/","url":"https:\/\/www.dumoulinbicyclettes.com\/wp-content\/uploads\/2021\/04\/Logo.svg","contentUrl":"https:\/\/www.dumoulinbicyclettes.com\/wp-content\/uploads\/2021\/04\/Logo.svg","width":254,"height":86,"caption":"Dumoulin Bicyclettes"},"image":{"@id":"https:\/\/dumoulin.absoludev.ca\/#\/schema\/logo\/image\/"},"sameAs":["https:\/\/www.facebook.com\/dumoulinbicyclettes","https:\/\/www.instagram.com\/dumoulin.ca\/","https:\/\/www.youtube.com\/user\/dumoulinbicyclettes"]}]}},"_links":{"self":[{"href":"https:\/\/dumoulin.absoludev.ca\/en\/wp-json\/wp\/v2\/product\/186113","targetHints":{"allow":["GET"]}}],"collection":[{"href":"https:\/\/dumoulin.absoludev.ca\/en\/wp-json\/wp\/v2\/product"}],"about":[{"href":"https:\/\/dumoulin.absoludev.ca\/en\/wp-json\/wp\/v2\/types\/product"}],"wp:featuredmedia":[{"embeddable":true,"href":"https:\/\/dumoulin.absoludev.ca\/en\/wp-json\/wp\/v2\/media\/186119"}],"wp:attachment":[{"href":"https:\/\/dumoulin.absoludev.ca\/en\/wp-json\/wp\/v2\/media?parent=186113"}],"wp:term":[{"taxonomy":"product_brand","embeddable":true,"href":"https:\/\/dumoulin.absoludev.ca\/en\/wp-json\/wp\/v2\/product_brand?post=186113"},{"taxonomy":"product_cat","embeddable":true,"href":"https:\/\/dumoulin.absoludev.ca\/en\/wp-json\/wp\/v2\/product_cat?post=186113"},{"taxonomy":"product_tag","embeddable":true,"href":"https:\/\/dumoulin.absoludev.ca\/en\/wp-json\/wp\/v2\/product_tag?post=186113"},{"taxonomy":"marque-produit","embeddable":true,"href":"https:\/\/dumoulin.absoludev.ca\/en\/wp-json\/wp\/v2\/marque-produit?post=186113"},{"taxonomy":"collection-produit","embeddable":true,"href":"https:\/\/dumoulin.absoludev.ca\/en\/wp-json\/wp\/v2\/collection-produit?post=186113"},{"taxonomy":"type-surface-produit","embeddable":true,"href":"https:\/\/dumoulin.absoludev.ca\/en\/wp-json\/wp\/v2\/type-surface-produit?post=186113"},{"taxonomy":"type-velo-produit","embeddable":true,"href":"https:\/\/dumoulin.absoludev.ca\/en\/wp-json\/wp\/v2\/type-velo-produit?post=186113"},{"taxonomy":"vetement-produit","embeddable":true,"href":"https:\/\/dumoulin.absoludev.ca\/en\/wp-json\/wp\/v2\/vetement-produit?post=186113"},{"taxonomy":"thematique-produit","embeddable":true,"href":"https:\/\/dumoulin.absoludev.ca\/en\/wp-json\/wp\/v2\/thematique-produit?post=186113"},{"taxonomy":"position-sur-le-v\u00e9lo","embeddable":true,"href":"https:\/\/dumoulin.absoludev.ca\/en\/wp-json\/wp\/v2\/position-sur-le-v\u00e9lo?post=186113"}],"curies":[{"name":"wp","href":"https:\/\/api.w.org\/{rel}","templated":true}]}}