{"id":185261,"date":"2022-11-25T18:02:01","date_gmt":"2022-11-25T23:02:01","guid":{"rendered":"http:\/\/www.dumoulinbicyclettes.com\/?post_type=product&#038;p=185261"},"modified":"2024-04-29T16:38:28","modified_gmt":"2024-04-29T20:38:28","slug":"yuba-pegs","status":"publish","type":"product","link":"https:\/\/dumoulin.absoludev.ca\/en\/produit\/yuba-pegs\/","title":{"rendered":"Repose-pieds Yuba Pegs"},"content":{"rendered":"<p>Ces petits repose-pieds sont essentiels pour les jeunes enfants. Gr\u00e2ce aux \u00abpegs\u00bb, les enfants savent o\u00f9 mettre leurs pieds, en toute s\u00e9curit\u00e9 et confort.<\/p>\n<p>S&#8217;installent sur les Yuba <a href=\"https:\/\/www.dumoulinbicyclettes.com\/produit\/yuba-kombi\/\" rel=\"noopener\" target=\"_blank\">Kombi<\/a> et <a href=\"https:\/\/www.dumoulinbicyclettes.com\/produit\/yuba-kombi-e5\/\" rel=\"noopener\" target=\"_blank\">eKombi<\/a>.<\/p>\n","protected":false},"excerpt":{"rendered":"<p>Ces petits repose-pieds sont essentiels pour les jeunes enfants. Gr\u00e2ce aux \u00abpegs\u00bb, les enfants savent o\u00f9 mettre leurs pieds, en toute s\u00e9curit\u00e9 et confort. S&#8217;installent sur les Yuba Kombi et eKombi.<\/p>\n","protected":false},"featured_media":398187,"template":"","meta":{"_acf_changed":false},"product_brand":[],"product_cat":[2506],"product_tag":[2930,3056,2179],"marque-produit":[1201],"collection-produit":[2850,2848],"type-surface-produit":[],"type-velo-produit":[2162],"vetement-produit":[],"thematique-produit":[],"position-sur-le-v\u00e9lo":[],"class_list":{"0":"post-185261","1":"product","2":"type-product","3":"status-publish","4":"has-post-thumbnail","6":"product_cat-yuba","7":"product_tag-accessoires","8":"product_tag-pegs","9":"product_tag-yuba","10":"marque-produit-yuba","11":"collection-produit-kombi","12":"collection-produit-yuba","13":"type-velo-produit-cargo-en","15":"first","16":"instock","17":"taxable","18":"shipping-taxable","19":"purchasable","20":"product-type-simple"},"acf":[],"yoast_head":"<!-- This site is optimized with the Yoast SEO plugin v24.3 - https:\/\/yoast.com\/wordpress\/plugins\/seo\/ -->\n<title>Repose-pieds Yuba Pegs - Dumoulin Bicyclettes - Montr\u00e9al - V\u00e9lo cargo Yuba - Longtail<\/title>\n<meta name=\"description\" content=\"Les repose-pieds Yuba Pegs sont essentiels pour le confort et la s\u00e9curit\u00e9 des petits. Compatibles avec les Yuba Kombi et eKombi.\" \/>\n<meta name=\"robots\" content=\"noindex, follow, max-snippet:-1, max-image-preview:large, max-video-preview:-1\" \/>\n<meta property=\"og:locale\" content=\"en_US\" \/>\n<meta property=\"og:type\" content=\"article\" \/>\n<meta property=\"og:title\" content=\"Repose-pieds Yuba Pegs - Dumoulin Bicyclettes - Montr\u00e9al - V\u00e9lo cargo Yuba - Longtail\" \/>\n<meta property=\"og:description\" content=\"Les repose-pieds Yuba Pegs sont essentiels pour le confort et la s\u00e9curit\u00e9 des petits. Compatibles avec les Yuba Kombi et eKombi.\" \/>\n<meta property=\"og:url\" content=\"https:\/\/dumoulin.absoludev.ca\/en\/produit\/yuba-pegs\/\" \/>\n<meta property=\"og:site_name\" content=\"Dumoulin Bicyclettes\" \/>\n<meta property=\"article:publisher\" content=\"https:\/\/www.facebook.com\/dumoulinbicyclettes\" \/>\n<meta property=\"article:modified_time\" content=\"2024-04-29T20:38:28+00:00\" \/>\n<meta property=\"og:image\" content=\"https:\/\/dumoulin.absoludev.ca\/wp-content\/uploads\/2022\/11\/yuba-pegs-kombi-ekombi-compatible-dumoulin-bicyclettes-montreal-3.jpg\" \/>\n\t<meta property=\"og:image:width\" content=\"750\" \/>\n\t<meta property=\"og:image:height\" content=\"500\" \/>\n\t<meta property=\"og:image:type\" content=\"image\/jpeg\" \/>\n<meta name=\"twitter:card\" content=\"summary_large_image\" \/>\n<meta name=\"twitter:label1\" content=\"Est. reading time\" \/>\n\t<meta name=\"twitter:data1\" content=\"1 minute\" \/>\n<script type=\"application\/ld+json\" class=\"yoast-schema-graph\">{\"@context\":\"https:\/\/schema.org\",\"@graph\":[{\"@type\":\"WebPage\",\"@id\":\"https:\/\/dumoulin.absoludev.ca\/en\/produit\/yuba-pegs\/\",\"url\":\"https:\/\/dumoulin.absoludev.ca\/en\/produit\/yuba-pegs\/\",\"name\":\"Repose-pieds Yuba Pegs - Dumoulin Bicyclettes - Montr\u00e9al - V\u00e9lo cargo Yuba - Longtail\",\"isPartOf\":{\"@id\":\"https:\/\/dumoulin.absoludev.ca\/#website\"},\"primaryImageOfPage\":{\"@id\":\"https:\/\/dumoulin.absoludev.ca\/en\/produit\/yuba-pegs\/#primaryimage\"},\"image\":{\"@id\":\"https:\/\/dumoulin.absoludev.ca\/en\/produit\/yuba-pegs\/#primaryimage\"},\"thumbnailUrl\":\"https:\/\/dumoulin.absoludev.ca\/wp-content\/uploads\/2022\/11\/yuba-pegs-kombi-ekombi-compatible-dumoulin-bicyclettes-montreal-3.jpg\",\"datePublished\":\"2022-11-25T23:02:01+00:00\",\"dateModified\":\"2024-04-29T20:38:28+00:00\",\"description\":\"Les repose-pieds Yuba Pegs sont essentiels pour le confort et la s\u00e9curit\u00e9 des petits. Compatibles avec les Yuba Kombi et eKombi.\",\"breadcrumb\":{\"@id\":\"https:\/\/dumoulin.absoludev.ca\/en\/produit\/yuba-pegs\/#breadcrumb\"},\"inLanguage\":\"en-US\",\"potentialAction\":[{\"@type\":\"ReadAction\",\"target\":[\"https:\/\/dumoulin.absoludev.ca\/en\/produit\/yuba-pegs\/\"]}]},{\"@type\":\"ImageObject\",\"inLanguage\":\"en-US\",\"@id\":\"https:\/\/dumoulin.absoludev.ca\/en\/produit\/yuba-pegs\/#primaryimage\",\"url\":\"https:\/\/dumoulin.absoludev.ca\/wp-content\/uploads\/2022\/11\/yuba-pegs-kombi-ekombi-compatible-dumoulin-bicyclettes-montreal-3.jpg\",\"contentUrl\":\"https:\/\/dumoulin.absoludev.ca\/wp-content\/uploads\/2022\/11\/yuba-pegs-kombi-ekombi-compatible-dumoulin-bicyclettes-montreal-3.jpg\",\"width\":750,\"height\":500,\"caption\":\"Yuba-Pegs-Kombi-eKombi-Compatible-Dumoulin_bicyclettes-Montreal\"},{\"@type\":\"BreadcrumbList\",\"@id\":\"https:\/\/dumoulin.absoludev.ca\/en\/produit\/yuba-pegs\/#breadcrumb\",\"itemListElement\":[{\"@type\":\"ListItem\",\"position\":1,\"name\":\"Home\",\"item\":\"https:\/\/dumoulin.absoludev.ca\/en\/\"},{\"@type\":\"ListItem\",\"position\":2,\"name\":\"Shop\",\"item\":\"https:\/\/dumoulin.absoludev.ca\/en\/shop\/\"},{\"@type\":\"ListItem\",\"position\":3,\"name\":\"Repose-pieds Yuba Pegs\"}]},{\"@type\":\"WebSite\",\"@id\":\"https:\/\/dumoulin.absoludev.ca\/#website\",\"url\":\"https:\/\/dumoulin.absoludev.ca\/\",\"name\":\"Dumoulin Bicyclettes\",\"description\":\"\",\"publisher\":{\"@id\":\"https:\/\/dumoulin.absoludev.ca\/#organization\"},\"potentialAction\":[{\"@type\":\"SearchAction\",\"target\":{\"@type\":\"EntryPoint\",\"urlTemplate\":\"https:\/\/dumoulin.absoludev.ca\/?s={search_term_string}\"},\"query-input\":{\"@type\":\"PropertyValueSpecification\",\"valueRequired\":true,\"valueName\":\"search_term_string\"}}],\"inLanguage\":\"en-US\"},{\"@type\":\"Organization\",\"@id\":\"https:\/\/dumoulin.absoludev.ca\/#organization\",\"name\":\"Dumoulin Bicyclettes\",\"url\":\"https:\/\/dumoulin.absoludev.ca\/\",\"logo\":{\"@type\":\"ImageObject\",\"inLanguage\":\"en-US\",\"@id\":\"https:\/\/dumoulin.absoludev.ca\/#\/schema\/logo\/image\/\",\"url\":\"https:\/\/www.dumoulinbicyclettes.com\/wp-content\/uploads\/2021\/04\/Logo.svg\",\"contentUrl\":\"https:\/\/www.dumoulinbicyclettes.com\/wp-content\/uploads\/2021\/04\/Logo.svg\",\"width\":254,\"height\":86,\"caption\":\"Dumoulin Bicyclettes\"},\"image\":{\"@id\":\"https:\/\/dumoulin.absoludev.ca\/#\/schema\/logo\/image\/\"},\"sameAs\":[\"https:\/\/www.facebook.com\/dumoulinbicyclettes\",\"https:\/\/www.instagram.com\/dumoulin.ca\/\",\"https:\/\/www.youtube.com\/user\/dumoulinbicyclettes\"]}]}<\/script>\n<!-- \/ Yoast SEO plugin. -->","yoast_head_json":{"title":"Repose-pieds Yuba Pegs - Dumoulin Bicyclettes - Montr\u00e9al - V\u00e9lo cargo Yuba - Longtail","description":"Les repose-pieds Yuba Pegs sont essentiels pour le confort et la s\u00e9curit\u00e9 des petits. Compatibles avec les Yuba Kombi et eKombi.","robots":{"index":"noindex","follow":"follow","max-snippet":"max-snippet:-1","max-image-preview":"max-image-preview:large","max-video-preview":"max-video-preview:-1"},"og_locale":"en_US","og_type":"article","og_title":"Repose-pieds Yuba Pegs - Dumoulin Bicyclettes - Montr\u00e9al - V\u00e9lo cargo Yuba - Longtail","og_description":"Les repose-pieds Yuba Pegs sont essentiels pour le confort et la s\u00e9curit\u00e9 des petits. Compatibles avec les Yuba Kombi et eKombi.","og_url":"https:\/\/dumoulin.absoludev.ca\/en\/produit\/yuba-pegs\/","og_site_name":"Dumoulin Bicyclettes","article_publisher":"https:\/\/www.facebook.com\/dumoulinbicyclettes","article_modified_time":"2024-04-29T20:38:28+00:00","og_image":[{"width":750,"height":500,"url":"https:\/\/dumoulin.absoludev.ca\/wp-content\/uploads\/2022\/11\/yuba-pegs-kombi-ekombi-compatible-dumoulin-bicyclettes-montreal-3.jpg","type":"image\/jpeg"}],"twitter_card":"summary_large_image","twitter_misc":{"Est. reading time":"1 minute"},"schema":{"@context":"https:\/\/schema.org","@graph":[{"@type":"WebPage","@id":"https:\/\/dumoulin.absoludev.ca\/en\/produit\/yuba-pegs\/","url":"https:\/\/dumoulin.absoludev.ca\/en\/produit\/yuba-pegs\/","name":"Repose-pieds Yuba Pegs - Dumoulin Bicyclettes - Montr\u00e9al - V\u00e9lo cargo Yuba - Longtail","isPartOf":{"@id":"https:\/\/dumoulin.absoludev.ca\/#website"},"primaryImageOfPage":{"@id":"https:\/\/dumoulin.absoludev.ca\/en\/produit\/yuba-pegs\/#primaryimage"},"image":{"@id":"https:\/\/dumoulin.absoludev.ca\/en\/produit\/yuba-pegs\/#primaryimage"},"thumbnailUrl":"https:\/\/dumoulin.absoludev.ca\/wp-content\/uploads\/2022\/11\/yuba-pegs-kombi-ekombi-compatible-dumoulin-bicyclettes-montreal-3.jpg","datePublished":"2022-11-25T23:02:01+00:00","dateModified":"2024-04-29T20:38:28+00:00","description":"Les repose-pieds Yuba Pegs sont essentiels pour le confort et la s\u00e9curit\u00e9 des petits. Compatibles avec les Yuba Kombi et eKombi.","breadcrumb":{"@id":"https:\/\/dumoulin.absoludev.ca\/en\/produit\/yuba-pegs\/#breadcrumb"},"inLanguage":"en-US","potentialAction":[{"@type":"ReadAction","target":["https:\/\/dumoulin.absoludev.ca\/en\/produit\/yuba-pegs\/"]}]},{"@type":"ImageObject","inLanguage":"en-US","@id":"https:\/\/dumoulin.absoludev.ca\/en\/produit\/yuba-pegs\/#primaryimage","url":"https:\/\/dumoulin.absoludev.ca\/wp-content\/uploads\/2022\/11\/yuba-pegs-kombi-ekombi-compatible-dumoulin-bicyclettes-montreal-3.jpg","contentUrl":"https:\/\/dumoulin.absoludev.ca\/wp-content\/uploads\/2022\/11\/yuba-pegs-kombi-ekombi-compatible-dumoulin-bicyclettes-montreal-3.jpg","width":750,"height":500,"caption":"Yuba-Pegs-Kombi-eKombi-Compatible-Dumoulin_bicyclettes-Montreal"},{"@type":"BreadcrumbList","@id":"https:\/\/dumoulin.absoludev.ca\/en\/produit\/yuba-pegs\/#breadcrumb","itemListElement":[{"@type":"ListItem","position":1,"name":"Home","item":"https:\/\/dumoulin.absoludev.ca\/en\/"},{"@type":"ListItem","position":2,"name":"Shop","item":"https:\/\/dumoulin.absoludev.ca\/en\/shop\/"},{"@type":"ListItem","position":3,"name":"Repose-pieds Yuba Pegs"}]},{"@type":"WebSite","@id":"https:\/\/dumoulin.absoludev.ca\/#website","url":"https:\/\/dumoulin.absoludev.ca\/","name":"Dumoulin Bicyclettes","description":"","publisher":{"@id":"https:\/\/dumoulin.absoludev.ca\/#organization"},"potentialAction":[{"@type":"SearchAction","target":{"@type":"EntryPoint","urlTemplate":"https:\/\/dumoulin.absoludev.ca\/?s={search_term_string}"},"query-input":{"@type":"PropertyValueSpecification","valueRequired":true,"valueName":"search_term_string"}}],"inLanguage":"en-US"},{"@type":"Organization","@id":"https:\/\/dumoulin.absoludev.ca\/#organization","name":"Dumoulin Bicyclettes","url":"https:\/\/dumoulin.absoludev.ca\/","logo":{"@type":"ImageObject","inLanguage":"en-US","@id":"https:\/\/dumoulin.absoludev.ca\/#\/schema\/logo\/image\/","url":"https:\/\/www.dumoulinbicyclettes.com\/wp-content\/uploads\/2021\/04\/Logo.svg","contentUrl":"https:\/\/www.dumoulinbicyclettes.com\/wp-content\/uploads\/2021\/04\/Logo.svg","width":254,"height":86,"caption":"Dumoulin Bicyclettes"},"image":{"@id":"https:\/\/dumoulin.absoludev.ca\/#\/schema\/logo\/image\/"},"sameAs":["https:\/\/www.facebook.com\/dumoulinbicyclettes","https:\/\/www.instagram.com\/dumoulin.ca\/","https:\/\/www.youtube.com\/user\/dumoulinbicyclettes"]}]}},"_links":{"self":[{"href":"https:\/\/dumoulin.absoludev.ca\/en\/wp-json\/wp\/v2\/product\/185261","targetHints":{"allow":["GET"]}}],"collection":[{"href":"https:\/\/dumoulin.absoludev.ca\/en\/wp-json\/wp\/v2\/product"}],"about":[{"href":"https:\/\/dumoulin.absoludev.ca\/en\/wp-json\/wp\/v2\/types\/product"}],"wp:featuredmedia":[{"embeddable":true,"href":"https:\/\/dumoulin.absoludev.ca\/en\/wp-json\/wp\/v2\/media\/398187"}],"wp:attachment":[{"href":"https:\/\/dumoulin.absoludev.ca\/en\/wp-json\/wp\/v2\/media?parent=185261"}],"wp:term":[{"taxonomy":"product_brand","embeddable":true,"href":"https:\/\/dumoulin.absoludev.ca\/en\/wp-json\/wp\/v2\/product_brand?post=185261"},{"taxonomy":"product_cat","embeddable":true,"href":"https:\/\/dumoulin.absoludev.ca\/en\/wp-json\/wp\/v2\/product_cat?post=185261"},{"taxonomy":"product_tag","embeddable":true,"href":"https:\/\/dumoulin.absoludev.ca\/en\/wp-json\/wp\/v2\/product_tag?post=185261"},{"taxonomy":"marque-produit","embeddable":true,"href":"https:\/\/dumoulin.absoludev.ca\/en\/wp-json\/wp\/v2\/marque-produit?post=185261"},{"taxonomy":"collection-produit","embeddable":true,"href":"https:\/\/dumoulin.absoludev.ca\/en\/wp-json\/wp\/v2\/collection-produit?post=185261"},{"taxonomy":"type-surface-produit","embeddable":true,"href":"https:\/\/dumoulin.absoludev.ca\/en\/wp-json\/wp\/v2\/type-surface-produit?post=185261"},{"taxonomy":"type-velo-produit","embeddable":true,"href":"https:\/\/dumoulin.absoludev.ca\/en\/wp-json\/wp\/v2\/type-velo-produit?post=185261"},{"taxonomy":"vetement-produit","embeddable":true,"href":"https:\/\/dumoulin.absoludev.ca\/en\/wp-json\/wp\/v2\/vetement-produit?post=185261"},{"taxonomy":"thematique-produit","embeddable":true,"href":"https:\/\/dumoulin.absoludev.ca\/en\/wp-json\/wp\/v2\/thematique-produit?post=185261"},{"taxonomy":"position-sur-le-v\u00e9lo","embeddable":true,"href":"https:\/\/dumoulin.absoludev.ca\/en\/wp-json\/wp\/v2\/position-sur-le-v\u00e9lo?post=185261"}],"curies":[{"name":"wp","href":"https:\/\/api.w.org\/{rel}","templated":true}]}}