{"id":182025,"date":"2022-11-17T17:03:28","date_gmt":"2022-11-17T22:03:28","guid":{"rendered":"http:\/\/www.dumoulinbicyclettes.com\/?post_type=product&#038;p=182025"},"modified":"2025-09-04T14:13:36","modified_gmt":"2025-09-04T18:13:36","slug":"kryptonite-transit-flexframe","status":"publish","type":"product","link":"https:\/\/dumoulin.absoludev.ca\/en\/produit\/kryptonite-transit-flexframe\/","title":{"rendered":"Support de cadenas Kryptonite Transit Flexframe"},"content":{"rendered":"<p>Le support \u00e0 cadenas Kryptonite Transit Flexframe permet de transporter facilement votre cadenas en U. Le Flexframe s&#8217;installe \u00e0 de nombreux endroits sur le v\u00e9lo et sur de nombreux cadres.<\/p>\n<p>Son dernier avantage, et non des moindres, est qu&#8217;il s&#8217;installe <a href=\"https:\/\/www.youtube.com\/watch?v=lULcuifzxPs\">tr\u00e8s facilement et rapidement<\/a>&#8230; un bon point, n&#8217;est-ce pas ?<\/p>\n","protected":false},"excerpt":{"rendered":"<p>Le support \u00e0 cadenas Kryptonite Transit Flexframe permet de transporter facilement votre cadenas en U. Le Flexframe s&#8217;installe \u00e0 de nombreux endroits sur le v\u00e9lo et sur de nombreux cadres. Son dernier avantage, et non des moindres, est qu&#8217;il s&#8217;installe tr\u00e8s facilement et rapidement&#8230; un bon point, n&#8217;est-ce pas ?<\/p>\n","protected":false},"featured_media":182026,"template":"","meta":{"_acf_changed":false},"product_brand":[],"product_cat":[190,204],"product_tag":[2321,2926,2925,3035],"marque-produit":[1200],"collection-produit":[],"type-surface-produit":[],"type-velo-produit":[],"vetement-produit":[],"thematique-produit":[],"position-sur-le-v\u00e9lo":[],"class_list":{"0":"post-182025","1":"product","2":"type-product","3":"status-publish","4":"has-post-thumbnail","6":"product_cat-cadenas","7":"product_cat-cadenas-en-u","8":"product_tag-cadenas","9":"product_tag-flexframe","10":"product_tag-kryptonite","11":"product_tag-support","12":"marque-produit-kryptonite","14":"first","15":"outofstock","16":"taxable","17":"shipping-taxable","18":"purchasable","19":"product-type-simple"},"acf":[],"yoast_head":"<!-- This site is optimized with the Yoast SEO plugin v24.3 - https:\/\/yoast.com\/wordpress\/plugins\/seo\/ -->\n<title>Contrer le vol - Cadenas - Support Kryptonite Transit Flexframe - Dumoulin<\/title>\n<meta name=\"description\" content=\"Le support \u00e0 cadenas Kryptonite transit Flexframe s&#039;installe facilement sur votre v\u00e9lo et permet de transporter votre cadenas Kryptonite.\" \/>\n<meta name=\"robots\" content=\"noindex, follow, max-snippet:-1, max-image-preview:large, max-video-preview:-1\" \/>\n<meta property=\"og:locale\" content=\"en_US\" \/>\n<meta property=\"og:type\" content=\"article\" \/>\n<meta property=\"og:title\" content=\"Contrer le vol - Cadenas - Support Kryptonite Transit Flexframe - Dumoulin\" \/>\n<meta property=\"og:description\" content=\"Le support \u00e0 cadenas Kryptonite transit Flexframe s&#039;installe facilement sur votre v\u00e9lo et permet de transporter votre cadenas Kryptonite.\" \/>\n<meta property=\"og:url\" content=\"https:\/\/dumoulin.absoludev.ca\/en\/produit\/kryptonite-transit-flexframe\/\" \/>\n<meta property=\"og:site_name\" content=\"Dumoulin Bicyclettes\" \/>\n<meta property=\"article:publisher\" content=\"https:\/\/www.facebook.com\/dumoulinbicyclettes\" \/>\n<meta property=\"article:modified_time\" content=\"2025-09-04T18:13:36+00:00\" \/>\n<meta property=\"og:image\" content=\"https:\/\/dumoulin.absoludev.ca\/wp-content\/uploads\/2022\/11\/148e4e86-aff2-43b0-84a7-db005d22650c.png\" \/>\n\t<meta property=\"og:image:width\" content=\"500\" \/>\n\t<meta property=\"og:image:height\" content=\"397\" \/>\n\t<meta property=\"og:image:type\" content=\"image\/png\" \/>\n<meta name=\"twitter:card\" content=\"summary_large_image\" \/>\n<meta name=\"twitter:label1\" content=\"Est. reading time\" \/>\n\t<meta name=\"twitter:data1\" content=\"1 minute\" \/>\n<script type=\"application\/ld+json\" class=\"yoast-schema-graph\">{\"@context\":\"https:\/\/schema.org\",\"@graph\":[{\"@type\":\"WebPage\",\"@id\":\"https:\/\/dumoulin.absoludev.ca\/en\/produit\/kryptonite-transit-flexframe\/\",\"url\":\"https:\/\/dumoulin.absoludev.ca\/en\/produit\/kryptonite-transit-flexframe\/\",\"name\":\"Contrer le vol - Cadenas - Support Kryptonite Transit Flexframe - Dumoulin\",\"isPartOf\":{\"@id\":\"https:\/\/dumoulin.absoludev.ca\/#website\"},\"primaryImageOfPage\":{\"@id\":\"https:\/\/dumoulin.absoludev.ca\/en\/produit\/kryptonite-transit-flexframe\/#primaryimage\"},\"image\":{\"@id\":\"https:\/\/dumoulin.absoludev.ca\/en\/produit\/kryptonite-transit-flexframe\/#primaryimage\"},\"thumbnailUrl\":\"https:\/\/dumoulin.absoludev.ca\/wp-content\/uploads\/2022\/11\/148e4e86-aff2-43b0-84a7-db005d22650c.png\",\"datePublished\":\"2022-11-17T22:03:28+00:00\",\"dateModified\":\"2025-09-04T18:13:36+00:00\",\"description\":\"Le support \u00e0 cadenas Kryptonite transit Flexframe s'installe facilement sur votre v\u00e9lo et permet de transporter votre cadenas Kryptonite.\",\"breadcrumb\":{\"@id\":\"https:\/\/dumoulin.absoludev.ca\/en\/produit\/kryptonite-transit-flexframe\/#breadcrumb\"},\"inLanguage\":\"en-US\",\"potentialAction\":[{\"@type\":\"ReadAction\",\"target\":[\"https:\/\/dumoulin.absoludev.ca\/en\/produit\/kryptonite-transit-flexframe\/\"]}]},{\"@type\":\"ImageObject\",\"inLanguage\":\"en-US\",\"@id\":\"https:\/\/dumoulin.absoludev.ca\/en\/produit\/kryptonite-transit-flexframe\/#primaryimage\",\"url\":\"https:\/\/dumoulin.absoludev.ca\/wp-content\/uploads\/2022\/11\/148e4e86-aff2-43b0-84a7-db005d22650c.png\",\"contentUrl\":\"https:\/\/dumoulin.absoludev.ca\/wp-content\/uploads\/2022\/11\/148e4e86-aff2-43b0-84a7-db005d22650c.png\",\"width\":500,\"height\":397,\"caption\":\"support-a-cadenas-kryptonite-transit-flex-frame-contrer-le-vol-de-v\u00e9lo\"},{\"@type\":\"BreadcrumbList\",\"@id\":\"https:\/\/dumoulin.absoludev.ca\/en\/produit\/kryptonite-transit-flexframe\/#breadcrumb\",\"itemListElement\":[{\"@type\":\"ListItem\",\"position\":1,\"name\":\"Home\",\"item\":\"https:\/\/dumoulin.absoludev.ca\/en\/\"},{\"@type\":\"ListItem\",\"position\":2,\"name\":\"Shop\",\"item\":\"https:\/\/dumoulin.absoludev.ca\/en\/shop\/\"},{\"@type\":\"ListItem\",\"position\":3,\"name\":\"Support de cadenas Kryptonite Transit Flexframe\"}]},{\"@type\":\"WebSite\",\"@id\":\"https:\/\/dumoulin.absoludev.ca\/#website\",\"url\":\"https:\/\/dumoulin.absoludev.ca\/\",\"name\":\"Dumoulin Bicyclettes\",\"description\":\"\",\"publisher\":{\"@id\":\"https:\/\/dumoulin.absoludev.ca\/#organization\"},\"potentialAction\":[{\"@type\":\"SearchAction\",\"target\":{\"@type\":\"EntryPoint\",\"urlTemplate\":\"https:\/\/dumoulin.absoludev.ca\/?s={search_term_string}\"},\"query-input\":{\"@type\":\"PropertyValueSpecification\",\"valueRequired\":true,\"valueName\":\"search_term_string\"}}],\"inLanguage\":\"en-US\"},{\"@type\":\"Organization\",\"@id\":\"https:\/\/dumoulin.absoludev.ca\/#organization\",\"name\":\"Dumoulin Bicyclettes\",\"url\":\"https:\/\/dumoulin.absoludev.ca\/\",\"logo\":{\"@type\":\"ImageObject\",\"inLanguage\":\"en-US\",\"@id\":\"https:\/\/dumoulin.absoludev.ca\/#\/schema\/logo\/image\/\",\"url\":\"https:\/\/www.dumoulinbicyclettes.com\/wp-content\/uploads\/2021\/04\/Logo.svg\",\"contentUrl\":\"https:\/\/www.dumoulinbicyclettes.com\/wp-content\/uploads\/2021\/04\/Logo.svg\",\"width\":254,\"height\":86,\"caption\":\"Dumoulin Bicyclettes\"},\"image\":{\"@id\":\"https:\/\/dumoulin.absoludev.ca\/#\/schema\/logo\/image\/\"},\"sameAs\":[\"https:\/\/www.facebook.com\/dumoulinbicyclettes\",\"https:\/\/www.instagram.com\/dumoulin.ca\/\",\"https:\/\/www.youtube.com\/user\/dumoulinbicyclettes\"]}]}<\/script>\n<!-- \/ Yoast SEO plugin. -->","yoast_head_json":{"title":"Contrer le vol - Cadenas - Support Kryptonite Transit Flexframe - Dumoulin","description":"Le support \u00e0 cadenas Kryptonite transit Flexframe s'installe facilement sur votre v\u00e9lo et permet de transporter votre cadenas Kryptonite.","robots":{"index":"noindex","follow":"follow","max-snippet":"max-snippet:-1","max-image-preview":"max-image-preview:large","max-video-preview":"max-video-preview:-1"},"og_locale":"en_US","og_type":"article","og_title":"Contrer le vol - Cadenas - Support Kryptonite Transit Flexframe - Dumoulin","og_description":"Le support \u00e0 cadenas Kryptonite transit Flexframe s'installe facilement sur votre v\u00e9lo et permet de transporter votre cadenas Kryptonite.","og_url":"https:\/\/dumoulin.absoludev.ca\/en\/produit\/kryptonite-transit-flexframe\/","og_site_name":"Dumoulin Bicyclettes","article_publisher":"https:\/\/www.facebook.com\/dumoulinbicyclettes","article_modified_time":"2025-09-04T18:13:36+00:00","og_image":[{"width":500,"height":397,"url":"https:\/\/dumoulin.absoludev.ca\/wp-content\/uploads\/2022\/11\/148e4e86-aff2-43b0-84a7-db005d22650c.png","type":"image\/png"}],"twitter_card":"summary_large_image","twitter_misc":{"Est. reading time":"1 minute"},"schema":{"@context":"https:\/\/schema.org","@graph":[{"@type":"WebPage","@id":"https:\/\/dumoulin.absoludev.ca\/en\/produit\/kryptonite-transit-flexframe\/","url":"https:\/\/dumoulin.absoludev.ca\/en\/produit\/kryptonite-transit-flexframe\/","name":"Contrer le vol - Cadenas - Support Kryptonite Transit Flexframe - Dumoulin","isPartOf":{"@id":"https:\/\/dumoulin.absoludev.ca\/#website"},"primaryImageOfPage":{"@id":"https:\/\/dumoulin.absoludev.ca\/en\/produit\/kryptonite-transit-flexframe\/#primaryimage"},"image":{"@id":"https:\/\/dumoulin.absoludev.ca\/en\/produit\/kryptonite-transit-flexframe\/#primaryimage"},"thumbnailUrl":"https:\/\/dumoulin.absoludev.ca\/wp-content\/uploads\/2022\/11\/148e4e86-aff2-43b0-84a7-db005d22650c.png","datePublished":"2022-11-17T22:03:28+00:00","dateModified":"2025-09-04T18:13:36+00:00","description":"Le support \u00e0 cadenas Kryptonite transit Flexframe s'installe facilement sur votre v\u00e9lo et permet de transporter votre cadenas Kryptonite.","breadcrumb":{"@id":"https:\/\/dumoulin.absoludev.ca\/en\/produit\/kryptonite-transit-flexframe\/#breadcrumb"},"inLanguage":"en-US","potentialAction":[{"@type":"ReadAction","target":["https:\/\/dumoulin.absoludev.ca\/en\/produit\/kryptonite-transit-flexframe\/"]}]},{"@type":"ImageObject","inLanguage":"en-US","@id":"https:\/\/dumoulin.absoludev.ca\/en\/produit\/kryptonite-transit-flexframe\/#primaryimage","url":"https:\/\/dumoulin.absoludev.ca\/wp-content\/uploads\/2022\/11\/148e4e86-aff2-43b0-84a7-db005d22650c.png","contentUrl":"https:\/\/dumoulin.absoludev.ca\/wp-content\/uploads\/2022\/11\/148e4e86-aff2-43b0-84a7-db005d22650c.png","width":500,"height":397,"caption":"support-a-cadenas-kryptonite-transit-flex-frame-contrer-le-vol-de-v\u00e9lo"},{"@type":"BreadcrumbList","@id":"https:\/\/dumoulin.absoludev.ca\/en\/produit\/kryptonite-transit-flexframe\/#breadcrumb","itemListElement":[{"@type":"ListItem","position":1,"name":"Home","item":"https:\/\/dumoulin.absoludev.ca\/en\/"},{"@type":"ListItem","position":2,"name":"Shop","item":"https:\/\/dumoulin.absoludev.ca\/en\/shop\/"},{"@type":"ListItem","position":3,"name":"Support de cadenas Kryptonite Transit Flexframe"}]},{"@type":"WebSite","@id":"https:\/\/dumoulin.absoludev.ca\/#website","url":"https:\/\/dumoulin.absoludev.ca\/","name":"Dumoulin Bicyclettes","description":"","publisher":{"@id":"https:\/\/dumoulin.absoludev.ca\/#organization"},"potentialAction":[{"@type":"SearchAction","target":{"@type":"EntryPoint","urlTemplate":"https:\/\/dumoulin.absoludev.ca\/?s={search_term_string}"},"query-input":{"@type":"PropertyValueSpecification","valueRequired":true,"valueName":"search_term_string"}}],"inLanguage":"en-US"},{"@type":"Organization","@id":"https:\/\/dumoulin.absoludev.ca\/#organization","name":"Dumoulin Bicyclettes","url":"https:\/\/dumoulin.absoludev.ca\/","logo":{"@type":"ImageObject","inLanguage":"en-US","@id":"https:\/\/dumoulin.absoludev.ca\/#\/schema\/logo\/image\/","url":"https:\/\/www.dumoulinbicyclettes.com\/wp-content\/uploads\/2021\/04\/Logo.svg","contentUrl":"https:\/\/www.dumoulinbicyclettes.com\/wp-content\/uploads\/2021\/04\/Logo.svg","width":254,"height":86,"caption":"Dumoulin Bicyclettes"},"image":{"@id":"https:\/\/dumoulin.absoludev.ca\/#\/schema\/logo\/image\/"},"sameAs":["https:\/\/www.facebook.com\/dumoulinbicyclettes","https:\/\/www.instagram.com\/dumoulin.ca\/","https:\/\/www.youtube.com\/user\/dumoulinbicyclettes"]}]}},"_links":{"self":[{"href":"https:\/\/dumoulin.absoludev.ca\/en\/wp-json\/wp\/v2\/product\/182025","targetHints":{"allow":["GET"]}}],"collection":[{"href":"https:\/\/dumoulin.absoludev.ca\/en\/wp-json\/wp\/v2\/product"}],"about":[{"href":"https:\/\/dumoulin.absoludev.ca\/en\/wp-json\/wp\/v2\/types\/product"}],"wp:featuredmedia":[{"embeddable":true,"href":"https:\/\/dumoulin.absoludev.ca\/en\/wp-json\/wp\/v2\/media\/182026"}],"wp:attachment":[{"href":"https:\/\/dumoulin.absoludev.ca\/en\/wp-json\/wp\/v2\/media?parent=182025"}],"wp:term":[{"taxonomy":"product_brand","embeddable":true,"href":"https:\/\/dumoulin.absoludev.ca\/en\/wp-json\/wp\/v2\/product_brand?post=182025"},{"taxonomy":"product_cat","embeddable":true,"href":"https:\/\/dumoulin.absoludev.ca\/en\/wp-json\/wp\/v2\/product_cat?post=182025"},{"taxonomy":"product_tag","embeddable":true,"href":"https:\/\/dumoulin.absoludev.ca\/en\/wp-json\/wp\/v2\/product_tag?post=182025"},{"taxonomy":"marque-produit","embeddable":true,"href":"https:\/\/dumoulin.absoludev.ca\/en\/wp-json\/wp\/v2\/marque-produit?post=182025"},{"taxonomy":"collection-produit","embeddable":true,"href":"https:\/\/dumoulin.absoludev.ca\/en\/wp-json\/wp\/v2\/collection-produit?post=182025"},{"taxonomy":"type-surface-produit","embeddable":true,"href":"https:\/\/dumoulin.absoludev.ca\/en\/wp-json\/wp\/v2\/type-surface-produit?post=182025"},{"taxonomy":"type-velo-produit","embeddable":true,"href":"https:\/\/dumoulin.absoludev.ca\/en\/wp-json\/wp\/v2\/type-velo-produit?post=182025"},{"taxonomy":"vetement-produit","embeddable":true,"href":"https:\/\/dumoulin.absoludev.ca\/en\/wp-json\/wp\/v2\/vetement-produit?post=182025"},{"taxonomy":"thematique-produit","embeddable":true,"href":"https:\/\/dumoulin.absoludev.ca\/en\/wp-json\/wp\/v2\/thematique-produit?post=182025"},{"taxonomy":"position-sur-le-v\u00e9lo","embeddable":true,"href":"https:\/\/dumoulin.absoludev.ca\/en\/wp-json\/wp\/v2\/position-sur-le-v\u00e9lo?post=182025"}],"curies":[{"name":"wp","href":"https:\/\/api.w.org\/{rel}","templated":true}]}}