{"id":182003,"date":"2022-11-17T17:02:29","date_gmt":"2022-11-17T22:02:29","guid":{"rendered":"http:\/\/www.dumoulinbicyclettes.com\/?post_type=product&#038;p=182003"},"modified":"2025-09-04T14:18:18","modified_gmt":"2025-09-04T18:18:18","slug":"tuque-en-merinos-double-le-bonnetier","status":"publish","type":"product","link":"https:\/\/dumoulin.absoludev.ca\/en\/produit\/tuque-en-merinos-double-le-bonnetier\/","title":{"rendered":"Tuque en m\u00e9rinos Le Bonnetier"},"content":{"rendered":"<p>Les tuques de laine de m\u00e9rinos Bonnetier sont douces et chaudes, sans vous \u00e9touffer ! C&#8217;est la magie de la laine de m\u00e9rinos qui s&#8217;exprime pour prot\u00e9ger votre cr\u00e2ne sans pour autant vous surchauffer lors d&#8217;activit\u00e9s a\u00e9robiques.<\/p>\n<p>Pour le v\u00e9lo d&#8217;hiver donc, en-dessous de votre casque, c&#8217;est un essentiel !<\/p>\n","protected":false},"excerpt":{"rendered":"<p>Les tuques de laine de m\u00e9rinos Bonnetier sont douces et chaudes, sans vous \u00e9touffer ! C&#8217;est la magie de la laine de m\u00e9rinos qui s&#8217;exprime pour prot\u00e9ger votre cr\u00e2ne sans pour autant vous surchauffer lors d&#8217;activit\u00e9s a\u00e9robiques. Pour le v\u00e9lo d&#8217;hiver donc, en-dessous de votre casque, c&#8217;est un essentiel !<\/p>\n","protected":false},"featured_media":189703,"template":"","meta":{"_acf_changed":false},"product_brand":[],"product_cat":[203],"product_tag":[2949,2950,2909],"marque-produit":[2910,1276],"collection-produit":[2900],"type-surface-produit":[],"type-velo-produit":[],"vetement-produit":[],"thematique-produit":[],"position-sur-le-v\u00e9lo":[],"class_list":{"0":"post-182003","1":"product","2":"type-product","3":"status-publish","4":"has-post-thumbnail","6":"product_cat-tuques-passe-montagne-et-casquettes","7":"product_tag-bonnetier","8":"product_tag-double","9":"product_tag-tuque","10":"marque-produit-bonnetier","11":"marque-produit-le-bonnetier","12":"collection-produit-vetements","14":"first","15":"instock","16":"taxable","17":"shipping-taxable","18":"purchasable","19":"product-type-variable"},"acf":[],"yoast_head":"<!-- This site is optimized with the Yoast SEO plugin v24.3 - https:\/\/yoast.com\/wordpress\/plugins\/seo\/ -->\n<title>Tuque en m\u00e9rinos Le Bonnetier - Dumoulin Bicyclettes<\/title>\n<meta name=\"description\" content=\"La tuque de laine de m\u00e9rinos Bonnetier double est chaude et douce. Fabriqu\u00e9e au Qu\u00e9bec, c&#039;est un article essentiel pour le v\u00e9lo d&#039;hiver !\" \/>\n<meta name=\"robots\" content=\"noindex, follow, max-snippet:-1, max-image-preview:large, max-video-preview:-1\" \/>\n<meta property=\"og:locale\" content=\"en_US\" \/>\n<meta property=\"og:type\" content=\"article\" \/>\n<meta property=\"og:title\" content=\"Tuque en m\u00e9rinos Le Bonnetier - Dumoulin Bicyclettes\" \/>\n<meta property=\"og:description\" content=\"La tuque de laine de m\u00e9rinos Bonnetier double est chaude et douce. Fabriqu\u00e9e au Qu\u00e9bec, c&#039;est un article essentiel pour le v\u00e9lo d&#039;hiver !\" \/>\n<meta property=\"og:url\" content=\"https:\/\/dumoulin.absoludev.ca\/produit\/tuque-en-merinos-double-le-bonnetier\/\" \/>\n<meta property=\"og:site_name\" content=\"Dumoulin Bicyclettes\" \/>\n<meta property=\"article:publisher\" content=\"https:\/\/www.facebook.com\/dumoulinbicyclettes\" \/>\n<meta property=\"article:modified_time\" content=\"2025-09-04T18:18:18+00:00\" \/>\n<meta property=\"og:image\" content=\"https:\/\/dumoulin.absoludev.ca\/wp-content\/uploads\/2022\/11\/beanie-double-le-bonnetier-gris-merinos-1.jpeg\" \/>\n\t<meta property=\"og:image:width\" content=\"900\" \/>\n\t<meta property=\"og:image:height\" content=\"1485\" \/>\n\t<meta property=\"og:image:type\" content=\"image\/jpeg\" \/>\n<meta name=\"twitter:card\" content=\"summary_large_image\" \/>\n<script type=\"application\/ld+json\" class=\"yoast-schema-graph\">{\"@context\":\"https:\/\/schema.org\",\"@graph\":[{\"@type\":\"WebPage\",\"@id\":\"https:\/\/dumoulin.absoludev.ca\/produit\/tuque-en-merinos-double-le-bonnetier\/\",\"url\":\"https:\/\/dumoulin.absoludev.ca\/produit\/tuque-en-merinos-double-le-bonnetier\/\",\"name\":\"Tuque en m\u00e9rinos Le Bonnetier - Dumoulin Bicyclettes\",\"isPartOf\":{\"@id\":\"https:\/\/dumoulin.absoludev.ca\/#website\"},\"primaryImageOfPage\":{\"@id\":\"https:\/\/dumoulin.absoludev.ca\/produit\/tuque-en-merinos-double-le-bonnetier\/#primaryimage\"},\"image\":{\"@id\":\"https:\/\/dumoulin.absoludev.ca\/produit\/tuque-en-merinos-double-le-bonnetier\/#primaryimage\"},\"thumbnailUrl\":\"https:\/\/dumoulin.absoludev.ca\/wp-content\/uploads\/2022\/11\/beanie-double-le-bonnetier-gris-merinos-1.jpeg\",\"datePublished\":\"2022-11-17T22:02:29+00:00\",\"dateModified\":\"2025-09-04T18:18:18+00:00\",\"description\":\"La tuque de laine de m\u00e9rinos Bonnetier double est chaude et douce. Fabriqu\u00e9e au Qu\u00e9bec, c'est un article essentiel pour le v\u00e9lo d'hiver !\",\"breadcrumb\":{\"@id\":\"https:\/\/dumoulin.absoludev.ca\/produit\/tuque-en-merinos-double-le-bonnetier\/#breadcrumb\"},\"inLanguage\":\"en-US\",\"potentialAction\":[{\"@type\":\"ReadAction\",\"target\":[\"https:\/\/dumoulin.absoludev.ca\/produit\/tuque-en-merinos-double-le-bonnetier\/\"]}]},{\"@type\":\"ImageObject\",\"inLanguage\":\"en-US\",\"@id\":\"https:\/\/dumoulin.absoludev.ca\/produit\/tuque-en-merinos-double-le-bonnetier\/#primaryimage\",\"url\":\"https:\/\/dumoulin.absoludev.ca\/wp-content\/uploads\/2022\/11\/beanie-double-le-bonnetier-gris-merinos-1.jpeg\",\"contentUrl\":\"https:\/\/dumoulin.absoludev.ca\/wp-content\/uploads\/2022\/11\/beanie-double-le-bonnetier-gris-merinos-1.jpeg\",\"width\":900,\"height\":1485},{\"@type\":\"BreadcrumbList\",\"@id\":\"https:\/\/dumoulin.absoludev.ca\/produit\/tuque-en-merinos-double-le-bonnetier\/#breadcrumb\",\"itemListElement\":[{\"@type\":\"ListItem\",\"position\":1,\"name\":\"Home\",\"item\":\"https:\/\/dumoulin.absoludev.ca\/en\/\"},{\"@type\":\"ListItem\",\"position\":2,\"name\":\"Shop\",\"item\":\"https:\/\/dumoulin.absoludev.ca\/en\/shop\/\"},{\"@type\":\"ListItem\",\"position\":3,\"name\":\"Tuque en m\u00e9rinos Le Bonnetier\"}]},{\"@type\":\"WebSite\",\"@id\":\"https:\/\/dumoulin.absoludev.ca\/#website\",\"url\":\"https:\/\/dumoulin.absoludev.ca\/\",\"name\":\"Dumoulin Bicyclettes\",\"description\":\"\",\"publisher\":{\"@id\":\"https:\/\/dumoulin.absoludev.ca\/#organization\"},\"potentialAction\":[{\"@type\":\"SearchAction\",\"target\":{\"@type\":\"EntryPoint\",\"urlTemplate\":\"https:\/\/dumoulin.absoludev.ca\/?s={search_term_string}\"},\"query-input\":{\"@type\":\"PropertyValueSpecification\",\"valueRequired\":true,\"valueName\":\"search_term_string\"}}],\"inLanguage\":\"en-US\"},{\"@type\":\"Organization\",\"@id\":\"https:\/\/dumoulin.absoludev.ca\/#organization\",\"name\":\"Dumoulin Bicyclettes\",\"url\":\"https:\/\/dumoulin.absoludev.ca\/\",\"logo\":{\"@type\":\"ImageObject\",\"inLanguage\":\"en-US\",\"@id\":\"https:\/\/dumoulin.absoludev.ca\/#\/schema\/logo\/image\/\",\"url\":\"https:\/\/www.dumoulinbicyclettes.com\/wp-content\/uploads\/2021\/04\/Logo.svg\",\"contentUrl\":\"https:\/\/www.dumoulinbicyclettes.com\/wp-content\/uploads\/2021\/04\/Logo.svg\",\"width\":254,\"height\":86,\"caption\":\"Dumoulin Bicyclettes\"},\"image\":{\"@id\":\"https:\/\/dumoulin.absoludev.ca\/#\/schema\/logo\/image\/\"},\"sameAs\":[\"https:\/\/www.facebook.com\/dumoulinbicyclettes\",\"https:\/\/www.instagram.com\/dumoulin.ca\/\",\"https:\/\/www.youtube.com\/user\/dumoulinbicyclettes\"]}]}<\/script>\n<!-- \/ Yoast SEO plugin. -->","yoast_head_json":{"title":"Tuque en m\u00e9rinos Le Bonnetier - Dumoulin Bicyclettes","description":"La tuque de laine de m\u00e9rinos Bonnetier double est chaude et douce. Fabriqu\u00e9e au Qu\u00e9bec, c'est un article essentiel pour le v\u00e9lo d'hiver !","robots":{"index":"noindex","follow":"follow","max-snippet":"max-snippet:-1","max-image-preview":"max-image-preview:large","max-video-preview":"max-video-preview:-1"},"og_locale":"en_US","og_type":"article","og_title":"Tuque en m\u00e9rinos Le Bonnetier - Dumoulin Bicyclettes","og_description":"La tuque de laine de m\u00e9rinos Bonnetier double est chaude et douce. Fabriqu\u00e9e au Qu\u00e9bec, c'est un article essentiel pour le v\u00e9lo d'hiver !","og_url":"https:\/\/dumoulin.absoludev.ca\/produit\/tuque-en-merinos-double-le-bonnetier\/","og_site_name":"Dumoulin Bicyclettes","article_publisher":"https:\/\/www.facebook.com\/dumoulinbicyclettes","article_modified_time":"2025-09-04T18:18:18+00:00","og_image":[{"width":900,"height":1485,"url":"https:\/\/dumoulin.absoludev.ca\/wp-content\/uploads\/2022\/11\/beanie-double-le-bonnetier-gris-merinos-1.jpeg","type":"image\/jpeg"}],"twitter_card":"summary_large_image","schema":{"@context":"https:\/\/schema.org","@graph":[{"@type":"WebPage","@id":"https:\/\/dumoulin.absoludev.ca\/produit\/tuque-en-merinos-double-le-bonnetier\/","url":"https:\/\/dumoulin.absoludev.ca\/produit\/tuque-en-merinos-double-le-bonnetier\/","name":"Tuque en m\u00e9rinos Le Bonnetier - Dumoulin Bicyclettes","isPartOf":{"@id":"https:\/\/dumoulin.absoludev.ca\/#website"},"primaryImageOfPage":{"@id":"https:\/\/dumoulin.absoludev.ca\/produit\/tuque-en-merinos-double-le-bonnetier\/#primaryimage"},"image":{"@id":"https:\/\/dumoulin.absoludev.ca\/produit\/tuque-en-merinos-double-le-bonnetier\/#primaryimage"},"thumbnailUrl":"https:\/\/dumoulin.absoludev.ca\/wp-content\/uploads\/2022\/11\/beanie-double-le-bonnetier-gris-merinos-1.jpeg","datePublished":"2022-11-17T22:02:29+00:00","dateModified":"2025-09-04T18:18:18+00:00","description":"La tuque de laine de m\u00e9rinos Bonnetier double est chaude et douce. Fabriqu\u00e9e au Qu\u00e9bec, c'est un article essentiel pour le v\u00e9lo d'hiver !","breadcrumb":{"@id":"https:\/\/dumoulin.absoludev.ca\/produit\/tuque-en-merinos-double-le-bonnetier\/#breadcrumb"},"inLanguage":"en-US","potentialAction":[{"@type":"ReadAction","target":["https:\/\/dumoulin.absoludev.ca\/produit\/tuque-en-merinos-double-le-bonnetier\/"]}]},{"@type":"ImageObject","inLanguage":"en-US","@id":"https:\/\/dumoulin.absoludev.ca\/produit\/tuque-en-merinos-double-le-bonnetier\/#primaryimage","url":"https:\/\/dumoulin.absoludev.ca\/wp-content\/uploads\/2022\/11\/beanie-double-le-bonnetier-gris-merinos-1.jpeg","contentUrl":"https:\/\/dumoulin.absoludev.ca\/wp-content\/uploads\/2022\/11\/beanie-double-le-bonnetier-gris-merinos-1.jpeg","width":900,"height":1485},{"@type":"BreadcrumbList","@id":"https:\/\/dumoulin.absoludev.ca\/produit\/tuque-en-merinos-double-le-bonnetier\/#breadcrumb","itemListElement":[{"@type":"ListItem","position":1,"name":"Home","item":"https:\/\/dumoulin.absoludev.ca\/en\/"},{"@type":"ListItem","position":2,"name":"Shop","item":"https:\/\/dumoulin.absoludev.ca\/en\/shop\/"},{"@type":"ListItem","position":3,"name":"Tuque en m\u00e9rinos Le Bonnetier"}]},{"@type":"WebSite","@id":"https:\/\/dumoulin.absoludev.ca\/#website","url":"https:\/\/dumoulin.absoludev.ca\/","name":"Dumoulin Bicyclettes","description":"","publisher":{"@id":"https:\/\/dumoulin.absoludev.ca\/#organization"},"potentialAction":[{"@type":"SearchAction","target":{"@type":"EntryPoint","urlTemplate":"https:\/\/dumoulin.absoludev.ca\/?s={search_term_string}"},"query-input":{"@type":"PropertyValueSpecification","valueRequired":true,"valueName":"search_term_string"}}],"inLanguage":"en-US"},{"@type":"Organization","@id":"https:\/\/dumoulin.absoludev.ca\/#organization","name":"Dumoulin Bicyclettes","url":"https:\/\/dumoulin.absoludev.ca\/","logo":{"@type":"ImageObject","inLanguage":"en-US","@id":"https:\/\/dumoulin.absoludev.ca\/#\/schema\/logo\/image\/","url":"https:\/\/www.dumoulinbicyclettes.com\/wp-content\/uploads\/2021\/04\/Logo.svg","contentUrl":"https:\/\/www.dumoulinbicyclettes.com\/wp-content\/uploads\/2021\/04\/Logo.svg","width":254,"height":86,"caption":"Dumoulin Bicyclettes"},"image":{"@id":"https:\/\/dumoulin.absoludev.ca\/#\/schema\/logo\/image\/"},"sameAs":["https:\/\/www.facebook.com\/dumoulinbicyclettes","https:\/\/www.instagram.com\/dumoulin.ca\/","https:\/\/www.youtube.com\/user\/dumoulinbicyclettes"]}]}},"_links":{"self":[{"href":"https:\/\/dumoulin.absoludev.ca\/en\/wp-json\/wp\/v2\/product\/182003","targetHints":{"allow":["GET"]}}],"collection":[{"href":"https:\/\/dumoulin.absoludev.ca\/en\/wp-json\/wp\/v2\/product"}],"about":[{"href":"https:\/\/dumoulin.absoludev.ca\/en\/wp-json\/wp\/v2\/types\/product"}],"wp:featuredmedia":[{"embeddable":true,"href":"https:\/\/dumoulin.absoludev.ca\/en\/wp-json\/wp\/v2\/media\/189703"}],"wp:attachment":[{"href":"https:\/\/dumoulin.absoludev.ca\/en\/wp-json\/wp\/v2\/media?parent=182003"}],"wp:term":[{"taxonomy":"product_brand","embeddable":true,"href":"https:\/\/dumoulin.absoludev.ca\/en\/wp-json\/wp\/v2\/product_brand?post=182003"},{"taxonomy":"product_cat","embeddable":true,"href":"https:\/\/dumoulin.absoludev.ca\/en\/wp-json\/wp\/v2\/product_cat?post=182003"},{"taxonomy":"product_tag","embeddable":true,"href":"https:\/\/dumoulin.absoludev.ca\/en\/wp-json\/wp\/v2\/product_tag?post=182003"},{"taxonomy":"marque-produit","embeddable":true,"href":"https:\/\/dumoulin.absoludev.ca\/en\/wp-json\/wp\/v2\/marque-produit?post=182003"},{"taxonomy":"collection-produit","embeddable":true,"href":"https:\/\/dumoulin.absoludev.ca\/en\/wp-json\/wp\/v2\/collection-produit?post=182003"},{"taxonomy":"type-surface-produit","embeddable":true,"href":"https:\/\/dumoulin.absoludev.ca\/en\/wp-json\/wp\/v2\/type-surface-produit?post=182003"},{"taxonomy":"type-velo-produit","embeddable":true,"href":"https:\/\/dumoulin.absoludev.ca\/en\/wp-json\/wp\/v2\/type-velo-produit?post=182003"},{"taxonomy":"vetement-produit","embeddable":true,"href":"https:\/\/dumoulin.absoludev.ca\/en\/wp-json\/wp\/v2\/vetement-produit?post=182003"},{"taxonomy":"thematique-produit","embeddable":true,"href":"https:\/\/dumoulin.absoludev.ca\/en\/wp-json\/wp\/v2\/thematique-produit?post=182003"},{"taxonomy":"position-sur-le-v\u00e9lo","embeddable":true,"href":"https:\/\/dumoulin.absoludev.ca\/en\/wp-json\/wp\/v2\/position-sur-le-v\u00e9lo?post=182003"}],"curies":[{"name":"wp","href":"https:\/\/api.w.org\/{rel}","templated":true}]}}