{"id":179846,"date":"2022-11-12T22:03:09","date_gmt":"2022-11-13T03:03:09","guid":{"rendered":"http:\/\/www.dumoulinbicyclettes.com\/?post_type=product&#038;p=179846"},"modified":"2025-09-04T14:14:59","modified_gmt":"2025-09-04T18:14:59","slug":"degivreur-de-serrures-avec-lubrifiant-prolab-d-ice-lub50-g","status":"publish","type":"product","link":"https:\/\/dumoulin.absoludev.ca\/en\/produit\/degivreur-de-serrures-avec-lubrifiant-prolab-d-ice-lub50-g\/","title":{"rendered":"D\u00e9givreur de serrures \u00abProlab D-Ice Lub\u00bb"},"content":{"rendered":"<p>Le d\u00e9givreur \u00e0 serrure de Prolab \u00abD-Ice Lub\u00bb est l&#8217;outil qui vous pr\u00e9pare avec s\u00e9r\u00e9nit\u00e9 aux surprises du v\u00e9lo d&#8217;hiver. Lorsque votre cadenas a pass\u00e9 une mauvaise nuit et qu&#8217;il faut lui donner un peu de m\u00e9dication, optez pour ce d\u00e9givreur \u00e0 serrure et lubrifiant. \u00c7a marche !<\/p>\n<p>Nous vous recommandons de lubrifier avec de l&#8217;<a href=\"https:\/\/www.dumoulinbicyclettes.com\/produit\/lubrifiant-a-chaine-finish-line-wet-vert-120-ml\/\">huile<\/a> \u00abgrasse\u00bb votre serrure apr\u00e8s l&#8217;utilisation du D-Ice Lub. Par ailleurs, si votre cadenas a \u00e9t\u00e9 \u00abgel\u00e9\u00bb, vous seriez bien avis\u00e9 de le rentrer \u00e0 l&#8217;int\u00e9rieur, de le s\u00e9cher, et de le lubrifier.<\/p>\n","protected":false},"excerpt":{"rendered":"<p>Le d\u00e9givreur \u00e0 serrure de Prolab \u00abD-Ice Lub\u00bb est l&#8217;outil qui vous pr\u00e9pare avec s\u00e9r\u00e9nit\u00e9 aux surprises du v\u00e9lo d&#8217;hiver. Lorsque votre cadenas a pass\u00e9 une mauvaise nuit et qu&#8217;il faut lui donner un peu de m\u00e9dication, optez pour ce d\u00e9givreur \u00e0 serrure et lubrifiant. \u00c7a marche ! Nous vous recommandons de lubrifier avec de [&hellip;]<\/p>\n","protected":false},"featured_media":180387,"template":"","meta":{"_acf_changed":false},"product_brand":[],"product_cat":[237],"product_tag":[2321,2914,2915,2913],"marque-produit":[2912],"collection-produit":[2903],"type-surface-produit":[],"type-velo-produit":[],"vetement-produit":[],"thematique-produit":[],"position-sur-le-v\u00e9lo":[],"class_list":{"0":"post-179846","1":"product","2":"type-product","3":"status-publish","4":"has-post-thumbnail","6":"product_cat-lubrifiants-et-nettoyants","7":"product_tag-cadenas","8":"product_tag-d-ice-lub","9":"product_tag-degivreur","10":"product_tag-prolab","11":"marque-produit-prolab","12":"collection-produit-outils-et-entretien","14":"first","15":"instock","16":"taxable","17":"shipping-taxable","18":"purchasable","19":"product-type-simple"},"acf":[],"yoast_head":"<!-- This site is optimized with the Yoast SEO plugin v24.3 - https:\/\/yoast.com\/wordpress\/plugins\/seo\/ -->\n<title>D\u00e9givreur de serrures \u00abProlab D-Ice Lub\u00bb - Dumoulin Bicyclettes<\/title>\n<meta name=\"description\" content=\"Soyez pr\u00eats pour le v\u00e9lo d&#039;hiver. Avec le d\u00e9givreur \u00e0 serrure de Prolab \u00abDi-Ice Lub\u00bb, vous aiderez votre cadenas en cas de \u00abgrippe\u00bb !\" \/>\n<meta name=\"robots\" content=\"noindex, follow, max-snippet:-1, max-image-preview:large, max-video-preview:-1\" \/>\n<meta property=\"og:locale\" content=\"en_US\" \/>\n<meta property=\"og:type\" content=\"article\" \/>\n<meta property=\"og:title\" content=\"D\u00e9givreur de serrures \u00abProlab D-Ice Lub\u00bb - Dumoulin Bicyclettes\" \/>\n<meta property=\"og:description\" content=\"Soyez pr\u00eats pour le v\u00e9lo d&#039;hiver. Avec le d\u00e9givreur \u00e0 serrure de Prolab \u00abDi-Ice Lub\u00bb, vous aiderez votre cadenas en cas de \u00abgrippe\u00bb !\" \/>\n<meta property=\"og:url\" content=\"https:\/\/dumoulin.absoludev.ca\/produit\/degivreur-de-serrures-avec-lubrifiant-prolab-d-ice-lub50-g\/\" \/>\n<meta property=\"og:site_name\" content=\"Dumoulin Bicyclettes\" \/>\n<meta property=\"article:publisher\" content=\"https:\/\/www.facebook.com\/dumoulinbicyclettes\" \/>\n<meta property=\"article:modified_time\" content=\"2025-09-04T18:14:59+00:00\" \/>\n<meta property=\"og:image\" content=\"https:\/\/dumoulin.absoludev.ca\/wp-content\/uploads\/2022\/11\/sans-titre1.jpg\" \/>\n\t<meta property=\"og:image:width\" content=\"400\" \/>\n\t<meta property=\"og:image:height\" content=\"400\" \/>\n\t<meta property=\"og:image:type\" content=\"image\/jpeg\" \/>\n<meta name=\"twitter:card\" content=\"summary_large_image\" \/>\n<script type=\"application\/ld+json\" class=\"yoast-schema-graph\">{\"@context\":\"https:\/\/schema.org\",\"@graph\":[{\"@type\":\"WebPage\",\"@id\":\"https:\/\/dumoulin.absoludev.ca\/produit\/degivreur-de-serrures-avec-lubrifiant-prolab-d-ice-lub50-g\/\",\"url\":\"https:\/\/dumoulin.absoludev.ca\/produit\/degivreur-de-serrures-avec-lubrifiant-prolab-d-ice-lub50-g\/\",\"name\":\"D\u00e9givreur de serrures \u00abProlab D-Ice Lub\u00bb - Dumoulin Bicyclettes\",\"isPartOf\":{\"@id\":\"https:\/\/dumoulin.absoludev.ca\/#website\"},\"primaryImageOfPage\":{\"@id\":\"https:\/\/dumoulin.absoludev.ca\/produit\/degivreur-de-serrures-avec-lubrifiant-prolab-d-ice-lub50-g\/#primaryimage\"},\"image\":{\"@id\":\"https:\/\/dumoulin.absoludev.ca\/produit\/degivreur-de-serrures-avec-lubrifiant-prolab-d-ice-lub50-g\/#primaryimage\"},\"thumbnailUrl\":\"https:\/\/dumoulin.absoludev.ca\/wp-content\/uploads\/2022\/11\/sans-titre1.jpg\",\"datePublished\":\"2022-11-13T03:03:09+00:00\",\"dateModified\":\"2025-09-04T18:14:59+00:00\",\"description\":\"Soyez pr\u00eats pour le v\u00e9lo d'hiver. Avec le d\u00e9givreur \u00e0 serrure de Prolab \u00abDi-Ice Lub\u00bb, vous aiderez votre cadenas en cas de \u00abgrippe\u00bb !\",\"breadcrumb\":{\"@id\":\"https:\/\/dumoulin.absoludev.ca\/produit\/degivreur-de-serrures-avec-lubrifiant-prolab-d-ice-lub50-g\/#breadcrumb\"},\"inLanguage\":\"en-US\",\"potentialAction\":[{\"@type\":\"ReadAction\",\"target\":[\"https:\/\/dumoulin.absoludev.ca\/produit\/degivreur-de-serrures-avec-lubrifiant-prolab-d-ice-lub50-g\/\"]}]},{\"@type\":\"ImageObject\",\"inLanguage\":\"en-US\",\"@id\":\"https:\/\/dumoulin.absoludev.ca\/produit\/degivreur-de-serrures-avec-lubrifiant-prolab-d-ice-lub50-g\/#primaryimage\",\"url\":\"https:\/\/dumoulin.absoludev.ca\/wp-content\/uploads\/2022\/11\/sans-titre1.jpg\",\"contentUrl\":\"https:\/\/dumoulin.absoludev.ca\/wp-content\/uploads\/2022\/11\/sans-titre1.jpg\",\"width\":400,\"height\":400,\"caption\":\"Prolab_d_ice-Lube-degivreur-a-serrure-astuce-velo-d-hiver\"},{\"@type\":\"BreadcrumbList\",\"@id\":\"https:\/\/dumoulin.absoludev.ca\/produit\/degivreur-de-serrures-avec-lubrifiant-prolab-d-ice-lub50-g\/#breadcrumb\",\"itemListElement\":[{\"@type\":\"ListItem\",\"position\":1,\"name\":\"Home\",\"item\":\"https:\/\/dumoulin.absoludev.ca\/en\/\"},{\"@type\":\"ListItem\",\"position\":2,\"name\":\"Shop\",\"item\":\"https:\/\/dumoulin.absoludev.ca\/en\/shop\/\"},{\"@type\":\"ListItem\",\"position\":3,\"name\":\"D\u00e9givreur de serrures \u00abProlab D-Ice Lub\u00bb\"}]},{\"@type\":\"WebSite\",\"@id\":\"https:\/\/dumoulin.absoludev.ca\/#website\",\"url\":\"https:\/\/dumoulin.absoludev.ca\/\",\"name\":\"Dumoulin Bicyclettes\",\"description\":\"\",\"publisher\":{\"@id\":\"https:\/\/dumoulin.absoludev.ca\/#organization\"},\"potentialAction\":[{\"@type\":\"SearchAction\",\"target\":{\"@type\":\"EntryPoint\",\"urlTemplate\":\"https:\/\/dumoulin.absoludev.ca\/?s={search_term_string}\"},\"query-input\":{\"@type\":\"PropertyValueSpecification\",\"valueRequired\":true,\"valueName\":\"search_term_string\"}}],\"inLanguage\":\"en-US\"},{\"@type\":\"Organization\",\"@id\":\"https:\/\/dumoulin.absoludev.ca\/#organization\",\"name\":\"Dumoulin Bicyclettes\",\"url\":\"https:\/\/dumoulin.absoludev.ca\/\",\"logo\":{\"@type\":\"ImageObject\",\"inLanguage\":\"en-US\",\"@id\":\"https:\/\/dumoulin.absoludev.ca\/#\/schema\/logo\/image\/\",\"url\":\"https:\/\/www.dumoulinbicyclettes.com\/wp-content\/uploads\/2021\/04\/Logo.svg\",\"contentUrl\":\"https:\/\/www.dumoulinbicyclettes.com\/wp-content\/uploads\/2021\/04\/Logo.svg\",\"width\":254,\"height\":86,\"caption\":\"Dumoulin Bicyclettes\"},\"image\":{\"@id\":\"https:\/\/dumoulin.absoludev.ca\/#\/schema\/logo\/image\/\"},\"sameAs\":[\"https:\/\/www.facebook.com\/dumoulinbicyclettes\",\"https:\/\/www.instagram.com\/dumoulin.ca\/\",\"https:\/\/www.youtube.com\/user\/dumoulinbicyclettes\"]}]}<\/script>\n<!-- \/ Yoast SEO plugin. -->","yoast_head_json":{"title":"D\u00e9givreur de serrures \u00abProlab D-Ice Lub\u00bb - Dumoulin Bicyclettes","description":"Soyez pr\u00eats pour le v\u00e9lo d'hiver. Avec le d\u00e9givreur \u00e0 serrure de Prolab \u00abDi-Ice Lub\u00bb, vous aiderez votre cadenas en cas de \u00abgrippe\u00bb !","robots":{"index":"noindex","follow":"follow","max-snippet":"max-snippet:-1","max-image-preview":"max-image-preview:large","max-video-preview":"max-video-preview:-1"},"og_locale":"en_US","og_type":"article","og_title":"D\u00e9givreur de serrures \u00abProlab D-Ice Lub\u00bb - Dumoulin Bicyclettes","og_description":"Soyez pr\u00eats pour le v\u00e9lo d'hiver. Avec le d\u00e9givreur \u00e0 serrure de Prolab \u00abDi-Ice Lub\u00bb, vous aiderez votre cadenas en cas de \u00abgrippe\u00bb !","og_url":"https:\/\/dumoulin.absoludev.ca\/produit\/degivreur-de-serrures-avec-lubrifiant-prolab-d-ice-lub50-g\/","og_site_name":"Dumoulin Bicyclettes","article_publisher":"https:\/\/www.facebook.com\/dumoulinbicyclettes","article_modified_time":"2025-09-04T18:14:59+00:00","og_image":[{"width":400,"height":400,"url":"https:\/\/dumoulin.absoludev.ca\/wp-content\/uploads\/2022\/11\/sans-titre1.jpg","type":"image\/jpeg"}],"twitter_card":"summary_large_image","schema":{"@context":"https:\/\/schema.org","@graph":[{"@type":"WebPage","@id":"https:\/\/dumoulin.absoludev.ca\/produit\/degivreur-de-serrures-avec-lubrifiant-prolab-d-ice-lub50-g\/","url":"https:\/\/dumoulin.absoludev.ca\/produit\/degivreur-de-serrures-avec-lubrifiant-prolab-d-ice-lub50-g\/","name":"D\u00e9givreur de serrures \u00abProlab D-Ice Lub\u00bb - Dumoulin Bicyclettes","isPartOf":{"@id":"https:\/\/dumoulin.absoludev.ca\/#website"},"primaryImageOfPage":{"@id":"https:\/\/dumoulin.absoludev.ca\/produit\/degivreur-de-serrures-avec-lubrifiant-prolab-d-ice-lub50-g\/#primaryimage"},"image":{"@id":"https:\/\/dumoulin.absoludev.ca\/produit\/degivreur-de-serrures-avec-lubrifiant-prolab-d-ice-lub50-g\/#primaryimage"},"thumbnailUrl":"https:\/\/dumoulin.absoludev.ca\/wp-content\/uploads\/2022\/11\/sans-titre1.jpg","datePublished":"2022-11-13T03:03:09+00:00","dateModified":"2025-09-04T18:14:59+00:00","description":"Soyez pr\u00eats pour le v\u00e9lo d'hiver. Avec le d\u00e9givreur \u00e0 serrure de Prolab \u00abDi-Ice Lub\u00bb, vous aiderez votre cadenas en cas de \u00abgrippe\u00bb !","breadcrumb":{"@id":"https:\/\/dumoulin.absoludev.ca\/produit\/degivreur-de-serrures-avec-lubrifiant-prolab-d-ice-lub50-g\/#breadcrumb"},"inLanguage":"en-US","potentialAction":[{"@type":"ReadAction","target":["https:\/\/dumoulin.absoludev.ca\/produit\/degivreur-de-serrures-avec-lubrifiant-prolab-d-ice-lub50-g\/"]}]},{"@type":"ImageObject","inLanguage":"en-US","@id":"https:\/\/dumoulin.absoludev.ca\/produit\/degivreur-de-serrures-avec-lubrifiant-prolab-d-ice-lub50-g\/#primaryimage","url":"https:\/\/dumoulin.absoludev.ca\/wp-content\/uploads\/2022\/11\/sans-titre1.jpg","contentUrl":"https:\/\/dumoulin.absoludev.ca\/wp-content\/uploads\/2022\/11\/sans-titre1.jpg","width":400,"height":400,"caption":"Prolab_d_ice-Lube-degivreur-a-serrure-astuce-velo-d-hiver"},{"@type":"BreadcrumbList","@id":"https:\/\/dumoulin.absoludev.ca\/produit\/degivreur-de-serrures-avec-lubrifiant-prolab-d-ice-lub50-g\/#breadcrumb","itemListElement":[{"@type":"ListItem","position":1,"name":"Home","item":"https:\/\/dumoulin.absoludev.ca\/en\/"},{"@type":"ListItem","position":2,"name":"Shop","item":"https:\/\/dumoulin.absoludev.ca\/en\/shop\/"},{"@type":"ListItem","position":3,"name":"D\u00e9givreur de serrures \u00abProlab D-Ice Lub\u00bb"}]},{"@type":"WebSite","@id":"https:\/\/dumoulin.absoludev.ca\/#website","url":"https:\/\/dumoulin.absoludev.ca\/","name":"Dumoulin Bicyclettes","description":"","publisher":{"@id":"https:\/\/dumoulin.absoludev.ca\/#organization"},"potentialAction":[{"@type":"SearchAction","target":{"@type":"EntryPoint","urlTemplate":"https:\/\/dumoulin.absoludev.ca\/?s={search_term_string}"},"query-input":{"@type":"PropertyValueSpecification","valueRequired":true,"valueName":"search_term_string"}}],"inLanguage":"en-US"},{"@type":"Organization","@id":"https:\/\/dumoulin.absoludev.ca\/#organization","name":"Dumoulin Bicyclettes","url":"https:\/\/dumoulin.absoludev.ca\/","logo":{"@type":"ImageObject","inLanguage":"en-US","@id":"https:\/\/dumoulin.absoludev.ca\/#\/schema\/logo\/image\/","url":"https:\/\/www.dumoulinbicyclettes.com\/wp-content\/uploads\/2021\/04\/Logo.svg","contentUrl":"https:\/\/www.dumoulinbicyclettes.com\/wp-content\/uploads\/2021\/04\/Logo.svg","width":254,"height":86,"caption":"Dumoulin Bicyclettes"},"image":{"@id":"https:\/\/dumoulin.absoludev.ca\/#\/schema\/logo\/image\/"},"sameAs":["https:\/\/www.facebook.com\/dumoulinbicyclettes","https:\/\/www.instagram.com\/dumoulin.ca\/","https:\/\/www.youtube.com\/user\/dumoulinbicyclettes"]}]}},"_links":{"self":[{"href":"https:\/\/dumoulin.absoludev.ca\/en\/wp-json\/wp\/v2\/product\/179846","targetHints":{"allow":["GET"]}}],"collection":[{"href":"https:\/\/dumoulin.absoludev.ca\/en\/wp-json\/wp\/v2\/product"}],"about":[{"href":"https:\/\/dumoulin.absoludev.ca\/en\/wp-json\/wp\/v2\/types\/product"}],"wp:featuredmedia":[{"embeddable":true,"href":"https:\/\/dumoulin.absoludev.ca\/en\/wp-json\/wp\/v2\/media\/180387"}],"wp:attachment":[{"href":"https:\/\/dumoulin.absoludev.ca\/en\/wp-json\/wp\/v2\/media?parent=179846"}],"wp:term":[{"taxonomy":"product_brand","embeddable":true,"href":"https:\/\/dumoulin.absoludev.ca\/en\/wp-json\/wp\/v2\/product_brand?post=179846"},{"taxonomy":"product_cat","embeddable":true,"href":"https:\/\/dumoulin.absoludev.ca\/en\/wp-json\/wp\/v2\/product_cat?post=179846"},{"taxonomy":"product_tag","embeddable":true,"href":"https:\/\/dumoulin.absoludev.ca\/en\/wp-json\/wp\/v2\/product_tag?post=179846"},{"taxonomy":"marque-produit","embeddable":true,"href":"https:\/\/dumoulin.absoludev.ca\/en\/wp-json\/wp\/v2\/marque-produit?post=179846"},{"taxonomy":"collection-produit","embeddable":true,"href":"https:\/\/dumoulin.absoludev.ca\/en\/wp-json\/wp\/v2\/collection-produit?post=179846"},{"taxonomy":"type-surface-produit","embeddable":true,"href":"https:\/\/dumoulin.absoludev.ca\/en\/wp-json\/wp\/v2\/type-surface-produit?post=179846"},{"taxonomy":"type-velo-produit","embeddable":true,"href":"https:\/\/dumoulin.absoludev.ca\/en\/wp-json\/wp\/v2\/type-velo-produit?post=179846"},{"taxonomy":"vetement-produit","embeddable":true,"href":"https:\/\/dumoulin.absoludev.ca\/en\/wp-json\/wp\/v2\/vetement-produit?post=179846"},{"taxonomy":"thematique-produit","embeddable":true,"href":"https:\/\/dumoulin.absoludev.ca\/en\/wp-json\/wp\/v2\/thematique-produit?post=179846"},{"taxonomy":"position-sur-le-v\u00e9lo","embeddable":true,"href":"https:\/\/dumoulin.absoludev.ca\/en\/wp-json\/wp\/v2\/position-sur-le-v\u00e9lo?post=179846"}],"curies":[{"name":"wp","href":"https:\/\/api.w.org\/{rel}","templated":true}]}}