{"id":179036,"date":"2022-11-11T14:02:28","date_gmt":"2022-11-11T19:02:28","guid":{"rendered":"http:\/\/www.dumoulinbicyclettes.com\/?post_type=product&#038;p=179036"},"modified":"2025-09-04T14:18:21","modified_gmt":"2025-09-04T18:18:21","slug":"mitaines-de-guidon-di-ann-design","status":"publish","type":"product","link":"https:\/\/dumoulin.absoludev.ca\/en\/produit\/mitaines-de-guidon-di-ann-design\/","title":{"rendered":"Manchons de guidon Di-Ann Design"},"content":{"rendered":"<p>Les mitaines de guidon, <a href=\"https:\/\/www.dumoulinbicyclettes.com\/froid-aux-mains-la-solution-est-ici-velo-d-hiver\/\">c&#8217;est g\u00e9nial<\/a> !<\/p>\n<p>Elles peuvent aider tout le monde \u00e0 continuer \u00e0 faire du v\u00e9lo, m\u00eame par les temps les plus froids. Qui plus est, elles prot\u00e8gent aussi certaines pi\u00e8ces m\u00e9caniques de la neige et pluie vergla\u00e7ante.<\/p>\n<p>Cette paire de mitaines de guidon cr\u00e9\u00e9 par <a href=\"https:\/\/di-anndesign.com\/\" rel=\"noopener\" target=\"_blank\">Di-Ann Design<\/a>, sont fabriqu\u00e9es \u00e0 Cowansville, au Qu\u00e9bec. Isol\u00e9es et r\u00e9sistantes \u00e0 l&#8217;eau, elles sont notre recommandation pour \u00ab<a href=\"https:\/\/www.dumoulinbicyclettes.com\/velo-d-hiver\/\" rel=\"noopener\" target=\"_blank\">changer la face de votre hiver<\/a>!\u00bb<\/p>\n","protected":false},"excerpt":{"rendered":"<p>Les mitaines de guidon, c&#8217;est g\u00e9nial ! Elles peuvent aider tout le monde \u00e0 continuer \u00e0 faire du v\u00e9lo, m\u00eame par les temps les plus froids. Qui plus est, elles prot\u00e8gent aussi certaines pi\u00e8ces m\u00e9caniques de la neige et pluie vergla\u00e7ante. Cette paire de mitaines de guidon cr\u00e9\u00e9 par Di-Ann Design, sont fabriqu\u00e9es \u00e0 Cowansville, [&hellip;]<\/p>\n","protected":false},"featured_media":0,"template":"","meta":{"_acf_changed":false},"product_brand":[],"product_cat":[202,189],"product_tag":[2496,2495,2920],"marque-produit":[1503],"collection-produit":[],"type-surface-produit":[],"type-velo-produit":[],"vetement-produit":[],"thematique-produit":[],"position-sur-le-v\u00e9lo":[],"class_list":{"0":"post-179036","1":"product","2":"type-product","3":"status-publish","5":"product_cat-gants-et-mitaines","6":"product_cat-vetements","7":"product_tag-di-ann","8":"product_tag-manchons","9":"product_tag-mitaines-de-guidon","10":"marque-produit-di-ann","12":"first","13":"instock","14":"taxable","15":"shipping-taxable","16":"purchasable","17":"product-type-variable"},"acf":[],"yoast_head":"<!-- This site is optimized with the Yoast SEO plugin v24.3 - https:\/\/yoast.com\/wordpress\/plugins\/seo\/ -->\n<title>Froid aux mains ? Prot\u00e9gez-les avec les mitaines de guidon Di-Ann Design<\/title>\n<meta name=\"description\" content=\"Les mitaines de guidon font partie des accessoires de v\u00e9lo d&#039;hiver qui changent la vie. Elles sont une solution de choix pour les personnes qui ont froid aux mains.\" \/>\n<meta name=\"robots\" content=\"noindex, follow, max-snippet:-1, max-image-preview:large, max-video-preview:-1\" \/>\n<meta property=\"og:locale\" content=\"en_US\" \/>\n<meta property=\"og:type\" content=\"article\" \/>\n<meta property=\"og:title\" content=\"Froid aux mains ? Prot\u00e9gez-les avec les mitaines de guidon Di-Ann Design\" \/>\n<meta property=\"og:description\" content=\"Les mitaines de guidon font partie des accessoires de v\u00e9lo d&#039;hiver qui changent la vie. Elles sont une solution de choix pour les personnes qui ont froid aux mains.\" \/>\n<meta property=\"og:url\" content=\"https:\/\/dumoulin.absoludev.ca\/produit\/mitaines-de-guidon-di-ann-design\/\" \/>\n<meta property=\"og:site_name\" content=\"Dumoulin Bicyclettes\" \/>\n<meta property=\"article:publisher\" content=\"https:\/\/www.facebook.com\/dumoulinbicyclettes\" \/>\n<meta property=\"article:modified_time\" content=\"2025-09-04T18:18:21+00:00\" \/>\n<meta name=\"twitter:card\" content=\"summary_large_image\" \/>\n<script type=\"application\/ld+json\" class=\"yoast-schema-graph\">{\"@context\":\"https:\/\/schema.org\",\"@graph\":[{\"@type\":\"WebPage\",\"@id\":\"https:\/\/dumoulin.absoludev.ca\/produit\/mitaines-de-guidon-di-ann-design\/\",\"url\":\"https:\/\/dumoulin.absoludev.ca\/produit\/mitaines-de-guidon-di-ann-design\/\",\"name\":\"Froid aux mains ? Prot\u00e9gez-les avec les mitaines de guidon Di-Ann Design\",\"isPartOf\":{\"@id\":\"https:\/\/dumoulin.absoludev.ca\/#website\"},\"datePublished\":\"2022-11-11T19:02:28+00:00\",\"dateModified\":\"2025-09-04T18:18:21+00:00\",\"description\":\"Les mitaines de guidon font partie des accessoires de v\u00e9lo d'hiver qui changent la vie. Elles sont une solution de choix pour les personnes qui ont froid aux mains.\",\"breadcrumb\":{\"@id\":\"https:\/\/dumoulin.absoludev.ca\/produit\/mitaines-de-guidon-di-ann-design\/#breadcrumb\"},\"inLanguage\":\"en-US\",\"potentialAction\":[{\"@type\":\"ReadAction\",\"target\":[\"https:\/\/dumoulin.absoludev.ca\/produit\/mitaines-de-guidon-di-ann-design\/\"]}]},{\"@type\":\"BreadcrumbList\",\"@id\":\"https:\/\/dumoulin.absoludev.ca\/produit\/mitaines-de-guidon-di-ann-design\/#breadcrumb\",\"itemListElement\":[{\"@type\":\"ListItem\",\"position\":1,\"name\":\"Home\",\"item\":\"https:\/\/dumoulin.absoludev.ca\/en\/\"},{\"@type\":\"ListItem\",\"position\":2,\"name\":\"Shop\",\"item\":\"https:\/\/dumoulin.absoludev.ca\/en\/shop\/\"},{\"@type\":\"ListItem\",\"position\":3,\"name\":\"Manchons de guidon Di-Ann Design\"}]},{\"@type\":\"WebSite\",\"@id\":\"https:\/\/dumoulin.absoludev.ca\/#website\",\"url\":\"https:\/\/dumoulin.absoludev.ca\/\",\"name\":\"Dumoulin Bicyclettes\",\"description\":\"\",\"publisher\":{\"@id\":\"https:\/\/dumoulin.absoludev.ca\/#organization\"},\"potentialAction\":[{\"@type\":\"SearchAction\",\"target\":{\"@type\":\"EntryPoint\",\"urlTemplate\":\"https:\/\/dumoulin.absoludev.ca\/?s={search_term_string}\"},\"query-input\":{\"@type\":\"PropertyValueSpecification\",\"valueRequired\":true,\"valueName\":\"search_term_string\"}}],\"inLanguage\":\"en-US\"},{\"@type\":\"Organization\",\"@id\":\"https:\/\/dumoulin.absoludev.ca\/#organization\",\"name\":\"Dumoulin Bicyclettes\",\"url\":\"https:\/\/dumoulin.absoludev.ca\/\",\"logo\":{\"@type\":\"ImageObject\",\"inLanguage\":\"en-US\",\"@id\":\"https:\/\/dumoulin.absoludev.ca\/#\/schema\/logo\/image\/\",\"url\":\"https:\/\/www.dumoulinbicyclettes.com\/wp-content\/uploads\/2021\/04\/Logo.svg\",\"contentUrl\":\"https:\/\/www.dumoulinbicyclettes.com\/wp-content\/uploads\/2021\/04\/Logo.svg\",\"width\":254,\"height\":86,\"caption\":\"Dumoulin Bicyclettes\"},\"image\":{\"@id\":\"https:\/\/dumoulin.absoludev.ca\/#\/schema\/logo\/image\/\"},\"sameAs\":[\"https:\/\/www.facebook.com\/dumoulinbicyclettes\",\"https:\/\/www.instagram.com\/dumoulin.ca\/\",\"https:\/\/www.youtube.com\/user\/dumoulinbicyclettes\"]}]}<\/script>\n<!-- \/ Yoast SEO plugin. -->","yoast_head_json":{"title":"Froid aux mains ? Prot\u00e9gez-les avec les mitaines de guidon Di-Ann Design","description":"Les mitaines de guidon font partie des accessoires de v\u00e9lo d'hiver qui changent la vie. Elles sont une solution de choix pour les personnes qui ont froid aux mains.","robots":{"index":"noindex","follow":"follow","max-snippet":"max-snippet:-1","max-image-preview":"max-image-preview:large","max-video-preview":"max-video-preview:-1"},"og_locale":"en_US","og_type":"article","og_title":"Froid aux mains ? Prot\u00e9gez-les avec les mitaines de guidon Di-Ann Design","og_description":"Les mitaines de guidon font partie des accessoires de v\u00e9lo d'hiver qui changent la vie. Elles sont une solution de choix pour les personnes qui ont froid aux mains.","og_url":"https:\/\/dumoulin.absoludev.ca\/produit\/mitaines-de-guidon-di-ann-design\/","og_site_name":"Dumoulin Bicyclettes","article_publisher":"https:\/\/www.facebook.com\/dumoulinbicyclettes","article_modified_time":"2025-09-04T18:18:21+00:00","twitter_card":"summary_large_image","schema":{"@context":"https:\/\/schema.org","@graph":[{"@type":"WebPage","@id":"https:\/\/dumoulin.absoludev.ca\/produit\/mitaines-de-guidon-di-ann-design\/","url":"https:\/\/dumoulin.absoludev.ca\/produit\/mitaines-de-guidon-di-ann-design\/","name":"Froid aux mains ? Prot\u00e9gez-les avec les mitaines de guidon Di-Ann Design","isPartOf":{"@id":"https:\/\/dumoulin.absoludev.ca\/#website"},"datePublished":"2022-11-11T19:02:28+00:00","dateModified":"2025-09-04T18:18:21+00:00","description":"Les mitaines de guidon font partie des accessoires de v\u00e9lo d'hiver qui changent la vie. Elles sont une solution de choix pour les personnes qui ont froid aux mains.","breadcrumb":{"@id":"https:\/\/dumoulin.absoludev.ca\/produit\/mitaines-de-guidon-di-ann-design\/#breadcrumb"},"inLanguage":"en-US","potentialAction":[{"@type":"ReadAction","target":["https:\/\/dumoulin.absoludev.ca\/produit\/mitaines-de-guidon-di-ann-design\/"]}]},{"@type":"BreadcrumbList","@id":"https:\/\/dumoulin.absoludev.ca\/produit\/mitaines-de-guidon-di-ann-design\/#breadcrumb","itemListElement":[{"@type":"ListItem","position":1,"name":"Home","item":"https:\/\/dumoulin.absoludev.ca\/en\/"},{"@type":"ListItem","position":2,"name":"Shop","item":"https:\/\/dumoulin.absoludev.ca\/en\/shop\/"},{"@type":"ListItem","position":3,"name":"Manchons de guidon Di-Ann Design"}]},{"@type":"WebSite","@id":"https:\/\/dumoulin.absoludev.ca\/#website","url":"https:\/\/dumoulin.absoludev.ca\/","name":"Dumoulin Bicyclettes","description":"","publisher":{"@id":"https:\/\/dumoulin.absoludev.ca\/#organization"},"potentialAction":[{"@type":"SearchAction","target":{"@type":"EntryPoint","urlTemplate":"https:\/\/dumoulin.absoludev.ca\/?s={search_term_string}"},"query-input":{"@type":"PropertyValueSpecification","valueRequired":true,"valueName":"search_term_string"}}],"inLanguage":"en-US"},{"@type":"Organization","@id":"https:\/\/dumoulin.absoludev.ca\/#organization","name":"Dumoulin Bicyclettes","url":"https:\/\/dumoulin.absoludev.ca\/","logo":{"@type":"ImageObject","inLanguage":"en-US","@id":"https:\/\/dumoulin.absoludev.ca\/#\/schema\/logo\/image\/","url":"https:\/\/www.dumoulinbicyclettes.com\/wp-content\/uploads\/2021\/04\/Logo.svg","contentUrl":"https:\/\/www.dumoulinbicyclettes.com\/wp-content\/uploads\/2021\/04\/Logo.svg","width":254,"height":86,"caption":"Dumoulin Bicyclettes"},"image":{"@id":"https:\/\/dumoulin.absoludev.ca\/#\/schema\/logo\/image\/"},"sameAs":["https:\/\/www.facebook.com\/dumoulinbicyclettes","https:\/\/www.instagram.com\/dumoulin.ca\/","https:\/\/www.youtube.com\/user\/dumoulinbicyclettes"]}]}},"_links":{"self":[{"href":"https:\/\/dumoulin.absoludev.ca\/en\/wp-json\/wp\/v2\/product\/179036","targetHints":{"allow":["GET"]}}],"collection":[{"href":"https:\/\/dumoulin.absoludev.ca\/en\/wp-json\/wp\/v2\/product"}],"about":[{"href":"https:\/\/dumoulin.absoludev.ca\/en\/wp-json\/wp\/v2\/types\/product"}],"wp:attachment":[{"href":"https:\/\/dumoulin.absoludev.ca\/en\/wp-json\/wp\/v2\/media?parent=179036"}],"wp:term":[{"taxonomy":"product_brand","embeddable":true,"href":"https:\/\/dumoulin.absoludev.ca\/en\/wp-json\/wp\/v2\/product_brand?post=179036"},{"taxonomy":"product_cat","embeddable":true,"href":"https:\/\/dumoulin.absoludev.ca\/en\/wp-json\/wp\/v2\/product_cat?post=179036"},{"taxonomy":"product_tag","embeddable":true,"href":"https:\/\/dumoulin.absoludev.ca\/en\/wp-json\/wp\/v2\/product_tag?post=179036"},{"taxonomy":"marque-produit","embeddable":true,"href":"https:\/\/dumoulin.absoludev.ca\/en\/wp-json\/wp\/v2\/marque-produit?post=179036"},{"taxonomy":"collection-produit","embeddable":true,"href":"https:\/\/dumoulin.absoludev.ca\/en\/wp-json\/wp\/v2\/collection-produit?post=179036"},{"taxonomy":"type-surface-produit","embeddable":true,"href":"https:\/\/dumoulin.absoludev.ca\/en\/wp-json\/wp\/v2\/type-surface-produit?post=179036"},{"taxonomy":"type-velo-produit","embeddable":true,"href":"https:\/\/dumoulin.absoludev.ca\/en\/wp-json\/wp\/v2\/type-velo-produit?post=179036"},{"taxonomy":"vetement-produit","embeddable":true,"href":"https:\/\/dumoulin.absoludev.ca\/en\/wp-json\/wp\/v2\/vetement-produit?post=179036"},{"taxonomy":"thematique-produit","embeddable":true,"href":"https:\/\/dumoulin.absoludev.ca\/en\/wp-json\/wp\/v2\/thematique-produit?post=179036"},{"taxonomy":"position-sur-le-v\u00e9lo","embeddable":true,"href":"https:\/\/dumoulin.absoludev.ca\/en\/wp-json\/wp\/v2\/position-sur-le-v\u00e9lo?post=179036"}],"curies":[{"name":"wp","href":"https:\/\/api.w.org\/{rel}","templated":true}]}}