{"id":178579,"date":"2022-11-10T18:02:34","date_gmt":"2022-11-10T23:02:34","guid":{"rendered":"http:\/\/www.dumoulinbicyclettes.com\/?post_type=product&#038;p=178579"},"modified":"2025-09-04T14:18:18","modified_gmt":"2025-09-04T18:18:18","slug":"bas-le-bonnetier-le-chalet-merinos","status":"publish","type":"product","link":"https:\/\/dumoulin.absoludev.ca\/en\/produit\/bas-le-bonnetier-le-chalet-merinos\/","title":{"rendered":"Bas m\u00e9rinos Le chalet"},"content":{"rendered":"<p>Ces bas durables vous garderont au chaud cet hiver. Portez-les \u00e0 l&#8217;int\u00e9rieur de vos bottes pour une plus grande protection contre le froid.<\/p>\n<p>Talons et pointes renforc\u00e9es. Vous ne manquerez pas de style cet hiver.<\/p>\n","protected":false},"excerpt":{"rendered":"<p>Ces bas durables vous garderont au chaud cet hiver. Portez-les \u00e0 l&#8217;int\u00e9rieur de vos bottes pour une plus grande protection contre le froid. Talons et pointes renforc\u00e9es. Vous ne manquerez pas de style cet hiver.<\/p>\n","protected":false},"featured_media":178584,"template":"","meta":{"_acf_changed":false},"product_brand":[],"product_cat":[201],"product_tag":[],"marque-produit":[2910],"collection-produit":[2900],"type-surface-produit":[],"type-velo-produit":[],"vetement-produit":[1243,2172],"thematique-produit":[1238,2173],"position-sur-le-v\u00e9lo":[],"class_list":{"0":"post-178579","1":"product","2":"type-product","3":"status-publish","4":"has-post-thumbnail","6":"product_cat-pantalons-et-chaussettes","7":"marque-produit-bonnetier","8":"collection-produit-vetements","9":"vetement-produit-unisexe","10":"vetement-produit-unisexe-en","11":"thematique-produit-hiver","12":"thematique-produit-hiver-en","14":"first","15":"outofstock","16":"taxable","17":"shipping-taxable","18":"purchasable","19":"product-type-variable"},"acf":[],"yoast_head":"<!-- This site is optimized with the Yoast SEO plugin v24.3 - https:\/\/yoast.com\/wordpress\/plugins\/seo\/ -->\n<title>Bas m\u00e9rinos Le chalet - Dumoulin Bicyclettes<\/title>\n<meta name=\"description\" content=\"Ces bas durables vous garderont au chaud cet hiver. Portez-les \u00e0 l&#039;int\u00e9rieur de vos bottes pour une plus grande protection contre le froid\" \/>\n<meta name=\"robots\" content=\"noindex, follow, max-snippet:-1, max-image-preview:large, max-video-preview:-1\" \/>\n<meta property=\"og:locale\" content=\"en_US\" \/>\n<meta property=\"og:type\" content=\"article\" \/>\n<meta property=\"og:title\" content=\"Bas m\u00e9rinos Le chalet - Dumoulin Bicyclettes\" \/>\n<meta property=\"og:description\" content=\"Ces bas durables vous garderont au chaud cet hiver. Portez-les \u00e0 l&#039;int\u00e9rieur de vos bottes pour une plus grande protection contre le froid\" \/>\n<meta property=\"og:url\" content=\"https:\/\/dumoulin.absoludev.ca\/produit\/bas-le-bonnetier-le-chalet-merinos\/\" \/>\n<meta property=\"og:site_name\" content=\"Dumoulin Bicyclettes\" \/>\n<meta property=\"article:publisher\" content=\"https:\/\/www.facebook.com\/dumoulinbicyclettes\" \/>\n<meta property=\"article:modified_time\" content=\"2025-09-04T18:18:18+00:00\" \/>\n<meta property=\"og:image\" content=\"https:\/\/dumoulin.absoludev.ca\/wp-content\/uploads\/2022\/11\/Chaussettte_Le_Bonnetier_-le-chalet-bleu-1.jpeg\" \/>\n\t<meta property=\"og:image:width\" content=\"900\" \/>\n\t<meta property=\"og:image:height\" content=\"1485\" \/>\n\t<meta property=\"og:image:type\" content=\"image\/jpeg\" \/>\n<meta name=\"twitter:card\" content=\"summary_large_image\" \/>\n<script type=\"application\/ld+json\" class=\"yoast-schema-graph\">{\"@context\":\"https:\/\/schema.org\",\"@graph\":[{\"@type\":\"WebPage\",\"@id\":\"https:\/\/dumoulin.absoludev.ca\/produit\/bas-le-bonnetier-le-chalet-merinos\/\",\"url\":\"https:\/\/dumoulin.absoludev.ca\/produit\/bas-le-bonnetier-le-chalet-merinos\/\",\"name\":\"Bas m\u00e9rinos Le chalet - Dumoulin Bicyclettes\",\"isPartOf\":{\"@id\":\"https:\/\/dumoulin.absoludev.ca\/#website\"},\"primaryImageOfPage\":{\"@id\":\"https:\/\/dumoulin.absoludev.ca\/produit\/bas-le-bonnetier-le-chalet-merinos\/#primaryimage\"},\"image\":{\"@id\":\"https:\/\/dumoulin.absoludev.ca\/produit\/bas-le-bonnetier-le-chalet-merinos\/#primaryimage\"},\"thumbnailUrl\":\"https:\/\/dumoulin.absoludev.ca\/wp-content\/uploads\/2022\/11\/Chaussettte_Le_Bonnetier_-le-chalet-bleu-1.jpeg\",\"datePublished\":\"2022-11-10T23:02:34+00:00\",\"dateModified\":\"2025-09-04T18:18:18+00:00\",\"description\":\"Ces bas durables vous garderont au chaud cet hiver. Portez-les \u00e0 l'int\u00e9rieur de vos bottes pour une plus grande protection contre le froid\",\"breadcrumb\":{\"@id\":\"https:\/\/dumoulin.absoludev.ca\/produit\/bas-le-bonnetier-le-chalet-merinos\/#breadcrumb\"},\"inLanguage\":\"en-US\",\"potentialAction\":[{\"@type\":\"ReadAction\",\"target\":[\"https:\/\/dumoulin.absoludev.ca\/produit\/bas-le-bonnetier-le-chalet-merinos\/\"]}]},{\"@type\":\"ImageObject\",\"inLanguage\":\"en-US\",\"@id\":\"https:\/\/dumoulin.absoludev.ca\/produit\/bas-le-bonnetier-le-chalet-merinos\/#primaryimage\",\"url\":\"https:\/\/dumoulin.absoludev.ca\/wp-content\/uploads\/2022\/11\/Chaussettte_Le_Bonnetier_-le-chalet-bleu-1.jpeg\",\"contentUrl\":\"https:\/\/dumoulin.absoludev.ca\/wp-content\/uploads\/2022\/11\/Chaussettte_Le_Bonnetier_-le-chalet-bleu-1.jpeg\",\"width\":900,\"height\":1485,\"caption\":\"bas-merinos-hiver-bonnetier-chalet-velo-d-hiver\"},{\"@type\":\"BreadcrumbList\",\"@id\":\"https:\/\/dumoulin.absoludev.ca\/produit\/bas-le-bonnetier-le-chalet-merinos\/#breadcrumb\",\"itemListElement\":[{\"@type\":\"ListItem\",\"position\":1,\"name\":\"Home\",\"item\":\"https:\/\/dumoulin.absoludev.ca\/en\/\"},{\"@type\":\"ListItem\",\"position\":2,\"name\":\"Shop\",\"item\":\"https:\/\/dumoulin.absoludev.ca\/en\/shop\/\"},{\"@type\":\"ListItem\",\"position\":3,\"name\":\"Bas m\u00e9rinos Le chalet\"}]},{\"@type\":\"WebSite\",\"@id\":\"https:\/\/dumoulin.absoludev.ca\/#website\",\"url\":\"https:\/\/dumoulin.absoludev.ca\/\",\"name\":\"Dumoulin Bicyclettes\",\"description\":\"\",\"publisher\":{\"@id\":\"https:\/\/dumoulin.absoludev.ca\/#organization\"},\"potentialAction\":[{\"@type\":\"SearchAction\",\"target\":{\"@type\":\"EntryPoint\",\"urlTemplate\":\"https:\/\/dumoulin.absoludev.ca\/?s={search_term_string}\"},\"query-input\":{\"@type\":\"PropertyValueSpecification\",\"valueRequired\":true,\"valueName\":\"search_term_string\"}}],\"inLanguage\":\"en-US\"},{\"@type\":\"Organization\",\"@id\":\"https:\/\/dumoulin.absoludev.ca\/#organization\",\"name\":\"Dumoulin Bicyclettes\",\"url\":\"https:\/\/dumoulin.absoludev.ca\/\",\"logo\":{\"@type\":\"ImageObject\",\"inLanguage\":\"en-US\",\"@id\":\"https:\/\/dumoulin.absoludev.ca\/#\/schema\/logo\/image\/\",\"url\":\"https:\/\/www.dumoulinbicyclettes.com\/wp-content\/uploads\/2021\/04\/Logo.svg\",\"contentUrl\":\"https:\/\/www.dumoulinbicyclettes.com\/wp-content\/uploads\/2021\/04\/Logo.svg\",\"width\":254,\"height\":86,\"caption\":\"Dumoulin Bicyclettes\"},\"image\":{\"@id\":\"https:\/\/dumoulin.absoludev.ca\/#\/schema\/logo\/image\/\"},\"sameAs\":[\"https:\/\/www.facebook.com\/dumoulinbicyclettes\",\"https:\/\/www.instagram.com\/dumoulin.ca\/\",\"https:\/\/www.youtube.com\/user\/dumoulinbicyclettes\"]}]}<\/script>\n<!-- \/ Yoast SEO plugin. -->","yoast_head_json":{"title":"Bas m\u00e9rinos Le chalet - Dumoulin Bicyclettes","description":"Ces bas durables vous garderont au chaud cet hiver. Portez-les \u00e0 l'int\u00e9rieur de vos bottes pour une plus grande protection contre le froid","robots":{"index":"noindex","follow":"follow","max-snippet":"max-snippet:-1","max-image-preview":"max-image-preview:large","max-video-preview":"max-video-preview:-1"},"og_locale":"en_US","og_type":"article","og_title":"Bas m\u00e9rinos Le chalet - Dumoulin Bicyclettes","og_description":"Ces bas durables vous garderont au chaud cet hiver. Portez-les \u00e0 l'int\u00e9rieur de vos bottes pour une plus grande protection contre le froid","og_url":"https:\/\/dumoulin.absoludev.ca\/produit\/bas-le-bonnetier-le-chalet-merinos\/","og_site_name":"Dumoulin Bicyclettes","article_publisher":"https:\/\/www.facebook.com\/dumoulinbicyclettes","article_modified_time":"2025-09-04T18:18:18+00:00","og_image":[{"width":900,"height":1485,"url":"https:\/\/dumoulin.absoludev.ca\/wp-content\/uploads\/2022\/11\/Chaussettte_Le_Bonnetier_-le-chalet-bleu-1.jpeg","type":"image\/jpeg"}],"twitter_card":"summary_large_image","schema":{"@context":"https:\/\/schema.org","@graph":[{"@type":"WebPage","@id":"https:\/\/dumoulin.absoludev.ca\/produit\/bas-le-bonnetier-le-chalet-merinos\/","url":"https:\/\/dumoulin.absoludev.ca\/produit\/bas-le-bonnetier-le-chalet-merinos\/","name":"Bas m\u00e9rinos Le chalet - Dumoulin Bicyclettes","isPartOf":{"@id":"https:\/\/dumoulin.absoludev.ca\/#website"},"primaryImageOfPage":{"@id":"https:\/\/dumoulin.absoludev.ca\/produit\/bas-le-bonnetier-le-chalet-merinos\/#primaryimage"},"image":{"@id":"https:\/\/dumoulin.absoludev.ca\/produit\/bas-le-bonnetier-le-chalet-merinos\/#primaryimage"},"thumbnailUrl":"https:\/\/dumoulin.absoludev.ca\/wp-content\/uploads\/2022\/11\/Chaussettte_Le_Bonnetier_-le-chalet-bleu-1.jpeg","datePublished":"2022-11-10T23:02:34+00:00","dateModified":"2025-09-04T18:18:18+00:00","description":"Ces bas durables vous garderont au chaud cet hiver. Portez-les \u00e0 l'int\u00e9rieur de vos bottes pour une plus grande protection contre le froid","breadcrumb":{"@id":"https:\/\/dumoulin.absoludev.ca\/produit\/bas-le-bonnetier-le-chalet-merinos\/#breadcrumb"},"inLanguage":"en-US","potentialAction":[{"@type":"ReadAction","target":["https:\/\/dumoulin.absoludev.ca\/produit\/bas-le-bonnetier-le-chalet-merinos\/"]}]},{"@type":"ImageObject","inLanguage":"en-US","@id":"https:\/\/dumoulin.absoludev.ca\/produit\/bas-le-bonnetier-le-chalet-merinos\/#primaryimage","url":"https:\/\/dumoulin.absoludev.ca\/wp-content\/uploads\/2022\/11\/Chaussettte_Le_Bonnetier_-le-chalet-bleu-1.jpeg","contentUrl":"https:\/\/dumoulin.absoludev.ca\/wp-content\/uploads\/2022\/11\/Chaussettte_Le_Bonnetier_-le-chalet-bleu-1.jpeg","width":900,"height":1485,"caption":"bas-merinos-hiver-bonnetier-chalet-velo-d-hiver"},{"@type":"BreadcrumbList","@id":"https:\/\/dumoulin.absoludev.ca\/produit\/bas-le-bonnetier-le-chalet-merinos\/#breadcrumb","itemListElement":[{"@type":"ListItem","position":1,"name":"Home","item":"https:\/\/dumoulin.absoludev.ca\/en\/"},{"@type":"ListItem","position":2,"name":"Shop","item":"https:\/\/dumoulin.absoludev.ca\/en\/shop\/"},{"@type":"ListItem","position":3,"name":"Bas m\u00e9rinos Le chalet"}]},{"@type":"WebSite","@id":"https:\/\/dumoulin.absoludev.ca\/#website","url":"https:\/\/dumoulin.absoludev.ca\/","name":"Dumoulin Bicyclettes","description":"","publisher":{"@id":"https:\/\/dumoulin.absoludev.ca\/#organization"},"potentialAction":[{"@type":"SearchAction","target":{"@type":"EntryPoint","urlTemplate":"https:\/\/dumoulin.absoludev.ca\/?s={search_term_string}"},"query-input":{"@type":"PropertyValueSpecification","valueRequired":true,"valueName":"search_term_string"}}],"inLanguage":"en-US"},{"@type":"Organization","@id":"https:\/\/dumoulin.absoludev.ca\/#organization","name":"Dumoulin Bicyclettes","url":"https:\/\/dumoulin.absoludev.ca\/","logo":{"@type":"ImageObject","inLanguage":"en-US","@id":"https:\/\/dumoulin.absoludev.ca\/#\/schema\/logo\/image\/","url":"https:\/\/www.dumoulinbicyclettes.com\/wp-content\/uploads\/2021\/04\/Logo.svg","contentUrl":"https:\/\/www.dumoulinbicyclettes.com\/wp-content\/uploads\/2021\/04\/Logo.svg","width":254,"height":86,"caption":"Dumoulin Bicyclettes"},"image":{"@id":"https:\/\/dumoulin.absoludev.ca\/#\/schema\/logo\/image\/"},"sameAs":["https:\/\/www.facebook.com\/dumoulinbicyclettes","https:\/\/www.instagram.com\/dumoulin.ca\/","https:\/\/www.youtube.com\/user\/dumoulinbicyclettes"]}]}},"_links":{"self":[{"href":"https:\/\/dumoulin.absoludev.ca\/en\/wp-json\/wp\/v2\/product\/178579","targetHints":{"allow":["GET"]}}],"collection":[{"href":"https:\/\/dumoulin.absoludev.ca\/en\/wp-json\/wp\/v2\/product"}],"about":[{"href":"https:\/\/dumoulin.absoludev.ca\/en\/wp-json\/wp\/v2\/types\/product"}],"wp:featuredmedia":[{"embeddable":true,"href":"https:\/\/dumoulin.absoludev.ca\/en\/wp-json\/wp\/v2\/media\/178584"}],"wp:attachment":[{"href":"https:\/\/dumoulin.absoludev.ca\/en\/wp-json\/wp\/v2\/media?parent=178579"}],"wp:term":[{"taxonomy":"product_brand","embeddable":true,"href":"https:\/\/dumoulin.absoludev.ca\/en\/wp-json\/wp\/v2\/product_brand?post=178579"},{"taxonomy":"product_cat","embeddable":true,"href":"https:\/\/dumoulin.absoludev.ca\/en\/wp-json\/wp\/v2\/product_cat?post=178579"},{"taxonomy":"product_tag","embeddable":true,"href":"https:\/\/dumoulin.absoludev.ca\/en\/wp-json\/wp\/v2\/product_tag?post=178579"},{"taxonomy":"marque-produit","embeddable":true,"href":"https:\/\/dumoulin.absoludev.ca\/en\/wp-json\/wp\/v2\/marque-produit?post=178579"},{"taxonomy":"collection-produit","embeddable":true,"href":"https:\/\/dumoulin.absoludev.ca\/en\/wp-json\/wp\/v2\/collection-produit?post=178579"},{"taxonomy":"type-surface-produit","embeddable":true,"href":"https:\/\/dumoulin.absoludev.ca\/en\/wp-json\/wp\/v2\/type-surface-produit?post=178579"},{"taxonomy":"type-velo-produit","embeddable":true,"href":"https:\/\/dumoulin.absoludev.ca\/en\/wp-json\/wp\/v2\/type-velo-produit?post=178579"},{"taxonomy":"vetement-produit","embeddable":true,"href":"https:\/\/dumoulin.absoludev.ca\/en\/wp-json\/wp\/v2\/vetement-produit?post=178579"},{"taxonomy":"thematique-produit","embeddable":true,"href":"https:\/\/dumoulin.absoludev.ca\/en\/wp-json\/wp\/v2\/thematique-produit?post=178579"},{"taxonomy":"position-sur-le-v\u00e9lo","embeddable":true,"href":"https:\/\/dumoulin.absoludev.ca\/en\/wp-json\/wp\/v2\/position-sur-le-v\u00e9lo?post=178579"}],"curies":[{"name":"wp","href":"https:\/\/api.w.org\/{rel}","templated":true}]}}