{"id":178565,"date":"2022-11-10T18:02:29","date_gmt":"2022-11-10T23:02:29","guid":{"rendered":"http:\/\/www.dumoulinbicyclettes.com\/?post_type=product&#038;p=178565"},"modified":"2025-09-04T14:18:19","modified_gmt":"2025-09-04T18:18:19","slug":"chaussettes-thermal-laine-vierge","status":"publish","type":"product","link":"https:\/\/dumoulin.absoludev.ca\/en\/produit\/chaussettes-thermal-laine-vierge\/","title":{"rendered":"Chaussettes Thermal en laine vierge"},"content":{"rendered":"<p> Chaussettes isol\u00e9es en laine vierge pure. La laine boucl\u00e9e \u00e0 l&#8217;int\u00e9rieur permet une plus grandecirculation de l&#8217;air, cr\u00e9ant une couche de chaleur autour des pieds et un confort accru.<\/p>\n<p> Cette chaussette est extensible et \u00absuperlavable\u00bb. Elle ne r\u00e9tr\u00e9cira pas au lavage et ne perdra pas ses propri\u00e9t\u00e9s une fois lav\u00e9e.<\/p>\n<p> Gardez-vous au chaud cet hiver que ce soit quand vous travaillerez \u00e0 l&#8217;ext\u00e9rieur ou quand vous irez patiner,skier ou faire de la raquette.<\/p>\n","protected":false},"excerpt":{"rendered":"<p>Chaussettes isol\u00e9es en laine vierge pure. La laine boucl\u00e9e \u00e0 l&#8217;int\u00e9rieur permet une plus grandecirculation de l&#8217;air, cr\u00e9ant une couche de chaleur autour des pieds et un confort accru. Cette chaussette est extensible et \u00absuperlavable\u00bb. Elle ne r\u00e9tr\u00e9cira pas au lavage et ne perdra pas ses propri\u00e9t\u00e9s une fois lav\u00e9e. Gardez-vous au chaud cet hiver [&hellip;]<\/p>\n","protected":false},"featured_media":178568,"template":"","meta":{"_acf_changed":false},"product_brand":[],"product_cat":[201,189],"product_tag":[],"marque-produit":[2910],"collection-produit":[2886,2900],"type-surface-produit":[],"type-velo-produit":[],"vetement-produit":[1243,2172],"thematique-produit":[1238,2173],"position-sur-le-v\u00e9lo":[],"class_list":{"0":"post-178565","1":"product","2":"type-product","3":"status-publish","4":"has-post-thumbnail","6":"product_cat-pantalons-et-chaussettes","7":"product_cat-vetements","8":"marque-produit-bonnetier","9":"collection-produit-hiver","10":"collection-produit-vetements","11":"vetement-produit-unisexe","12":"vetement-produit-unisexe-en","13":"thematique-produit-hiver","14":"thematique-produit-hiver-en","16":"first","17":"instock","18":"taxable","19":"shipping-taxable","20":"purchasable","21":"product-type-variable"},"acf":[],"yoast_head":"<!-- This site is optimized with the Yoast SEO plugin v24.3 - https:\/\/yoast.com\/wordpress\/plugins\/seo\/ -->\n<title>Chaussettes Thermal en laine vierge - Dumoulin Bicyclettes<\/title>\n<meta name=\"description\" content=\"Gardez-vous au chaud cet hiver que ce soit quand vous travaillerez \u00e0 l&#039;ext\u00e9rieur. Fabriqu\u00e9 au Qu\u00e9bec, o\u00f9 il fait vraiment froid !\" \/>\n<meta name=\"robots\" content=\"noindex, follow, max-snippet:-1, max-image-preview:large, max-video-preview:-1\" \/>\n<meta property=\"og:locale\" content=\"en_US\" \/>\n<meta property=\"og:type\" content=\"article\" \/>\n<meta property=\"og:title\" content=\"Chaussettes Thermal en laine vierge - Dumoulin Bicyclettes\" \/>\n<meta property=\"og:description\" content=\"Gardez-vous au chaud cet hiver que ce soit quand vous travaillerez \u00e0 l&#039;ext\u00e9rieur. Fabriqu\u00e9 au Qu\u00e9bec, o\u00f9 il fait vraiment froid !\" \/>\n<meta property=\"og:url\" content=\"https:\/\/dumoulin.absoludev.ca\/produit\/chaussettes-thermal-laine-vierge\/\" \/>\n<meta property=\"og:site_name\" content=\"Dumoulin Bicyclettes\" \/>\n<meta property=\"article:publisher\" content=\"https:\/\/www.facebook.com\/dumoulinbicyclettes\" \/>\n<meta property=\"article:modified_time\" content=\"2025-09-04T18:18:19+00:00\" \/>\n<meta property=\"og:image\" content=\"https:\/\/dumoulin.absoludev.ca\/wp-content\/uploads\/2022\/11\/Chaussettte_Le_Bonnetier_-le-legendaire-thermal.jpeg\" \/>\n\t<meta property=\"og:image:width\" content=\"900\" \/>\n\t<meta property=\"og:image:height\" content=\"1485\" \/>\n\t<meta property=\"og:image:type\" content=\"image\/jpeg\" \/>\n<meta name=\"twitter:card\" content=\"summary_large_image\" \/>\n<script type=\"application\/ld+json\" class=\"yoast-schema-graph\">{\"@context\":\"https:\/\/schema.org\",\"@graph\":[{\"@type\":\"WebPage\",\"@id\":\"https:\/\/dumoulin.absoludev.ca\/produit\/chaussettes-thermal-laine-vierge\/\",\"url\":\"https:\/\/dumoulin.absoludev.ca\/produit\/chaussettes-thermal-laine-vierge\/\",\"name\":\"Chaussettes Thermal en laine vierge - Dumoulin Bicyclettes\",\"isPartOf\":{\"@id\":\"https:\/\/dumoulin.absoludev.ca\/#website\"},\"primaryImageOfPage\":{\"@id\":\"https:\/\/dumoulin.absoludev.ca\/produit\/chaussettes-thermal-laine-vierge\/#primaryimage\"},\"image\":{\"@id\":\"https:\/\/dumoulin.absoludev.ca\/produit\/chaussettes-thermal-laine-vierge\/#primaryimage\"},\"thumbnailUrl\":\"https:\/\/dumoulin.absoludev.ca\/wp-content\/uploads\/2022\/11\/Chaussettte_Le_Bonnetier_-le-legendaire-thermal.jpeg\",\"datePublished\":\"2022-11-10T23:02:29+00:00\",\"dateModified\":\"2025-09-04T18:18:19+00:00\",\"description\":\"Gardez-vous au chaud cet hiver que ce soit quand vous travaillerez \u00e0 l'ext\u00e9rieur. Fabriqu\u00e9 au Qu\u00e9bec, o\u00f9 il fait vraiment froid !\",\"breadcrumb\":{\"@id\":\"https:\/\/dumoulin.absoludev.ca\/produit\/chaussettes-thermal-laine-vierge\/#breadcrumb\"},\"inLanguage\":\"en-US\",\"potentialAction\":[{\"@type\":\"ReadAction\",\"target\":[\"https:\/\/dumoulin.absoludev.ca\/produit\/chaussettes-thermal-laine-vierge\/\"]}]},{\"@type\":\"ImageObject\",\"inLanguage\":\"en-US\",\"@id\":\"https:\/\/dumoulin.absoludev.ca\/produit\/chaussettes-thermal-laine-vierge\/#primaryimage\",\"url\":\"https:\/\/dumoulin.absoludev.ca\/wp-content\/uploads\/2022\/11\/Chaussettte_Le_Bonnetier_-le-legendaire-thermal.jpeg\",\"contentUrl\":\"https:\/\/dumoulin.absoludev.ca\/wp-content\/uploads\/2022\/11\/Chaussettte_Le_Bonnetier_-le-legendaire-thermal.jpeg\",\"width\":900,\"height\":1485,\"caption\":\"chaussettes-hiver-velo-bonnetier\"},{\"@type\":\"BreadcrumbList\",\"@id\":\"https:\/\/dumoulin.absoludev.ca\/produit\/chaussettes-thermal-laine-vierge\/#breadcrumb\",\"itemListElement\":[{\"@type\":\"ListItem\",\"position\":1,\"name\":\"Home\",\"item\":\"https:\/\/dumoulin.absoludev.ca\/en\/\"},{\"@type\":\"ListItem\",\"position\":2,\"name\":\"Shop\",\"item\":\"https:\/\/dumoulin.absoludev.ca\/en\/shop\/\"},{\"@type\":\"ListItem\",\"position\":3,\"name\":\"Chaussettes Thermal en laine vierge\"}]},{\"@type\":\"WebSite\",\"@id\":\"https:\/\/dumoulin.absoludev.ca\/#website\",\"url\":\"https:\/\/dumoulin.absoludev.ca\/\",\"name\":\"Dumoulin Bicyclettes\",\"description\":\"\",\"publisher\":{\"@id\":\"https:\/\/dumoulin.absoludev.ca\/#organization\"},\"potentialAction\":[{\"@type\":\"SearchAction\",\"target\":{\"@type\":\"EntryPoint\",\"urlTemplate\":\"https:\/\/dumoulin.absoludev.ca\/?s={search_term_string}\"},\"query-input\":{\"@type\":\"PropertyValueSpecification\",\"valueRequired\":true,\"valueName\":\"search_term_string\"}}],\"inLanguage\":\"en-US\"},{\"@type\":\"Organization\",\"@id\":\"https:\/\/dumoulin.absoludev.ca\/#organization\",\"name\":\"Dumoulin Bicyclettes\",\"url\":\"https:\/\/dumoulin.absoludev.ca\/\",\"logo\":{\"@type\":\"ImageObject\",\"inLanguage\":\"en-US\",\"@id\":\"https:\/\/dumoulin.absoludev.ca\/#\/schema\/logo\/image\/\",\"url\":\"https:\/\/www.dumoulinbicyclettes.com\/wp-content\/uploads\/2021\/04\/Logo.svg\",\"contentUrl\":\"https:\/\/www.dumoulinbicyclettes.com\/wp-content\/uploads\/2021\/04\/Logo.svg\",\"width\":254,\"height\":86,\"caption\":\"Dumoulin Bicyclettes\"},\"image\":{\"@id\":\"https:\/\/dumoulin.absoludev.ca\/#\/schema\/logo\/image\/\"},\"sameAs\":[\"https:\/\/www.facebook.com\/dumoulinbicyclettes\",\"https:\/\/www.instagram.com\/dumoulin.ca\/\",\"https:\/\/www.youtube.com\/user\/dumoulinbicyclettes\"]}]}<\/script>\n<!-- \/ Yoast SEO plugin. -->","yoast_head_json":{"title":"Chaussettes Thermal en laine vierge - Dumoulin Bicyclettes","description":"Gardez-vous au chaud cet hiver que ce soit quand vous travaillerez \u00e0 l'ext\u00e9rieur. Fabriqu\u00e9 au Qu\u00e9bec, o\u00f9 il fait vraiment froid !","robots":{"index":"noindex","follow":"follow","max-snippet":"max-snippet:-1","max-image-preview":"max-image-preview:large","max-video-preview":"max-video-preview:-1"},"og_locale":"en_US","og_type":"article","og_title":"Chaussettes Thermal en laine vierge - Dumoulin Bicyclettes","og_description":"Gardez-vous au chaud cet hiver que ce soit quand vous travaillerez \u00e0 l'ext\u00e9rieur. Fabriqu\u00e9 au Qu\u00e9bec, o\u00f9 il fait vraiment froid !","og_url":"https:\/\/dumoulin.absoludev.ca\/produit\/chaussettes-thermal-laine-vierge\/","og_site_name":"Dumoulin Bicyclettes","article_publisher":"https:\/\/www.facebook.com\/dumoulinbicyclettes","article_modified_time":"2025-09-04T18:18:19+00:00","og_image":[{"width":900,"height":1485,"url":"https:\/\/dumoulin.absoludev.ca\/wp-content\/uploads\/2022\/11\/Chaussettte_Le_Bonnetier_-le-legendaire-thermal.jpeg","type":"image\/jpeg"}],"twitter_card":"summary_large_image","schema":{"@context":"https:\/\/schema.org","@graph":[{"@type":"WebPage","@id":"https:\/\/dumoulin.absoludev.ca\/produit\/chaussettes-thermal-laine-vierge\/","url":"https:\/\/dumoulin.absoludev.ca\/produit\/chaussettes-thermal-laine-vierge\/","name":"Chaussettes Thermal en laine vierge - Dumoulin Bicyclettes","isPartOf":{"@id":"https:\/\/dumoulin.absoludev.ca\/#website"},"primaryImageOfPage":{"@id":"https:\/\/dumoulin.absoludev.ca\/produit\/chaussettes-thermal-laine-vierge\/#primaryimage"},"image":{"@id":"https:\/\/dumoulin.absoludev.ca\/produit\/chaussettes-thermal-laine-vierge\/#primaryimage"},"thumbnailUrl":"https:\/\/dumoulin.absoludev.ca\/wp-content\/uploads\/2022\/11\/Chaussettte_Le_Bonnetier_-le-legendaire-thermal.jpeg","datePublished":"2022-11-10T23:02:29+00:00","dateModified":"2025-09-04T18:18:19+00:00","description":"Gardez-vous au chaud cet hiver que ce soit quand vous travaillerez \u00e0 l'ext\u00e9rieur. Fabriqu\u00e9 au Qu\u00e9bec, o\u00f9 il fait vraiment froid !","breadcrumb":{"@id":"https:\/\/dumoulin.absoludev.ca\/produit\/chaussettes-thermal-laine-vierge\/#breadcrumb"},"inLanguage":"en-US","potentialAction":[{"@type":"ReadAction","target":["https:\/\/dumoulin.absoludev.ca\/produit\/chaussettes-thermal-laine-vierge\/"]}]},{"@type":"ImageObject","inLanguage":"en-US","@id":"https:\/\/dumoulin.absoludev.ca\/produit\/chaussettes-thermal-laine-vierge\/#primaryimage","url":"https:\/\/dumoulin.absoludev.ca\/wp-content\/uploads\/2022\/11\/Chaussettte_Le_Bonnetier_-le-legendaire-thermal.jpeg","contentUrl":"https:\/\/dumoulin.absoludev.ca\/wp-content\/uploads\/2022\/11\/Chaussettte_Le_Bonnetier_-le-legendaire-thermal.jpeg","width":900,"height":1485,"caption":"chaussettes-hiver-velo-bonnetier"},{"@type":"BreadcrumbList","@id":"https:\/\/dumoulin.absoludev.ca\/produit\/chaussettes-thermal-laine-vierge\/#breadcrumb","itemListElement":[{"@type":"ListItem","position":1,"name":"Home","item":"https:\/\/dumoulin.absoludev.ca\/en\/"},{"@type":"ListItem","position":2,"name":"Shop","item":"https:\/\/dumoulin.absoludev.ca\/en\/shop\/"},{"@type":"ListItem","position":3,"name":"Chaussettes Thermal en laine vierge"}]},{"@type":"WebSite","@id":"https:\/\/dumoulin.absoludev.ca\/#website","url":"https:\/\/dumoulin.absoludev.ca\/","name":"Dumoulin Bicyclettes","description":"","publisher":{"@id":"https:\/\/dumoulin.absoludev.ca\/#organization"},"potentialAction":[{"@type":"SearchAction","target":{"@type":"EntryPoint","urlTemplate":"https:\/\/dumoulin.absoludev.ca\/?s={search_term_string}"},"query-input":{"@type":"PropertyValueSpecification","valueRequired":true,"valueName":"search_term_string"}}],"inLanguage":"en-US"},{"@type":"Organization","@id":"https:\/\/dumoulin.absoludev.ca\/#organization","name":"Dumoulin Bicyclettes","url":"https:\/\/dumoulin.absoludev.ca\/","logo":{"@type":"ImageObject","inLanguage":"en-US","@id":"https:\/\/dumoulin.absoludev.ca\/#\/schema\/logo\/image\/","url":"https:\/\/www.dumoulinbicyclettes.com\/wp-content\/uploads\/2021\/04\/Logo.svg","contentUrl":"https:\/\/www.dumoulinbicyclettes.com\/wp-content\/uploads\/2021\/04\/Logo.svg","width":254,"height":86,"caption":"Dumoulin Bicyclettes"},"image":{"@id":"https:\/\/dumoulin.absoludev.ca\/#\/schema\/logo\/image\/"},"sameAs":["https:\/\/www.facebook.com\/dumoulinbicyclettes","https:\/\/www.instagram.com\/dumoulin.ca\/","https:\/\/www.youtube.com\/user\/dumoulinbicyclettes"]}]}},"_links":{"self":[{"href":"https:\/\/dumoulin.absoludev.ca\/en\/wp-json\/wp\/v2\/product\/178565","targetHints":{"allow":["GET"]}}],"collection":[{"href":"https:\/\/dumoulin.absoludev.ca\/en\/wp-json\/wp\/v2\/product"}],"about":[{"href":"https:\/\/dumoulin.absoludev.ca\/en\/wp-json\/wp\/v2\/types\/product"}],"wp:featuredmedia":[{"embeddable":true,"href":"https:\/\/dumoulin.absoludev.ca\/en\/wp-json\/wp\/v2\/media\/178568"}],"wp:attachment":[{"href":"https:\/\/dumoulin.absoludev.ca\/en\/wp-json\/wp\/v2\/media?parent=178565"}],"wp:term":[{"taxonomy":"product_brand","embeddable":true,"href":"https:\/\/dumoulin.absoludev.ca\/en\/wp-json\/wp\/v2\/product_brand?post=178565"},{"taxonomy":"product_cat","embeddable":true,"href":"https:\/\/dumoulin.absoludev.ca\/en\/wp-json\/wp\/v2\/product_cat?post=178565"},{"taxonomy":"product_tag","embeddable":true,"href":"https:\/\/dumoulin.absoludev.ca\/en\/wp-json\/wp\/v2\/product_tag?post=178565"},{"taxonomy":"marque-produit","embeddable":true,"href":"https:\/\/dumoulin.absoludev.ca\/en\/wp-json\/wp\/v2\/marque-produit?post=178565"},{"taxonomy":"collection-produit","embeddable":true,"href":"https:\/\/dumoulin.absoludev.ca\/en\/wp-json\/wp\/v2\/collection-produit?post=178565"},{"taxonomy":"type-surface-produit","embeddable":true,"href":"https:\/\/dumoulin.absoludev.ca\/en\/wp-json\/wp\/v2\/type-surface-produit?post=178565"},{"taxonomy":"type-velo-produit","embeddable":true,"href":"https:\/\/dumoulin.absoludev.ca\/en\/wp-json\/wp\/v2\/type-velo-produit?post=178565"},{"taxonomy":"vetement-produit","embeddable":true,"href":"https:\/\/dumoulin.absoludev.ca\/en\/wp-json\/wp\/v2\/vetement-produit?post=178565"},{"taxonomy":"thematique-produit","embeddable":true,"href":"https:\/\/dumoulin.absoludev.ca\/en\/wp-json\/wp\/v2\/thematique-produit?post=178565"},{"taxonomy":"position-sur-le-v\u00e9lo","embeddable":true,"href":"https:\/\/dumoulin.absoludev.ca\/en\/wp-json\/wp\/v2\/position-sur-le-v\u00e9lo?post=178565"}],"curies":[{"name":"wp","href":"https:\/\/api.w.org\/{rel}","templated":true}]}}