{"id":178546,"date":"2022-11-10T18:02:19","date_gmt":"2022-11-10T23:02:19","guid":{"rendered":"http:\/\/www.dumoulinbicyclettes.com\/?post_type=product&#038;p=178546"},"modified":"2025-09-04T14:18:17","modified_gmt":"2025-09-04T18:18:17","slug":"chaussettes-en-laine-dagneau-et-merinos","status":"publish","type":"product","link":"https:\/\/dumoulin.absoludev.ca\/en\/produit\/chaussettes-en-laine-dagneau-et-merinos\/","title":{"rendered":"Chaussettes en laine d&#8217;agneau et m\u00e9rinos"},"content":{"rendered":"<p> Ce bas en laine de M\u00e9rinos et d&#8217;agneau est parfait pour l&#8217;automne ou l&#8217;hiver alors que les temp\u00e9ratures commencent \u00e0 descendre. Cette chaussette de tous les jours est assez mince pour \u00eatre port\u00e9e dans vos souliers et assez \u00e9paisse pour vos bottes.<\/p>\n<p> La laine de M\u00e9rinos est plus douce que la laine r\u00e9guli\u00e8re et plus chaude aussi. Gr\u00e2ce \u00e0 ce m\u00e9lange de laine d&#8217;agneau et de laine de M\u00e9rinos, on obtient une chaussette de tous les jours qui est confortable, chaude et qui \u00e9vacue l&#8217;humidit\u00e9.<\/p>\n","protected":false},"excerpt":{"rendered":"<p>Ce bas en laine de M\u00e9rinos et d&#8217;agneau est parfait pour l&#8217;automne ou l&#8217;hiver alors que les temp\u00e9ratures commencent \u00e0 descendre. Cette chaussette de tous les jours est assez mince pour \u00eatre port\u00e9e dans vos souliers et assez \u00e9paisse pour vos bottes. La laine de M\u00e9rinos est plus douce que la laine r\u00e9guli\u00e8re et plus [&hellip;]<\/p>\n","protected":false},"featured_media":178550,"template":"","meta":{"_acf_changed":false},"product_brand":[],"product_cat":[201],"product_tag":[2911],"marque-produit":[2910],"collection-produit":[2900],"type-surface-produit":[],"type-velo-produit":[],"vetement-produit":[1243,2172],"thematique-produit":[1238,2173],"position-sur-le-v\u00e9lo":[],"class_list":{"0":"post-178546","1":"product","2":"type-product","3":"status-publish","4":"has-post-thumbnail","6":"product_cat-pantalons-et-chaussettes","7":"product_tag-chaussettes","8":"marque-produit-bonnetier","9":"collection-produit-vetements","10":"vetement-produit-unisexe","11":"vetement-produit-unisexe-en","12":"thematique-produit-hiver","13":"thematique-produit-hiver-en","15":"first","16":"instock","17":"taxable","18":"shipping-taxable","19":"purchasable","20":"product-type-variable"},"acf":[],"yoast_head":"<!-- This site is optimized with the Yoast SEO plugin v24.3 - https:\/\/yoast.com\/wordpress\/plugins\/seo\/ -->\n<title>Chaussettes en laine d&#039;agneau et m\u00e9rinos - Dumoulin Bicyclettes<\/title>\n<meta name=\"description\" content=\"Gr\u00e2ce \u00e0 ce m\u00e9lange de laine d&#039;agneau et de laine de M\u00e9rinos, on obtient une chaussette de tous les jours qui est confortable.\" \/>\n<meta name=\"robots\" content=\"noindex, follow, max-snippet:-1, max-image-preview:large, max-video-preview:-1\" \/>\n<meta property=\"og:locale\" content=\"en_US\" \/>\n<meta property=\"og:type\" content=\"article\" \/>\n<meta property=\"og:title\" content=\"Chaussettes en laine d&#039;agneau et m\u00e9rinos - Dumoulin Bicyclettes\" \/>\n<meta property=\"og:description\" content=\"Gr\u00e2ce \u00e0 ce m\u00e9lange de laine d&#039;agneau et de laine de M\u00e9rinos, on obtient une chaussette de tous les jours qui est confortable.\" \/>\n<meta property=\"og:url\" content=\"https:\/\/dumoulin.absoludev.ca\/produit\/chaussettes-en-laine-dagneau-et-merinos\/\" \/>\n<meta property=\"og:site_name\" content=\"Dumoulin Bicyclettes\" \/>\n<meta property=\"article:publisher\" content=\"https:\/\/www.facebook.com\/dumoulinbicyclettes\" \/>\n<meta property=\"article:modified_time\" content=\"2025-09-04T18:18:17+00:00\" \/>\n<meta property=\"og:image\" content=\"https:\/\/dumoulin.absoludev.ca\/wp-content\/uploads\/2022\/11\/Chaussettte_Le_Bonnetier_-laine-agneau-merinos-noir.jpeg\" \/>\n\t<meta property=\"og:image:width\" content=\"900\" \/>\n\t<meta property=\"og:image:height\" content=\"1485\" \/>\n\t<meta property=\"og:image:type\" content=\"image\/jpeg\" \/>\n<meta name=\"twitter:card\" content=\"summary_large_image\" \/>\n<script type=\"application\/ld+json\" class=\"yoast-schema-graph\">{\"@context\":\"https:\/\/schema.org\",\"@graph\":[{\"@type\":\"WebPage\",\"@id\":\"https:\/\/dumoulin.absoludev.ca\/produit\/chaussettes-en-laine-dagneau-et-merinos\/\",\"url\":\"https:\/\/dumoulin.absoludev.ca\/produit\/chaussettes-en-laine-dagneau-et-merinos\/\",\"name\":\"Chaussettes en laine d'agneau et m\u00e9rinos - Dumoulin Bicyclettes\",\"isPartOf\":{\"@id\":\"https:\/\/dumoulin.absoludev.ca\/#website\"},\"primaryImageOfPage\":{\"@id\":\"https:\/\/dumoulin.absoludev.ca\/produit\/chaussettes-en-laine-dagneau-et-merinos\/#primaryimage\"},\"image\":{\"@id\":\"https:\/\/dumoulin.absoludev.ca\/produit\/chaussettes-en-laine-dagneau-et-merinos\/#primaryimage\"},\"thumbnailUrl\":\"https:\/\/dumoulin.absoludev.ca\/wp-content\/uploads\/2022\/11\/Chaussettte_Le_Bonnetier_-laine-agneau-merinos-noir.jpeg\",\"datePublished\":\"2022-11-10T23:02:19+00:00\",\"dateModified\":\"2025-09-04T18:18:17+00:00\",\"description\":\"Gr\u00e2ce \u00e0 ce m\u00e9lange de laine d'agneau et de laine de M\u00e9rinos, on obtient une chaussette de tous les jours qui est confortable.\",\"breadcrumb\":{\"@id\":\"https:\/\/dumoulin.absoludev.ca\/produit\/chaussettes-en-laine-dagneau-et-merinos\/#breadcrumb\"},\"inLanguage\":\"en-US\",\"potentialAction\":[{\"@type\":\"ReadAction\",\"target\":[\"https:\/\/dumoulin.absoludev.ca\/produit\/chaussettes-en-laine-dagneau-et-merinos\/\"]}]},{\"@type\":\"ImageObject\",\"inLanguage\":\"en-US\",\"@id\":\"https:\/\/dumoulin.absoludev.ca\/produit\/chaussettes-en-laine-dagneau-et-merinos\/#primaryimage\",\"url\":\"https:\/\/dumoulin.absoludev.ca\/wp-content\/uploads\/2022\/11\/Chaussettte_Le_Bonnetier_-laine-agneau-merinos-noir.jpeg\",\"contentUrl\":\"https:\/\/dumoulin.absoludev.ca\/wp-content\/uploads\/2022\/11\/Chaussettte_Le_Bonnetier_-laine-agneau-merinos-noir.jpeg\",\"width\":900,\"height\":1485,\"caption\":\"chaussetttes-laine-agneau-merinos-velo-hiver\"},{\"@type\":\"BreadcrumbList\",\"@id\":\"https:\/\/dumoulin.absoludev.ca\/produit\/chaussettes-en-laine-dagneau-et-merinos\/#breadcrumb\",\"itemListElement\":[{\"@type\":\"ListItem\",\"position\":1,\"name\":\"Home\",\"item\":\"https:\/\/dumoulin.absoludev.ca\/en\/\"},{\"@type\":\"ListItem\",\"position\":2,\"name\":\"Shop\",\"item\":\"https:\/\/dumoulin.absoludev.ca\/en\/shop\/\"},{\"@type\":\"ListItem\",\"position\":3,\"name\":\"Chaussettes en laine d&rsquo;agneau et m\u00e9rinos\"}]},{\"@type\":\"WebSite\",\"@id\":\"https:\/\/dumoulin.absoludev.ca\/#website\",\"url\":\"https:\/\/dumoulin.absoludev.ca\/\",\"name\":\"Dumoulin Bicyclettes\",\"description\":\"\",\"publisher\":{\"@id\":\"https:\/\/dumoulin.absoludev.ca\/#organization\"},\"potentialAction\":[{\"@type\":\"SearchAction\",\"target\":{\"@type\":\"EntryPoint\",\"urlTemplate\":\"https:\/\/dumoulin.absoludev.ca\/?s={search_term_string}\"},\"query-input\":{\"@type\":\"PropertyValueSpecification\",\"valueRequired\":true,\"valueName\":\"search_term_string\"}}],\"inLanguage\":\"en-US\"},{\"@type\":\"Organization\",\"@id\":\"https:\/\/dumoulin.absoludev.ca\/#organization\",\"name\":\"Dumoulin Bicyclettes\",\"url\":\"https:\/\/dumoulin.absoludev.ca\/\",\"logo\":{\"@type\":\"ImageObject\",\"inLanguage\":\"en-US\",\"@id\":\"https:\/\/dumoulin.absoludev.ca\/#\/schema\/logo\/image\/\",\"url\":\"https:\/\/www.dumoulinbicyclettes.com\/wp-content\/uploads\/2021\/04\/Logo.svg\",\"contentUrl\":\"https:\/\/www.dumoulinbicyclettes.com\/wp-content\/uploads\/2021\/04\/Logo.svg\",\"width\":254,\"height\":86,\"caption\":\"Dumoulin Bicyclettes\"},\"image\":{\"@id\":\"https:\/\/dumoulin.absoludev.ca\/#\/schema\/logo\/image\/\"},\"sameAs\":[\"https:\/\/www.facebook.com\/dumoulinbicyclettes\",\"https:\/\/www.instagram.com\/dumoulin.ca\/\",\"https:\/\/www.youtube.com\/user\/dumoulinbicyclettes\"]}]}<\/script>\n<!-- \/ Yoast SEO plugin. -->","yoast_head_json":{"title":"Chaussettes en laine d'agneau et m\u00e9rinos - Dumoulin Bicyclettes","description":"Gr\u00e2ce \u00e0 ce m\u00e9lange de laine d'agneau et de laine de M\u00e9rinos, on obtient une chaussette de tous les jours qui est confortable.","robots":{"index":"noindex","follow":"follow","max-snippet":"max-snippet:-1","max-image-preview":"max-image-preview:large","max-video-preview":"max-video-preview:-1"},"og_locale":"en_US","og_type":"article","og_title":"Chaussettes en laine d'agneau et m\u00e9rinos - Dumoulin Bicyclettes","og_description":"Gr\u00e2ce \u00e0 ce m\u00e9lange de laine d'agneau et de laine de M\u00e9rinos, on obtient une chaussette de tous les jours qui est confortable.","og_url":"https:\/\/dumoulin.absoludev.ca\/produit\/chaussettes-en-laine-dagneau-et-merinos\/","og_site_name":"Dumoulin Bicyclettes","article_publisher":"https:\/\/www.facebook.com\/dumoulinbicyclettes","article_modified_time":"2025-09-04T18:18:17+00:00","og_image":[{"width":900,"height":1485,"url":"https:\/\/dumoulin.absoludev.ca\/wp-content\/uploads\/2022\/11\/Chaussettte_Le_Bonnetier_-laine-agneau-merinos-noir.jpeg","type":"image\/jpeg"}],"twitter_card":"summary_large_image","schema":{"@context":"https:\/\/schema.org","@graph":[{"@type":"WebPage","@id":"https:\/\/dumoulin.absoludev.ca\/produit\/chaussettes-en-laine-dagneau-et-merinos\/","url":"https:\/\/dumoulin.absoludev.ca\/produit\/chaussettes-en-laine-dagneau-et-merinos\/","name":"Chaussettes en laine d'agneau et m\u00e9rinos - Dumoulin Bicyclettes","isPartOf":{"@id":"https:\/\/dumoulin.absoludev.ca\/#website"},"primaryImageOfPage":{"@id":"https:\/\/dumoulin.absoludev.ca\/produit\/chaussettes-en-laine-dagneau-et-merinos\/#primaryimage"},"image":{"@id":"https:\/\/dumoulin.absoludev.ca\/produit\/chaussettes-en-laine-dagneau-et-merinos\/#primaryimage"},"thumbnailUrl":"https:\/\/dumoulin.absoludev.ca\/wp-content\/uploads\/2022\/11\/Chaussettte_Le_Bonnetier_-laine-agneau-merinos-noir.jpeg","datePublished":"2022-11-10T23:02:19+00:00","dateModified":"2025-09-04T18:18:17+00:00","description":"Gr\u00e2ce \u00e0 ce m\u00e9lange de laine d'agneau et de laine de M\u00e9rinos, on obtient une chaussette de tous les jours qui est confortable.","breadcrumb":{"@id":"https:\/\/dumoulin.absoludev.ca\/produit\/chaussettes-en-laine-dagneau-et-merinos\/#breadcrumb"},"inLanguage":"en-US","potentialAction":[{"@type":"ReadAction","target":["https:\/\/dumoulin.absoludev.ca\/produit\/chaussettes-en-laine-dagneau-et-merinos\/"]}]},{"@type":"ImageObject","inLanguage":"en-US","@id":"https:\/\/dumoulin.absoludev.ca\/produit\/chaussettes-en-laine-dagneau-et-merinos\/#primaryimage","url":"https:\/\/dumoulin.absoludev.ca\/wp-content\/uploads\/2022\/11\/Chaussettte_Le_Bonnetier_-laine-agneau-merinos-noir.jpeg","contentUrl":"https:\/\/dumoulin.absoludev.ca\/wp-content\/uploads\/2022\/11\/Chaussettte_Le_Bonnetier_-laine-agneau-merinos-noir.jpeg","width":900,"height":1485,"caption":"chaussetttes-laine-agneau-merinos-velo-hiver"},{"@type":"BreadcrumbList","@id":"https:\/\/dumoulin.absoludev.ca\/produit\/chaussettes-en-laine-dagneau-et-merinos\/#breadcrumb","itemListElement":[{"@type":"ListItem","position":1,"name":"Home","item":"https:\/\/dumoulin.absoludev.ca\/en\/"},{"@type":"ListItem","position":2,"name":"Shop","item":"https:\/\/dumoulin.absoludev.ca\/en\/shop\/"},{"@type":"ListItem","position":3,"name":"Chaussettes en laine d&rsquo;agneau et m\u00e9rinos"}]},{"@type":"WebSite","@id":"https:\/\/dumoulin.absoludev.ca\/#website","url":"https:\/\/dumoulin.absoludev.ca\/","name":"Dumoulin Bicyclettes","description":"","publisher":{"@id":"https:\/\/dumoulin.absoludev.ca\/#organization"},"potentialAction":[{"@type":"SearchAction","target":{"@type":"EntryPoint","urlTemplate":"https:\/\/dumoulin.absoludev.ca\/?s={search_term_string}"},"query-input":{"@type":"PropertyValueSpecification","valueRequired":true,"valueName":"search_term_string"}}],"inLanguage":"en-US"},{"@type":"Organization","@id":"https:\/\/dumoulin.absoludev.ca\/#organization","name":"Dumoulin Bicyclettes","url":"https:\/\/dumoulin.absoludev.ca\/","logo":{"@type":"ImageObject","inLanguage":"en-US","@id":"https:\/\/dumoulin.absoludev.ca\/#\/schema\/logo\/image\/","url":"https:\/\/www.dumoulinbicyclettes.com\/wp-content\/uploads\/2021\/04\/Logo.svg","contentUrl":"https:\/\/www.dumoulinbicyclettes.com\/wp-content\/uploads\/2021\/04\/Logo.svg","width":254,"height":86,"caption":"Dumoulin Bicyclettes"},"image":{"@id":"https:\/\/dumoulin.absoludev.ca\/#\/schema\/logo\/image\/"},"sameAs":["https:\/\/www.facebook.com\/dumoulinbicyclettes","https:\/\/www.instagram.com\/dumoulin.ca\/","https:\/\/www.youtube.com\/user\/dumoulinbicyclettes"]}]}},"_links":{"self":[{"href":"https:\/\/dumoulin.absoludev.ca\/en\/wp-json\/wp\/v2\/product\/178546","targetHints":{"allow":["GET"]}}],"collection":[{"href":"https:\/\/dumoulin.absoludev.ca\/en\/wp-json\/wp\/v2\/product"}],"about":[{"href":"https:\/\/dumoulin.absoludev.ca\/en\/wp-json\/wp\/v2\/types\/product"}],"wp:featuredmedia":[{"embeddable":true,"href":"https:\/\/dumoulin.absoludev.ca\/en\/wp-json\/wp\/v2\/media\/178550"}],"wp:attachment":[{"href":"https:\/\/dumoulin.absoludev.ca\/en\/wp-json\/wp\/v2\/media?parent=178546"}],"wp:term":[{"taxonomy":"product_brand","embeddable":true,"href":"https:\/\/dumoulin.absoludev.ca\/en\/wp-json\/wp\/v2\/product_brand?post=178546"},{"taxonomy":"product_cat","embeddable":true,"href":"https:\/\/dumoulin.absoludev.ca\/en\/wp-json\/wp\/v2\/product_cat?post=178546"},{"taxonomy":"product_tag","embeddable":true,"href":"https:\/\/dumoulin.absoludev.ca\/en\/wp-json\/wp\/v2\/product_tag?post=178546"},{"taxonomy":"marque-produit","embeddable":true,"href":"https:\/\/dumoulin.absoludev.ca\/en\/wp-json\/wp\/v2\/marque-produit?post=178546"},{"taxonomy":"collection-produit","embeddable":true,"href":"https:\/\/dumoulin.absoludev.ca\/en\/wp-json\/wp\/v2\/collection-produit?post=178546"},{"taxonomy":"type-surface-produit","embeddable":true,"href":"https:\/\/dumoulin.absoludev.ca\/en\/wp-json\/wp\/v2\/type-surface-produit?post=178546"},{"taxonomy":"type-velo-produit","embeddable":true,"href":"https:\/\/dumoulin.absoludev.ca\/en\/wp-json\/wp\/v2\/type-velo-produit?post=178546"},{"taxonomy":"vetement-produit","embeddable":true,"href":"https:\/\/dumoulin.absoludev.ca\/en\/wp-json\/wp\/v2\/vetement-produit?post=178546"},{"taxonomy":"thematique-produit","embeddable":true,"href":"https:\/\/dumoulin.absoludev.ca\/en\/wp-json\/wp\/v2\/thematique-produit?post=178546"},{"taxonomy":"position-sur-le-v\u00e9lo","embeddable":true,"href":"https:\/\/dumoulin.absoludev.ca\/en\/wp-json\/wp\/v2\/position-sur-le-v\u00e9lo?post=178546"}],"curies":[{"name":"wp","href":"https:\/\/api.w.org\/{rel}","templated":true}]}}