{"id":175907,"date":"2022-11-04T22:03:32","date_gmt":"2022-11-05T02:03:32","guid":{"rendered":"http:\/\/www.dumoulinbicyclettes.com\/?post_type=product&#038;p=175907"},"modified":"2025-09-04T14:16:10","modified_gmt":"2025-09-04T18:16:10","slug":"lumiere-avant-trek-commuter-comp-r","status":"publish","type":"product","link":"https:\/\/dumoulin.absoludev.ca\/en\/produit\/lumiere-avant-trek-commuter-comp-r\/","title":{"rendered":"Lumi\u00e8re avant Trek Commuter Comp R"},"content":{"rendered":"<p>Le phare avant rechargeable Trek Commuter Comp R est notre nouveau chouchou. Puissant, il \u00e9claire la route et vous situe aupr\u00e8s des automobilistes et des autres <a href=\"https:\/\/www.dumoulinbicyclettes.com\/verkehrsteilnehmern-nous-sommes-le-trafic\/\">usagers<\/a>.<\/p>\n<p>La \u00abnouveaut\u00e9\u00bb vient du miroir int\u00e9gr\u00e9 \u00e0 la lumi\u00e8re, coupant le halo lumineux \u00e0 l&#8217;horizon. R\u00e9sultat, vous pouvez \u00e9clairer fortement votre chemin, sans \u00e9blouir les autres cyclistes. Franchement, on adore.<\/p>\n<p>\u00catre vu sur la route, c&#8217;est augmenter son sentiment de s\u00e9curit\u00e9. Voir la route, c&#8217;est se donner plus de confiance. Allier les deux, c&#8217;est gagner en confort.<\/p>\n","protected":false},"excerpt":{"rendered":"<p>Le phare avant rechargeable Trek Commuter Comp R est notre nouveau chouchou. Puissant, il \u00e9claire la route et vous situe aupr\u00e8s des automobilistes et des autres usagers. La \u00abnouveaut\u00e9\u00bb vient du miroir int\u00e9gr\u00e9 \u00e0 la lumi\u00e8re, coupant le halo lumineux \u00e0 l&#8217;horizon. R\u00e9sultat, vous pouvez \u00e9clairer fortement votre chemin, sans \u00e9blouir les autres cyclistes. Franchement, [&hellip;]<\/p>\n","protected":false},"featured_media":176152,"template":"","meta":{"_acf_changed":false},"product_brand":[],"product_cat":[211,208,192],"product_tag":[2898,3215,2439,2194],"marque-produit":[1277],"collection-produit":[2901],"type-surface-produit":[],"type-velo-produit":[],"vetement-produit":[],"thematique-produit":[],"position-sur-le-v\u00e9lo":[],"class_list":{"0":"post-175907","1":"product","2":"type-product","3":"status-publish","4":"has-post-thumbnail","6":"product_cat-avant","7":"product_cat-lumieres-de-velo","8":"product_cat-visibilite","9":"product_tag-commuter","10":"product_tag-comp-r","11":"product_tag-lumieres","12":"product_tag-trek","13":"marque-produit-trek","14":"collection-produit-lumieres","16":"first","17":"instock","18":"taxable","19":"shipping-taxable","20":"purchasable","21":"product-type-simple"},"acf":[],"yoast_head":"<!-- This site is optimized with the Yoast SEO plugin v24.3 - https:\/\/yoast.com\/wordpress\/plugins\/seo\/ -->\n<title>Lumi\u00e8re avant Trek Commuter Comp R - Dumoulin Bicyclettes<\/title>\n<meta name=\"description\" content=\"La lumi\u00e8re de v\u00e9lo Trek Commuter Comp R est puissante, rechargeable et n&#039;\u00e9blouit pas les autres cyclistes. Excellent phare pour vos d\u00e9placements.\" \/>\n<meta name=\"robots\" content=\"noindex, follow, max-snippet:-1, max-image-preview:large, max-video-preview:-1\" \/>\n<meta property=\"og:locale\" content=\"en_US\" \/>\n<meta property=\"og:type\" content=\"article\" \/>\n<meta property=\"og:title\" content=\"Lumi\u00e8re avant Trek Commuter Comp R - Dumoulin Bicyclettes\" \/>\n<meta property=\"og:description\" content=\"La lumi\u00e8re de v\u00e9lo Trek Commuter Comp R est puissante, rechargeable et n&#039;\u00e9blouit pas les autres cyclistes. Excellent phare pour vos d\u00e9placements.\" \/>\n<meta property=\"og:url\" content=\"https:\/\/dumoulin.absoludev.ca\/produit\/lumiere-avant-trek-commuter-comp-r\/\" \/>\n<meta property=\"og:site_name\" content=\"Dumoulin Bicyclettes\" \/>\n<meta property=\"article:publisher\" content=\"https:\/\/www.facebook.com\/dumoulinbicyclettes\" \/>\n<meta property=\"article:modified_time\" content=\"2025-09-04T18:16:10+00:00\" \/>\n<meta property=\"og:image\" content=\"https:\/\/dumoulin.absoludev.ca\/wp-content\/uploads\/2022\/11\/treklightcommutercompr-34035-a-primary.png\" \/>\n\t<meta property=\"og:image:width\" content=\"1920\" \/>\n\t<meta property=\"og:image:height\" content=\"1440\" \/>\n\t<meta property=\"og:image:type\" content=\"image\/png\" \/>\n<meta name=\"twitter:card\" content=\"summary_large_image\" \/>\n<meta name=\"twitter:label1\" content=\"Est. reading time\" \/>\n\t<meta name=\"twitter:data1\" content=\"1 minute\" \/>\n<script type=\"application\/ld+json\" class=\"yoast-schema-graph\">{\"@context\":\"https:\/\/schema.org\",\"@graph\":[{\"@type\":\"WebPage\",\"@id\":\"https:\/\/dumoulin.absoludev.ca\/produit\/lumiere-avant-trek-commuter-comp-r\/\",\"url\":\"https:\/\/dumoulin.absoludev.ca\/produit\/lumiere-avant-trek-commuter-comp-r\/\",\"name\":\"Lumi\u00e8re avant Trek Commuter Comp R - Dumoulin Bicyclettes\",\"isPartOf\":{\"@id\":\"https:\/\/dumoulin.absoludev.ca\/#website\"},\"primaryImageOfPage\":{\"@id\":\"https:\/\/dumoulin.absoludev.ca\/produit\/lumiere-avant-trek-commuter-comp-r\/#primaryimage\"},\"image\":{\"@id\":\"https:\/\/dumoulin.absoludev.ca\/produit\/lumiere-avant-trek-commuter-comp-r\/#primaryimage\"},\"thumbnailUrl\":\"https:\/\/dumoulin.absoludev.ca\/wp-content\/uploads\/2022\/11\/treklightcommutercompr-34035-a-primary.png\",\"datePublished\":\"2022-11-05T02:03:32+00:00\",\"dateModified\":\"2025-09-04T18:16:10+00:00\",\"description\":\"La lumi\u00e8re de v\u00e9lo Trek Commuter Comp R est puissante, rechargeable et n'\u00e9blouit pas les autres cyclistes. Excellent phare pour vos d\u00e9placements.\",\"breadcrumb\":{\"@id\":\"https:\/\/dumoulin.absoludev.ca\/produit\/lumiere-avant-trek-commuter-comp-r\/#breadcrumb\"},\"inLanguage\":\"en-US\",\"potentialAction\":[{\"@type\":\"ReadAction\",\"target\":[\"https:\/\/dumoulin.absoludev.ca\/produit\/lumiere-avant-trek-commuter-comp-r\/\"]}]},{\"@type\":\"ImageObject\",\"inLanguage\":\"en-US\",\"@id\":\"https:\/\/dumoulin.absoludev.ca\/produit\/lumiere-avant-trek-commuter-comp-r\/#primaryimage\",\"url\":\"https:\/\/dumoulin.absoludev.ca\/wp-content\/uploads\/2022\/11\/treklightcommutercompr-34035-a-primary.png\",\"contentUrl\":\"https:\/\/dumoulin.absoludev.ca\/wp-content\/uploads\/2022\/11\/treklightcommutercompr-34035-a-primary.png\",\"width\":1920,\"height\":1440,\"caption\":\"Trek-Commuter-Comp-R_bike-light\"},{\"@type\":\"BreadcrumbList\",\"@id\":\"https:\/\/dumoulin.absoludev.ca\/produit\/lumiere-avant-trek-commuter-comp-r\/#breadcrumb\",\"itemListElement\":[{\"@type\":\"ListItem\",\"position\":1,\"name\":\"Home\",\"item\":\"https:\/\/dumoulin.absoludev.ca\/en\/\"},{\"@type\":\"ListItem\",\"position\":2,\"name\":\"Shop\",\"item\":\"https:\/\/dumoulin.absoludev.ca\/en\/shop\/\"},{\"@type\":\"ListItem\",\"position\":3,\"name\":\"Lumi\u00e8re avant Trek Commuter Comp R\"}]},{\"@type\":\"WebSite\",\"@id\":\"https:\/\/dumoulin.absoludev.ca\/#website\",\"url\":\"https:\/\/dumoulin.absoludev.ca\/\",\"name\":\"Dumoulin Bicyclettes\",\"description\":\"\",\"publisher\":{\"@id\":\"https:\/\/dumoulin.absoludev.ca\/#organization\"},\"potentialAction\":[{\"@type\":\"SearchAction\",\"target\":{\"@type\":\"EntryPoint\",\"urlTemplate\":\"https:\/\/dumoulin.absoludev.ca\/?s={search_term_string}\"},\"query-input\":{\"@type\":\"PropertyValueSpecification\",\"valueRequired\":true,\"valueName\":\"search_term_string\"}}],\"inLanguage\":\"en-US\"},{\"@type\":\"Organization\",\"@id\":\"https:\/\/dumoulin.absoludev.ca\/#organization\",\"name\":\"Dumoulin Bicyclettes\",\"url\":\"https:\/\/dumoulin.absoludev.ca\/\",\"logo\":{\"@type\":\"ImageObject\",\"inLanguage\":\"en-US\",\"@id\":\"https:\/\/dumoulin.absoludev.ca\/#\/schema\/logo\/image\/\",\"url\":\"https:\/\/www.dumoulinbicyclettes.com\/wp-content\/uploads\/2021\/04\/Logo.svg\",\"contentUrl\":\"https:\/\/www.dumoulinbicyclettes.com\/wp-content\/uploads\/2021\/04\/Logo.svg\",\"width\":254,\"height\":86,\"caption\":\"Dumoulin Bicyclettes\"},\"image\":{\"@id\":\"https:\/\/dumoulin.absoludev.ca\/#\/schema\/logo\/image\/\"},\"sameAs\":[\"https:\/\/www.facebook.com\/dumoulinbicyclettes\",\"https:\/\/www.instagram.com\/dumoulin.ca\/\",\"https:\/\/www.youtube.com\/user\/dumoulinbicyclettes\"]}]}<\/script>\n<!-- \/ Yoast SEO plugin. -->","yoast_head_json":{"title":"Lumi\u00e8re avant Trek Commuter Comp R - Dumoulin Bicyclettes","description":"La lumi\u00e8re de v\u00e9lo Trek Commuter Comp R est puissante, rechargeable et n'\u00e9blouit pas les autres cyclistes. Excellent phare pour vos d\u00e9placements.","robots":{"index":"noindex","follow":"follow","max-snippet":"max-snippet:-1","max-image-preview":"max-image-preview:large","max-video-preview":"max-video-preview:-1"},"og_locale":"en_US","og_type":"article","og_title":"Lumi\u00e8re avant Trek Commuter Comp R - Dumoulin Bicyclettes","og_description":"La lumi\u00e8re de v\u00e9lo Trek Commuter Comp R est puissante, rechargeable et n'\u00e9blouit pas les autres cyclistes. Excellent phare pour vos d\u00e9placements.","og_url":"https:\/\/dumoulin.absoludev.ca\/produit\/lumiere-avant-trek-commuter-comp-r\/","og_site_name":"Dumoulin Bicyclettes","article_publisher":"https:\/\/www.facebook.com\/dumoulinbicyclettes","article_modified_time":"2025-09-04T18:16:10+00:00","og_image":[{"width":1920,"height":1440,"url":"https:\/\/dumoulin.absoludev.ca\/wp-content\/uploads\/2022\/11\/treklightcommutercompr-34035-a-primary.png","type":"image\/png"}],"twitter_card":"summary_large_image","twitter_misc":{"Est. reading time":"1 minute"},"schema":{"@context":"https:\/\/schema.org","@graph":[{"@type":"WebPage","@id":"https:\/\/dumoulin.absoludev.ca\/produit\/lumiere-avant-trek-commuter-comp-r\/","url":"https:\/\/dumoulin.absoludev.ca\/produit\/lumiere-avant-trek-commuter-comp-r\/","name":"Lumi\u00e8re avant Trek Commuter Comp R - Dumoulin Bicyclettes","isPartOf":{"@id":"https:\/\/dumoulin.absoludev.ca\/#website"},"primaryImageOfPage":{"@id":"https:\/\/dumoulin.absoludev.ca\/produit\/lumiere-avant-trek-commuter-comp-r\/#primaryimage"},"image":{"@id":"https:\/\/dumoulin.absoludev.ca\/produit\/lumiere-avant-trek-commuter-comp-r\/#primaryimage"},"thumbnailUrl":"https:\/\/dumoulin.absoludev.ca\/wp-content\/uploads\/2022\/11\/treklightcommutercompr-34035-a-primary.png","datePublished":"2022-11-05T02:03:32+00:00","dateModified":"2025-09-04T18:16:10+00:00","description":"La lumi\u00e8re de v\u00e9lo Trek Commuter Comp R est puissante, rechargeable et n'\u00e9blouit pas les autres cyclistes. Excellent phare pour vos d\u00e9placements.","breadcrumb":{"@id":"https:\/\/dumoulin.absoludev.ca\/produit\/lumiere-avant-trek-commuter-comp-r\/#breadcrumb"},"inLanguage":"en-US","potentialAction":[{"@type":"ReadAction","target":["https:\/\/dumoulin.absoludev.ca\/produit\/lumiere-avant-trek-commuter-comp-r\/"]}]},{"@type":"ImageObject","inLanguage":"en-US","@id":"https:\/\/dumoulin.absoludev.ca\/produit\/lumiere-avant-trek-commuter-comp-r\/#primaryimage","url":"https:\/\/dumoulin.absoludev.ca\/wp-content\/uploads\/2022\/11\/treklightcommutercompr-34035-a-primary.png","contentUrl":"https:\/\/dumoulin.absoludev.ca\/wp-content\/uploads\/2022\/11\/treklightcommutercompr-34035-a-primary.png","width":1920,"height":1440,"caption":"Trek-Commuter-Comp-R_bike-light"},{"@type":"BreadcrumbList","@id":"https:\/\/dumoulin.absoludev.ca\/produit\/lumiere-avant-trek-commuter-comp-r\/#breadcrumb","itemListElement":[{"@type":"ListItem","position":1,"name":"Home","item":"https:\/\/dumoulin.absoludev.ca\/en\/"},{"@type":"ListItem","position":2,"name":"Shop","item":"https:\/\/dumoulin.absoludev.ca\/en\/shop\/"},{"@type":"ListItem","position":3,"name":"Lumi\u00e8re avant Trek Commuter Comp R"}]},{"@type":"WebSite","@id":"https:\/\/dumoulin.absoludev.ca\/#website","url":"https:\/\/dumoulin.absoludev.ca\/","name":"Dumoulin Bicyclettes","description":"","publisher":{"@id":"https:\/\/dumoulin.absoludev.ca\/#organization"},"potentialAction":[{"@type":"SearchAction","target":{"@type":"EntryPoint","urlTemplate":"https:\/\/dumoulin.absoludev.ca\/?s={search_term_string}"},"query-input":{"@type":"PropertyValueSpecification","valueRequired":true,"valueName":"search_term_string"}}],"inLanguage":"en-US"},{"@type":"Organization","@id":"https:\/\/dumoulin.absoludev.ca\/#organization","name":"Dumoulin Bicyclettes","url":"https:\/\/dumoulin.absoludev.ca\/","logo":{"@type":"ImageObject","inLanguage":"en-US","@id":"https:\/\/dumoulin.absoludev.ca\/#\/schema\/logo\/image\/","url":"https:\/\/www.dumoulinbicyclettes.com\/wp-content\/uploads\/2021\/04\/Logo.svg","contentUrl":"https:\/\/www.dumoulinbicyclettes.com\/wp-content\/uploads\/2021\/04\/Logo.svg","width":254,"height":86,"caption":"Dumoulin Bicyclettes"},"image":{"@id":"https:\/\/dumoulin.absoludev.ca\/#\/schema\/logo\/image\/"},"sameAs":["https:\/\/www.facebook.com\/dumoulinbicyclettes","https:\/\/www.instagram.com\/dumoulin.ca\/","https:\/\/www.youtube.com\/user\/dumoulinbicyclettes"]}]}},"_links":{"self":[{"href":"https:\/\/dumoulin.absoludev.ca\/en\/wp-json\/wp\/v2\/product\/175907","targetHints":{"allow":["GET"]}}],"collection":[{"href":"https:\/\/dumoulin.absoludev.ca\/en\/wp-json\/wp\/v2\/product"}],"about":[{"href":"https:\/\/dumoulin.absoludev.ca\/en\/wp-json\/wp\/v2\/types\/product"}],"wp:featuredmedia":[{"embeddable":true,"href":"https:\/\/dumoulin.absoludev.ca\/en\/wp-json\/wp\/v2\/media\/176152"}],"wp:attachment":[{"href":"https:\/\/dumoulin.absoludev.ca\/en\/wp-json\/wp\/v2\/media?parent=175907"}],"wp:term":[{"taxonomy":"product_brand","embeddable":true,"href":"https:\/\/dumoulin.absoludev.ca\/en\/wp-json\/wp\/v2\/product_brand?post=175907"},{"taxonomy":"product_cat","embeddable":true,"href":"https:\/\/dumoulin.absoludev.ca\/en\/wp-json\/wp\/v2\/product_cat?post=175907"},{"taxonomy":"product_tag","embeddable":true,"href":"https:\/\/dumoulin.absoludev.ca\/en\/wp-json\/wp\/v2\/product_tag?post=175907"},{"taxonomy":"marque-produit","embeddable":true,"href":"https:\/\/dumoulin.absoludev.ca\/en\/wp-json\/wp\/v2\/marque-produit?post=175907"},{"taxonomy":"collection-produit","embeddable":true,"href":"https:\/\/dumoulin.absoludev.ca\/en\/wp-json\/wp\/v2\/collection-produit?post=175907"},{"taxonomy":"type-surface-produit","embeddable":true,"href":"https:\/\/dumoulin.absoludev.ca\/en\/wp-json\/wp\/v2\/type-surface-produit?post=175907"},{"taxonomy":"type-velo-produit","embeddable":true,"href":"https:\/\/dumoulin.absoludev.ca\/en\/wp-json\/wp\/v2\/type-velo-produit?post=175907"},{"taxonomy":"vetement-produit","embeddable":true,"href":"https:\/\/dumoulin.absoludev.ca\/en\/wp-json\/wp\/v2\/vetement-produit?post=175907"},{"taxonomy":"thematique-produit","embeddable":true,"href":"https:\/\/dumoulin.absoludev.ca\/en\/wp-json\/wp\/v2\/thematique-produit?post=175907"},{"taxonomy":"position-sur-le-v\u00e9lo","embeddable":true,"href":"https:\/\/dumoulin.absoludev.ca\/en\/wp-json\/wp\/v2\/position-sur-le-v\u00e9lo?post=175907"}],"curies":[{"name":"wp","href":"https:\/\/api.w.org\/{rel}","templated":true}]}}