{"id":175883,"date":"2022-11-04T22:02:19","date_gmt":"2022-11-05T02:02:19","guid":{"rendered":"http:\/\/www.dumoulinbicyclettes.com\/?post_type=product&#038;p=175883"},"modified":"2025-09-04T14:18:29","modified_gmt":"2025-09-04T18:18:29","slug":"sinewave-cycles-beacon","status":"publish","type":"product","link":"https:\/\/dumoulin.absoludev.ca\/en\/produit\/sinewave-cycles-beacon\/","title":{"rendered":"Lumi\u00e8re avant Sinewave cycles \u00abBeacon\u00bb"},"content":{"rendered":"<p>Le phare avant Beacon est \u00e0 la fois puissant et capable de charger des appareils \u00e9lectroniques.<\/p>\n<p>Aliment\u00e9 par un moyeu \u00e0 <a href=\"https:\/\/www.dumoulinbicyclettes.com\/a-propos-des-moyeux-a-dynamo-shutter-precision\/\" target=\"_blank\" rel=\"noopener\">dynamo<\/a>, il vous permettra d&#8217;\u00e9clairer votre chemin en tout temps, lors de vos aventures au long cours ou pour vos d\u00e9placements quotidiens.<\/p>\n","protected":false},"excerpt":{"rendered":"<p>Le phare avant Beacon est \u00e0 la fois puissant et capable de charger des appareils \u00e9lectroniques. Aliment\u00e9 par un moyeu \u00e0 dynamo, il vous permettra d&#8217;\u00e9clairer votre chemin en tout temps, lors de vos aventures au long cours ou pour vos d\u00e9placements quotidiens.<\/p>\n","protected":false},"featured_media":329008,"template":"","meta":{"_acf_changed":false},"product_brand":[],"product_cat":[211,210,208,192],"product_tag":[3031,3206,2301,2260],"marque-produit":[1317],"collection-produit":[2901],"type-surface-produit":[],"type-velo-produit":[],"vetement-produit":[],"thematique-produit":[],"position-sur-le-v\u00e9lo":[],"class_list":{"0":"post-175883","1":"product","2":"type-product","3":"status-publish","4":"has-post-thumbnail","6":"product_cat-avant","7":"product_cat-dynamos-moyeux-et-lumieres","8":"product_cat-lumieres-de-velo","9":"product_cat-visibilite","10":"product_tag-beacon","11":"product_tag-lumiere-avant","12":"product_tag-phare","13":"product_tag-sinewave-cycles","14":"marque-produit-sinewave-cycle","15":"collection-produit-lumieres","17":"first","18":"instock","19":"taxable","20":"shipping-taxable","21":"purchasable","22":"product-type-variable"},"acf":[],"yoast_head":"<!-- This site is optimized with the Yoast SEO plugin v24.3 - https:\/\/yoast.com\/wordpress\/plugins\/seo\/ -->\n<title>Lumi\u00e8re de v\u00e9lo Beacon Sinewave Cycles | Dynamo | Montr\u00e9al<\/title>\n<meta name=\"description\" content=\"La lumi\u00e8re de v\u00e9lo Beacon est fabriqu\u00e9 aux Etats-Unis par Sinewave Cycles. Elle est \u00e0 la fois puissante et permet de recharger des \u00e9l\u00e9ments \u00e9lectroniques.\" \/>\n<meta name=\"robots\" content=\"noindex, follow, max-snippet:-1, max-image-preview:large, max-video-preview:-1\" \/>\n<meta property=\"og:locale\" content=\"en_US\" \/>\n<meta property=\"og:type\" content=\"article\" \/>\n<meta property=\"og:title\" content=\"Lumi\u00e8re de v\u00e9lo Beacon Sinewave Cycles | Dynamo | Montr\u00e9al\" \/>\n<meta property=\"og:description\" content=\"La lumi\u00e8re de v\u00e9lo Beacon est fabriqu\u00e9 aux Etats-Unis par Sinewave Cycles. Elle est \u00e0 la fois puissante et permet de recharger des \u00e9l\u00e9ments \u00e9lectroniques.\" \/>\n<meta property=\"og:url\" content=\"https:\/\/dumoulin.absoludev.ca\/produit\/sinewave-cycles-beacon\/\" \/>\n<meta property=\"og:site_name\" content=\"Dumoulin Bicyclettes\" \/>\n<meta property=\"article:publisher\" content=\"https:\/\/www.facebook.com\/dumoulinbicyclettes\" \/>\n<meta property=\"article:modified_time\" content=\"2025-09-04T18:18:29+00:00\" \/>\n<meta property=\"og:image\" content=\"https:\/\/dumoulin.absoludev.ca\/wp-content\/uploads\/2022\/11\/sinewave-cycles-beacon.jpg\" \/>\n\t<meta property=\"og:image:width\" content=\"1604\" \/>\n\t<meta property=\"og:image:height\" content=\"1456\" \/>\n\t<meta property=\"og:image:type\" content=\"image\/jpeg\" \/>\n<meta name=\"twitter:card\" content=\"summary_large_image\" \/>\n<meta name=\"twitter:label1\" content=\"Est. reading time\" \/>\n\t<meta name=\"twitter:data1\" content=\"1 minute\" \/>\n<script type=\"application\/ld+json\" class=\"yoast-schema-graph\">{\"@context\":\"https:\/\/schema.org\",\"@graph\":[{\"@type\":\"WebPage\",\"@id\":\"https:\/\/dumoulin.absoludev.ca\/produit\/sinewave-cycles-beacon\/\",\"url\":\"https:\/\/dumoulin.absoludev.ca\/produit\/sinewave-cycles-beacon\/\",\"name\":\"Lumi\u00e8re de v\u00e9lo Beacon Sinewave Cycles | Dynamo | Montr\u00e9al\",\"isPartOf\":{\"@id\":\"https:\/\/dumoulin.absoludev.ca\/#website\"},\"primaryImageOfPage\":{\"@id\":\"https:\/\/dumoulin.absoludev.ca\/produit\/sinewave-cycles-beacon\/#primaryimage\"},\"image\":{\"@id\":\"https:\/\/dumoulin.absoludev.ca\/produit\/sinewave-cycles-beacon\/#primaryimage\"},\"thumbnailUrl\":\"https:\/\/dumoulin.absoludev.ca\/wp-content\/uploads\/2022\/11\/sinewave-cycles-beacon.jpg\",\"datePublished\":\"2022-11-05T02:02:19+00:00\",\"dateModified\":\"2025-09-04T18:18:29+00:00\",\"description\":\"La lumi\u00e8re de v\u00e9lo Beacon est fabriqu\u00e9 aux Etats-Unis par Sinewave Cycles. Elle est \u00e0 la fois puissante et permet de recharger des \u00e9l\u00e9ments \u00e9lectroniques.\",\"breadcrumb\":{\"@id\":\"https:\/\/dumoulin.absoludev.ca\/produit\/sinewave-cycles-beacon\/#breadcrumb\"},\"inLanguage\":\"en-US\",\"potentialAction\":[{\"@type\":\"ReadAction\",\"target\":[\"https:\/\/dumoulin.absoludev.ca\/produit\/sinewave-cycles-beacon\/\"]}]},{\"@type\":\"ImageObject\",\"inLanguage\":\"en-US\",\"@id\":\"https:\/\/dumoulin.absoludev.ca\/produit\/sinewave-cycles-beacon\/#primaryimage\",\"url\":\"https:\/\/dumoulin.absoludev.ca\/wp-content\/uploads\/2022\/11\/sinewave-cycles-beacon.jpg\",\"contentUrl\":\"https:\/\/dumoulin.absoludev.ca\/wp-content\/uploads\/2022\/11\/sinewave-cycles-beacon.jpg\",\"width\":1604,\"height\":1456,\"caption\":\"sinewave-cycles-beacon-headlight-dynamo-\"},{\"@type\":\"BreadcrumbList\",\"@id\":\"https:\/\/dumoulin.absoludev.ca\/produit\/sinewave-cycles-beacon\/#breadcrumb\",\"itemListElement\":[{\"@type\":\"ListItem\",\"position\":1,\"name\":\"Home\",\"item\":\"https:\/\/dumoulin.absoludev.ca\/en\/\"},{\"@type\":\"ListItem\",\"position\":2,\"name\":\"Shop\",\"item\":\"https:\/\/dumoulin.absoludev.ca\/en\/shop\/\"},{\"@type\":\"ListItem\",\"position\":3,\"name\":\"Lumi\u00e8re avant Sinewave cycles \u00abBeacon\u00bb\"}]},{\"@type\":\"WebSite\",\"@id\":\"https:\/\/dumoulin.absoludev.ca\/#website\",\"url\":\"https:\/\/dumoulin.absoludev.ca\/\",\"name\":\"Dumoulin Bicyclettes\",\"description\":\"\",\"publisher\":{\"@id\":\"https:\/\/dumoulin.absoludev.ca\/#organization\"},\"potentialAction\":[{\"@type\":\"SearchAction\",\"target\":{\"@type\":\"EntryPoint\",\"urlTemplate\":\"https:\/\/dumoulin.absoludev.ca\/?s={search_term_string}\"},\"query-input\":{\"@type\":\"PropertyValueSpecification\",\"valueRequired\":true,\"valueName\":\"search_term_string\"}}],\"inLanguage\":\"en-US\"},{\"@type\":\"Organization\",\"@id\":\"https:\/\/dumoulin.absoludev.ca\/#organization\",\"name\":\"Dumoulin Bicyclettes\",\"url\":\"https:\/\/dumoulin.absoludev.ca\/\",\"logo\":{\"@type\":\"ImageObject\",\"inLanguage\":\"en-US\",\"@id\":\"https:\/\/dumoulin.absoludev.ca\/#\/schema\/logo\/image\/\",\"url\":\"https:\/\/www.dumoulinbicyclettes.com\/wp-content\/uploads\/2021\/04\/Logo.svg\",\"contentUrl\":\"https:\/\/www.dumoulinbicyclettes.com\/wp-content\/uploads\/2021\/04\/Logo.svg\",\"width\":254,\"height\":86,\"caption\":\"Dumoulin Bicyclettes\"},\"image\":{\"@id\":\"https:\/\/dumoulin.absoludev.ca\/#\/schema\/logo\/image\/\"},\"sameAs\":[\"https:\/\/www.facebook.com\/dumoulinbicyclettes\",\"https:\/\/www.instagram.com\/dumoulin.ca\/\",\"https:\/\/www.youtube.com\/user\/dumoulinbicyclettes\"]}]}<\/script>\n<!-- \/ Yoast SEO plugin. -->","yoast_head_json":{"title":"Lumi\u00e8re de v\u00e9lo Beacon Sinewave Cycles | Dynamo | Montr\u00e9al","description":"La lumi\u00e8re de v\u00e9lo Beacon est fabriqu\u00e9 aux Etats-Unis par Sinewave Cycles. Elle est \u00e0 la fois puissante et permet de recharger des \u00e9l\u00e9ments \u00e9lectroniques.","robots":{"index":"noindex","follow":"follow","max-snippet":"max-snippet:-1","max-image-preview":"max-image-preview:large","max-video-preview":"max-video-preview:-1"},"og_locale":"en_US","og_type":"article","og_title":"Lumi\u00e8re de v\u00e9lo Beacon Sinewave Cycles | Dynamo | Montr\u00e9al","og_description":"La lumi\u00e8re de v\u00e9lo Beacon est fabriqu\u00e9 aux Etats-Unis par Sinewave Cycles. Elle est \u00e0 la fois puissante et permet de recharger des \u00e9l\u00e9ments \u00e9lectroniques.","og_url":"https:\/\/dumoulin.absoludev.ca\/produit\/sinewave-cycles-beacon\/","og_site_name":"Dumoulin Bicyclettes","article_publisher":"https:\/\/www.facebook.com\/dumoulinbicyclettes","article_modified_time":"2025-09-04T18:18:29+00:00","og_image":[{"width":1604,"height":1456,"url":"https:\/\/dumoulin.absoludev.ca\/wp-content\/uploads\/2022\/11\/sinewave-cycles-beacon.jpg","type":"image\/jpeg"}],"twitter_card":"summary_large_image","twitter_misc":{"Est. reading time":"1 minute"},"schema":{"@context":"https:\/\/schema.org","@graph":[{"@type":"WebPage","@id":"https:\/\/dumoulin.absoludev.ca\/produit\/sinewave-cycles-beacon\/","url":"https:\/\/dumoulin.absoludev.ca\/produit\/sinewave-cycles-beacon\/","name":"Lumi\u00e8re de v\u00e9lo Beacon Sinewave Cycles | Dynamo | Montr\u00e9al","isPartOf":{"@id":"https:\/\/dumoulin.absoludev.ca\/#website"},"primaryImageOfPage":{"@id":"https:\/\/dumoulin.absoludev.ca\/produit\/sinewave-cycles-beacon\/#primaryimage"},"image":{"@id":"https:\/\/dumoulin.absoludev.ca\/produit\/sinewave-cycles-beacon\/#primaryimage"},"thumbnailUrl":"https:\/\/dumoulin.absoludev.ca\/wp-content\/uploads\/2022\/11\/sinewave-cycles-beacon.jpg","datePublished":"2022-11-05T02:02:19+00:00","dateModified":"2025-09-04T18:18:29+00:00","description":"La lumi\u00e8re de v\u00e9lo Beacon est fabriqu\u00e9 aux Etats-Unis par Sinewave Cycles. Elle est \u00e0 la fois puissante et permet de recharger des \u00e9l\u00e9ments \u00e9lectroniques.","breadcrumb":{"@id":"https:\/\/dumoulin.absoludev.ca\/produit\/sinewave-cycles-beacon\/#breadcrumb"},"inLanguage":"en-US","potentialAction":[{"@type":"ReadAction","target":["https:\/\/dumoulin.absoludev.ca\/produit\/sinewave-cycles-beacon\/"]}]},{"@type":"ImageObject","inLanguage":"en-US","@id":"https:\/\/dumoulin.absoludev.ca\/produit\/sinewave-cycles-beacon\/#primaryimage","url":"https:\/\/dumoulin.absoludev.ca\/wp-content\/uploads\/2022\/11\/sinewave-cycles-beacon.jpg","contentUrl":"https:\/\/dumoulin.absoludev.ca\/wp-content\/uploads\/2022\/11\/sinewave-cycles-beacon.jpg","width":1604,"height":1456,"caption":"sinewave-cycles-beacon-headlight-dynamo-"},{"@type":"BreadcrumbList","@id":"https:\/\/dumoulin.absoludev.ca\/produit\/sinewave-cycles-beacon\/#breadcrumb","itemListElement":[{"@type":"ListItem","position":1,"name":"Home","item":"https:\/\/dumoulin.absoludev.ca\/en\/"},{"@type":"ListItem","position":2,"name":"Shop","item":"https:\/\/dumoulin.absoludev.ca\/en\/shop\/"},{"@type":"ListItem","position":3,"name":"Lumi\u00e8re avant Sinewave cycles \u00abBeacon\u00bb"}]},{"@type":"WebSite","@id":"https:\/\/dumoulin.absoludev.ca\/#website","url":"https:\/\/dumoulin.absoludev.ca\/","name":"Dumoulin Bicyclettes","description":"","publisher":{"@id":"https:\/\/dumoulin.absoludev.ca\/#organization"},"potentialAction":[{"@type":"SearchAction","target":{"@type":"EntryPoint","urlTemplate":"https:\/\/dumoulin.absoludev.ca\/?s={search_term_string}"},"query-input":{"@type":"PropertyValueSpecification","valueRequired":true,"valueName":"search_term_string"}}],"inLanguage":"en-US"},{"@type":"Organization","@id":"https:\/\/dumoulin.absoludev.ca\/#organization","name":"Dumoulin Bicyclettes","url":"https:\/\/dumoulin.absoludev.ca\/","logo":{"@type":"ImageObject","inLanguage":"en-US","@id":"https:\/\/dumoulin.absoludev.ca\/#\/schema\/logo\/image\/","url":"https:\/\/www.dumoulinbicyclettes.com\/wp-content\/uploads\/2021\/04\/Logo.svg","contentUrl":"https:\/\/www.dumoulinbicyclettes.com\/wp-content\/uploads\/2021\/04\/Logo.svg","width":254,"height":86,"caption":"Dumoulin Bicyclettes"},"image":{"@id":"https:\/\/dumoulin.absoludev.ca\/#\/schema\/logo\/image\/"},"sameAs":["https:\/\/www.facebook.com\/dumoulinbicyclettes","https:\/\/www.instagram.com\/dumoulin.ca\/","https:\/\/www.youtube.com\/user\/dumoulinbicyclettes"]}]}},"_links":{"self":[{"href":"https:\/\/dumoulin.absoludev.ca\/en\/wp-json\/wp\/v2\/product\/175883","targetHints":{"allow":["GET"]}}],"collection":[{"href":"https:\/\/dumoulin.absoludev.ca\/en\/wp-json\/wp\/v2\/product"}],"about":[{"href":"https:\/\/dumoulin.absoludev.ca\/en\/wp-json\/wp\/v2\/types\/product"}],"wp:featuredmedia":[{"embeddable":true,"href":"https:\/\/dumoulin.absoludev.ca\/en\/wp-json\/wp\/v2\/media\/329008"}],"wp:attachment":[{"href":"https:\/\/dumoulin.absoludev.ca\/en\/wp-json\/wp\/v2\/media?parent=175883"}],"wp:term":[{"taxonomy":"product_brand","embeddable":true,"href":"https:\/\/dumoulin.absoludev.ca\/en\/wp-json\/wp\/v2\/product_brand?post=175883"},{"taxonomy":"product_cat","embeddable":true,"href":"https:\/\/dumoulin.absoludev.ca\/en\/wp-json\/wp\/v2\/product_cat?post=175883"},{"taxonomy":"product_tag","embeddable":true,"href":"https:\/\/dumoulin.absoludev.ca\/en\/wp-json\/wp\/v2\/product_tag?post=175883"},{"taxonomy":"marque-produit","embeddable":true,"href":"https:\/\/dumoulin.absoludev.ca\/en\/wp-json\/wp\/v2\/marque-produit?post=175883"},{"taxonomy":"collection-produit","embeddable":true,"href":"https:\/\/dumoulin.absoludev.ca\/en\/wp-json\/wp\/v2\/collection-produit?post=175883"},{"taxonomy":"type-surface-produit","embeddable":true,"href":"https:\/\/dumoulin.absoludev.ca\/en\/wp-json\/wp\/v2\/type-surface-produit?post=175883"},{"taxonomy":"type-velo-produit","embeddable":true,"href":"https:\/\/dumoulin.absoludev.ca\/en\/wp-json\/wp\/v2\/type-velo-produit?post=175883"},{"taxonomy":"vetement-produit","embeddable":true,"href":"https:\/\/dumoulin.absoludev.ca\/en\/wp-json\/wp\/v2\/vetement-produit?post=175883"},{"taxonomy":"thematique-produit","embeddable":true,"href":"https:\/\/dumoulin.absoludev.ca\/en\/wp-json\/wp\/v2\/thematique-produit?post=175883"},{"taxonomy":"position-sur-le-v\u00e9lo","embeddable":true,"href":"https:\/\/dumoulin.absoludev.ca\/en\/wp-json\/wp\/v2\/position-sur-le-v\u00e9lo?post=175883"}],"curies":[{"name":"wp","href":"https:\/\/api.w.org\/{rel}","templated":true}]}}