{"id":170402,"date":"2022-10-20T18:03:12","date_gmt":"2022-10-20T22:03:12","guid":{"rendered":"http:\/\/www.dumoulinbicyclettes.com\/?post_type=product&#038;p=170402"},"modified":"2024-11-29T19:09:39","modified_gmt":"2024-11-30T00:09:39","slug":"pompe-bontrager-air-rush-mini-pro","status":"publish","type":"product","link":"https:\/\/dumoulin.absoludev.ca\/en\/produit\/pompe-bontrager-air-rush-mini-pro\/","title":{"rendered":"Pompe Bontrager \u00abAir Rush Pro\u00bb Mini"},"content":{"rendered":"<p>Nous avons choisi de vous proposer la pompe portative Bontrager \u00abAir Rush Pro mini\u00bb. On aime beaucoup les petites pompes l\u00e9g\u00e8res et compactes. Cependant, on aime encore plus quand elles sont simples \u00e0 op\u00e9rer, et fiables. Un tuyau reliant la pompe \u00e0 la valve est le meilleur moyen de ne pas trop&#8230;\u00ab<em>rusher<\/em>\u00bb si vous nous permettez l&#8217;expression et le jeu de mot.<\/p>\n<p>Compatible avec les valves presta ou schrader, elle vous sera utile dans votre kit d&#8217;urgence, que ce soit en cyclotourisme, en exp\u00e9dition gravelle ou au quotidien lors de vos d\u00e9placements.<\/p>\n<p>\u00c0 peine arriv\u00e9e, d\u00e9j\u00e0 parmi nos favoris !<\/p>\n","protected":false},"excerpt":{"rendered":"<p>Nous avons choisi de vous proposer la pompe portative Bontrager \u00abAir Rush Pro mini\u00bb. On aime beaucoup les petites pompes l\u00e9g\u00e8res et compactes. Cependant, on aime encore plus quand elles sont simples \u00e0 op\u00e9rer, et fiables. Un tuyau reliant la pompe \u00e0 la valve est le meilleur moyen de ne pas trop&#8230;\u00abrusher\u00bb si vous nous [&hellip;]<\/p>\n","protected":false},"featured_media":170403,"template":"","meta":{"_acf_changed":false},"product_brand":[],"product_cat":[239],"product_tag":[2298,2507,2399],"marque-produit":[1195],"collection-produit":[],"type-surface-produit":[],"type-velo-produit":[],"vetement-produit":[],"thematique-produit":[],"position-sur-le-v\u00e9lo":[],"class_list":{"0":"post-170402","1":"product","2":"type-product","3":"status-publish","4":"has-post-thumbnail","6":"product_cat-pompes","7":"product_tag-bontrager","8":"product_tag-mini","9":"product_tag-pompe","10":"marque-produit-bontrager","12":"first","13":"outofstock","14":"taxable","15":"shipping-taxable","16":"purchasable","17":"product-type-simple"},"acf":[],"yoast_head":"<!-- This site is optimized with the Yoast SEO plugin v24.3 - https:\/\/yoast.com\/wordpress\/plugins\/seo\/ -->\n<title>Pompe Bontrager \u00abAir Rush Pro\u00bb Mini - Dumoulin Bicyclettes - R\u00e9parations<\/title>\n<meta name=\"description\" content=\"L\u00e8g\u00e8re, pratique et efficace, la pompe portative Bontrager Air Rush Mini Pro est ce qu&#039;il faut avoir dans son kit de r\u00e9paration d&#039;urgence.\" \/>\n<meta name=\"robots\" content=\"noindex, follow, max-snippet:-1, max-image-preview:large, max-video-preview:-1\" \/>\n<meta property=\"og:locale\" content=\"en_US\" \/>\n<meta property=\"og:type\" content=\"article\" \/>\n<meta property=\"og:title\" content=\"Pompe Bontrager \u00abAir Rush Pro\u00bb Mini - Dumoulin Bicyclettes - R\u00e9parations\" \/>\n<meta property=\"og:description\" content=\"L\u00e8g\u00e8re, pratique et efficace, la pompe portative Bontrager Air Rush Mini Pro est ce qu&#039;il faut avoir dans son kit de r\u00e9paration d&#039;urgence.\" \/>\n<meta property=\"og:url\" content=\"https:\/\/dumoulin.absoludev.ca\/en\/produit\/pompe-bontrager-air-rush-mini-pro\/\" \/>\n<meta property=\"og:site_name\" content=\"Dumoulin Bicyclettes\" \/>\n<meta property=\"article:publisher\" content=\"https:\/\/www.facebook.com\/dumoulinbicyclettes\" \/>\n<meta property=\"article:modified_time\" content=\"2024-11-30T00:09:39+00:00\" \/>\n<meta property=\"og:image\" content=\"https:\/\/dumoulin.absoludev.ca\/wp-content\/uploads\/2022\/10\/BONTRAGER-AirRushPro_32851_A_Primary.jpg\" \/>\n\t<meta property=\"og:image:width\" content=\"1920\" \/>\n\t<meta property=\"og:image:height\" content=\"1440\" \/>\n\t<meta property=\"og:image:type\" content=\"image\/jpeg\" \/>\n<meta name=\"twitter:card\" content=\"summary_large_image\" \/>\n<meta name=\"twitter:label1\" content=\"Est. reading time\" \/>\n\t<meta name=\"twitter:data1\" content=\"1 minute\" \/>\n<script type=\"application\/ld+json\" class=\"yoast-schema-graph\">{\"@context\":\"https:\/\/schema.org\",\"@graph\":[{\"@type\":\"WebPage\",\"@id\":\"https:\/\/dumoulin.absoludev.ca\/en\/produit\/pompe-bontrager-air-rush-mini-pro\/\",\"url\":\"https:\/\/dumoulin.absoludev.ca\/en\/produit\/pompe-bontrager-air-rush-mini-pro\/\",\"name\":\"Pompe Bontrager \u00abAir Rush Pro\u00bb Mini - Dumoulin Bicyclettes - R\u00e9parations\",\"isPartOf\":{\"@id\":\"https:\/\/dumoulin.absoludev.ca\/#website\"},\"primaryImageOfPage\":{\"@id\":\"https:\/\/dumoulin.absoludev.ca\/en\/produit\/pompe-bontrager-air-rush-mini-pro\/#primaryimage\"},\"image\":{\"@id\":\"https:\/\/dumoulin.absoludev.ca\/en\/produit\/pompe-bontrager-air-rush-mini-pro\/#primaryimage\"},\"thumbnailUrl\":\"https:\/\/dumoulin.absoludev.ca\/wp-content\/uploads\/2022\/10\/BONTRAGER-AirRushPro_32851_A_Primary.jpg\",\"datePublished\":\"2022-10-20T22:03:12+00:00\",\"dateModified\":\"2024-11-30T00:09:39+00:00\",\"description\":\"L\u00e8g\u00e8re, pratique et efficace, la pompe portative Bontrager Air Rush Mini Pro est ce qu'il faut avoir dans son kit de r\u00e9paration d'urgence.\",\"breadcrumb\":{\"@id\":\"https:\/\/dumoulin.absoludev.ca\/en\/produit\/pompe-bontrager-air-rush-mini-pro\/#breadcrumb\"},\"inLanguage\":\"en-US\",\"potentialAction\":[{\"@type\":\"ReadAction\",\"target\":[\"https:\/\/dumoulin.absoludev.ca\/en\/produit\/pompe-bontrager-air-rush-mini-pro\/\"]}]},{\"@type\":\"ImageObject\",\"inLanguage\":\"en-US\",\"@id\":\"https:\/\/dumoulin.absoludev.ca\/en\/produit\/pompe-bontrager-air-rush-mini-pro\/#primaryimage\",\"url\":\"https:\/\/dumoulin.absoludev.ca\/wp-content\/uploads\/2022\/10\/BONTRAGER-AirRushPro_32851_A_Primary.jpg\",\"contentUrl\":\"https:\/\/dumoulin.absoludev.ca\/wp-content\/uploads\/2022\/10\/BONTRAGER-AirRushPro_32851_A_Primary.jpg\",\"width\":1920,\"height\":1440,\"caption\":\"pompe-portative-bontrager-air-rush-pro-mini-\u00e9viter-les-crevaisons-r\u00e9paration-d-urgence\"},{\"@type\":\"BreadcrumbList\",\"@id\":\"https:\/\/dumoulin.absoludev.ca\/en\/produit\/pompe-bontrager-air-rush-mini-pro\/#breadcrumb\",\"itemListElement\":[{\"@type\":\"ListItem\",\"position\":1,\"name\":\"Home\",\"item\":\"https:\/\/dumoulin.absoludev.ca\/en\/\"},{\"@type\":\"ListItem\",\"position\":2,\"name\":\"Shop\",\"item\":\"https:\/\/dumoulin.absoludev.ca\/en\/shop\/\"},{\"@type\":\"ListItem\",\"position\":3,\"name\":\"Pompe Bontrager \u00abAir Rush Pro\u00bb Mini\"}]},{\"@type\":\"WebSite\",\"@id\":\"https:\/\/dumoulin.absoludev.ca\/#website\",\"url\":\"https:\/\/dumoulin.absoludev.ca\/\",\"name\":\"Dumoulin Bicyclettes\",\"description\":\"\",\"publisher\":{\"@id\":\"https:\/\/dumoulin.absoludev.ca\/#organization\"},\"potentialAction\":[{\"@type\":\"SearchAction\",\"target\":{\"@type\":\"EntryPoint\",\"urlTemplate\":\"https:\/\/dumoulin.absoludev.ca\/?s={search_term_string}\"},\"query-input\":{\"@type\":\"PropertyValueSpecification\",\"valueRequired\":true,\"valueName\":\"search_term_string\"}}],\"inLanguage\":\"en-US\"},{\"@type\":\"Organization\",\"@id\":\"https:\/\/dumoulin.absoludev.ca\/#organization\",\"name\":\"Dumoulin Bicyclettes\",\"url\":\"https:\/\/dumoulin.absoludev.ca\/\",\"logo\":{\"@type\":\"ImageObject\",\"inLanguage\":\"en-US\",\"@id\":\"https:\/\/dumoulin.absoludev.ca\/#\/schema\/logo\/image\/\",\"url\":\"https:\/\/www.dumoulinbicyclettes.com\/wp-content\/uploads\/2021\/04\/Logo.svg\",\"contentUrl\":\"https:\/\/www.dumoulinbicyclettes.com\/wp-content\/uploads\/2021\/04\/Logo.svg\",\"width\":254,\"height\":86,\"caption\":\"Dumoulin Bicyclettes\"},\"image\":{\"@id\":\"https:\/\/dumoulin.absoludev.ca\/#\/schema\/logo\/image\/\"},\"sameAs\":[\"https:\/\/www.facebook.com\/dumoulinbicyclettes\",\"https:\/\/www.instagram.com\/dumoulin.ca\/\",\"https:\/\/www.youtube.com\/user\/dumoulinbicyclettes\"]}]}<\/script>\n<!-- \/ Yoast SEO plugin. -->","yoast_head_json":{"title":"Pompe Bontrager \u00abAir Rush Pro\u00bb Mini - Dumoulin Bicyclettes - R\u00e9parations","description":"L\u00e8g\u00e8re, pratique et efficace, la pompe portative Bontrager Air Rush Mini Pro est ce qu'il faut avoir dans son kit de r\u00e9paration d'urgence.","robots":{"index":"noindex","follow":"follow","max-snippet":"max-snippet:-1","max-image-preview":"max-image-preview:large","max-video-preview":"max-video-preview:-1"},"og_locale":"en_US","og_type":"article","og_title":"Pompe Bontrager \u00abAir Rush Pro\u00bb Mini - Dumoulin Bicyclettes - R\u00e9parations","og_description":"L\u00e8g\u00e8re, pratique et efficace, la pompe portative Bontrager Air Rush Mini Pro est ce qu'il faut avoir dans son kit de r\u00e9paration d'urgence.","og_url":"https:\/\/dumoulin.absoludev.ca\/en\/produit\/pompe-bontrager-air-rush-mini-pro\/","og_site_name":"Dumoulin Bicyclettes","article_publisher":"https:\/\/www.facebook.com\/dumoulinbicyclettes","article_modified_time":"2024-11-30T00:09:39+00:00","og_image":[{"width":1920,"height":1440,"url":"https:\/\/dumoulin.absoludev.ca\/wp-content\/uploads\/2022\/10\/BONTRAGER-AirRushPro_32851_A_Primary.jpg","type":"image\/jpeg"}],"twitter_card":"summary_large_image","twitter_misc":{"Est. reading time":"1 minute"},"schema":{"@context":"https:\/\/schema.org","@graph":[{"@type":"WebPage","@id":"https:\/\/dumoulin.absoludev.ca\/en\/produit\/pompe-bontrager-air-rush-mini-pro\/","url":"https:\/\/dumoulin.absoludev.ca\/en\/produit\/pompe-bontrager-air-rush-mini-pro\/","name":"Pompe Bontrager \u00abAir Rush Pro\u00bb Mini - Dumoulin Bicyclettes - R\u00e9parations","isPartOf":{"@id":"https:\/\/dumoulin.absoludev.ca\/#website"},"primaryImageOfPage":{"@id":"https:\/\/dumoulin.absoludev.ca\/en\/produit\/pompe-bontrager-air-rush-mini-pro\/#primaryimage"},"image":{"@id":"https:\/\/dumoulin.absoludev.ca\/en\/produit\/pompe-bontrager-air-rush-mini-pro\/#primaryimage"},"thumbnailUrl":"https:\/\/dumoulin.absoludev.ca\/wp-content\/uploads\/2022\/10\/BONTRAGER-AirRushPro_32851_A_Primary.jpg","datePublished":"2022-10-20T22:03:12+00:00","dateModified":"2024-11-30T00:09:39+00:00","description":"L\u00e8g\u00e8re, pratique et efficace, la pompe portative Bontrager Air Rush Mini Pro est ce qu'il faut avoir dans son kit de r\u00e9paration d'urgence.","breadcrumb":{"@id":"https:\/\/dumoulin.absoludev.ca\/en\/produit\/pompe-bontrager-air-rush-mini-pro\/#breadcrumb"},"inLanguage":"en-US","potentialAction":[{"@type":"ReadAction","target":["https:\/\/dumoulin.absoludev.ca\/en\/produit\/pompe-bontrager-air-rush-mini-pro\/"]}]},{"@type":"ImageObject","inLanguage":"en-US","@id":"https:\/\/dumoulin.absoludev.ca\/en\/produit\/pompe-bontrager-air-rush-mini-pro\/#primaryimage","url":"https:\/\/dumoulin.absoludev.ca\/wp-content\/uploads\/2022\/10\/BONTRAGER-AirRushPro_32851_A_Primary.jpg","contentUrl":"https:\/\/dumoulin.absoludev.ca\/wp-content\/uploads\/2022\/10\/BONTRAGER-AirRushPro_32851_A_Primary.jpg","width":1920,"height":1440,"caption":"pompe-portative-bontrager-air-rush-pro-mini-\u00e9viter-les-crevaisons-r\u00e9paration-d-urgence"},{"@type":"BreadcrumbList","@id":"https:\/\/dumoulin.absoludev.ca\/en\/produit\/pompe-bontrager-air-rush-mini-pro\/#breadcrumb","itemListElement":[{"@type":"ListItem","position":1,"name":"Home","item":"https:\/\/dumoulin.absoludev.ca\/en\/"},{"@type":"ListItem","position":2,"name":"Shop","item":"https:\/\/dumoulin.absoludev.ca\/en\/shop\/"},{"@type":"ListItem","position":3,"name":"Pompe Bontrager \u00abAir Rush Pro\u00bb Mini"}]},{"@type":"WebSite","@id":"https:\/\/dumoulin.absoludev.ca\/#website","url":"https:\/\/dumoulin.absoludev.ca\/","name":"Dumoulin Bicyclettes","description":"","publisher":{"@id":"https:\/\/dumoulin.absoludev.ca\/#organization"},"potentialAction":[{"@type":"SearchAction","target":{"@type":"EntryPoint","urlTemplate":"https:\/\/dumoulin.absoludev.ca\/?s={search_term_string}"},"query-input":{"@type":"PropertyValueSpecification","valueRequired":true,"valueName":"search_term_string"}}],"inLanguage":"en-US"},{"@type":"Organization","@id":"https:\/\/dumoulin.absoludev.ca\/#organization","name":"Dumoulin Bicyclettes","url":"https:\/\/dumoulin.absoludev.ca\/","logo":{"@type":"ImageObject","inLanguage":"en-US","@id":"https:\/\/dumoulin.absoludev.ca\/#\/schema\/logo\/image\/","url":"https:\/\/www.dumoulinbicyclettes.com\/wp-content\/uploads\/2021\/04\/Logo.svg","contentUrl":"https:\/\/www.dumoulinbicyclettes.com\/wp-content\/uploads\/2021\/04\/Logo.svg","width":254,"height":86,"caption":"Dumoulin Bicyclettes"},"image":{"@id":"https:\/\/dumoulin.absoludev.ca\/#\/schema\/logo\/image\/"},"sameAs":["https:\/\/www.facebook.com\/dumoulinbicyclettes","https:\/\/www.instagram.com\/dumoulin.ca\/","https:\/\/www.youtube.com\/user\/dumoulinbicyclettes"]}]}},"_links":{"self":[{"href":"https:\/\/dumoulin.absoludev.ca\/en\/wp-json\/wp\/v2\/product\/170402","targetHints":{"allow":["GET"]}}],"collection":[{"href":"https:\/\/dumoulin.absoludev.ca\/en\/wp-json\/wp\/v2\/product"}],"about":[{"href":"https:\/\/dumoulin.absoludev.ca\/en\/wp-json\/wp\/v2\/types\/product"}],"wp:featuredmedia":[{"embeddable":true,"href":"https:\/\/dumoulin.absoludev.ca\/en\/wp-json\/wp\/v2\/media\/170403"}],"wp:attachment":[{"href":"https:\/\/dumoulin.absoludev.ca\/en\/wp-json\/wp\/v2\/media?parent=170402"}],"wp:term":[{"taxonomy":"product_brand","embeddable":true,"href":"https:\/\/dumoulin.absoludev.ca\/en\/wp-json\/wp\/v2\/product_brand?post=170402"},{"taxonomy":"product_cat","embeddable":true,"href":"https:\/\/dumoulin.absoludev.ca\/en\/wp-json\/wp\/v2\/product_cat?post=170402"},{"taxonomy":"product_tag","embeddable":true,"href":"https:\/\/dumoulin.absoludev.ca\/en\/wp-json\/wp\/v2\/product_tag?post=170402"},{"taxonomy":"marque-produit","embeddable":true,"href":"https:\/\/dumoulin.absoludev.ca\/en\/wp-json\/wp\/v2\/marque-produit?post=170402"},{"taxonomy":"collection-produit","embeddable":true,"href":"https:\/\/dumoulin.absoludev.ca\/en\/wp-json\/wp\/v2\/collection-produit?post=170402"},{"taxonomy":"type-surface-produit","embeddable":true,"href":"https:\/\/dumoulin.absoludev.ca\/en\/wp-json\/wp\/v2\/type-surface-produit?post=170402"},{"taxonomy":"type-velo-produit","embeddable":true,"href":"https:\/\/dumoulin.absoludev.ca\/en\/wp-json\/wp\/v2\/type-velo-produit?post=170402"},{"taxonomy":"vetement-produit","embeddable":true,"href":"https:\/\/dumoulin.absoludev.ca\/en\/wp-json\/wp\/v2\/vetement-produit?post=170402"},{"taxonomy":"thematique-produit","embeddable":true,"href":"https:\/\/dumoulin.absoludev.ca\/en\/wp-json\/wp\/v2\/thematique-produit?post=170402"},{"taxonomy":"position-sur-le-v\u00e9lo","embeddable":true,"href":"https:\/\/dumoulin.absoludev.ca\/en\/wp-json\/wp\/v2\/position-sur-le-v\u00e9lo?post=170402"}],"curies":[{"name":"wp","href":"https:\/\/api.w.org\/{rel}","templated":true}]}}