{"id":144728,"date":"2022-08-31T13:02:58","date_gmt":"2022-08-31T17:02:58","guid":{"rendered":"http:\/\/www.dumoulinbicyclettes.com\/?post_type=product&#038;p=144728"},"modified":"2025-09-04T14:15:57","modified_gmt":"2025-09-04T18:15:57","slug":"tern-sidekick-stirrups-quickhaul","status":"publish","type":"product","link":"https:\/\/dumoulin.absoludev.ca\/en\/produit\/tern-sidekick-stirrups-quickhaul\/","title":{"rendered":"Repose-pieds Tern \u00ab Sidekick Stirrups \u00bb"},"content":{"rendered":"<p>Les repose-pieds Tern \u00ab Sidekick Stirrups \u00bb offrent un support confortable et pratique pour les pieds de votre grand enfant. Le mat\u00e9riau souple \u00e9pouse les c\u00f4t\u00e9s des pieds et les trois points de fixation permettent de maintenir les jambes du passager en toute s\u00e9curit\u00e9 contre les c\u00f4t\u00e9s du v\u00e9lo.<\/p>\n","protected":false},"excerpt":{"rendered":"<p>Les repose-pieds Tern \u00ab Sidekick Stirrups \u00bb offrent un support confortable et pratique pour les pieds de votre grand enfant. Le mat\u00e9riau souple \u00e9pouse les c\u00f4t\u00e9s des pieds et les trois points de fixation permettent de maintenir les jambes du passager en toute s\u00e9curit\u00e9 contre les c\u00f4t\u00e9s du v\u00e9lo.<\/p>\n","protected":false},"featured_media":144729,"template":"","meta":{"_acf_changed":false},"product_brand":[],"product_cat":[183,2509],"product_tag":[3101,3106,2203],"marque-produit":[154],"collection-produit":[],"type-surface-produit":[],"type-velo-produit":[],"vetement-produit":[],"thematique-produit":[],"position-sur-le-v\u00e9lo":[],"class_list":{"0":"post-144728","1":"product","2":"type-product","3":"status-publish","4":"has-post-thumbnail","6":"product_cat-accessoires-pour-velo-cargo","7":"product_cat-tern","8":"product_tag-repose-pieds","9":"product_tag-sidekick-stirrups","10":"product_tag-tern","11":"marque-produit-tern","13":"first","14":"instock","15":"taxable","16":"shipping-taxable","17":"purchasable","18":"product-type-simple"},"acf":[],"yoast_head":"<!-- This site is optimized with the Yoast SEO plugin v24.3 - https:\/\/yoast.com\/wordpress\/plugins\/seo\/ -->\n<title>Repose-pieds Tern \u00ab Sidekick Stirrups \u00bb - Dumoulin Bicyclettes<\/title>\n<meta name=\"description\" content=\"Les repose-pieds Tern \u00ab Sidekick Stirrups \u00bb offrent un support confortable et pratique pour les pieds de votre grand enfant.\" \/>\n<meta name=\"robots\" content=\"noindex, follow, max-snippet:-1, max-image-preview:large, max-video-preview:-1\" \/>\n<meta property=\"og:locale\" content=\"en_US\" \/>\n<meta property=\"og:type\" content=\"article\" \/>\n<meta property=\"og:title\" content=\"Repose-pieds Tern \u00ab Sidekick Stirrups \u00bb - Dumoulin Bicyclettes\" \/>\n<meta property=\"og:description\" content=\"Les repose-pieds Tern \u00ab Sidekick Stirrups \u00bb offrent un support confortable et pratique pour les pieds de votre grand enfant.\" \/>\n<meta property=\"og:url\" content=\"https:\/\/dumoulin.absoludev.ca\/produit\/tern-sidekick-stirrups-quickhaul\/\" \/>\n<meta property=\"og:site_name\" content=\"Dumoulin Bicyclettes\" \/>\n<meta property=\"article:publisher\" content=\"https:\/\/www.facebook.com\/dumoulinbicyclettes\" \/>\n<meta property=\"article:modified_time\" content=\"2025-09-04T18:15:57+00:00\" \/>\n<meta property=\"og:image\" content=\"https:\/\/dumoulin.absoludev.ca\/wp-content\/uploads\/2022\/08\/22-TN-QH-Stirrups-rear-closeup_web.jpg\" \/>\n\t<meta property=\"og:image:width\" content=\"1920\" \/>\n\t<meta property=\"og:image:height\" content=\"1278\" \/>\n\t<meta property=\"og:image:type\" content=\"image\/jpeg\" \/>\n<meta name=\"twitter:card\" content=\"summary_large_image\" \/>\n<meta name=\"twitter:label1\" content=\"Est. reading time\" \/>\n\t<meta name=\"twitter:data1\" content=\"1 minute\" \/>\n<script type=\"application\/ld+json\" class=\"yoast-schema-graph\">{\"@context\":\"https:\/\/schema.org\",\"@graph\":[{\"@type\":\"WebPage\",\"@id\":\"https:\/\/dumoulin.absoludev.ca\/produit\/tern-sidekick-stirrups-quickhaul\/\",\"url\":\"https:\/\/dumoulin.absoludev.ca\/produit\/tern-sidekick-stirrups-quickhaul\/\",\"name\":\"Repose-pieds Tern \u00ab Sidekick Stirrups \u00bb - Dumoulin Bicyclettes\",\"isPartOf\":{\"@id\":\"https:\/\/dumoulin.absoludev.ca\/#website\"},\"primaryImageOfPage\":{\"@id\":\"https:\/\/dumoulin.absoludev.ca\/produit\/tern-sidekick-stirrups-quickhaul\/#primaryimage\"},\"image\":{\"@id\":\"https:\/\/dumoulin.absoludev.ca\/produit\/tern-sidekick-stirrups-quickhaul\/#primaryimage\"},\"thumbnailUrl\":\"https:\/\/dumoulin.absoludev.ca\/wp-content\/uploads\/2022\/08\/22-TN-QH-Stirrups-rear-closeup_web.jpg\",\"datePublished\":\"2022-08-31T17:02:58+00:00\",\"dateModified\":\"2025-09-04T18:15:57+00:00\",\"description\":\"Les repose-pieds Tern \u00ab Sidekick Stirrups \u00bb offrent un support confortable et pratique pour les pieds de votre grand enfant.\",\"breadcrumb\":{\"@id\":\"https:\/\/dumoulin.absoludev.ca\/produit\/tern-sidekick-stirrups-quickhaul\/#breadcrumb\"},\"inLanguage\":\"en-US\",\"potentialAction\":[{\"@type\":\"ReadAction\",\"target\":[\"https:\/\/dumoulin.absoludev.ca\/produit\/tern-sidekick-stirrups-quickhaul\/\"]}]},{\"@type\":\"ImageObject\",\"inLanguage\":\"en-US\",\"@id\":\"https:\/\/dumoulin.absoludev.ca\/produit\/tern-sidekick-stirrups-quickhaul\/#primaryimage\",\"url\":\"https:\/\/dumoulin.absoludev.ca\/wp-content\/uploads\/2022\/08\/22-TN-QH-Stirrups-rear-closeup_web.jpg\",\"contentUrl\":\"https:\/\/dumoulin.absoludev.ca\/wp-content\/uploads\/2022\/08\/22-TN-QH-Stirrups-rear-closeup_web.jpg\",\"width\":1920,\"height\":1278},{\"@type\":\"BreadcrumbList\",\"@id\":\"https:\/\/dumoulin.absoludev.ca\/produit\/tern-sidekick-stirrups-quickhaul\/#breadcrumb\",\"itemListElement\":[{\"@type\":\"ListItem\",\"position\":1,\"name\":\"Home\",\"item\":\"https:\/\/dumoulin.absoludev.ca\/en\/\"},{\"@type\":\"ListItem\",\"position\":2,\"name\":\"Shop\",\"item\":\"https:\/\/dumoulin.absoludev.ca\/en\/shop\/\"},{\"@type\":\"ListItem\",\"position\":3,\"name\":\"Repose-pieds Tern \u00ab Sidekick Stirrups \u00bb\"}]},{\"@type\":\"WebSite\",\"@id\":\"https:\/\/dumoulin.absoludev.ca\/#website\",\"url\":\"https:\/\/dumoulin.absoludev.ca\/\",\"name\":\"Dumoulin Bicyclettes\",\"description\":\"\",\"publisher\":{\"@id\":\"https:\/\/dumoulin.absoludev.ca\/#organization\"},\"potentialAction\":[{\"@type\":\"SearchAction\",\"target\":{\"@type\":\"EntryPoint\",\"urlTemplate\":\"https:\/\/dumoulin.absoludev.ca\/?s={search_term_string}\"},\"query-input\":{\"@type\":\"PropertyValueSpecification\",\"valueRequired\":true,\"valueName\":\"search_term_string\"}}],\"inLanguage\":\"en-US\"},{\"@type\":\"Organization\",\"@id\":\"https:\/\/dumoulin.absoludev.ca\/#organization\",\"name\":\"Dumoulin Bicyclettes\",\"url\":\"https:\/\/dumoulin.absoludev.ca\/\",\"logo\":{\"@type\":\"ImageObject\",\"inLanguage\":\"en-US\",\"@id\":\"https:\/\/dumoulin.absoludev.ca\/#\/schema\/logo\/image\/\",\"url\":\"https:\/\/www.dumoulinbicyclettes.com\/wp-content\/uploads\/2021\/04\/Logo.svg\",\"contentUrl\":\"https:\/\/www.dumoulinbicyclettes.com\/wp-content\/uploads\/2021\/04\/Logo.svg\",\"width\":254,\"height\":86,\"caption\":\"Dumoulin Bicyclettes\"},\"image\":{\"@id\":\"https:\/\/dumoulin.absoludev.ca\/#\/schema\/logo\/image\/\"},\"sameAs\":[\"https:\/\/www.facebook.com\/dumoulinbicyclettes\",\"https:\/\/www.instagram.com\/dumoulin.ca\/\",\"https:\/\/www.youtube.com\/user\/dumoulinbicyclettes\"]}]}<\/script>\n<!-- \/ Yoast SEO plugin. -->","yoast_head_json":{"title":"Repose-pieds Tern \u00ab Sidekick Stirrups \u00bb - Dumoulin Bicyclettes","description":"Les repose-pieds Tern \u00ab Sidekick Stirrups \u00bb offrent un support confortable et pratique pour les pieds de votre grand enfant.","robots":{"index":"noindex","follow":"follow","max-snippet":"max-snippet:-1","max-image-preview":"max-image-preview:large","max-video-preview":"max-video-preview:-1"},"og_locale":"en_US","og_type":"article","og_title":"Repose-pieds Tern \u00ab Sidekick Stirrups \u00bb - Dumoulin Bicyclettes","og_description":"Les repose-pieds Tern \u00ab Sidekick Stirrups \u00bb offrent un support confortable et pratique pour les pieds de votre grand enfant.","og_url":"https:\/\/dumoulin.absoludev.ca\/produit\/tern-sidekick-stirrups-quickhaul\/","og_site_name":"Dumoulin Bicyclettes","article_publisher":"https:\/\/www.facebook.com\/dumoulinbicyclettes","article_modified_time":"2025-09-04T18:15:57+00:00","og_image":[{"width":1920,"height":1278,"url":"https:\/\/dumoulin.absoludev.ca\/wp-content\/uploads\/2022\/08\/22-TN-QH-Stirrups-rear-closeup_web.jpg","type":"image\/jpeg"}],"twitter_card":"summary_large_image","twitter_misc":{"Est. reading time":"1 minute"},"schema":{"@context":"https:\/\/schema.org","@graph":[{"@type":"WebPage","@id":"https:\/\/dumoulin.absoludev.ca\/produit\/tern-sidekick-stirrups-quickhaul\/","url":"https:\/\/dumoulin.absoludev.ca\/produit\/tern-sidekick-stirrups-quickhaul\/","name":"Repose-pieds Tern \u00ab Sidekick Stirrups \u00bb - Dumoulin Bicyclettes","isPartOf":{"@id":"https:\/\/dumoulin.absoludev.ca\/#website"},"primaryImageOfPage":{"@id":"https:\/\/dumoulin.absoludev.ca\/produit\/tern-sidekick-stirrups-quickhaul\/#primaryimage"},"image":{"@id":"https:\/\/dumoulin.absoludev.ca\/produit\/tern-sidekick-stirrups-quickhaul\/#primaryimage"},"thumbnailUrl":"https:\/\/dumoulin.absoludev.ca\/wp-content\/uploads\/2022\/08\/22-TN-QH-Stirrups-rear-closeup_web.jpg","datePublished":"2022-08-31T17:02:58+00:00","dateModified":"2025-09-04T18:15:57+00:00","description":"Les repose-pieds Tern \u00ab Sidekick Stirrups \u00bb offrent un support confortable et pratique pour les pieds de votre grand enfant.","breadcrumb":{"@id":"https:\/\/dumoulin.absoludev.ca\/produit\/tern-sidekick-stirrups-quickhaul\/#breadcrumb"},"inLanguage":"en-US","potentialAction":[{"@type":"ReadAction","target":["https:\/\/dumoulin.absoludev.ca\/produit\/tern-sidekick-stirrups-quickhaul\/"]}]},{"@type":"ImageObject","inLanguage":"en-US","@id":"https:\/\/dumoulin.absoludev.ca\/produit\/tern-sidekick-stirrups-quickhaul\/#primaryimage","url":"https:\/\/dumoulin.absoludev.ca\/wp-content\/uploads\/2022\/08\/22-TN-QH-Stirrups-rear-closeup_web.jpg","contentUrl":"https:\/\/dumoulin.absoludev.ca\/wp-content\/uploads\/2022\/08\/22-TN-QH-Stirrups-rear-closeup_web.jpg","width":1920,"height":1278},{"@type":"BreadcrumbList","@id":"https:\/\/dumoulin.absoludev.ca\/produit\/tern-sidekick-stirrups-quickhaul\/#breadcrumb","itemListElement":[{"@type":"ListItem","position":1,"name":"Home","item":"https:\/\/dumoulin.absoludev.ca\/en\/"},{"@type":"ListItem","position":2,"name":"Shop","item":"https:\/\/dumoulin.absoludev.ca\/en\/shop\/"},{"@type":"ListItem","position":3,"name":"Repose-pieds Tern \u00ab Sidekick Stirrups \u00bb"}]},{"@type":"WebSite","@id":"https:\/\/dumoulin.absoludev.ca\/#website","url":"https:\/\/dumoulin.absoludev.ca\/","name":"Dumoulin Bicyclettes","description":"","publisher":{"@id":"https:\/\/dumoulin.absoludev.ca\/#organization"},"potentialAction":[{"@type":"SearchAction","target":{"@type":"EntryPoint","urlTemplate":"https:\/\/dumoulin.absoludev.ca\/?s={search_term_string}"},"query-input":{"@type":"PropertyValueSpecification","valueRequired":true,"valueName":"search_term_string"}}],"inLanguage":"en-US"},{"@type":"Organization","@id":"https:\/\/dumoulin.absoludev.ca\/#organization","name":"Dumoulin Bicyclettes","url":"https:\/\/dumoulin.absoludev.ca\/","logo":{"@type":"ImageObject","inLanguage":"en-US","@id":"https:\/\/dumoulin.absoludev.ca\/#\/schema\/logo\/image\/","url":"https:\/\/www.dumoulinbicyclettes.com\/wp-content\/uploads\/2021\/04\/Logo.svg","contentUrl":"https:\/\/www.dumoulinbicyclettes.com\/wp-content\/uploads\/2021\/04\/Logo.svg","width":254,"height":86,"caption":"Dumoulin Bicyclettes"},"image":{"@id":"https:\/\/dumoulin.absoludev.ca\/#\/schema\/logo\/image\/"},"sameAs":["https:\/\/www.facebook.com\/dumoulinbicyclettes","https:\/\/www.instagram.com\/dumoulin.ca\/","https:\/\/www.youtube.com\/user\/dumoulinbicyclettes"]}]}},"_links":{"self":[{"href":"https:\/\/dumoulin.absoludev.ca\/en\/wp-json\/wp\/v2\/product\/144728","targetHints":{"allow":["GET"]}}],"collection":[{"href":"https:\/\/dumoulin.absoludev.ca\/en\/wp-json\/wp\/v2\/product"}],"about":[{"href":"https:\/\/dumoulin.absoludev.ca\/en\/wp-json\/wp\/v2\/types\/product"}],"wp:featuredmedia":[{"embeddable":true,"href":"https:\/\/dumoulin.absoludev.ca\/en\/wp-json\/wp\/v2\/media\/144729"}],"wp:attachment":[{"href":"https:\/\/dumoulin.absoludev.ca\/en\/wp-json\/wp\/v2\/media?parent=144728"}],"wp:term":[{"taxonomy":"product_brand","embeddable":true,"href":"https:\/\/dumoulin.absoludev.ca\/en\/wp-json\/wp\/v2\/product_brand?post=144728"},{"taxonomy":"product_cat","embeddable":true,"href":"https:\/\/dumoulin.absoludev.ca\/en\/wp-json\/wp\/v2\/product_cat?post=144728"},{"taxonomy":"product_tag","embeddable":true,"href":"https:\/\/dumoulin.absoludev.ca\/en\/wp-json\/wp\/v2\/product_tag?post=144728"},{"taxonomy":"marque-produit","embeddable":true,"href":"https:\/\/dumoulin.absoludev.ca\/en\/wp-json\/wp\/v2\/marque-produit?post=144728"},{"taxonomy":"collection-produit","embeddable":true,"href":"https:\/\/dumoulin.absoludev.ca\/en\/wp-json\/wp\/v2\/collection-produit?post=144728"},{"taxonomy":"type-surface-produit","embeddable":true,"href":"https:\/\/dumoulin.absoludev.ca\/en\/wp-json\/wp\/v2\/type-surface-produit?post=144728"},{"taxonomy":"type-velo-produit","embeddable":true,"href":"https:\/\/dumoulin.absoludev.ca\/en\/wp-json\/wp\/v2\/type-velo-produit?post=144728"},{"taxonomy":"vetement-produit","embeddable":true,"href":"https:\/\/dumoulin.absoludev.ca\/en\/wp-json\/wp\/v2\/vetement-produit?post=144728"},{"taxonomy":"thematique-produit","embeddable":true,"href":"https:\/\/dumoulin.absoludev.ca\/en\/wp-json\/wp\/v2\/thematique-produit?post=144728"},{"taxonomy":"position-sur-le-v\u00e9lo","embeddable":true,"href":"https:\/\/dumoulin.absoludev.ca\/en\/wp-json\/wp\/v2\/position-sur-le-v\u00e9lo?post=144728"}],"curies":[{"name":"wp","href":"https:\/\/api.w.org\/{rel}","templated":true}]}}