{"id":144557,"date":"2022-08-31T11:02:47","date_gmt":"2022-08-31T15:02:47","guid":{"rendered":"http:\/\/www.dumoulinbicyclettes.com\/?post_type=product&#038;p=144557"},"modified":"2025-09-04T14:14:22","modified_gmt":"2025-09-04T18:14:22","slug":"sac-transport-tern-carry-on-cover-2-0","status":"publish","type":"product","link":"https:\/\/dumoulin.absoludev.ca\/en\/produit\/sac-transport-tern-carry-on-cover-2-0\/","title":{"rendered":"Sac de transport Tern \u00ab Carry-On Cover \u00bb"},"content":{"rendered":"<p>Cette housse l\u00e9g\u00e8re et facile \u00e0 utiliser est un accessoire essentiel pour votre v\u00e9lo pliant. Parfaite pour le train, le m\u00e9tro ou les bus lorsque vous devez transporter votre v\u00e9lo, la housse \u00ab Carry-On Cover \u00bb vous prot\u00e8ge, vous et les autres, de la graisse et de la salet\u00e9.<\/p>\n","protected":false},"excerpt":{"rendered":"<p>Cette housse l\u00e9g\u00e8re et facile \u00e0 utiliser est un accessoire essentiel pour votre v\u00e9lo pliant. Parfaite pour le train, le m\u00e9tro ou les bus lorsque vous devez transporter votre v\u00e9lo, la housse \u00ab Carry-On Cover \u00bb vous prot\u00e8ge, vous et les autres, de la graisse et de la salet\u00e9.<\/p>\n","protected":false},"featured_media":493960,"template":"","meta":{"_acf_changed":false},"product_brand":[],"product_cat":[184],"product_tag":[3127,3128,3129,3125,2203],"marque-produit":[154],"collection-produit":[],"type-surface-produit":[],"type-velo-produit":[2167],"vetement-produit":[],"thematique-produit":[],"position-sur-le-v\u00e9lo":[],"class_list":{"0":"post-144557","1":"product","2":"type-product","3":"status-publish","4":"has-post-thumbnail","6":"product_cat-accessoires-pour-velo-pliable","7":"product_tag-carry-on-cover","8":"product_tag-carryon","9":"product_tag-carryon-cover","10":"product_tag-sac-de-transport","11":"product_tag-tern","12":"marque-produit-tern","13":"type-velo-produit-pliables-en","15":"first","16":"outofstock","17":"taxable","18":"shipping-taxable","19":"purchasable","20":"product-type-simple"},"acf":[],"yoast_head":"<!-- This site is optimized with the Yoast SEO plugin v24.3 - https:\/\/yoast.com\/wordpress\/plugins\/seo\/ -->\n<title>Sac de transport Tern \u00ab Carry-On Cover \u00bb - Dumoulin Bicyclettes<\/title>\n<meta name=\"description\" content=\"Cette housse l\u00e9g\u00e8re et facile \u00e0 utiliser vous prot\u00e8ge, vous et les autres, de la graisse et de la salet\u00e9 durant vos d\u00e9placements.\" \/>\n<meta name=\"robots\" content=\"noindex, follow, max-snippet:-1, max-image-preview:large, max-video-preview:-1\" \/>\n<meta property=\"og:locale\" content=\"en_US\" \/>\n<meta property=\"og:type\" content=\"article\" \/>\n<meta property=\"og:title\" content=\"Sac de transport Tern \u00ab Carry-On Cover \u00bb - Dumoulin Bicyclettes\" \/>\n<meta property=\"og:description\" content=\"Cette housse l\u00e9g\u00e8re et facile \u00e0 utiliser vous prot\u00e8ge, vous et les autres, de la graisse et de la salet\u00e9 durant vos d\u00e9placements.\" \/>\n<meta property=\"og:url\" content=\"https:\/\/dumoulin.absoludev.ca\/en\/produit\/sac-transport-tern-carry-on-cover-2-0\/\" \/>\n<meta property=\"og:site_name\" content=\"Dumoulin Bicyclettes\" \/>\n<meta property=\"article:publisher\" content=\"https:\/\/www.facebook.com\/dumoulinbicyclettes\" \/>\n<meta property=\"article:modified_time\" content=\"2025-09-04T18:14:22+00:00\" \/>\n<meta property=\"og:image\" content=\"https:\/\/dumoulin.absoludev.ca\/wp-content\/uploads\/2022\/08\/ern-carryon-cover-dumoulin-bicyclettes-montreal-1.jpg\" \/>\n\t<meta property=\"og:image:width\" content=\"1960\" \/>\n\t<meta property=\"og:image:height\" content=\"1305\" \/>\n\t<meta property=\"og:image:type\" content=\"image\/jpeg\" \/>\n<meta name=\"twitter:card\" content=\"summary_large_image\" \/>\n<meta name=\"twitter:label1\" content=\"Est. reading time\" \/>\n\t<meta name=\"twitter:data1\" content=\"1 minute\" \/>\n<script type=\"application\/ld+json\" class=\"yoast-schema-graph\">{\"@context\":\"https:\/\/schema.org\",\"@graph\":[{\"@type\":\"WebPage\",\"@id\":\"https:\/\/dumoulin.absoludev.ca\/en\/produit\/sac-transport-tern-carry-on-cover-2-0\/\",\"url\":\"https:\/\/dumoulin.absoludev.ca\/en\/produit\/sac-transport-tern-carry-on-cover-2-0\/\",\"name\":\"Sac de transport Tern \u00ab Carry-On Cover \u00bb - Dumoulin Bicyclettes\",\"isPartOf\":{\"@id\":\"https:\/\/dumoulin.absoludev.ca\/#website\"},\"primaryImageOfPage\":{\"@id\":\"https:\/\/dumoulin.absoludev.ca\/en\/produit\/sac-transport-tern-carry-on-cover-2-0\/#primaryimage\"},\"image\":{\"@id\":\"https:\/\/dumoulin.absoludev.ca\/en\/produit\/sac-transport-tern-carry-on-cover-2-0\/#primaryimage\"},\"thumbnailUrl\":\"https:\/\/dumoulin.absoludev.ca\/wp-content\/uploads\/2022\/08\/ern-carryon-cover-dumoulin-bicyclettes-montreal-1.jpg\",\"datePublished\":\"2022-08-31T15:02:47+00:00\",\"dateModified\":\"2025-09-04T18:14:22+00:00\",\"description\":\"Cette housse l\u00e9g\u00e8re et facile \u00e0 utiliser vous prot\u00e8ge, vous et les autres, de la graisse et de la salet\u00e9 durant vos d\u00e9placements.\",\"breadcrumb\":{\"@id\":\"https:\/\/dumoulin.absoludev.ca\/en\/produit\/sac-transport-tern-carry-on-cover-2-0\/#breadcrumb\"},\"inLanguage\":\"en-US\",\"potentialAction\":[{\"@type\":\"ReadAction\",\"target\":[\"https:\/\/dumoulin.absoludev.ca\/en\/produit\/sac-transport-tern-carry-on-cover-2-0\/\"]}]},{\"@type\":\"ImageObject\",\"inLanguage\":\"en-US\",\"@id\":\"https:\/\/dumoulin.absoludev.ca\/en\/produit\/sac-transport-tern-carry-on-cover-2-0\/#primaryimage\",\"url\":\"https:\/\/dumoulin.absoludev.ca\/wp-content\/uploads\/2022\/08\/ern-carryon-cover-dumoulin-bicyclettes-montreal-1.jpg\",\"contentUrl\":\"https:\/\/dumoulin.absoludev.ca\/wp-content\/uploads\/2022\/08\/ern-carryon-cover-dumoulin-bicyclettes-montreal-1.jpg\",\"width\":1960,\"height\":1305},{\"@type\":\"BreadcrumbList\",\"@id\":\"https:\/\/dumoulin.absoludev.ca\/en\/produit\/sac-transport-tern-carry-on-cover-2-0\/#breadcrumb\",\"itemListElement\":[{\"@type\":\"ListItem\",\"position\":1,\"name\":\"Home\",\"item\":\"https:\/\/dumoulin.absoludev.ca\/en\/\"},{\"@type\":\"ListItem\",\"position\":2,\"name\":\"Shop\",\"item\":\"https:\/\/dumoulin.absoludev.ca\/en\/shop\/\"},{\"@type\":\"ListItem\",\"position\":3,\"name\":\"Sac de transport Tern \u00ab Carry-On Cover \u00bb\"}]},{\"@type\":\"WebSite\",\"@id\":\"https:\/\/dumoulin.absoludev.ca\/#website\",\"url\":\"https:\/\/dumoulin.absoludev.ca\/\",\"name\":\"Dumoulin Bicyclettes\",\"description\":\"\",\"publisher\":{\"@id\":\"https:\/\/dumoulin.absoludev.ca\/#organization\"},\"potentialAction\":[{\"@type\":\"SearchAction\",\"target\":{\"@type\":\"EntryPoint\",\"urlTemplate\":\"https:\/\/dumoulin.absoludev.ca\/?s={search_term_string}\"},\"query-input\":{\"@type\":\"PropertyValueSpecification\",\"valueRequired\":true,\"valueName\":\"search_term_string\"}}],\"inLanguage\":\"en-US\"},{\"@type\":\"Organization\",\"@id\":\"https:\/\/dumoulin.absoludev.ca\/#organization\",\"name\":\"Dumoulin Bicyclettes\",\"url\":\"https:\/\/dumoulin.absoludev.ca\/\",\"logo\":{\"@type\":\"ImageObject\",\"inLanguage\":\"en-US\",\"@id\":\"https:\/\/dumoulin.absoludev.ca\/#\/schema\/logo\/image\/\",\"url\":\"https:\/\/www.dumoulinbicyclettes.com\/wp-content\/uploads\/2021\/04\/Logo.svg\",\"contentUrl\":\"https:\/\/www.dumoulinbicyclettes.com\/wp-content\/uploads\/2021\/04\/Logo.svg\",\"width\":254,\"height\":86,\"caption\":\"Dumoulin Bicyclettes\"},\"image\":{\"@id\":\"https:\/\/dumoulin.absoludev.ca\/#\/schema\/logo\/image\/\"},\"sameAs\":[\"https:\/\/www.facebook.com\/dumoulinbicyclettes\",\"https:\/\/www.instagram.com\/dumoulin.ca\/\",\"https:\/\/www.youtube.com\/user\/dumoulinbicyclettes\"]}]}<\/script>\n<!-- \/ Yoast SEO plugin. -->","yoast_head_json":{"title":"Sac de transport Tern \u00ab Carry-On Cover \u00bb - Dumoulin Bicyclettes","description":"Cette housse l\u00e9g\u00e8re et facile \u00e0 utiliser vous prot\u00e8ge, vous et les autres, de la graisse et de la salet\u00e9 durant vos d\u00e9placements.","robots":{"index":"noindex","follow":"follow","max-snippet":"max-snippet:-1","max-image-preview":"max-image-preview:large","max-video-preview":"max-video-preview:-1"},"og_locale":"en_US","og_type":"article","og_title":"Sac de transport Tern \u00ab Carry-On Cover \u00bb - Dumoulin Bicyclettes","og_description":"Cette housse l\u00e9g\u00e8re et facile \u00e0 utiliser vous prot\u00e8ge, vous et les autres, de la graisse et de la salet\u00e9 durant vos d\u00e9placements.","og_url":"https:\/\/dumoulin.absoludev.ca\/en\/produit\/sac-transport-tern-carry-on-cover-2-0\/","og_site_name":"Dumoulin Bicyclettes","article_publisher":"https:\/\/www.facebook.com\/dumoulinbicyclettes","article_modified_time":"2025-09-04T18:14:22+00:00","og_image":[{"width":1960,"height":1305,"url":"https:\/\/dumoulin.absoludev.ca\/wp-content\/uploads\/2022\/08\/ern-carryon-cover-dumoulin-bicyclettes-montreal-1.jpg","type":"image\/jpeg"}],"twitter_card":"summary_large_image","twitter_misc":{"Est. reading time":"1 minute"},"schema":{"@context":"https:\/\/schema.org","@graph":[{"@type":"WebPage","@id":"https:\/\/dumoulin.absoludev.ca\/en\/produit\/sac-transport-tern-carry-on-cover-2-0\/","url":"https:\/\/dumoulin.absoludev.ca\/en\/produit\/sac-transport-tern-carry-on-cover-2-0\/","name":"Sac de transport Tern \u00ab Carry-On Cover \u00bb - Dumoulin Bicyclettes","isPartOf":{"@id":"https:\/\/dumoulin.absoludev.ca\/#website"},"primaryImageOfPage":{"@id":"https:\/\/dumoulin.absoludev.ca\/en\/produit\/sac-transport-tern-carry-on-cover-2-0\/#primaryimage"},"image":{"@id":"https:\/\/dumoulin.absoludev.ca\/en\/produit\/sac-transport-tern-carry-on-cover-2-0\/#primaryimage"},"thumbnailUrl":"https:\/\/dumoulin.absoludev.ca\/wp-content\/uploads\/2022\/08\/ern-carryon-cover-dumoulin-bicyclettes-montreal-1.jpg","datePublished":"2022-08-31T15:02:47+00:00","dateModified":"2025-09-04T18:14:22+00:00","description":"Cette housse l\u00e9g\u00e8re et facile \u00e0 utiliser vous prot\u00e8ge, vous et les autres, de la graisse et de la salet\u00e9 durant vos d\u00e9placements.","breadcrumb":{"@id":"https:\/\/dumoulin.absoludev.ca\/en\/produit\/sac-transport-tern-carry-on-cover-2-0\/#breadcrumb"},"inLanguage":"en-US","potentialAction":[{"@type":"ReadAction","target":["https:\/\/dumoulin.absoludev.ca\/en\/produit\/sac-transport-tern-carry-on-cover-2-0\/"]}]},{"@type":"ImageObject","inLanguage":"en-US","@id":"https:\/\/dumoulin.absoludev.ca\/en\/produit\/sac-transport-tern-carry-on-cover-2-0\/#primaryimage","url":"https:\/\/dumoulin.absoludev.ca\/wp-content\/uploads\/2022\/08\/ern-carryon-cover-dumoulin-bicyclettes-montreal-1.jpg","contentUrl":"https:\/\/dumoulin.absoludev.ca\/wp-content\/uploads\/2022\/08\/ern-carryon-cover-dumoulin-bicyclettes-montreal-1.jpg","width":1960,"height":1305},{"@type":"BreadcrumbList","@id":"https:\/\/dumoulin.absoludev.ca\/en\/produit\/sac-transport-tern-carry-on-cover-2-0\/#breadcrumb","itemListElement":[{"@type":"ListItem","position":1,"name":"Home","item":"https:\/\/dumoulin.absoludev.ca\/en\/"},{"@type":"ListItem","position":2,"name":"Shop","item":"https:\/\/dumoulin.absoludev.ca\/en\/shop\/"},{"@type":"ListItem","position":3,"name":"Sac de transport Tern \u00ab Carry-On Cover \u00bb"}]},{"@type":"WebSite","@id":"https:\/\/dumoulin.absoludev.ca\/#website","url":"https:\/\/dumoulin.absoludev.ca\/","name":"Dumoulin Bicyclettes","description":"","publisher":{"@id":"https:\/\/dumoulin.absoludev.ca\/#organization"},"potentialAction":[{"@type":"SearchAction","target":{"@type":"EntryPoint","urlTemplate":"https:\/\/dumoulin.absoludev.ca\/?s={search_term_string}"},"query-input":{"@type":"PropertyValueSpecification","valueRequired":true,"valueName":"search_term_string"}}],"inLanguage":"en-US"},{"@type":"Organization","@id":"https:\/\/dumoulin.absoludev.ca\/#organization","name":"Dumoulin Bicyclettes","url":"https:\/\/dumoulin.absoludev.ca\/","logo":{"@type":"ImageObject","inLanguage":"en-US","@id":"https:\/\/dumoulin.absoludev.ca\/#\/schema\/logo\/image\/","url":"https:\/\/www.dumoulinbicyclettes.com\/wp-content\/uploads\/2021\/04\/Logo.svg","contentUrl":"https:\/\/www.dumoulinbicyclettes.com\/wp-content\/uploads\/2021\/04\/Logo.svg","width":254,"height":86,"caption":"Dumoulin Bicyclettes"},"image":{"@id":"https:\/\/dumoulin.absoludev.ca\/#\/schema\/logo\/image\/"},"sameAs":["https:\/\/www.facebook.com\/dumoulinbicyclettes","https:\/\/www.instagram.com\/dumoulin.ca\/","https:\/\/www.youtube.com\/user\/dumoulinbicyclettes"]}]}},"_links":{"self":[{"href":"https:\/\/dumoulin.absoludev.ca\/en\/wp-json\/wp\/v2\/product\/144557","targetHints":{"allow":["GET"]}}],"collection":[{"href":"https:\/\/dumoulin.absoludev.ca\/en\/wp-json\/wp\/v2\/product"}],"about":[{"href":"https:\/\/dumoulin.absoludev.ca\/en\/wp-json\/wp\/v2\/types\/product"}],"wp:featuredmedia":[{"embeddable":true,"href":"https:\/\/dumoulin.absoludev.ca\/en\/wp-json\/wp\/v2\/media\/493960"}],"wp:attachment":[{"href":"https:\/\/dumoulin.absoludev.ca\/en\/wp-json\/wp\/v2\/media?parent=144557"}],"wp:term":[{"taxonomy":"product_brand","embeddable":true,"href":"https:\/\/dumoulin.absoludev.ca\/en\/wp-json\/wp\/v2\/product_brand?post=144557"},{"taxonomy":"product_cat","embeddable":true,"href":"https:\/\/dumoulin.absoludev.ca\/en\/wp-json\/wp\/v2\/product_cat?post=144557"},{"taxonomy":"product_tag","embeddable":true,"href":"https:\/\/dumoulin.absoludev.ca\/en\/wp-json\/wp\/v2\/product_tag?post=144557"},{"taxonomy":"marque-produit","embeddable":true,"href":"https:\/\/dumoulin.absoludev.ca\/en\/wp-json\/wp\/v2\/marque-produit?post=144557"},{"taxonomy":"collection-produit","embeddable":true,"href":"https:\/\/dumoulin.absoludev.ca\/en\/wp-json\/wp\/v2\/collection-produit?post=144557"},{"taxonomy":"type-surface-produit","embeddable":true,"href":"https:\/\/dumoulin.absoludev.ca\/en\/wp-json\/wp\/v2\/type-surface-produit?post=144557"},{"taxonomy":"type-velo-produit","embeddable":true,"href":"https:\/\/dumoulin.absoludev.ca\/en\/wp-json\/wp\/v2\/type-velo-produit?post=144557"},{"taxonomy":"vetement-produit","embeddable":true,"href":"https:\/\/dumoulin.absoludev.ca\/en\/wp-json\/wp\/v2\/vetement-produit?post=144557"},{"taxonomy":"thematique-produit","embeddable":true,"href":"https:\/\/dumoulin.absoludev.ca\/en\/wp-json\/wp\/v2\/thematique-produit?post=144557"},{"taxonomy":"position-sur-le-v\u00e9lo","embeddable":true,"href":"https:\/\/dumoulin.absoludev.ca\/en\/wp-json\/wp\/v2\/position-sur-le-v\u00e9lo?post=144557"}],"curies":[{"name":"wp","href":"https:\/\/api.w.org\/{rel}","templated":true}]}}