{"id":140832,"date":"2022-08-25T12:02:40","date_gmt":"2022-08-25T16:02:40","guid":{"rendered":"http:\/\/www.dumoulinbicyclettes.com\/?post_type=product&#038;p=140832"},"modified":"2025-09-04T14:20:49","modified_gmt":"2025-09-04T18:20:49","slug":"trek-fx-plus-2","status":"publish","type":"product","link":"https:\/\/dumoulin.absoludev.ca\/en\/produit\/trek-fx-plus-2\/","title":{"rendered":"TREK FX + 2"},"content":{"rendered":"<p>Le v\u00e9lo hybride \u00e9lectrique Trek FX + 2 est taill\u00e9 pour les d\u00e9placements quotidiens. Vous voulez essayer le monde du v\u00e9lo \u00e9lectrique, en ayant confiance dans la qualit\u00e9 de la marque et du mod\u00e8le, le Trek FX + est pour vous !<\/p>\n","protected":false},"excerpt":{"rendered":"<p>Le v\u00e9lo hybride \u00e9lectrique Trek FX + 2 est taill\u00e9 pour les d\u00e9placements quotidiens. Vous voulez essayer le monde du v\u00e9lo \u00e9lectrique, en ayant confiance dans la qualit\u00e9 de la marque et du mod\u00e8le, le Trek FX + est pour vous !<\/p>\n","protected":false},"featured_media":140849,"template":"","meta":{"_acf_changed":false},"product_brand":[],"product_cat":[176,165],"product_tag":[2284,2194],"marque-produit":[1277],"collection-produit":[],"type-surface-produit":[],"type-velo-produit":[1250],"vetement-produit":[],"thematique-produit":[],"position-sur-le-v\u00e9lo":[],"class_list":{"0":"post-140832","1":"product","2":"type-product","3":"status-publish","4":"has-post-thumbnail","6":"product_cat-electriques-hybrides","7":"product_cat-velo-electriques","8":"product_tag-fx","9":"product_tag-trek","10":"marque-produit-trek","11":"type-velo-produit-electriques","13":"first","14":"instock","15":"sale","16":"taxable","17":"shipping-taxable","18":"purchasable","19":"product-type-variable"},"acf":[],"yoast_head":"<!-- This site is optimized with the Yoast SEO plugin v24.3 - https:\/\/yoast.com\/wordpress\/plugins\/seo\/ -->\n<title>TREK FX + 2\u00a0| Trek FX Plus | V\u00e9lo \u00e9lectrique |\u00a0V\u00e9lo hybride | Dumoulin<\/title>\n<meta name=\"description\" content=\"Trek FX + 2, un v\u00e9lo \u00e0 assistance \u00e9lectrique l\u00e9ger, performant, \u00e9quip\u00e9. Id\u00e9al pour les promenades de fin de semaine, parfait pour les d\u00e9placements quotidiens.\" \/>\n<meta name=\"robots\" content=\"noindex, follow, max-snippet:-1, max-image-preview:large, max-video-preview:-1\" \/>\n<meta property=\"og:locale\" content=\"en_US\" \/>\n<meta property=\"og:type\" content=\"article\" \/>\n<meta property=\"og:title\" content=\"TREK FX + 2\u00a0| Trek FX Plus | V\u00e9lo \u00e9lectrique |\u00a0V\u00e9lo hybride | Dumoulin\" \/>\n<meta property=\"og:description\" content=\"Trek FX + 2, un v\u00e9lo \u00e0 assistance \u00e9lectrique l\u00e9ger, performant, \u00e9quip\u00e9. Id\u00e9al pour les promenades de fin de semaine, parfait pour les d\u00e9placements quotidiens.\" \/>\n<meta property=\"og:url\" content=\"https:\/\/dumoulin.absoludev.ca\/produit\/trek-fx-plus-2\/\" \/>\n<meta property=\"og:site_name\" content=\"Dumoulin Bicyclettes\" \/>\n<meta property=\"article:publisher\" content=\"https:\/\/www.facebook.com\/dumoulinbicyclettes\" \/>\n<meta property=\"article:modified_time\" content=\"2025-09-04T18:20:49+00:00\" \/>\n<meta property=\"og:image\" content=\"https:\/\/dumoulin.absoludev.ca\/wp-content\/uploads\/2022\/08\/Trek_FX-Plus-2_23_35842_B_Primary.jpg\" \/>\n\t<meta property=\"og:image:width\" content=\"1920\" \/>\n\t<meta property=\"og:image:height\" content=\"1440\" \/>\n\t<meta property=\"og:image:type\" content=\"image\/jpeg\" \/>\n<meta name=\"twitter:card\" content=\"summary_large_image\" \/>\n<meta name=\"twitter:label1\" content=\"Est. reading time\" \/>\n\t<meta name=\"twitter:data1\" content=\"1 minute\" \/>\n<script type=\"application\/ld+json\" class=\"yoast-schema-graph\">{\"@context\":\"https:\/\/schema.org\",\"@graph\":[{\"@type\":\"WebPage\",\"@id\":\"https:\/\/dumoulin.absoludev.ca\/produit\/trek-fx-plus-2\/\",\"url\":\"https:\/\/dumoulin.absoludev.ca\/produit\/trek-fx-plus-2\/\",\"name\":\"TREK FX + 2\u00a0| Trek FX Plus | V\u00e9lo \u00e9lectrique |\u00a0V\u00e9lo hybride | Dumoulin\",\"isPartOf\":{\"@id\":\"https:\/\/dumoulin.absoludev.ca\/#website\"},\"primaryImageOfPage\":{\"@id\":\"https:\/\/dumoulin.absoludev.ca\/produit\/trek-fx-plus-2\/#primaryimage\"},\"image\":{\"@id\":\"https:\/\/dumoulin.absoludev.ca\/produit\/trek-fx-plus-2\/#primaryimage\"},\"thumbnailUrl\":\"https:\/\/dumoulin.absoludev.ca\/wp-content\/uploads\/2022\/08\/Trek_FX-Plus-2_23_35842_B_Primary.jpg\",\"datePublished\":\"2022-08-25T16:02:40+00:00\",\"dateModified\":\"2025-09-04T18:20:49+00:00\",\"description\":\"Trek FX + 2, un v\u00e9lo \u00e0 assistance \u00e9lectrique l\u00e9ger, performant, \u00e9quip\u00e9. Id\u00e9al pour les promenades de fin de semaine, parfait pour les d\u00e9placements quotidiens.\",\"breadcrumb\":{\"@id\":\"https:\/\/dumoulin.absoludev.ca\/produit\/trek-fx-plus-2\/#breadcrumb\"},\"inLanguage\":\"en-US\",\"potentialAction\":[{\"@type\":\"ReadAction\",\"target\":[\"https:\/\/dumoulin.absoludev.ca\/produit\/trek-fx-plus-2\/\"]}]},{\"@type\":\"ImageObject\",\"inLanguage\":\"en-US\",\"@id\":\"https:\/\/dumoulin.absoludev.ca\/produit\/trek-fx-plus-2\/#primaryimage\",\"url\":\"https:\/\/dumoulin.absoludev.ca\/wp-content\/uploads\/2022\/08\/Trek_FX-Plus-2_23_35842_B_Primary.jpg\",\"contentUrl\":\"https:\/\/dumoulin.absoludev.ca\/wp-content\/uploads\/2022\/08\/Trek_FX-Plus-2_23_35842_B_Primary.jpg\",\"width\":1920,\"height\":1440,\"caption\":\"trek-fx-plus\"},{\"@type\":\"BreadcrumbList\",\"@id\":\"https:\/\/dumoulin.absoludev.ca\/produit\/trek-fx-plus-2\/#breadcrumb\",\"itemListElement\":[{\"@type\":\"ListItem\",\"position\":1,\"name\":\"Home\",\"item\":\"https:\/\/dumoulin.absoludev.ca\/en\/\"},{\"@type\":\"ListItem\",\"position\":2,\"name\":\"Shop\",\"item\":\"https:\/\/dumoulin.absoludev.ca\/en\/shop\/\"},{\"@type\":\"ListItem\",\"position\":3,\"name\":\"TREK FX + 2\"}]},{\"@type\":\"WebSite\",\"@id\":\"https:\/\/dumoulin.absoludev.ca\/#website\",\"url\":\"https:\/\/dumoulin.absoludev.ca\/\",\"name\":\"Dumoulin Bicyclettes\",\"description\":\"\",\"publisher\":{\"@id\":\"https:\/\/dumoulin.absoludev.ca\/#organization\"},\"potentialAction\":[{\"@type\":\"SearchAction\",\"target\":{\"@type\":\"EntryPoint\",\"urlTemplate\":\"https:\/\/dumoulin.absoludev.ca\/?s={search_term_string}\"},\"query-input\":{\"@type\":\"PropertyValueSpecification\",\"valueRequired\":true,\"valueName\":\"search_term_string\"}}],\"inLanguage\":\"en-US\"},{\"@type\":\"Organization\",\"@id\":\"https:\/\/dumoulin.absoludev.ca\/#organization\",\"name\":\"Dumoulin Bicyclettes\",\"url\":\"https:\/\/dumoulin.absoludev.ca\/\",\"logo\":{\"@type\":\"ImageObject\",\"inLanguage\":\"en-US\",\"@id\":\"https:\/\/dumoulin.absoludev.ca\/#\/schema\/logo\/image\/\",\"url\":\"https:\/\/www.dumoulinbicyclettes.com\/wp-content\/uploads\/2021\/04\/Logo.svg\",\"contentUrl\":\"https:\/\/www.dumoulinbicyclettes.com\/wp-content\/uploads\/2021\/04\/Logo.svg\",\"width\":254,\"height\":86,\"caption\":\"Dumoulin Bicyclettes\"},\"image\":{\"@id\":\"https:\/\/dumoulin.absoludev.ca\/#\/schema\/logo\/image\/\"},\"sameAs\":[\"https:\/\/www.facebook.com\/dumoulinbicyclettes\",\"https:\/\/www.instagram.com\/dumoulin.ca\/\",\"https:\/\/www.youtube.com\/user\/dumoulinbicyclettes\"]}]}<\/script>\n<!-- \/ Yoast SEO plugin. -->","yoast_head_json":{"title":"TREK FX + 2\u00a0| Trek FX Plus | V\u00e9lo \u00e9lectrique |\u00a0V\u00e9lo hybride | Dumoulin","description":"Trek FX + 2, un v\u00e9lo \u00e0 assistance \u00e9lectrique l\u00e9ger, performant, \u00e9quip\u00e9. Id\u00e9al pour les promenades de fin de semaine, parfait pour les d\u00e9placements quotidiens.","robots":{"index":"noindex","follow":"follow","max-snippet":"max-snippet:-1","max-image-preview":"max-image-preview:large","max-video-preview":"max-video-preview:-1"},"og_locale":"en_US","og_type":"article","og_title":"TREK FX + 2\u00a0| Trek FX Plus | V\u00e9lo \u00e9lectrique |\u00a0V\u00e9lo hybride | Dumoulin","og_description":"Trek FX + 2, un v\u00e9lo \u00e0 assistance \u00e9lectrique l\u00e9ger, performant, \u00e9quip\u00e9. Id\u00e9al pour les promenades de fin de semaine, parfait pour les d\u00e9placements quotidiens.","og_url":"https:\/\/dumoulin.absoludev.ca\/produit\/trek-fx-plus-2\/","og_site_name":"Dumoulin Bicyclettes","article_publisher":"https:\/\/www.facebook.com\/dumoulinbicyclettes","article_modified_time":"2025-09-04T18:20:49+00:00","og_image":[{"width":1920,"height":1440,"url":"https:\/\/dumoulin.absoludev.ca\/wp-content\/uploads\/2022\/08\/Trek_FX-Plus-2_23_35842_B_Primary.jpg","type":"image\/jpeg"}],"twitter_card":"summary_large_image","twitter_misc":{"Est. reading time":"1 minute"},"schema":{"@context":"https:\/\/schema.org","@graph":[{"@type":"WebPage","@id":"https:\/\/dumoulin.absoludev.ca\/produit\/trek-fx-plus-2\/","url":"https:\/\/dumoulin.absoludev.ca\/produit\/trek-fx-plus-2\/","name":"TREK FX + 2\u00a0| Trek FX Plus | V\u00e9lo \u00e9lectrique |\u00a0V\u00e9lo hybride | Dumoulin","isPartOf":{"@id":"https:\/\/dumoulin.absoludev.ca\/#website"},"primaryImageOfPage":{"@id":"https:\/\/dumoulin.absoludev.ca\/produit\/trek-fx-plus-2\/#primaryimage"},"image":{"@id":"https:\/\/dumoulin.absoludev.ca\/produit\/trek-fx-plus-2\/#primaryimage"},"thumbnailUrl":"https:\/\/dumoulin.absoludev.ca\/wp-content\/uploads\/2022\/08\/Trek_FX-Plus-2_23_35842_B_Primary.jpg","datePublished":"2022-08-25T16:02:40+00:00","dateModified":"2025-09-04T18:20:49+00:00","description":"Trek FX + 2, un v\u00e9lo \u00e0 assistance \u00e9lectrique l\u00e9ger, performant, \u00e9quip\u00e9. Id\u00e9al pour les promenades de fin de semaine, parfait pour les d\u00e9placements quotidiens.","breadcrumb":{"@id":"https:\/\/dumoulin.absoludev.ca\/produit\/trek-fx-plus-2\/#breadcrumb"},"inLanguage":"en-US","potentialAction":[{"@type":"ReadAction","target":["https:\/\/dumoulin.absoludev.ca\/produit\/trek-fx-plus-2\/"]}]},{"@type":"ImageObject","inLanguage":"en-US","@id":"https:\/\/dumoulin.absoludev.ca\/produit\/trek-fx-plus-2\/#primaryimage","url":"https:\/\/dumoulin.absoludev.ca\/wp-content\/uploads\/2022\/08\/Trek_FX-Plus-2_23_35842_B_Primary.jpg","contentUrl":"https:\/\/dumoulin.absoludev.ca\/wp-content\/uploads\/2022\/08\/Trek_FX-Plus-2_23_35842_B_Primary.jpg","width":1920,"height":1440,"caption":"trek-fx-plus"},{"@type":"BreadcrumbList","@id":"https:\/\/dumoulin.absoludev.ca\/produit\/trek-fx-plus-2\/#breadcrumb","itemListElement":[{"@type":"ListItem","position":1,"name":"Home","item":"https:\/\/dumoulin.absoludev.ca\/en\/"},{"@type":"ListItem","position":2,"name":"Shop","item":"https:\/\/dumoulin.absoludev.ca\/en\/shop\/"},{"@type":"ListItem","position":3,"name":"TREK FX + 2"}]},{"@type":"WebSite","@id":"https:\/\/dumoulin.absoludev.ca\/#website","url":"https:\/\/dumoulin.absoludev.ca\/","name":"Dumoulin Bicyclettes","description":"","publisher":{"@id":"https:\/\/dumoulin.absoludev.ca\/#organization"},"potentialAction":[{"@type":"SearchAction","target":{"@type":"EntryPoint","urlTemplate":"https:\/\/dumoulin.absoludev.ca\/?s={search_term_string}"},"query-input":{"@type":"PropertyValueSpecification","valueRequired":true,"valueName":"search_term_string"}}],"inLanguage":"en-US"},{"@type":"Organization","@id":"https:\/\/dumoulin.absoludev.ca\/#organization","name":"Dumoulin Bicyclettes","url":"https:\/\/dumoulin.absoludev.ca\/","logo":{"@type":"ImageObject","inLanguage":"en-US","@id":"https:\/\/dumoulin.absoludev.ca\/#\/schema\/logo\/image\/","url":"https:\/\/www.dumoulinbicyclettes.com\/wp-content\/uploads\/2021\/04\/Logo.svg","contentUrl":"https:\/\/www.dumoulinbicyclettes.com\/wp-content\/uploads\/2021\/04\/Logo.svg","width":254,"height":86,"caption":"Dumoulin Bicyclettes"},"image":{"@id":"https:\/\/dumoulin.absoludev.ca\/#\/schema\/logo\/image\/"},"sameAs":["https:\/\/www.facebook.com\/dumoulinbicyclettes","https:\/\/www.instagram.com\/dumoulin.ca\/","https:\/\/www.youtube.com\/user\/dumoulinbicyclettes"]}]}},"_links":{"self":[{"href":"https:\/\/dumoulin.absoludev.ca\/en\/wp-json\/wp\/v2\/product\/140832","targetHints":{"allow":["GET"]}}],"collection":[{"href":"https:\/\/dumoulin.absoludev.ca\/en\/wp-json\/wp\/v2\/product"}],"about":[{"href":"https:\/\/dumoulin.absoludev.ca\/en\/wp-json\/wp\/v2\/types\/product"}],"wp:featuredmedia":[{"embeddable":true,"href":"https:\/\/dumoulin.absoludev.ca\/en\/wp-json\/wp\/v2\/media\/140849"}],"wp:attachment":[{"href":"https:\/\/dumoulin.absoludev.ca\/en\/wp-json\/wp\/v2\/media?parent=140832"}],"wp:term":[{"taxonomy":"product_brand","embeddable":true,"href":"https:\/\/dumoulin.absoludev.ca\/en\/wp-json\/wp\/v2\/product_brand?post=140832"},{"taxonomy":"product_cat","embeddable":true,"href":"https:\/\/dumoulin.absoludev.ca\/en\/wp-json\/wp\/v2\/product_cat?post=140832"},{"taxonomy":"product_tag","embeddable":true,"href":"https:\/\/dumoulin.absoludev.ca\/en\/wp-json\/wp\/v2\/product_tag?post=140832"},{"taxonomy":"marque-produit","embeddable":true,"href":"https:\/\/dumoulin.absoludev.ca\/en\/wp-json\/wp\/v2\/marque-produit?post=140832"},{"taxonomy":"collection-produit","embeddable":true,"href":"https:\/\/dumoulin.absoludev.ca\/en\/wp-json\/wp\/v2\/collection-produit?post=140832"},{"taxonomy":"type-surface-produit","embeddable":true,"href":"https:\/\/dumoulin.absoludev.ca\/en\/wp-json\/wp\/v2\/type-surface-produit?post=140832"},{"taxonomy":"type-velo-produit","embeddable":true,"href":"https:\/\/dumoulin.absoludev.ca\/en\/wp-json\/wp\/v2\/type-velo-produit?post=140832"},{"taxonomy":"vetement-produit","embeddable":true,"href":"https:\/\/dumoulin.absoludev.ca\/en\/wp-json\/wp\/v2\/vetement-produit?post=140832"},{"taxonomy":"thematique-produit","embeddable":true,"href":"https:\/\/dumoulin.absoludev.ca\/en\/wp-json\/wp\/v2\/thematique-produit?post=140832"},{"taxonomy":"position-sur-le-v\u00e9lo","embeddable":true,"href":"https:\/\/dumoulin.absoludev.ca\/en\/wp-json\/wp\/v2\/position-sur-le-v\u00e9lo?post=140832"}],"curies":[{"name":"wp","href":"https:\/\/api.w.org\/{rel}","templated":true}]}}