{"id":111247,"date":"2022-06-16T22:02:46","date_gmt":"2022-06-17T02:02:46","guid":{"rendered":"http:\/\/www.dumoulinbicyclettes.com\/?post_type=product&#038;p=111247"},"modified":"2025-09-04T14:16:00","modified_gmt":"2025-09-04T18:16:00","slug":"les-150-plus-beaux-sites-de-plein-air-du-quebec","status":"publish","type":"product","link":"https:\/\/dumoulin.absoludev.ca\/en\/produit\/les-150-plus-beaux-sites-de-plein-air-du-quebec\/","title":{"rendered":"Livre \u00abLes 150 plus beaux sites de plein air du Qu\u00e9bec\u00bb"},"content":{"rendered":"<p>Les 150 plus beaux sites de plein air du Qu\u00e9bec recense les parcs nationaux et r\u00e9gionaux, les r\u00e9serves naturelles, les refuges fauniques et les zones r\u00e9cr\u00e9atives exceptionnels du Qu\u00e9bec. Ce magnifique album vous r\u00e9v\u00e8le les 150 espaces les plus enivrants pour la pratique de sports de plein air en toute saison, qu\u2019il s\u2019agisse de randonn\u00e9e p\u00e9destre, v\u00e9lo, escalade, canot, kayak, sp\u00e9l\u00e9ologie, camping, observation de la faune, raquette, ski de fond, marche hivernale ou autres.<\/p>\n<p>256 pages; 1 carte. Feuilletez un extrait <a href=\"https:\/\/flipbook.cantook.net\/?d=%2F%2Fwww.entrepotnumerique.com%2Fflipbook%2Fpublications%2F122737.js&#038;oid=6&#038;c=&#038;m=&#038;l=fr&#038;r=https:\/\/www.guidesulysse.com&#038;f=pdf\">ici<\/a>.<\/p>\n","protected":false},"excerpt":{"rendered":"<p>Les 150 plus beaux sites de plein air du Qu\u00e9bec recense les parcs nationaux et r\u00e9gionaux, les r\u00e9serves naturelles, les refuges fauniques et les zones r\u00e9cr\u00e9atives exceptionnels du Qu\u00e9bec. Ce magnifique album vous r\u00e9v\u00e8le les 150 espaces les plus enivrants pour la pratique de sports de plein air en toute saison, qu\u2019il s\u2019agisse de randonn\u00e9e [&hellip;]<\/p>\n","protected":false},"featured_media":111248,"template":"","meta":{"_acf_changed":false},"product_brand":[],"product_cat":[194],"product_tag":[2827],"marque-produit":[2828],"collection-produit":[],"type-surface-produit":[],"type-velo-produit":[],"vetement-produit":[],"thematique-produit":[],"position-sur-le-v\u00e9lo":[],"class_list":{"0":"post-111247","1":"product","2":"type-product","3":"status-publish","4":"has-post-thumbnail","6":"product_cat-accessoires-divers","7":"product_tag-ulysse","8":"marque-produit-ulysse","10":"first","11":"instock","12":"taxable","13":"shipping-taxable","14":"purchasable","15":"product-type-simple"},"acf":[],"yoast_head":"<!-- This site is optimized with the Yoast SEO plugin v24.3 - https:\/\/yoast.com\/wordpress\/plugins\/seo\/ -->\n<title>Livre \u00abLes 150 plus beaux sites de plein air du Qu\u00e9bec\u00bb - Dumoulin Bicyclettes<\/title>\n<meta name=\"description\" content=\"Les 150 plus beaux sites de plein air du Qu\u00e9bec : un guide pour r\u00eaver et pr\u00e9parer ses excursions dans la Belle Province !\" \/>\n<meta name=\"robots\" content=\"noindex, follow, max-snippet:-1, max-image-preview:large, max-video-preview:-1\" \/>\n<meta property=\"og:locale\" content=\"en_US\" \/>\n<meta property=\"og:type\" content=\"article\" \/>\n<meta property=\"og:title\" content=\"Livre \u00abLes 150 plus beaux sites de plein air du Qu\u00e9bec\u00bb - Dumoulin Bicyclettes\" \/>\n<meta property=\"og:description\" content=\"Les 150 plus beaux sites de plein air du Qu\u00e9bec : un guide pour r\u00eaver et pr\u00e9parer ses excursions dans la Belle Province !\" \/>\n<meta property=\"og:url\" content=\"https:\/\/dumoulin.absoludev.ca\/produit\/les-150-plus-beaux-sites-de-plein-air-du-quebec\/\" \/>\n<meta property=\"og:site_name\" content=\"Dumoulin Bicyclettes\" \/>\n<meta property=\"article:publisher\" content=\"https:\/\/www.facebook.com\/dumoulinbicyclettes\" \/>\n<meta property=\"article:modified_time\" content=\"2025-09-04T18:16:00+00:00\" \/>\n<meta property=\"og:image\" content=\"https:\/\/dumoulin.absoludev.ca\/wp-content\/uploads\/2022\/06\/3D-9782894648124.png\" \/>\n\t<meta property=\"og:image:width\" content=\"335\" \/>\n\t<meta property=\"og:image:height\" content=\"465\" \/>\n\t<meta property=\"og:image:type\" content=\"image\/png\" \/>\n<meta name=\"twitter:card\" content=\"summary_large_image\" \/>\n<script type=\"application\/ld+json\" class=\"yoast-schema-graph\">{\"@context\":\"https:\/\/schema.org\",\"@graph\":[{\"@type\":\"WebPage\",\"@id\":\"https:\/\/dumoulin.absoludev.ca\/produit\/les-150-plus-beaux-sites-de-plein-air-du-quebec\/\",\"url\":\"https:\/\/dumoulin.absoludev.ca\/produit\/les-150-plus-beaux-sites-de-plein-air-du-quebec\/\",\"name\":\"Livre \u00abLes 150 plus beaux sites de plein air du Qu\u00e9bec\u00bb - Dumoulin Bicyclettes\",\"isPartOf\":{\"@id\":\"https:\/\/dumoulin.absoludev.ca\/#website\"},\"primaryImageOfPage\":{\"@id\":\"https:\/\/dumoulin.absoludev.ca\/produit\/les-150-plus-beaux-sites-de-plein-air-du-quebec\/#primaryimage\"},\"image\":{\"@id\":\"https:\/\/dumoulin.absoludev.ca\/produit\/les-150-plus-beaux-sites-de-plein-air-du-quebec\/#primaryimage\"},\"thumbnailUrl\":\"https:\/\/dumoulin.absoludev.ca\/wp-content\/uploads\/2022\/06\/3D-9782894648124.png\",\"datePublished\":\"2022-06-17T02:02:46+00:00\",\"dateModified\":\"2025-09-04T18:16:00+00:00\",\"description\":\"Les 150 plus beaux sites de plein air du Qu\u00e9bec : un guide pour r\u00eaver et pr\u00e9parer ses excursions dans la Belle Province !\",\"breadcrumb\":{\"@id\":\"https:\/\/dumoulin.absoludev.ca\/produit\/les-150-plus-beaux-sites-de-plein-air-du-quebec\/#breadcrumb\"},\"inLanguage\":\"en-US\",\"potentialAction\":[{\"@type\":\"ReadAction\",\"target\":[\"https:\/\/dumoulin.absoludev.ca\/produit\/les-150-plus-beaux-sites-de-plein-air-du-quebec\/\"]}]},{\"@type\":\"ImageObject\",\"inLanguage\":\"en-US\",\"@id\":\"https:\/\/dumoulin.absoludev.ca\/produit\/les-150-plus-beaux-sites-de-plein-air-du-quebec\/#primaryimage\",\"url\":\"https:\/\/dumoulin.absoludev.ca\/wp-content\/uploads\/2022\/06\/3D-9782894648124.png\",\"contentUrl\":\"https:\/\/dumoulin.absoludev.ca\/wp-content\/uploads\/2022\/06\/3D-9782894648124.png\",\"width\":335,\"height\":465},{\"@type\":\"BreadcrumbList\",\"@id\":\"https:\/\/dumoulin.absoludev.ca\/produit\/les-150-plus-beaux-sites-de-plein-air-du-quebec\/#breadcrumb\",\"itemListElement\":[{\"@type\":\"ListItem\",\"position\":1,\"name\":\"Home\",\"item\":\"https:\/\/dumoulin.absoludev.ca\/en\/\"},{\"@type\":\"ListItem\",\"position\":2,\"name\":\"Shop\",\"item\":\"https:\/\/dumoulin.absoludev.ca\/en\/shop\/\"},{\"@type\":\"ListItem\",\"position\":3,\"name\":\"Livre \u00abLes 150 plus beaux sites de plein air du Qu\u00e9bec\u00bb\"}]},{\"@type\":\"WebSite\",\"@id\":\"https:\/\/dumoulin.absoludev.ca\/#website\",\"url\":\"https:\/\/dumoulin.absoludev.ca\/\",\"name\":\"Dumoulin Bicyclettes\",\"description\":\"\",\"publisher\":{\"@id\":\"https:\/\/dumoulin.absoludev.ca\/#organization\"},\"potentialAction\":[{\"@type\":\"SearchAction\",\"target\":{\"@type\":\"EntryPoint\",\"urlTemplate\":\"https:\/\/dumoulin.absoludev.ca\/?s={search_term_string}\"},\"query-input\":{\"@type\":\"PropertyValueSpecification\",\"valueRequired\":true,\"valueName\":\"search_term_string\"}}],\"inLanguage\":\"en-US\"},{\"@type\":\"Organization\",\"@id\":\"https:\/\/dumoulin.absoludev.ca\/#organization\",\"name\":\"Dumoulin Bicyclettes\",\"url\":\"https:\/\/dumoulin.absoludev.ca\/\",\"logo\":{\"@type\":\"ImageObject\",\"inLanguage\":\"en-US\",\"@id\":\"https:\/\/dumoulin.absoludev.ca\/#\/schema\/logo\/image\/\",\"url\":\"https:\/\/www.dumoulinbicyclettes.com\/wp-content\/uploads\/2021\/04\/Logo.svg\",\"contentUrl\":\"https:\/\/www.dumoulinbicyclettes.com\/wp-content\/uploads\/2021\/04\/Logo.svg\",\"width\":254,\"height\":86,\"caption\":\"Dumoulin Bicyclettes\"},\"image\":{\"@id\":\"https:\/\/dumoulin.absoludev.ca\/#\/schema\/logo\/image\/\"},\"sameAs\":[\"https:\/\/www.facebook.com\/dumoulinbicyclettes\",\"https:\/\/www.instagram.com\/dumoulin.ca\/\",\"https:\/\/www.youtube.com\/user\/dumoulinbicyclettes\"]}]}<\/script>\n<!-- \/ Yoast SEO plugin. -->","yoast_head_json":{"title":"Livre \u00abLes 150 plus beaux sites de plein air du Qu\u00e9bec\u00bb - Dumoulin Bicyclettes","description":"Les 150 plus beaux sites de plein air du Qu\u00e9bec : un guide pour r\u00eaver et pr\u00e9parer ses excursions dans la Belle Province !","robots":{"index":"noindex","follow":"follow","max-snippet":"max-snippet:-1","max-image-preview":"max-image-preview:large","max-video-preview":"max-video-preview:-1"},"og_locale":"en_US","og_type":"article","og_title":"Livre \u00abLes 150 plus beaux sites de plein air du Qu\u00e9bec\u00bb - Dumoulin Bicyclettes","og_description":"Les 150 plus beaux sites de plein air du Qu\u00e9bec : un guide pour r\u00eaver et pr\u00e9parer ses excursions dans la Belle Province !","og_url":"https:\/\/dumoulin.absoludev.ca\/produit\/les-150-plus-beaux-sites-de-plein-air-du-quebec\/","og_site_name":"Dumoulin Bicyclettes","article_publisher":"https:\/\/www.facebook.com\/dumoulinbicyclettes","article_modified_time":"2025-09-04T18:16:00+00:00","og_image":[{"width":335,"height":465,"url":"https:\/\/dumoulin.absoludev.ca\/wp-content\/uploads\/2022\/06\/3D-9782894648124.png","type":"image\/png"}],"twitter_card":"summary_large_image","schema":{"@context":"https:\/\/schema.org","@graph":[{"@type":"WebPage","@id":"https:\/\/dumoulin.absoludev.ca\/produit\/les-150-plus-beaux-sites-de-plein-air-du-quebec\/","url":"https:\/\/dumoulin.absoludev.ca\/produit\/les-150-plus-beaux-sites-de-plein-air-du-quebec\/","name":"Livre \u00abLes 150 plus beaux sites de plein air du Qu\u00e9bec\u00bb - Dumoulin Bicyclettes","isPartOf":{"@id":"https:\/\/dumoulin.absoludev.ca\/#website"},"primaryImageOfPage":{"@id":"https:\/\/dumoulin.absoludev.ca\/produit\/les-150-plus-beaux-sites-de-plein-air-du-quebec\/#primaryimage"},"image":{"@id":"https:\/\/dumoulin.absoludev.ca\/produit\/les-150-plus-beaux-sites-de-plein-air-du-quebec\/#primaryimage"},"thumbnailUrl":"https:\/\/dumoulin.absoludev.ca\/wp-content\/uploads\/2022\/06\/3D-9782894648124.png","datePublished":"2022-06-17T02:02:46+00:00","dateModified":"2025-09-04T18:16:00+00:00","description":"Les 150 plus beaux sites de plein air du Qu\u00e9bec : un guide pour r\u00eaver et pr\u00e9parer ses excursions dans la Belle Province !","breadcrumb":{"@id":"https:\/\/dumoulin.absoludev.ca\/produit\/les-150-plus-beaux-sites-de-plein-air-du-quebec\/#breadcrumb"},"inLanguage":"en-US","potentialAction":[{"@type":"ReadAction","target":["https:\/\/dumoulin.absoludev.ca\/produit\/les-150-plus-beaux-sites-de-plein-air-du-quebec\/"]}]},{"@type":"ImageObject","inLanguage":"en-US","@id":"https:\/\/dumoulin.absoludev.ca\/produit\/les-150-plus-beaux-sites-de-plein-air-du-quebec\/#primaryimage","url":"https:\/\/dumoulin.absoludev.ca\/wp-content\/uploads\/2022\/06\/3D-9782894648124.png","contentUrl":"https:\/\/dumoulin.absoludev.ca\/wp-content\/uploads\/2022\/06\/3D-9782894648124.png","width":335,"height":465},{"@type":"BreadcrumbList","@id":"https:\/\/dumoulin.absoludev.ca\/produit\/les-150-plus-beaux-sites-de-plein-air-du-quebec\/#breadcrumb","itemListElement":[{"@type":"ListItem","position":1,"name":"Home","item":"https:\/\/dumoulin.absoludev.ca\/en\/"},{"@type":"ListItem","position":2,"name":"Shop","item":"https:\/\/dumoulin.absoludev.ca\/en\/shop\/"},{"@type":"ListItem","position":3,"name":"Livre \u00abLes 150 plus beaux sites de plein air du Qu\u00e9bec\u00bb"}]},{"@type":"WebSite","@id":"https:\/\/dumoulin.absoludev.ca\/#website","url":"https:\/\/dumoulin.absoludev.ca\/","name":"Dumoulin Bicyclettes","description":"","publisher":{"@id":"https:\/\/dumoulin.absoludev.ca\/#organization"},"potentialAction":[{"@type":"SearchAction","target":{"@type":"EntryPoint","urlTemplate":"https:\/\/dumoulin.absoludev.ca\/?s={search_term_string}"},"query-input":{"@type":"PropertyValueSpecification","valueRequired":true,"valueName":"search_term_string"}}],"inLanguage":"en-US"},{"@type":"Organization","@id":"https:\/\/dumoulin.absoludev.ca\/#organization","name":"Dumoulin Bicyclettes","url":"https:\/\/dumoulin.absoludev.ca\/","logo":{"@type":"ImageObject","inLanguage":"en-US","@id":"https:\/\/dumoulin.absoludev.ca\/#\/schema\/logo\/image\/","url":"https:\/\/www.dumoulinbicyclettes.com\/wp-content\/uploads\/2021\/04\/Logo.svg","contentUrl":"https:\/\/www.dumoulinbicyclettes.com\/wp-content\/uploads\/2021\/04\/Logo.svg","width":254,"height":86,"caption":"Dumoulin Bicyclettes"},"image":{"@id":"https:\/\/dumoulin.absoludev.ca\/#\/schema\/logo\/image\/"},"sameAs":["https:\/\/www.facebook.com\/dumoulinbicyclettes","https:\/\/www.instagram.com\/dumoulin.ca\/","https:\/\/www.youtube.com\/user\/dumoulinbicyclettes"]}]}},"_links":{"self":[{"href":"https:\/\/dumoulin.absoludev.ca\/en\/wp-json\/wp\/v2\/product\/111247","targetHints":{"allow":["GET"]}}],"collection":[{"href":"https:\/\/dumoulin.absoludev.ca\/en\/wp-json\/wp\/v2\/product"}],"about":[{"href":"https:\/\/dumoulin.absoludev.ca\/en\/wp-json\/wp\/v2\/types\/product"}],"wp:featuredmedia":[{"embeddable":true,"href":"https:\/\/dumoulin.absoludev.ca\/en\/wp-json\/wp\/v2\/media\/111248"}],"wp:attachment":[{"href":"https:\/\/dumoulin.absoludev.ca\/en\/wp-json\/wp\/v2\/media?parent=111247"}],"wp:term":[{"taxonomy":"product_brand","embeddable":true,"href":"https:\/\/dumoulin.absoludev.ca\/en\/wp-json\/wp\/v2\/product_brand?post=111247"},{"taxonomy":"product_cat","embeddable":true,"href":"https:\/\/dumoulin.absoludev.ca\/en\/wp-json\/wp\/v2\/product_cat?post=111247"},{"taxonomy":"product_tag","embeddable":true,"href":"https:\/\/dumoulin.absoludev.ca\/en\/wp-json\/wp\/v2\/product_tag?post=111247"},{"taxonomy":"marque-produit","embeddable":true,"href":"https:\/\/dumoulin.absoludev.ca\/en\/wp-json\/wp\/v2\/marque-produit?post=111247"},{"taxonomy":"collection-produit","embeddable":true,"href":"https:\/\/dumoulin.absoludev.ca\/en\/wp-json\/wp\/v2\/collection-produit?post=111247"},{"taxonomy":"type-surface-produit","embeddable":true,"href":"https:\/\/dumoulin.absoludev.ca\/en\/wp-json\/wp\/v2\/type-surface-produit?post=111247"},{"taxonomy":"type-velo-produit","embeddable":true,"href":"https:\/\/dumoulin.absoludev.ca\/en\/wp-json\/wp\/v2\/type-velo-produit?post=111247"},{"taxonomy":"vetement-produit","embeddable":true,"href":"https:\/\/dumoulin.absoludev.ca\/en\/wp-json\/wp\/v2\/vetement-produit?post=111247"},{"taxonomy":"thematique-produit","embeddable":true,"href":"https:\/\/dumoulin.absoludev.ca\/en\/wp-json\/wp\/v2\/thematique-produit?post=111247"},{"taxonomy":"position-sur-le-v\u00e9lo","embeddable":true,"href":"https:\/\/dumoulin.absoludev.ca\/en\/wp-json\/wp\/v2\/position-sur-le-v\u00e9lo?post=111247"}],"curies":[{"name":"wp","href":"https:\/\/api.w.org\/{rel}","templated":true}]}}