{"id":111244,"date":"2022-06-16T22:02:45","date_gmt":"2022-06-17T02:02:45","guid":{"rendered":"http:\/\/www.dumoulinbicyclettes.com\/?post_type=product&#038;p=111244"},"modified":"2025-09-04T14:16:00","modified_gmt":"2025-09-04T18:16:00","slug":"le-quebec-cyclable-guide-des-voies-cyclables-au-quebec","status":"publish","type":"product","link":"https:\/\/dumoulin.absoludev.ca\/en\/produit\/le-quebec-cyclable-guide-des-voies-cyclables-au-quebec\/","title":{"rendered":"Le Qu\u00e9bec cyclable &#8211; Guide des voies cyclables au Qu\u00e9bec"},"content":{"rendered":"<p>Le guide Le Qu\u00e9bec cyclable de la collection \u00abEspaces verts\u00bb d\u2019Ulysse s&#8217;adresse \u00e0 tous les amoureux du grand air et du v\u00e9lo! Con\u00e7u pour les cyclistes friands de balades d&#8217;une journ\u00e9e, il vous emm\u00e8ne sur des parcours balis\u00e9s et s\u00e9curitaires.<\/p>\n<p>304 pages; 172 cartes : lire un extrait <a href=\"https:\/\/flipbook.cantook.net\/?d=%2F%2Fwww.entrepotnumerique.com%2Fflipbook%2Fpublications%2F13632.js&#038;oid=6&#038;c=&#038;m=&#038;l=fr&#038;r=https:\/\/www.guidesulysse.com&#038;f=pdf\">ici<\/a><\/p>\n","protected":false},"excerpt":{"rendered":"<p>Le guide Le Qu\u00e9bec cyclable de la collection \u00abEspaces verts\u00bb d\u2019Ulysse s&#8217;adresse \u00e0 tous les amoureux du grand air et du v\u00e9lo! Con\u00e7u pour les cyclistes friands de balades d&#8217;une journ\u00e9e, il vous emm\u00e8ne sur des parcours balis\u00e9s et s\u00e9curitaires. 304 pages; 172 cartes : lire un extrait ici<\/p>\n","protected":false},"featured_media":111245,"template":"","meta":{"_acf_changed":false},"product_brand":[],"product_cat":[194],"product_tag":[2827],"marque-produit":[2828],"collection-produit":[],"type-surface-produit":[],"type-velo-produit":[],"vetement-produit":[],"thematique-produit":[],"position-sur-le-v\u00e9lo":[],"class_list":{"0":"post-111244","1":"product","2":"type-product","3":"status-publish","4":"has-post-thumbnail","6":"product_cat-accessoires-divers","7":"product_tag-ulysse","8":"marque-produit-ulysse","10":"first","11":"instock","12":"taxable","13":"shipping-taxable","14":"purchasable","15":"product-type-simple"},"acf":[],"yoast_head":"<!-- This site is optimized with the Yoast SEO plugin v24.3 - https:\/\/yoast.com\/wordpress\/plugins\/seo\/ -->\n<title>Le Qu\u00e9bec cyclable - Guide des voies cyclables au Qu\u00e9bec - Dumoulin Bicyclettes<\/title>\n<meta name=\"description\" content=\"Le Qu\u00e9bec cyclable, un guide pour tous les amoureux des randonn\u00e9es sur pistes cyclables au Qu\u00e9bec. Un guide des \u00e9ditions Ulysse.\" \/>\n<meta name=\"robots\" content=\"noindex, follow, max-snippet:-1, max-image-preview:large, max-video-preview:-1\" \/>\n<meta property=\"og:locale\" content=\"en_US\" \/>\n<meta property=\"og:type\" content=\"article\" \/>\n<meta property=\"og:title\" content=\"Le Qu\u00e9bec cyclable - Guide des voies cyclables au Qu\u00e9bec - Dumoulin Bicyclettes\" \/>\n<meta property=\"og:description\" content=\"Le Qu\u00e9bec cyclable, un guide pour tous les amoureux des randonn\u00e9es sur pistes cyclables au Qu\u00e9bec. Un guide des \u00e9ditions Ulysse.\" \/>\n<meta property=\"og:url\" content=\"https:\/\/dumoulin.absoludev.ca\/produit\/le-quebec-cyclable-guide-des-voies-cyclables-au-quebec\/\" \/>\n<meta property=\"og:site_name\" content=\"Dumoulin Bicyclettes\" \/>\n<meta property=\"article:publisher\" content=\"https:\/\/www.facebook.com\/dumoulinbicyclettes\" \/>\n<meta property=\"article:modified_time\" content=\"2025-09-04T18:16:00+00:00\" \/>\n<meta property=\"og:image\" content=\"https:\/\/dumoulin.absoludev.ca\/wp-content\/uploads\/2022\/06\/3D-9782894649169.png\" \/>\n\t<meta property=\"og:image:width\" content=\"335\" \/>\n\t<meta property=\"og:image:height\" content=\"522\" \/>\n\t<meta property=\"og:image:type\" content=\"image\/png\" \/>\n<meta name=\"twitter:card\" content=\"summary_large_image\" \/>\n<script type=\"application\/ld+json\" class=\"yoast-schema-graph\">{\"@context\":\"https:\/\/schema.org\",\"@graph\":[{\"@type\":\"WebPage\",\"@id\":\"https:\/\/dumoulin.absoludev.ca\/produit\/le-quebec-cyclable-guide-des-voies-cyclables-au-quebec\/\",\"url\":\"https:\/\/dumoulin.absoludev.ca\/produit\/le-quebec-cyclable-guide-des-voies-cyclables-au-quebec\/\",\"name\":\"Le Qu\u00e9bec cyclable - Guide des voies cyclables au Qu\u00e9bec - Dumoulin Bicyclettes\",\"isPartOf\":{\"@id\":\"https:\/\/dumoulin.absoludev.ca\/#website\"},\"primaryImageOfPage\":{\"@id\":\"https:\/\/dumoulin.absoludev.ca\/produit\/le-quebec-cyclable-guide-des-voies-cyclables-au-quebec\/#primaryimage\"},\"image\":{\"@id\":\"https:\/\/dumoulin.absoludev.ca\/produit\/le-quebec-cyclable-guide-des-voies-cyclables-au-quebec\/#primaryimage\"},\"thumbnailUrl\":\"https:\/\/dumoulin.absoludev.ca\/wp-content\/uploads\/2022\/06\/3D-9782894649169.png\",\"datePublished\":\"2022-06-17T02:02:45+00:00\",\"dateModified\":\"2025-09-04T18:16:00+00:00\",\"description\":\"Le Qu\u00e9bec cyclable, un guide pour tous les amoureux des randonn\u00e9es sur pistes cyclables au Qu\u00e9bec. Un guide des \u00e9ditions Ulysse.\",\"breadcrumb\":{\"@id\":\"https:\/\/dumoulin.absoludev.ca\/produit\/le-quebec-cyclable-guide-des-voies-cyclables-au-quebec\/#breadcrumb\"},\"inLanguage\":\"en-US\",\"potentialAction\":[{\"@type\":\"ReadAction\",\"target\":[\"https:\/\/dumoulin.absoludev.ca\/produit\/le-quebec-cyclable-guide-des-voies-cyclables-au-quebec\/\"]}]},{\"@type\":\"ImageObject\",\"inLanguage\":\"en-US\",\"@id\":\"https:\/\/dumoulin.absoludev.ca\/produit\/le-quebec-cyclable-guide-des-voies-cyclables-au-quebec\/#primaryimage\",\"url\":\"https:\/\/dumoulin.absoludev.ca\/wp-content\/uploads\/2022\/06\/3D-9782894649169.png\",\"contentUrl\":\"https:\/\/dumoulin.absoludev.ca\/wp-content\/uploads\/2022\/06\/3D-9782894649169.png\",\"width\":335,\"height\":522},{\"@type\":\"BreadcrumbList\",\"@id\":\"https:\/\/dumoulin.absoludev.ca\/produit\/le-quebec-cyclable-guide-des-voies-cyclables-au-quebec\/#breadcrumb\",\"itemListElement\":[{\"@type\":\"ListItem\",\"position\":1,\"name\":\"Home\",\"item\":\"https:\/\/dumoulin.absoludev.ca\/en\/\"},{\"@type\":\"ListItem\",\"position\":2,\"name\":\"Shop\",\"item\":\"https:\/\/dumoulin.absoludev.ca\/en\/shop\/\"},{\"@type\":\"ListItem\",\"position\":3,\"name\":\"Le Qu\u00e9bec cyclable &#8211; Guide des voies cyclables au Qu\u00e9bec\"}]},{\"@type\":\"WebSite\",\"@id\":\"https:\/\/dumoulin.absoludev.ca\/#website\",\"url\":\"https:\/\/dumoulin.absoludev.ca\/\",\"name\":\"Dumoulin Bicyclettes\",\"description\":\"\",\"publisher\":{\"@id\":\"https:\/\/dumoulin.absoludev.ca\/#organization\"},\"potentialAction\":[{\"@type\":\"SearchAction\",\"target\":{\"@type\":\"EntryPoint\",\"urlTemplate\":\"https:\/\/dumoulin.absoludev.ca\/?s={search_term_string}\"},\"query-input\":{\"@type\":\"PropertyValueSpecification\",\"valueRequired\":true,\"valueName\":\"search_term_string\"}}],\"inLanguage\":\"en-US\"},{\"@type\":\"Organization\",\"@id\":\"https:\/\/dumoulin.absoludev.ca\/#organization\",\"name\":\"Dumoulin Bicyclettes\",\"url\":\"https:\/\/dumoulin.absoludev.ca\/\",\"logo\":{\"@type\":\"ImageObject\",\"inLanguage\":\"en-US\",\"@id\":\"https:\/\/dumoulin.absoludev.ca\/#\/schema\/logo\/image\/\",\"url\":\"https:\/\/www.dumoulinbicyclettes.com\/wp-content\/uploads\/2021\/04\/Logo.svg\",\"contentUrl\":\"https:\/\/www.dumoulinbicyclettes.com\/wp-content\/uploads\/2021\/04\/Logo.svg\",\"width\":254,\"height\":86,\"caption\":\"Dumoulin Bicyclettes\"},\"image\":{\"@id\":\"https:\/\/dumoulin.absoludev.ca\/#\/schema\/logo\/image\/\"},\"sameAs\":[\"https:\/\/www.facebook.com\/dumoulinbicyclettes\",\"https:\/\/www.instagram.com\/dumoulin.ca\/\",\"https:\/\/www.youtube.com\/user\/dumoulinbicyclettes\"]}]}<\/script>\n<!-- \/ Yoast SEO plugin. -->","yoast_head_json":{"title":"Le Qu\u00e9bec cyclable - Guide des voies cyclables au Qu\u00e9bec - Dumoulin Bicyclettes","description":"Le Qu\u00e9bec cyclable, un guide pour tous les amoureux des randonn\u00e9es sur pistes cyclables au Qu\u00e9bec. Un guide des \u00e9ditions Ulysse.","robots":{"index":"noindex","follow":"follow","max-snippet":"max-snippet:-1","max-image-preview":"max-image-preview:large","max-video-preview":"max-video-preview:-1"},"og_locale":"en_US","og_type":"article","og_title":"Le Qu\u00e9bec cyclable - Guide des voies cyclables au Qu\u00e9bec - Dumoulin Bicyclettes","og_description":"Le Qu\u00e9bec cyclable, un guide pour tous les amoureux des randonn\u00e9es sur pistes cyclables au Qu\u00e9bec. Un guide des \u00e9ditions Ulysse.","og_url":"https:\/\/dumoulin.absoludev.ca\/produit\/le-quebec-cyclable-guide-des-voies-cyclables-au-quebec\/","og_site_name":"Dumoulin Bicyclettes","article_publisher":"https:\/\/www.facebook.com\/dumoulinbicyclettes","article_modified_time":"2025-09-04T18:16:00+00:00","og_image":[{"width":335,"height":522,"url":"https:\/\/dumoulin.absoludev.ca\/wp-content\/uploads\/2022\/06\/3D-9782894649169.png","type":"image\/png"}],"twitter_card":"summary_large_image","schema":{"@context":"https:\/\/schema.org","@graph":[{"@type":"WebPage","@id":"https:\/\/dumoulin.absoludev.ca\/produit\/le-quebec-cyclable-guide-des-voies-cyclables-au-quebec\/","url":"https:\/\/dumoulin.absoludev.ca\/produit\/le-quebec-cyclable-guide-des-voies-cyclables-au-quebec\/","name":"Le Qu\u00e9bec cyclable - Guide des voies cyclables au Qu\u00e9bec - Dumoulin Bicyclettes","isPartOf":{"@id":"https:\/\/dumoulin.absoludev.ca\/#website"},"primaryImageOfPage":{"@id":"https:\/\/dumoulin.absoludev.ca\/produit\/le-quebec-cyclable-guide-des-voies-cyclables-au-quebec\/#primaryimage"},"image":{"@id":"https:\/\/dumoulin.absoludev.ca\/produit\/le-quebec-cyclable-guide-des-voies-cyclables-au-quebec\/#primaryimage"},"thumbnailUrl":"https:\/\/dumoulin.absoludev.ca\/wp-content\/uploads\/2022\/06\/3D-9782894649169.png","datePublished":"2022-06-17T02:02:45+00:00","dateModified":"2025-09-04T18:16:00+00:00","description":"Le Qu\u00e9bec cyclable, un guide pour tous les amoureux des randonn\u00e9es sur pistes cyclables au Qu\u00e9bec. Un guide des \u00e9ditions Ulysse.","breadcrumb":{"@id":"https:\/\/dumoulin.absoludev.ca\/produit\/le-quebec-cyclable-guide-des-voies-cyclables-au-quebec\/#breadcrumb"},"inLanguage":"en-US","potentialAction":[{"@type":"ReadAction","target":["https:\/\/dumoulin.absoludev.ca\/produit\/le-quebec-cyclable-guide-des-voies-cyclables-au-quebec\/"]}]},{"@type":"ImageObject","inLanguage":"en-US","@id":"https:\/\/dumoulin.absoludev.ca\/produit\/le-quebec-cyclable-guide-des-voies-cyclables-au-quebec\/#primaryimage","url":"https:\/\/dumoulin.absoludev.ca\/wp-content\/uploads\/2022\/06\/3D-9782894649169.png","contentUrl":"https:\/\/dumoulin.absoludev.ca\/wp-content\/uploads\/2022\/06\/3D-9782894649169.png","width":335,"height":522},{"@type":"BreadcrumbList","@id":"https:\/\/dumoulin.absoludev.ca\/produit\/le-quebec-cyclable-guide-des-voies-cyclables-au-quebec\/#breadcrumb","itemListElement":[{"@type":"ListItem","position":1,"name":"Home","item":"https:\/\/dumoulin.absoludev.ca\/en\/"},{"@type":"ListItem","position":2,"name":"Shop","item":"https:\/\/dumoulin.absoludev.ca\/en\/shop\/"},{"@type":"ListItem","position":3,"name":"Le Qu\u00e9bec cyclable &#8211; Guide des voies cyclables au Qu\u00e9bec"}]},{"@type":"WebSite","@id":"https:\/\/dumoulin.absoludev.ca\/#website","url":"https:\/\/dumoulin.absoludev.ca\/","name":"Dumoulin Bicyclettes","description":"","publisher":{"@id":"https:\/\/dumoulin.absoludev.ca\/#organization"},"potentialAction":[{"@type":"SearchAction","target":{"@type":"EntryPoint","urlTemplate":"https:\/\/dumoulin.absoludev.ca\/?s={search_term_string}"},"query-input":{"@type":"PropertyValueSpecification","valueRequired":true,"valueName":"search_term_string"}}],"inLanguage":"en-US"},{"@type":"Organization","@id":"https:\/\/dumoulin.absoludev.ca\/#organization","name":"Dumoulin Bicyclettes","url":"https:\/\/dumoulin.absoludev.ca\/","logo":{"@type":"ImageObject","inLanguage":"en-US","@id":"https:\/\/dumoulin.absoludev.ca\/#\/schema\/logo\/image\/","url":"https:\/\/www.dumoulinbicyclettes.com\/wp-content\/uploads\/2021\/04\/Logo.svg","contentUrl":"https:\/\/www.dumoulinbicyclettes.com\/wp-content\/uploads\/2021\/04\/Logo.svg","width":254,"height":86,"caption":"Dumoulin Bicyclettes"},"image":{"@id":"https:\/\/dumoulin.absoludev.ca\/#\/schema\/logo\/image\/"},"sameAs":["https:\/\/www.facebook.com\/dumoulinbicyclettes","https:\/\/www.instagram.com\/dumoulin.ca\/","https:\/\/www.youtube.com\/user\/dumoulinbicyclettes"]}]}},"_links":{"self":[{"href":"https:\/\/dumoulin.absoludev.ca\/en\/wp-json\/wp\/v2\/product\/111244","targetHints":{"allow":["GET"]}}],"collection":[{"href":"https:\/\/dumoulin.absoludev.ca\/en\/wp-json\/wp\/v2\/product"}],"about":[{"href":"https:\/\/dumoulin.absoludev.ca\/en\/wp-json\/wp\/v2\/types\/product"}],"wp:featuredmedia":[{"embeddable":true,"href":"https:\/\/dumoulin.absoludev.ca\/en\/wp-json\/wp\/v2\/media\/111245"}],"wp:attachment":[{"href":"https:\/\/dumoulin.absoludev.ca\/en\/wp-json\/wp\/v2\/media?parent=111244"}],"wp:term":[{"taxonomy":"product_brand","embeddable":true,"href":"https:\/\/dumoulin.absoludev.ca\/en\/wp-json\/wp\/v2\/product_brand?post=111244"},{"taxonomy":"product_cat","embeddable":true,"href":"https:\/\/dumoulin.absoludev.ca\/en\/wp-json\/wp\/v2\/product_cat?post=111244"},{"taxonomy":"product_tag","embeddable":true,"href":"https:\/\/dumoulin.absoludev.ca\/en\/wp-json\/wp\/v2\/product_tag?post=111244"},{"taxonomy":"marque-produit","embeddable":true,"href":"https:\/\/dumoulin.absoludev.ca\/en\/wp-json\/wp\/v2\/marque-produit?post=111244"},{"taxonomy":"collection-produit","embeddable":true,"href":"https:\/\/dumoulin.absoludev.ca\/en\/wp-json\/wp\/v2\/collection-produit?post=111244"},{"taxonomy":"type-surface-produit","embeddable":true,"href":"https:\/\/dumoulin.absoludev.ca\/en\/wp-json\/wp\/v2\/type-surface-produit?post=111244"},{"taxonomy":"type-velo-produit","embeddable":true,"href":"https:\/\/dumoulin.absoludev.ca\/en\/wp-json\/wp\/v2\/type-velo-produit?post=111244"},{"taxonomy":"vetement-produit","embeddable":true,"href":"https:\/\/dumoulin.absoludev.ca\/en\/wp-json\/wp\/v2\/vetement-produit?post=111244"},{"taxonomy":"thematique-produit","embeddable":true,"href":"https:\/\/dumoulin.absoludev.ca\/en\/wp-json\/wp\/v2\/thematique-produit?post=111244"},{"taxonomy":"position-sur-le-v\u00e9lo","embeddable":true,"href":"https:\/\/dumoulin.absoludev.ca\/en\/wp-json\/wp\/v2\/position-sur-le-v\u00e9lo?post=111244"}],"curies":[{"name":"wp","href":"https:\/\/api.w.org\/{rel}","templated":true}]}}