{"id":111241,"date":"2022-06-16T22:02:44","date_gmt":"2022-06-17T02:02:44","guid":{"rendered":"http:\/\/www.dumoulinbicyclettes.com\/?post_type=product&#038;p=111241"},"modified":"2025-09-04T14:15:59","modified_gmt":"2025-09-04T18:15:59","slug":"randonnees-a-velo-50-itineraires-de-reve-autour-du-monde","status":"publish","type":"product","link":"https:\/\/dumoulin.absoludev.ca\/en\/produit\/randonnees-a-velo-50-itineraires-de-reve-autour-du-monde\/","title":{"rendered":"Randonn\u00e9es \u00e0 v\u00e9lo &#8211; 50 itin\u00e9raires de r\u00eave autour du monde"},"content":{"rendered":"<p>Randonn\u00e9es \u00e0 v\u00e9lo \u2013 50 itin\u00e9raires de r\u00eave autour du monde vous invite \u00e0 partir \u00e0 l\u2019aventure d\u00e8s la premi\u00e8re page. R\u00e9dig\u00e9 par des passionn\u00e9s de cyclisme, cet album constitue une splendide source d\u2019inspiration et une bo\u00eete \u00e0 outils pour imaginer et pr\u00e9parer votre prochain voyage sur deux roues, qu\u2019il s\u2019agisse d\u2019une excursion de cyclotourisme, d\u2019un p\u00e9riple sportif, d\u2019une escapade en ville ou d\u2019une balade sur de jolis chemins de campagne.<\/p>\n<p>208 pages; 51 cartes : pour d\u00e9couvrir un extrait, cliquez <a href=\"https:\/\/flipbook.cantook.net\/?d=%2F%2Fwww.entrepotnumerique.com%2Fflipbook%2Fpublications%2F108614.js&#038;oid=6&#038;c=&#038;m=&#038;l=fr&#038;r=https:\/\/www.guidesulysse.com&#038;f=pdf\">ici<\/a>.<\/p>\n","protected":false},"excerpt":{"rendered":"<p>Randonn\u00e9es \u00e0 v\u00e9lo \u2013 50 itin\u00e9raires de r\u00eave autour du monde vous invite \u00e0 partir \u00e0 l\u2019aventure d\u00e8s la premi\u00e8re page. R\u00e9dig\u00e9 par des passionn\u00e9s de cyclisme, cet album constitue une splendide source d\u2019inspiration et une bo\u00eete \u00e0 outils pour imaginer et pr\u00e9parer votre prochain voyage sur deux roues, qu\u2019il s\u2019agisse d\u2019une excursion de cyclotourisme, [&hellip;]<\/p>\n","protected":false},"featured_media":111242,"template":"","meta":{"_acf_changed":false},"product_brand":[],"product_cat":[194],"product_tag":[2827],"marque-produit":[2828],"collection-produit":[],"type-surface-produit":[],"type-velo-produit":[],"vetement-produit":[],"thematique-produit":[],"position-sur-le-v\u00e9lo":[],"class_list":{"0":"post-111241","1":"product","2":"type-product","3":"status-publish","4":"has-post-thumbnail","6":"product_cat-accessoires-divers","7":"product_tag-ulysse","8":"marque-produit-ulysse","10":"first","11":"instock","12":"taxable","13":"shipping-taxable","14":"purchasable","15":"product-type-simple"},"acf":[],"yoast_head":"<!-- This site is optimized with the Yoast SEO plugin v24.3 - https:\/\/yoast.com\/wordpress\/plugins\/seo\/ -->\n<title>Randonn\u00e9es \u00e0 v\u00e9lo - 50 itin\u00e9raires de r\u00eave autour du monde - Dumoulin Bicyclettes<\/title>\n<meta name=\"robots\" content=\"noindex, follow, max-snippet:-1, max-image-preview:large, max-video-preview:-1\" \/>\n<meta property=\"og:locale\" content=\"en_US\" \/>\n<meta property=\"og:type\" content=\"article\" \/>\n<meta property=\"og:title\" content=\"Randonn\u00e9es \u00e0 v\u00e9lo - 50 itin\u00e9raires de r\u00eave autour du monde - Dumoulin Bicyclettes\" \/>\n<meta property=\"og:description\" content=\"Randonn\u00e9es \u00e0 v\u00e9lo \u2013 50 itin\u00e9raires de r\u00eave autour du monde vous invite \u00e0 partir \u00e0 l\u2019aventure d\u00e8s la premi\u00e8re page. R\u00e9dig\u00e9 par des passionn\u00e9s de cyclisme, cet album constitue une splendide source d\u2019inspiration et une bo\u00eete \u00e0 outils pour imaginer et pr\u00e9parer votre prochain voyage sur deux roues, qu\u2019il s\u2019agisse d\u2019une excursion de cyclotourisme, [&hellip;]\" \/>\n<meta property=\"og:url\" content=\"https:\/\/dumoulin.absoludev.ca\/produit\/randonnees-a-velo-50-itineraires-de-reve-autour-du-monde\/\" \/>\n<meta property=\"og:site_name\" content=\"Dumoulin Bicyclettes\" \/>\n<meta property=\"article:publisher\" content=\"https:\/\/www.facebook.com\/dumoulinbicyclettes\" \/>\n<meta property=\"article:modified_time\" content=\"2025-09-04T18:15:59+00:00\" \/>\n<meta property=\"og:image\" content=\"https:\/\/dumoulin.absoludev.ca\/wp-content\/uploads\/2022\/06\/3D-9782894648049.png\" \/>\n\t<meta property=\"og:image:width\" content=\"335\" \/>\n\t<meta property=\"og:image:height\" content=\"457\" \/>\n\t<meta property=\"og:image:type\" content=\"image\/png\" \/>\n<meta name=\"twitter:card\" content=\"summary_large_image\" \/>\n<script type=\"application\/ld+json\" class=\"yoast-schema-graph\">{\"@context\":\"https:\/\/schema.org\",\"@graph\":[{\"@type\":\"WebPage\",\"@id\":\"https:\/\/dumoulin.absoludev.ca\/produit\/randonnees-a-velo-50-itineraires-de-reve-autour-du-monde\/\",\"url\":\"https:\/\/dumoulin.absoludev.ca\/produit\/randonnees-a-velo-50-itineraires-de-reve-autour-du-monde\/\",\"name\":\"Randonn\u00e9es \u00e0 v\u00e9lo - 50 itin\u00e9raires de r\u00eave autour du monde - Dumoulin Bicyclettes\",\"isPartOf\":{\"@id\":\"https:\/\/dumoulin.absoludev.ca\/#website\"},\"primaryImageOfPage\":{\"@id\":\"https:\/\/dumoulin.absoludev.ca\/produit\/randonnees-a-velo-50-itineraires-de-reve-autour-du-monde\/#primaryimage\"},\"image\":{\"@id\":\"https:\/\/dumoulin.absoludev.ca\/produit\/randonnees-a-velo-50-itineraires-de-reve-autour-du-monde\/#primaryimage\"},\"thumbnailUrl\":\"https:\/\/dumoulin.absoludev.ca\/wp-content\/uploads\/2022\/06\/3D-9782894648049.png\",\"datePublished\":\"2022-06-17T02:02:44+00:00\",\"dateModified\":\"2025-09-04T18:15:59+00:00\",\"breadcrumb\":{\"@id\":\"https:\/\/dumoulin.absoludev.ca\/produit\/randonnees-a-velo-50-itineraires-de-reve-autour-du-monde\/#breadcrumb\"},\"inLanguage\":\"en-US\",\"potentialAction\":[{\"@type\":\"ReadAction\",\"target\":[\"https:\/\/dumoulin.absoludev.ca\/produit\/randonnees-a-velo-50-itineraires-de-reve-autour-du-monde\/\"]}]},{\"@type\":\"ImageObject\",\"inLanguage\":\"en-US\",\"@id\":\"https:\/\/dumoulin.absoludev.ca\/produit\/randonnees-a-velo-50-itineraires-de-reve-autour-du-monde\/#primaryimage\",\"url\":\"https:\/\/dumoulin.absoludev.ca\/wp-content\/uploads\/2022\/06\/3D-9782894648049.png\",\"contentUrl\":\"https:\/\/dumoulin.absoludev.ca\/wp-content\/uploads\/2022\/06\/3D-9782894648049.png\",\"width\":335,\"height\":457},{\"@type\":\"BreadcrumbList\",\"@id\":\"https:\/\/dumoulin.absoludev.ca\/produit\/randonnees-a-velo-50-itineraires-de-reve-autour-du-monde\/#breadcrumb\",\"itemListElement\":[{\"@type\":\"ListItem\",\"position\":1,\"name\":\"Home\",\"item\":\"https:\/\/dumoulin.absoludev.ca\/en\/\"},{\"@type\":\"ListItem\",\"position\":2,\"name\":\"Shop\",\"item\":\"https:\/\/dumoulin.absoludev.ca\/en\/shop\/\"},{\"@type\":\"ListItem\",\"position\":3,\"name\":\"Randonn\u00e9es \u00e0 v\u00e9lo &#8211; 50 itin\u00e9raires de r\u00eave autour du monde\"}]},{\"@type\":\"WebSite\",\"@id\":\"https:\/\/dumoulin.absoludev.ca\/#website\",\"url\":\"https:\/\/dumoulin.absoludev.ca\/\",\"name\":\"Dumoulin Bicyclettes\",\"description\":\"\",\"publisher\":{\"@id\":\"https:\/\/dumoulin.absoludev.ca\/#organization\"},\"potentialAction\":[{\"@type\":\"SearchAction\",\"target\":{\"@type\":\"EntryPoint\",\"urlTemplate\":\"https:\/\/dumoulin.absoludev.ca\/?s={search_term_string}\"},\"query-input\":{\"@type\":\"PropertyValueSpecification\",\"valueRequired\":true,\"valueName\":\"search_term_string\"}}],\"inLanguage\":\"en-US\"},{\"@type\":\"Organization\",\"@id\":\"https:\/\/dumoulin.absoludev.ca\/#organization\",\"name\":\"Dumoulin Bicyclettes\",\"url\":\"https:\/\/dumoulin.absoludev.ca\/\",\"logo\":{\"@type\":\"ImageObject\",\"inLanguage\":\"en-US\",\"@id\":\"https:\/\/dumoulin.absoludev.ca\/#\/schema\/logo\/image\/\",\"url\":\"https:\/\/www.dumoulinbicyclettes.com\/wp-content\/uploads\/2021\/04\/Logo.svg\",\"contentUrl\":\"https:\/\/www.dumoulinbicyclettes.com\/wp-content\/uploads\/2021\/04\/Logo.svg\",\"width\":254,\"height\":86,\"caption\":\"Dumoulin Bicyclettes\"},\"image\":{\"@id\":\"https:\/\/dumoulin.absoludev.ca\/#\/schema\/logo\/image\/\"},\"sameAs\":[\"https:\/\/www.facebook.com\/dumoulinbicyclettes\",\"https:\/\/www.instagram.com\/dumoulin.ca\/\",\"https:\/\/www.youtube.com\/user\/dumoulinbicyclettes\"]}]}<\/script>\n<!-- \/ Yoast SEO plugin. -->","yoast_head_json":{"title":"Randonn\u00e9es \u00e0 v\u00e9lo - 50 itin\u00e9raires de r\u00eave autour du monde - Dumoulin Bicyclettes","robots":{"index":"noindex","follow":"follow","max-snippet":"max-snippet:-1","max-image-preview":"max-image-preview:large","max-video-preview":"max-video-preview:-1"},"og_locale":"en_US","og_type":"article","og_title":"Randonn\u00e9es \u00e0 v\u00e9lo - 50 itin\u00e9raires de r\u00eave autour du monde - Dumoulin Bicyclettes","og_description":"Randonn\u00e9es \u00e0 v\u00e9lo \u2013 50 itin\u00e9raires de r\u00eave autour du monde vous invite \u00e0 partir \u00e0 l\u2019aventure d\u00e8s la premi\u00e8re page. R\u00e9dig\u00e9 par des passionn\u00e9s de cyclisme, cet album constitue une splendide source d\u2019inspiration et une bo\u00eete \u00e0 outils pour imaginer et pr\u00e9parer votre prochain voyage sur deux roues, qu\u2019il s\u2019agisse d\u2019une excursion de cyclotourisme, [&hellip;]","og_url":"https:\/\/dumoulin.absoludev.ca\/produit\/randonnees-a-velo-50-itineraires-de-reve-autour-du-monde\/","og_site_name":"Dumoulin Bicyclettes","article_publisher":"https:\/\/www.facebook.com\/dumoulinbicyclettes","article_modified_time":"2025-09-04T18:15:59+00:00","og_image":[{"width":335,"height":457,"url":"https:\/\/dumoulin.absoludev.ca\/wp-content\/uploads\/2022\/06\/3D-9782894648049.png","type":"image\/png"}],"twitter_card":"summary_large_image","schema":{"@context":"https:\/\/schema.org","@graph":[{"@type":"WebPage","@id":"https:\/\/dumoulin.absoludev.ca\/produit\/randonnees-a-velo-50-itineraires-de-reve-autour-du-monde\/","url":"https:\/\/dumoulin.absoludev.ca\/produit\/randonnees-a-velo-50-itineraires-de-reve-autour-du-monde\/","name":"Randonn\u00e9es \u00e0 v\u00e9lo - 50 itin\u00e9raires de r\u00eave autour du monde - Dumoulin Bicyclettes","isPartOf":{"@id":"https:\/\/dumoulin.absoludev.ca\/#website"},"primaryImageOfPage":{"@id":"https:\/\/dumoulin.absoludev.ca\/produit\/randonnees-a-velo-50-itineraires-de-reve-autour-du-monde\/#primaryimage"},"image":{"@id":"https:\/\/dumoulin.absoludev.ca\/produit\/randonnees-a-velo-50-itineraires-de-reve-autour-du-monde\/#primaryimage"},"thumbnailUrl":"https:\/\/dumoulin.absoludev.ca\/wp-content\/uploads\/2022\/06\/3D-9782894648049.png","datePublished":"2022-06-17T02:02:44+00:00","dateModified":"2025-09-04T18:15:59+00:00","breadcrumb":{"@id":"https:\/\/dumoulin.absoludev.ca\/produit\/randonnees-a-velo-50-itineraires-de-reve-autour-du-monde\/#breadcrumb"},"inLanguage":"en-US","potentialAction":[{"@type":"ReadAction","target":["https:\/\/dumoulin.absoludev.ca\/produit\/randonnees-a-velo-50-itineraires-de-reve-autour-du-monde\/"]}]},{"@type":"ImageObject","inLanguage":"en-US","@id":"https:\/\/dumoulin.absoludev.ca\/produit\/randonnees-a-velo-50-itineraires-de-reve-autour-du-monde\/#primaryimage","url":"https:\/\/dumoulin.absoludev.ca\/wp-content\/uploads\/2022\/06\/3D-9782894648049.png","contentUrl":"https:\/\/dumoulin.absoludev.ca\/wp-content\/uploads\/2022\/06\/3D-9782894648049.png","width":335,"height":457},{"@type":"BreadcrumbList","@id":"https:\/\/dumoulin.absoludev.ca\/produit\/randonnees-a-velo-50-itineraires-de-reve-autour-du-monde\/#breadcrumb","itemListElement":[{"@type":"ListItem","position":1,"name":"Home","item":"https:\/\/dumoulin.absoludev.ca\/en\/"},{"@type":"ListItem","position":2,"name":"Shop","item":"https:\/\/dumoulin.absoludev.ca\/en\/shop\/"},{"@type":"ListItem","position":3,"name":"Randonn\u00e9es \u00e0 v\u00e9lo &#8211; 50 itin\u00e9raires de r\u00eave autour du monde"}]},{"@type":"WebSite","@id":"https:\/\/dumoulin.absoludev.ca\/#website","url":"https:\/\/dumoulin.absoludev.ca\/","name":"Dumoulin Bicyclettes","description":"","publisher":{"@id":"https:\/\/dumoulin.absoludev.ca\/#organization"},"potentialAction":[{"@type":"SearchAction","target":{"@type":"EntryPoint","urlTemplate":"https:\/\/dumoulin.absoludev.ca\/?s={search_term_string}"},"query-input":{"@type":"PropertyValueSpecification","valueRequired":true,"valueName":"search_term_string"}}],"inLanguage":"en-US"},{"@type":"Organization","@id":"https:\/\/dumoulin.absoludev.ca\/#organization","name":"Dumoulin Bicyclettes","url":"https:\/\/dumoulin.absoludev.ca\/","logo":{"@type":"ImageObject","inLanguage":"en-US","@id":"https:\/\/dumoulin.absoludev.ca\/#\/schema\/logo\/image\/","url":"https:\/\/www.dumoulinbicyclettes.com\/wp-content\/uploads\/2021\/04\/Logo.svg","contentUrl":"https:\/\/www.dumoulinbicyclettes.com\/wp-content\/uploads\/2021\/04\/Logo.svg","width":254,"height":86,"caption":"Dumoulin Bicyclettes"},"image":{"@id":"https:\/\/dumoulin.absoludev.ca\/#\/schema\/logo\/image\/"},"sameAs":["https:\/\/www.facebook.com\/dumoulinbicyclettes","https:\/\/www.instagram.com\/dumoulin.ca\/","https:\/\/www.youtube.com\/user\/dumoulinbicyclettes"]}]}},"_links":{"self":[{"href":"https:\/\/dumoulin.absoludev.ca\/en\/wp-json\/wp\/v2\/product\/111241","targetHints":{"allow":["GET"]}}],"collection":[{"href":"https:\/\/dumoulin.absoludev.ca\/en\/wp-json\/wp\/v2\/product"}],"about":[{"href":"https:\/\/dumoulin.absoludev.ca\/en\/wp-json\/wp\/v2\/types\/product"}],"wp:featuredmedia":[{"embeddable":true,"href":"https:\/\/dumoulin.absoludev.ca\/en\/wp-json\/wp\/v2\/media\/111242"}],"wp:attachment":[{"href":"https:\/\/dumoulin.absoludev.ca\/en\/wp-json\/wp\/v2\/media?parent=111241"}],"wp:term":[{"taxonomy":"product_brand","embeddable":true,"href":"https:\/\/dumoulin.absoludev.ca\/en\/wp-json\/wp\/v2\/product_brand?post=111241"},{"taxonomy":"product_cat","embeddable":true,"href":"https:\/\/dumoulin.absoludev.ca\/en\/wp-json\/wp\/v2\/product_cat?post=111241"},{"taxonomy":"product_tag","embeddable":true,"href":"https:\/\/dumoulin.absoludev.ca\/en\/wp-json\/wp\/v2\/product_tag?post=111241"},{"taxonomy":"marque-produit","embeddable":true,"href":"https:\/\/dumoulin.absoludev.ca\/en\/wp-json\/wp\/v2\/marque-produit?post=111241"},{"taxonomy":"collection-produit","embeddable":true,"href":"https:\/\/dumoulin.absoludev.ca\/en\/wp-json\/wp\/v2\/collection-produit?post=111241"},{"taxonomy":"type-surface-produit","embeddable":true,"href":"https:\/\/dumoulin.absoludev.ca\/en\/wp-json\/wp\/v2\/type-surface-produit?post=111241"},{"taxonomy":"type-velo-produit","embeddable":true,"href":"https:\/\/dumoulin.absoludev.ca\/en\/wp-json\/wp\/v2\/type-velo-produit?post=111241"},{"taxonomy":"vetement-produit","embeddable":true,"href":"https:\/\/dumoulin.absoludev.ca\/en\/wp-json\/wp\/v2\/vetement-produit?post=111241"},{"taxonomy":"thematique-produit","embeddable":true,"href":"https:\/\/dumoulin.absoludev.ca\/en\/wp-json\/wp\/v2\/thematique-produit?post=111241"},{"taxonomy":"position-sur-le-v\u00e9lo","embeddable":true,"href":"https:\/\/dumoulin.absoludev.ca\/en\/wp-json\/wp\/v2\/position-sur-le-v\u00e9lo?post=111241"}],"curies":[{"name":"wp","href":"https:\/\/api.w.org\/{rel}","templated":true}]}}