{"id":111238,"date":"2022-06-16T22:02:44","date_gmt":"2022-06-17T02:02:44","guid":{"rendered":"http:\/\/www.dumoulinbicyclettes.com\/?post_type=product&#038;p=111238"},"modified":"2025-09-04T14:15:59","modified_gmt":"2025-09-04T18:15:59","slug":"guide-ulysse-randonnees-a-velo-au-quebec-50-itineraires-de-reve","status":"publish","type":"product","link":"https:\/\/dumoulin.absoludev.ca\/en\/produit\/guide-ulysse-randonnees-a-velo-au-quebec-50-itineraires-de-reve\/","title":{"rendered":"RANDONN\u00c9ES \u00c0 V\u00c9LO AU QU\u00c9BEC &#8211; 50 itin\u00e9raires de r\u00eave"},"content":{"rendered":"<p>208 pages, 51 cartes, des heures de r\u00eaverie et une bonne mine d&#8217;informations de qualit\u00e9 pour partir d\u00e9couvrir la province en v\u00e9lo. Profitez de ce guide \u00e9dit\u00e9 par la maison d&#8217;\u00e9dition Ulysse pour planifier vos randonn\u00e9es \u00e0 v\u00e9lo au Qu\u00e9bec !<\/p>\n<p>Pour un extrait, <a href=\"https:\/\/flipbook.cantook.net\/?d=%2F%2Fwww.entrepotnumerique.com%2Fflipbook%2Fpublications%2F122970.js&#038;oid=6&#038;c=&#038;m=&#038;l=fr&#038;r=https:\/\/www.guidesulysse.com&#038;f=pdf\">cliquez ici<\/a>.<\/p>\n","protected":false},"excerpt":{"rendered":"<p>208 pages, 51 cartes, des heures de r\u00eaverie et une bonne mine d&#8217;informations de qualit\u00e9 pour partir d\u00e9couvrir la province en v\u00e9lo. Profitez de ce guide \u00e9dit\u00e9 par la maison d&#8217;\u00e9dition Ulysse pour planifier vos randonn\u00e9es \u00e0 v\u00e9lo au Qu\u00e9bec ! Pour un extrait, cliquez ici.<\/p>\n","protected":false},"featured_media":111239,"template":"","meta":{"_acf_changed":false},"product_brand":[],"product_cat":[194],"product_tag":[2827],"marque-produit":[2828],"collection-produit":[],"type-surface-produit":[],"type-velo-produit":[],"vetement-produit":[],"thematique-produit":[],"position-sur-le-v\u00e9lo":[],"class_list":{"0":"post-111238","1":"product","2":"type-product","3":"status-publish","4":"has-post-thumbnail","6":"product_cat-accessoires-divers","7":"product_tag-ulysse","8":"marque-produit-ulysse","10":"first","11":"outofstock","12":"taxable","13":"shipping-taxable","14":"purchasable","15":"product-type-simple"},"acf":[],"yoast_head":"<!-- This site is optimized with the Yoast SEO plugin v24.3 - https:\/\/yoast.com\/wordpress\/plugins\/seo\/ -->\n<title>RANDONN\u00c9ES \u00c0 V\u00c9LO AU QU\u00c9BEC - 50 itin\u00e9raires de r\u00eave - Dumoulin Bicyclettes<\/title>\n<meta name=\"description\" content=\"Une bonne mine d&#039;informations de qualit\u00e9 pour partir d\u00e9couvrir la province en v\u00e9lo. Profitez de ce guide \u00e9dit\u00e9 par la maison d&#039;\u00e9dition Ulysse pour planifier vos randonn\u00e9es \u00e0 v\u00e9lo au Qu\u00e9bec !\" \/>\n<meta name=\"robots\" content=\"noindex, follow, max-snippet:-1, max-image-preview:large, max-video-preview:-1\" \/>\n<meta property=\"og:locale\" content=\"en_US\" \/>\n<meta property=\"og:type\" content=\"article\" \/>\n<meta property=\"og:title\" content=\"RANDONN\u00c9ES \u00c0 V\u00c9LO AU QU\u00c9BEC - 50 itin\u00e9raires de r\u00eave - Dumoulin Bicyclettes\" \/>\n<meta property=\"og:description\" content=\"Une bonne mine d&#039;informations de qualit\u00e9 pour partir d\u00e9couvrir la province en v\u00e9lo. Profitez de ce guide \u00e9dit\u00e9 par la maison d&#039;\u00e9dition Ulysse pour planifier vos randonn\u00e9es \u00e0 v\u00e9lo au Qu\u00e9bec !\" \/>\n<meta property=\"og:url\" content=\"https:\/\/dumoulin.absoludev.ca\/produit\/guide-ulysse-randonnees-a-velo-au-quebec-50-itineraires-de-reve\/\" \/>\n<meta property=\"og:site_name\" content=\"Dumoulin Bicyclettes\" \/>\n<meta property=\"article:publisher\" content=\"https:\/\/www.facebook.com\/dumoulinbicyclettes\" \/>\n<meta property=\"article:modified_time\" content=\"2025-09-04T18:15:59+00:00\" \/>\n<meta property=\"og:image\" content=\"https:\/\/dumoulin.absoludev.ca\/wp-content\/uploads\/2022\/06\/3D-9782765860990.png\" \/>\n\t<meta property=\"og:image:width\" content=\"335\" \/>\n\t<meta property=\"og:image:height\" content=\"457\" \/>\n\t<meta property=\"og:image:type\" content=\"image\/png\" \/>\n<meta name=\"twitter:card\" content=\"summary_large_image\" \/>\n<script type=\"application\/ld+json\" class=\"yoast-schema-graph\">{\"@context\":\"https:\/\/schema.org\",\"@graph\":[{\"@type\":\"WebPage\",\"@id\":\"https:\/\/dumoulin.absoludev.ca\/produit\/guide-ulysse-randonnees-a-velo-au-quebec-50-itineraires-de-reve\/\",\"url\":\"https:\/\/dumoulin.absoludev.ca\/produit\/guide-ulysse-randonnees-a-velo-au-quebec-50-itineraires-de-reve\/\",\"name\":\"RANDONN\u00c9ES \u00c0 V\u00c9LO AU QU\u00c9BEC - 50 itin\u00e9raires de r\u00eave - Dumoulin Bicyclettes\",\"isPartOf\":{\"@id\":\"https:\/\/dumoulin.absoludev.ca\/#website\"},\"primaryImageOfPage\":{\"@id\":\"https:\/\/dumoulin.absoludev.ca\/produit\/guide-ulysse-randonnees-a-velo-au-quebec-50-itineraires-de-reve\/#primaryimage\"},\"image\":{\"@id\":\"https:\/\/dumoulin.absoludev.ca\/produit\/guide-ulysse-randonnees-a-velo-au-quebec-50-itineraires-de-reve\/#primaryimage\"},\"thumbnailUrl\":\"https:\/\/dumoulin.absoludev.ca\/wp-content\/uploads\/2022\/06\/3D-9782765860990.png\",\"datePublished\":\"2022-06-17T02:02:44+00:00\",\"dateModified\":\"2025-09-04T18:15:59+00:00\",\"description\":\"Une bonne mine d'informations de qualit\u00e9 pour partir d\u00e9couvrir la province en v\u00e9lo. Profitez de ce guide \u00e9dit\u00e9 par la maison d'\u00e9dition Ulysse pour planifier vos randonn\u00e9es \u00e0 v\u00e9lo au Qu\u00e9bec !\",\"breadcrumb\":{\"@id\":\"https:\/\/dumoulin.absoludev.ca\/produit\/guide-ulysse-randonnees-a-velo-au-quebec-50-itineraires-de-reve\/#breadcrumb\"},\"inLanguage\":\"en-US\",\"potentialAction\":[{\"@type\":\"ReadAction\",\"target\":[\"https:\/\/dumoulin.absoludev.ca\/produit\/guide-ulysse-randonnees-a-velo-au-quebec-50-itineraires-de-reve\/\"]}]},{\"@type\":\"ImageObject\",\"inLanguage\":\"en-US\",\"@id\":\"https:\/\/dumoulin.absoludev.ca\/produit\/guide-ulysse-randonnees-a-velo-au-quebec-50-itineraires-de-reve\/#primaryimage\",\"url\":\"https:\/\/dumoulin.absoludev.ca\/wp-content\/uploads\/2022\/06\/3D-9782765860990.png\",\"contentUrl\":\"https:\/\/dumoulin.absoludev.ca\/wp-content\/uploads\/2022\/06\/3D-9782765860990.png\",\"width\":335,\"height\":457},{\"@type\":\"BreadcrumbList\",\"@id\":\"https:\/\/dumoulin.absoludev.ca\/produit\/guide-ulysse-randonnees-a-velo-au-quebec-50-itineraires-de-reve\/#breadcrumb\",\"itemListElement\":[{\"@type\":\"ListItem\",\"position\":1,\"name\":\"Home\",\"item\":\"https:\/\/dumoulin.absoludev.ca\/en\/\"},{\"@type\":\"ListItem\",\"position\":2,\"name\":\"Shop\",\"item\":\"https:\/\/dumoulin.absoludev.ca\/en\/shop\/\"},{\"@type\":\"ListItem\",\"position\":3,\"name\":\"RANDONN\u00c9ES \u00c0 V\u00c9LO AU QU\u00c9BEC &#8211; 50 itin\u00e9raires de r\u00eave\"}]},{\"@type\":\"WebSite\",\"@id\":\"https:\/\/dumoulin.absoludev.ca\/#website\",\"url\":\"https:\/\/dumoulin.absoludev.ca\/\",\"name\":\"Dumoulin Bicyclettes\",\"description\":\"\",\"publisher\":{\"@id\":\"https:\/\/dumoulin.absoludev.ca\/#organization\"},\"potentialAction\":[{\"@type\":\"SearchAction\",\"target\":{\"@type\":\"EntryPoint\",\"urlTemplate\":\"https:\/\/dumoulin.absoludev.ca\/?s={search_term_string}\"},\"query-input\":{\"@type\":\"PropertyValueSpecification\",\"valueRequired\":true,\"valueName\":\"search_term_string\"}}],\"inLanguage\":\"en-US\"},{\"@type\":\"Organization\",\"@id\":\"https:\/\/dumoulin.absoludev.ca\/#organization\",\"name\":\"Dumoulin Bicyclettes\",\"url\":\"https:\/\/dumoulin.absoludev.ca\/\",\"logo\":{\"@type\":\"ImageObject\",\"inLanguage\":\"en-US\",\"@id\":\"https:\/\/dumoulin.absoludev.ca\/#\/schema\/logo\/image\/\",\"url\":\"https:\/\/www.dumoulinbicyclettes.com\/wp-content\/uploads\/2021\/04\/Logo.svg\",\"contentUrl\":\"https:\/\/www.dumoulinbicyclettes.com\/wp-content\/uploads\/2021\/04\/Logo.svg\",\"width\":254,\"height\":86,\"caption\":\"Dumoulin Bicyclettes\"},\"image\":{\"@id\":\"https:\/\/dumoulin.absoludev.ca\/#\/schema\/logo\/image\/\"},\"sameAs\":[\"https:\/\/www.facebook.com\/dumoulinbicyclettes\",\"https:\/\/www.instagram.com\/dumoulin.ca\/\",\"https:\/\/www.youtube.com\/user\/dumoulinbicyclettes\"]}]}<\/script>\n<!-- \/ Yoast SEO plugin. -->","yoast_head_json":{"title":"RANDONN\u00c9ES \u00c0 V\u00c9LO AU QU\u00c9BEC - 50 itin\u00e9raires de r\u00eave - Dumoulin Bicyclettes","description":"Une bonne mine d'informations de qualit\u00e9 pour partir d\u00e9couvrir la province en v\u00e9lo. Profitez de ce guide \u00e9dit\u00e9 par la maison d'\u00e9dition Ulysse pour planifier vos randonn\u00e9es \u00e0 v\u00e9lo au Qu\u00e9bec !","robots":{"index":"noindex","follow":"follow","max-snippet":"max-snippet:-1","max-image-preview":"max-image-preview:large","max-video-preview":"max-video-preview:-1"},"og_locale":"en_US","og_type":"article","og_title":"RANDONN\u00c9ES \u00c0 V\u00c9LO AU QU\u00c9BEC - 50 itin\u00e9raires de r\u00eave - Dumoulin Bicyclettes","og_description":"Une bonne mine d'informations de qualit\u00e9 pour partir d\u00e9couvrir la province en v\u00e9lo. Profitez de ce guide \u00e9dit\u00e9 par la maison d'\u00e9dition Ulysse pour planifier vos randonn\u00e9es \u00e0 v\u00e9lo au Qu\u00e9bec !","og_url":"https:\/\/dumoulin.absoludev.ca\/produit\/guide-ulysse-randonnees-a-velo-au-quebec-50-itineraires-de-reve\/","og_site_name":"Dumoulin Bicyclettes","article_publisher":"https:\/\/www.facebook.com\/dumoulinbicyclettes","article_modified_time":"2025-09-04T18:15:59+00:00","og_image":[{"width":335,"height":457,"url":"https:\/\/dumoulin.absoludev.ca\/wp-content\/uploads\/2022\/06\/3D-9782765860990.png","type":"image\/png"}],"twitter_card":"summary_large_image","schema":{"@context":"https:\/\/schema.org","@graph":[{"@type":"WebPage","@id":"https:\/\/dumoulin.absoludev.ca\/produit\/guide-ulysse-randonnees-a-velo-au-quebec-50-itineraires-de-reve\/","url":"https:\/\/dumoulin.absoludev.ca\/produit\/guide-ulysse-randonnees-a-velo-au-quebec-50-itineraires-de-reve\/","name":"RANDONN\u00c9ES \u00c0 V\u00c9LO AU QU\u00c9BEC - 50 itin\u00e9raires de r\u00eave - Dumoulin Bicyclettes","isPartOf":{"@id":"https:\/\/dumoulin.absoludev.ca\/#website"},"primaryImageOfPage":{"@id":"https:\/\/dumoulin.absoludev.ca\/produit\/guide-ulysse-randonnees-a-velo-au-quebec-50-itineraires-de-reve\/#primaryimage"},"image":{"@id":"https:\/\/dumoulin.absoludev.ca\/produit\/guide-ulysse-randonnees-a-velo-au-quebec-50-itineraires-de-reve\/#primaryimage"},"thumbnailUrl":"https:\/\/dumoulin.absoludev.ca\/wp-content\/uploads\/2022\/06\/3D-9782765860990.png","datePublished":"2022-06-17T02:02:44+00:00","dateModified":"2025-09-04T18:15:59+00:00","description":"Une bonne mine d'informations de qualit\u00e9 pour partir d\u00e9couvrir la province en v\u00e9lo. Profitez de ce guide \u00e9dit\u00e9 par la maison d'\u00e9dition Ulysse pour planifier vos randonn\u00e9es \u00e0 v\u00e9lo au Qu\u00e9bec !","breadcrumb":{"@id":"https:\/\/dumoulin.absoludev.ca\/produit\/guide-ulysse-randonnees-a-velo-au-quebec-50-itineraires-de-reve\/#breadcrumb"},"inLanguage":"en-US","potentialAction":[{"@type":"ReadAction","target":["https:\/\/dumoulin.absoludev.ca\/produit\/guide-ulysse-randonnees-a-velo-au-quebec-50-itineraires-de-reve\/"]}]},{"@type":"ImageObject","inLanguage":"en-US","@id":"https:\/\/dumoulin.absoludev.ca\/produit\/guide-ulysse-randonnees-a-velo-au-quebec-50-itineraires-de-reve\/#primaryimage","url":"https:\/\/dumoulin.absoludev.ca\/wp-content\/uploads\/2022\/06\/3D-9782765860990.png","contentUrl":"https:\/\/dumoulin.absoludev.ca\/wp-content\/uploads\/2022\/06\/3D-9782765860990.png","width":335,"height":457},{"@type":"BreadcrumbList","@id":"https:\/\/dumoulin.absoludev.ca\/produit\/guide-ulysse-randonnees-a-velo-au-quebec-50-itineraires-de-reve\/#breadcrumb","itemListElement":[{"@type":"ListItem","position":1,"name":"Home","item":"https:\/\/dumoulin.absoludev.ca\/en\/"},{"@type":"ListItem","position":2,"name":"Shop","item":"https:\/\/dumoulin.absoludev.ca\/en\/shop\/"},{"@type":"ListItem","position":3,"name":"RANDONN\u00c9ES \u00c0 V\u00c9LO AU QU\u00c9BEC &#8211; 50 itin\u00e9raires de r\u00eave"}]},{"@type":"WebSite","@id":"https:\/\/dumoulin.absoludev.ca\/#website","url":"https:\/\/dumoulin.absoludev.ca\/","name":"Dumoulin Bicyclettes","description":"","publisher":{"@id":"https:\/\/dumoulin.absoludev.ca\/#organization"},"potentialAction":[{"@type":"SearchAction","target":{"@type":"EntryPoint","urlTemplate":"https:\/\/dumoulin.absoludev.ca\/?s={search_term_string}"},"query-input":{"@type":"PropertyValueSpecification","valueRequired":true,"valueName":"search_term_string"}}],"inLanguage":"en-US"},{"@type":"Organization","@id":"https:\/\/dumoulin.absoludev.ca\/#organization","name":"Dumoulin Bicyclettes","url":"https:\/\/dumoulin.absoludev.ca\/","logo":{"@type":"ImageObject","inLanguage":"en-US","@id":"https:\/\/dumoulin.absoludev.ca\/#\/schema\/logo\/image\/","url":"https:\/\/www.dumoulinbicyclettes.com\/wp-content\/uploads\/2021\/04\/Logo.svg","contentUrl":"https:\/\/www.dumoulinbicyclettes.com\/wp-content\/uploads\/2021\/04\/Logo.svg","width":254,"height":86,"caption":"Dumoulin Bicyclettes"},"image":{"@id":"https:\/\/dumoulin.absoludev.ca\/#\/schema\/logo\/image\/"},"sameAs":["https:\/\/www.facebook.com\/dumoulinbicyclettes","https:\/\/www.instagram.com\/dumoulin.ca\/","https:\/\/www.youtube.com\/user\/dumoulinbicyclettes"]}]}},"_links":{"self":[{"href":"https:\/\/dumoulin.absoludev.ca\/en\/wp-json\/wp\/v2\/product\/111238","targetHints":{"allow":["GET"]}}],"collection":[{"href":"https:\/\/dumoulin.absoludev.ca\/en\/wp-json\/wp\/v2\/product"}],"about":[{"href":"https:\/\/dumoulin.absoludev.ca\/en\/wp-json\/wp\/v2\/types\/product"}],"wp:featuredmedia":[{"embeddable":true,"href":"https:\/\/dumoulin.absoludev.ca\/en\/wp-json\/wp\/v2\/media\/111239"}],"wp:attachment":[{"href":"https:\/\/dumoulin.absoludev.ca\/en\/wp-json\/wp\/v2\/media?parent=111238"}],"wp:term":[{"taxonomy":"product_brand","embeddable":true,"href":"https:\/\/dumoulin.absoludev.ca\/en\/wp-json\/wp\/v2\/product_brand?post=111238"},{"taxonomy":"product_cat","embeddable":true,"href":"https:\/\/dumoulin.absoludev.ca\/en\/wp-json\/wp\/v2\/product_cat?post=111238"},{"taxonomy":"product_tag","embeddable":true,"href":"https:\/\/dumoulin.absoludev.ca\/en\/wp-json\/wp\/v2\/product_tag?post=111238"},{"taxonomy":"marque-produit","embeddable":true,"href":"https:\/\/dumoulin.absoludev.ca\/en\/wp-json\/wp\/v2\/marque-produit?post=111238"},{"taxonomy":"collection-produit","embeddable":true,"href":"https:\/\/dumoulin.absoludev.ca\/en\/wp-json\/wp\/v2\/collection-produit?post=111238"},{"taxonomy":"type-surface-produit","embeddable":true,"href":"https:\/\/dumoulin.absoludev.ca\/en\/wp-json\/wp\/v2\/type-surface-produit?post=111238"},{"taxonomy":"type-velo-produit","embeddable":true,"href":"https:\/\/dumoulin.absoludev.ca\/en\/wp-json\/wp\/v2\/type-velo-produit?post=111238"},{"taxonomy":"vetement-produit","embeddable":true,"href":"https:\/\/dumoulin.absoludev.ca\/en\/wp-json\/wp\/v2\/vetement-produit?post=111238"},{"taxonomy":"thematique-produit","embeddable":true,"href":"https:\/\/dumoulin.absoludev.ca\/en\/wp-json\/wp\/v2\/thematique-produit?post=111238"},{"taxonomy":"position-sur-le-v\u00e9lo","embeddable":true,"href":"https:\/\/dumoulin.absoludev.ca\/en\/wp-json\/wp\/v2\/position-sur-le-v\u00e9lo?post=111238"}],"curies":[{"name":"wp","href":"https:\/\/api.w.org\/{rel}","templated":true}]}}