{"id":14154,"date":"2021-03-30T13:18:34","date_gmt":"2021-03-30T17:18:34","guid":{"rendered":"https:\/\/www.dumoulinbicyclettes.com\/securite-et-vie-privee\/"},"modified":"2021-06-13T11:09:53","modified_gmt":"2021-06-13T15:09:53","slug":"security-and-privacy","status":"publish","type":"page","link":"https:\/\/dumoulin.absoludev.ca\/en\/security-and-privacy\/","title":{"rendered":"Security and privacy"},"content":{"rendered":"","protected":false},"excerpt":{"rendered":"","protected":false},"author":1,"featured_media":0,"parent":0,"menu_order":0,"comment_status":"closed","ping_status":"closed","template":"","meta":{"_acf_changed":false,"footnotes":""},"tags":[],"class_list":["post-14154","page","type-page","status-publish","hentry"],"acf":[],"yoast_head":"<!-- This site is optimized with the Yoast SEO plugin v24.3 - https:\/\/yoast.com\/wordpress\/plugins\/seo\/ -->\n<title>Security and privacy | Dumoulin Bicyclettes - Le plus grand choix de v\u00e9los urbains et pliants \u00e0 Montr\u00e9al<\/title>\n<meta name=\"description\" content=\"Des v\u00e9los pour se transporter, aller travailler, se balader. Voil\u00e0 ce que vous trouverez chez Dumoulin Bicyclettes. Pas de lycra, pas de carbone, que des v\u00e9los con\u00e7u pour la ville, (et bonne section de v\u00e9los de cyclotourisme pour voyager!). Nos marques principales sont : Trek, Brompton, Raleigh, Dahon, Tern, Brodie, Brooks, Arkel, Chrome. Nous offrons \u00e9galement un service d&#039;entretien et de r\u00e9paration de v\u00e9los. Visitez notre magasin de v\u00e9los en ligne ou venez nous rencontrer \u00e0 notre boutique v\u00e9los \u00e0 Montr\u00e9al.\" \/>\n<meta name=\"robots\" content=\"noindex, follow, max-snippet:-1, max-image-preview:large, max-video-preview:-1\" \/>\n<meta property=\"og:locale\" content=\"en_US\" \/>\n<meta property=\"og:type\" content=\"article\" \/>\n<meta property=\"og:title\" content=\"Security and privacy | Dumoulin Bicyclettes - Le plus grand choix de v\u00e9los urbains et pliants \u00e0 Montr\u00e9al\" \/>\n<meta property=\"og:description\" content=\"Des v\u00e9los pour se transporter, aller travailler, se balader. Voil\u00e0 ce que vous trouverez chez Dumoulin Bicyclettes. Pas de lycra, pas de carbone, que des v\u00e9los con\u00e7u pour la ville, (et bonne section de v\u00e9los de cyclotourisme pour voyager!). Nos marques principales sont : Trek, Brompton, Raleigh, Dahon, Tern, Brodie, Brooks, Arkel, Chrome. Nous offrons \u00e9galement un service d&#039;entretien et de r\u00e9paration de v\u00e9los. Visitez notre magasin de v\u00e9los en ligne ou venez nous rencontrer \u00e0 notre boutique v\u00e9los \u00e0 Montr\u00e9al.\" \/>\n<meta property=\"og:url\" content=\"https:\/\/dumoulin.absoludev.ca\/en\/security-and-privacy\/\" \/>\n<meta property=\"og:site_name\" content=\"Dumoulin Bicyclettes\" \/>\n<meta property=\"article:publisher\" content=\"https:\/\/www.facebook.com\/dumoulinbicyclettes\" \/>\n<meta property=\"article:modified_time\" content=\"2021-06-13T15:09:53+00:00\" \/>\n<meta name=\"twitter:card\" content=\"summary_large_image\" \/>\n<script type=\"application\/ld+json\" class=\"yoast-schema-graph\">{\"@context\":\"https:\/\/schema.org\",\"@graph\":[{\"@type\":\"WebPage\",\"@id\":\"https:\/\/dumoulin.absoludev.ca\/en\/security-and-privacy\/\",\"url\":\"https:\/\/dumoulin.absoludev.ca\/en\/security-and-privacy\/\",\"name\":\"Security and privacy | Dumoulin Bicyclettes - Le plus grand choix de v\u00e9los urbains et pliants \u00e0 Montr\u00e9al\",\"isPartOf\":{\"@id\":\"https:\/\/dumoulin.absoludev.ca\/#website\"},\"datePublished\":\"2021-03-30T17:18:34+00:00\",\"dateModified\":\"2021-06-13T15:09:53+00:00\",\"description\":\"Des v\u00e9los pour se transporter, aller travailler, se balader. Voil\u00e0 ce que vous trouverez chez Dumoulin Bicyclettes. Pas de lycra, pas de carbone, que des v\u00e9los con\u00e7u pour la ville, (et bonne section de v\u00e9los de cyclotourisme pour voyager!). Nos marques principales sont : Trek, Brompton, Raleigh, Dahon, Tern, Brodie, Brooks, Arkel, Chrome. Nous offrons \u00e9galement un service d'entretien et de r\u00e9paration de v\u00e9los. Visitez notre magasin de v\u00e9los en ligne ou venez nous rencontrer \u00e0 notre boutique v\u00e9los \u00e0 Montr\u00e9al.\",\"breadcrumb\":{\"@id\":\"https:\/\/dumoulin.absoludev.ca\/en\/security-and-privacy\/#breadcrumb\"},\"inLanguage\":\"en-US\",\"potentialAction\":[{\"@type\":\"ReadAction\",\"target\":[\"https:\/\/dumoulin.absoludev.ca\/en\/security-and-privacy\/\"]}]},{\"@type\":\"BreadcrumbList\",\"@id\":\"https:\/\/dumoulin.absoludev.ca\/en\/security-and-privacy\/#breadcrumb\",\"itemListElement\":[{\"@type\":\"ListItem\",\"position\":1,\"name\":\"Home\",\"item\":\"https:\/\/dumoulin.absoludev.ca\/en\/\"},{\"@type\":\"ListItem\",\"position\":2,\"name\":\"Security and privacy\"}]},{\"@type\":\"WebSite\",\"@id\":\"https:\/\/dumoulin.absoludev.ca\/#website\",\"url\":\"https:\/\/dumoulin.absoludev.ca\/\",\"name\":\"Dumoulin Bicyclettes\",\"description\":\"\",\"publisher\":{\"@id\":\"https:\/\/dumoulin.absoludev.ca\/#organization\"},\"potentialAction\":[{\"@type\":\"SearchAction\",\"target\":{\"@type\":\"EntryPoint\",\"urlTemplate\":\"https:\/\/dumoulin.absoludev.ca\/?s={search_term_string}\"},\"query-input\":{\"@type\":\"PropertyValueSpecification\",\"valueRequired\":true,\"valueName\":\"search_term_string\"}}],\"inLanguage\":\"en-US\"},{\"@type\":\"Organization\",\"@id\":\"https:\/\/dumoulin.absoludev.ca\/#organization\",\"name\":\"Dumoulin Bicyclettes\",\"url\":\"https:\/\/dumoulin.absoludev.ca\/\",\"logo\":{\"@type\":\"ImageObject\",\"inLanguage\":\"en-US\",\"@id\":\"https:\/\/dumoulin.absoludev.ca\/#\/schema\/logo\/image\/\",\"url\":\"https:\/\/www.dumoulinbicyclettes.com\/wp-content\/uploads\/2021\/04\/Logo.svg\",\"contentUrl\":\"https:\/\/www.dumoulinbicyclettes.com\/wp-content\/uploads\/2021\/04\/Logo.svg\",\"width\":254,\"height\":86,\"caption\":\"Dumoulin Bicyclettes\"},\"image\":{\"@id\":\"https:\/\/dumoulin.absoludev.ca\/#\/schema\/logo\/image\/\"},\"sameAs\":[\"https:\/\/www.facebook.com\/dumoulinbicyclettes\",\"https:\/\/www.instagram.com\/dumoulin.ca\/\",\"https:\/\/www.youtube.com\/user\/dumoulinbicyclettes\"]}]}<\/script>\n<!-- \/ Yoast SEO plugin. -->","yoast_head_json":{"title":"Security and privacy | Dumoulin Bicyclettes - Le plus grand choix de v\u00e9los urbains et pliants \u00e0 Montr\u00e9al","description":"Des v\u00e9los pour se transporter, aller travailler, se balader. Voil\u00e0 ce que vous trouverez chez Dumoulin Bicyclettes. Pas de lycra, pas de carbone, que des v\u00e9los con\u00e7u pour la ville, (et bonne section de v\u00e9los de cyclotourisme pour voyager!). Nos marques principales sont : Trek, Brompton, Raleigh, Dahon, Tern, Brodie, Brooks, Arkel, Chrome. Nous offrons \u00e9galement un service d'entretien et de r\u00e9paration de v\u00e9los. Visitez notre magasin de v\u00e9los en ligne ou venez nous rencontrer \u00e0 notre boutique v\u00e9los \u00e0 Montr\u00e9al.","robots":{"index":"noindex","follow":"follow","max-snippet":"max-snippet:-1","max-image-preview":"max-image-preview:large","max-video-preview":"max-video-preview:-1"},"og_locale":"en_US","og_type":"article","og_title":"Security and privacy | Dumoulin Bicyclettes - Le plus grand choix de v\u00e9los urbains et pliants \u00e0 Montr\u00e9al","og_description":"Des v\u00e9los pour se transporter, aller travailler, se balader. Voil\u00e0 ce que vous trouverez chez Dumoulin Bicyclettes. Pas de lycra, pas de carbone, que des v\u00e9los con\u00e7u pour la ville, (et bonne section de v\u00e9los de cyclotourisme pour voyager!). Nos marques principales sont : Trek, Brompton, Raleigh, Dahon, Tern, Brodie, Brooks, Arkel, Chrome. Nous offrons \u00e9galement un service d'entretien et de r\u00e9paration de v\u00e9los. Visitez notre magasin de v\u00e9los en ligne ou venez nous rencontrer \u00e0 notre boutique v\u00e9los \u00e0 Montr\u00e9al.","og_url":"https:\/\/dumoulin.absoludev.ca\/en\/security-and-privacy\/","og_site_name":"Dumoulin Bicyclettes","article_publisher":"https:\/\/www.facebook.com\/dumoulinbicyclettes","article_modified_time":"2021-06-13T15:09:53+00:00","twitter_card":"summary_large_image","schema":{"@context":"https:\/\/schema.org","@graph":[{"@type":"WebPage","@id":"https:\/\/dumoulin.absoludev.ca\/en\/security-and-privacy\/","url":"https:\/\/dumoulin.absoludev.ca\/en\/security-and-privacy\/","name":"Security and privacy | Dumoulin Bicyclettes - Le plus grand choix de v\u00e9los urbains et pliants \u00e0 Montr\u00e9al","isPartOf":{"@id":"https:\/\/dumoulin.absoludev.ca\/#website"},"datePublished":"2021-03-30T17:18:34+00:00","dateModified":"2021-06-13T15:09:53+00:00","description":"Des v\u00e9los pour se transporter, aller travailler, se balader. Voil\u00e0 ce que vous trouverez chez Dumoulin Bicyclettes. Pas de lycra, pas de carbone, que des v\u00e9los con\u00e7u pour la ville, (et bonne section de v\u00e9los de cyclotourisme pour voyager!). Nos marques principales sont : Trek, Brompton, Raleigh, Dahon, Tern, Brodie, Brooks, Arkel, Chrome. Nous offrons \u00e9galement un service d'entretien et de r\u00e9paration de v\u00e9los. Visitez notre magasin de v\u00e9los en ligne ou venez nous rencontrer \u00e0 notre boutique v\u00e9los \u00e0 Montr\u00e9al.","breadcrumb":{"@id":"https:\/\/dumoulin.absoludev.ca\/en\/security-and-privacy\/#breadcrumb"},"inLanguage":"en-US","potentialAction":[{"@type":"ReadAction","target":["https:\/\/dumoulin.absoludev.ca\/en\/security-and-privacy\/"]}]},{"@type":"BreadcrumbList","@id":"https:\/\/dumoulin.absoludev.ca\/en\/security-and-privacy\/#breadcrumb","itemListElement":[{"@type":"ListItem","position":1,"name":"Home","item":"https:\/\/dumoulin.absoludev.ca\/en\/"},{"@type":"ListItem","position":2,"name":"Security and privacy"}]},{"@type":"WebSite","@id":"https:\/\/dumoulin.absoludev.ca\/#website","url":"https:\/\/dumoulin.absoludev.ca\/","name":"Dumoulin Bicyclettes","description":"","publisher":{"@id":"https:\/\/dumoulin.absoludev.ca\/#organization"},"potentialAction":[{"@type":"SearchAction","target":{"@type":"EntryPoint","urlTemplate":"https:\/\/dumoulin.absoludev.ca\/?s={search_term_string}"},"query-input":{"@type":"PropertyValueSpecification","valueRequired":true,"valueName":"search_term_string"}}],"inLanguage":"en-US"},{"@type":"Organization","@id":"https:\/\/dumoulin.absoludev.ca\/#organization","name":"Dumoulin Bicyclettes","url":"https:\/\/dumoulin.absoludev.ca\/","logo":{"@type":"ImageObject","inLanguage":"en-US","@id":"https:\/\/dumoulin.absoludev.ca\/#\/schema\/logo\/image\/","url":"https:\/\/www.dumoulinbicyclettes.com\/wp-content\/uploads\/2021\/04\/Logo.svg","contentUrl":"https:\/\/www.dumoulinbicyclettes.com\/wp-content\/uploads\/2021\/04\/Logo.svg","width":254,"height":86,"caption":"Dumoulin Bicyclettes"},"image":{"@id":"https:\/\/dumoulin.absoludev.ca\/#\/schema\/logo\/image\/"},"sameAs":["https:\/\/www.facebook.com\/dumoulinbicyclettes","https:\/\/www.instagram.com\/dumoulin.ca\/","https:\/\/www.youtube.com\/user\/dumoulinbicyclettes"]}]}},"_links":{"self":[{"href":"https:\/\/dumoulin.absoludev.ca\/en\/wp-json\/wp\/v2\/pages\/14154","targetHints":{"allow":["GET"]}}],"collection":[{"href":"https:\/\/dumoulin.absoludev.ca\/en\/wp-json\/wp\/v2\/pages"}],"about":[{"href":"https:\/\/dumoulin.absoludev.ca\/en\/wp-json\/wp\/v2\/types\/page"}],"author":[{"embeddable":true,"href":"https:\/\/dumoulin.absoludev.ca\/en\/wp-json\/wp\/v2\/users\/1"}],"replies":[{"embeddable":true,"href":"https:\/\/dumoulin.absoludev.ca\/en\/wp-json\/wp\/v2\/comments?post=14154"}],"version-history":[{"count":0,"href":"https:\/\/dumoulin.absoludev.ca\/en\/wp-json\/wp\/v2\/pages\/14154\/revisions"}],"wp:attachment":[{"href":"https:\/\/dumoulin.absoludev.ca\/en\/wp-json\/wp\/v2\/media?parent=14154"}],"wp:term":[{"taxonomy":"post_tag","embeddable":true,"href":"https:\/\/dumoulin.absoludev.ca\/en\/wp-json\/wp\/v2\/tags?post=14154"}],"curies":[{"name":"wp","href":"https:\/\/api.w.org\/{rel}","templated":true}]}}